{"id":1182,"date":"2023-04-25T22:34:53","date_gmt":"2023-04-25T20:34:53","guid":{"rendered":"https:\/\/matrix.ejsa-rot.desite\/?page_id=1182"},"modified":"2023-04-25T22:37:35","modified_gmt":"2023-04-25T20:37:35","slug":"unser-herzschlag","status":"publish","type":"page","link":"https:\/\/matrix.ejsa-rot.de\/site\/main\/unser-herzschlag\/","title":{"rendered":"Unser Herzschlag"},"content":{"rendered":"","protected":false},"excerpt":{"rendered":"","protected":false},"author":3,"featured_media":0,"parent":75,"menu_order":0,"comment_status":"closed","ping_status":"closed","template":"","meta":{"ct_builder_shortcodes":"[ct_div_block ct_sign_sha256='f9e01dda0185af467983fa4e616c88077e8791b649be17e6342ae2121e6b0d04' ct_options='{\"ct_id\":2,\"ct_parent\":0,\"selector\":\"div_block-2-1182\",\"nicename\":\"Div (#2)\",\"ct_depth\":1,\"original\":{\"align-items\":\"flex-start\",\"text-align\":\"left\",\"margin-top\":\"0\",\"padding-top\":\"52\"}}'][ct_section_2 ct_sign_sha256='407316fefc7ab88d7f30e469162411257b83b97345b3ab1719c81078de86d7da' ct_options='{\"ct_id\":3,\"ct_parent\":2,\"selector\":\"section-3-1182\",\"nicename\":\"EJSAUnserHerzschlag\",\"ct_depth\":2,\"original\":{\"align-items\":\"flex-start\",\"text-align\":\"left\",\"background-color\":\"#f4f4f4\",\"container-padding-bottom\":\"2\",\"container-padding-top-unit\":\"px\"}}'][ct_div_block_3 ct_sign_sha256='4dd71895c77b562203c226d01e865f1b5933fe02d2ec6e87f097ba8e6862dc78' ct_options='{\"ct_id\":4,\"ct_parent\":3,\"selector\":\"div_block-4-1182\",\"original\":{\"width-unit\":\"%\",\"width\":\"100\",\"align-items\":\"flex-start\",\"text-align\":\"left\",\"margin-top\":\"0\"},\"nicename\":\"Div (#88)\",\"ct_depth\":3}'][ct_headline ct_sign_sha256='d24ac89d6ad50df60ac0d6365795162d8144c4ebe40e70b792afb94b388ac3ce' ct_options='{\"ct_id\":5,\"ct_parent\":4,\"selector\":\"headline-5-1182\",\"nicename\":\"Heading (#89)\",\"ct_depth\":4,\"original\":{\"font-family\":\"Lobster\"}}']Unser Herzschlag[\/ct_headline][ct_new_columns_4 ct_sign_sha256='b5a7f179a4e7273eab2d143d3054f63c36b9d94eebc635d64bfe1ea8ca5d4314' ct_options='{\"ct_id\":6,\"ct_parent\":4,\"selector\":\"new_columns-6-1182\",\"nicename\":\"Columns (#45)\",\"ct_depth\":4}'][ct_div_block_4 ct_sign_sha256='7ee32ef697d74f54cce9f394fa64056b3119e1afc8ba63069cb66a5b4c41654b' ct_options='{\"ct_id\":7,\"ct_parent\":6,\"selector\":\"div_block-7-1182\",\"original\":{\"width\":\"60\",\"width-unit\":\"%\"},\"nicename\":\"Div (#46)\",\"ct_depth\":4}'][ct_text_block ct_sign_sha256='505c85267f630815532dcbe58ca78f2573c1d6a4b73c30bfe0250cc6359c539a' ct_options='{\"ct_id\":8,\"ct_parent\":7,\"selector\":\"text_block-8-1182\",\"original\":{\"font-family\":{\"0\":\"global\",\"1\":\"Display\"},\"font-size\":\"17\"},\"nicename\":\"Text (#91)\",\"ct_depth\":5}']Egal, was bisher in Deinem Leben geschehen ist \u2013 welche H\u00f6hen und Tiefen Du erlebt hast \u2013 aus Krisen entstehen oft neue M\u00f6glichkeiten und Chancen. Unser Leitgedanke ist, dass wir Dich in Deiner Einzigartigkeit unterst\u00fctzen \u2013 mit allen St\u00e4rken und Schw\u00e4chen, die nun einmal zu jedem von uns geh\u00f6ren. Und wenn es bis dato etwas holprig war, dann lass uns gerne gemeinsam schauen, was Du jetzt brauchst und was Dir helfen k\u00f6nnte  \u2013 bei Deinen Herausforderungen im Alltag oder bei der Ausbildungs- und Jobsuche.&nbsp;<br><br>Unsere Lebenswege und Umst\u00e4nde sind nicht immer so wie wir uns das vielleicht gew\u00fcnscht h\u00e4tten.&nbsp;<br><b>Du bist uns wichtig und wir freuen uns darauf, Dich kennenzulernen und gemeinsam mit Dir, Dein Potenzial in die richtigen Wege zu leiten.&nbsp;<\/b><br><br>Bist Du bereit? Dann melde Dich gerne bei uns.[\/ct_text_block][ct_text_block ct_sign_sha256='54d1f78ff849cd4ce44566c3e76d69ebd8835394defbff95e23a1ab2f9d9e125' ct_options='{\"ct_id\":9,\"ct_parent\":7,\"selector\":\"text_block-9-1182\",\"nicename\":\"Text (#60)\",\"ct_depth\":5}'][\/ct_text_block][\/ct_div_block_4][ct_div_block_4 ct_sign_sha256='c08d0d814a64760c8156af8d8733f993eba46e416e2516ed546f0c8356911527' ct_options='{\"ct_id\":10,\"ct_parent\":6,\"selector\":\"div_block-10-1182\",\"original\":{\"width-unit\":\"%\",\"margin-left\":\"0\",\"align-items\":\"flex-end\",\"text-align\":\"right\",\"padding-left\":\"9\",\"width\":\"40.00\"},\"nicename\":\"Div (#47)\",\"ct_depth\":4}'][ct_image ct_sign_sha256='1d0a82c20467f28a48b49f9ef0b66740e38bac279cf51d7db74ba7064fe2ff50' ct_options='{\"ct_id\":11,\"ct_parent\":10,\"selector\":\"image-11-1182\",\"original\":{\"src\":\"https:\/\/matrix.ejsa-rot.desite\/wp-content\/uploads\/2022\/07\/pexels-martijn-adegeest-587835-scaled.jpg\",\"margin-left\":\"20\"},\"nicename\":\"Image (#38)\",\"ct_depth\":5}'][\/ct_image][\/ct_div_block_4][\/ct_new_columns_4][\/ct_div_block_3][ct_div_block_3 ct_sign_sha256='8a83745e04d459914245fa6d47b25453d317c25c1bb6b220489982a1c11f0c1b' ct_options='{\"ct_id\":12,\"ct_parent\":3,\"selector\":\"div_block-12-1182\",\"original\":{\"width\":\"88.00\",\"width-unit\":\"%\",\"margin-bottom\":\"7\",\"margin-top\":\"29\"},\"nicename\":\"Div (#29)\",\"ct_depth\":3}'][ct_text_block ct_sign_sha256='f20cdc1c72a7744709b86820216d99ec4bdc84cc2b6e5b5ddea7a6227e02129e' ct_options='{\"ct_id\":13,\"ct_parent\":12,\"selector\":\"text_block-13-1182\",\"original\":{\"font-family\":{\"0\":\"global\",\"1\":\"Display\"},\"margin-top\":\"10\",\"font-size\":\"17\"},\"nicename\":\"Text (#98)\",\"ct_depth\":4}']Worauf wir \u201ebauen\u201c - Lukas 1 Vers 37:<br>[\/ct_text_block][\/ct_div_block_3][ct_div_block_3 ct_sign_sha256='de5ccfc5802da86024b0a1a2bd88717ddcb349dab844d1e9d94ee9ff61a8609a' ct_options='{\"ct_id\":14,\"ct_parent\":3,\"selector\":\"div_block-14-1182\",\"original\":{\"width\":\"88.00\",\"width-unit\":\"%\",\"padding-top\":\"0\"},\"nicename\":\"Div (#29)\",\"ct_depth\":3}'][ct_text_block ct_sign_sha256='0dcec70a81f0086cd7f92e458cced8ac2e456cdf581395737a6a63ed0db5f9a5' ct_options='{\"ct_id\":15,\"ct_parent\":14,\"selector\":\"text_block-15-1182\",\"original\":{\"font-family\":\"Lobster\",\"margin-top\":\"0\",\"font-size\":\"28\",\"margin-bottom\":\"11\"},\"nicename\":\"Text (#98)\",\"ct_depth\":4}']F\u00fcr Gott ist nichts unm\u00f6glich.&nbsp;[\/ct_text_block][\/ct_div_block_3][ct_div_block_3 ct_sign_sha256='ed9ee5168bca2f669478ccfa89fb10b9723c4a0ce3a2e8f10ddd3dfdd6e24431' ct_options='{\"ct_id\":16,\"ct_parent\":3,\"selector\":\"div_block-16-1182\",\"original\":{\"width\":\"88.00\",\"width-unit\":\"%\"},\"nicename\":\"Div (#29)\",\"ct_depth\":3}'][ct_text_block ct_sign_sha256='1d8f092c7877b4b47243c1de49b2333add2cbb592bd03db73f6f7096c48d7c3a' ct_options='{\"ct_id\":17,\"ct_parent\":16,\"selector\":\"text_block-17-1182\",\"original\":{\"font-family\":{\"0\":\"global\",\"1\":\"Display\"},\"margin-top\":\"0\",\"font-size\":\"17\"},\"nicename\":\"Text (#98)\",\"ct_depth\":4}']Wir er\u00f6ffnen Perspektiven f\u00fcr junge Menschen - wir glauben an Dich und w\u00fcnschen uns, Deine Zukunft mit Dir zu gestalten.&nbsp;<br>Dabei glauben und vertrauen wir auf Gott: Du bist ihm wichtig und er m\u00f6chte das Beste f\u00fcr Dein Leben.[\/ct_text_block][\/ct_div_block_3][\/ct_section_2][\/ct_div_block]","ct_template_type":"","ct_parent_template":0,"footnotes":""},"class_list":["post-1182","page","type-page","status-publish","hentry"],"_links":{"self":[{"href":"https:\/\/matrix.ejsa-rot.de\/site\/wp-json\/wp\/v2\/pages\/1182","targetHints":{"allow":["GET"]}}],"collection":[{"href":"https:\/\/matrix.ejsa-rot.de\/site\/wp-json\/wp\/v2\/pages"}],"about":[{"href":"https:\/\/matrix.ejsa-rot.de\/site\/wp-json\/wp\/v2\/types\/page"}],"author":[{"embeddable":true,"href":"https:\/\/matrix.ejsa-rot.de\/site\/wp-json\/wp\/v2\/users\/3"}],"replies":[{"embeddable":true,"href":"https:\/\/matrix.ejsa-rot.de\/site\/wp-json\/wp\/v2\/comments?post=1182"}],"version-history":[{"count":1,"href":"https:\/\/matrix.ejsa-rot.de\/site\/wp-json\/wp\/v2\/pages\/1182\/revisions"}],"predecessor-version":[{"id":1183,"href":"https:\/\/matrix.ejsa-rot.de\/site\/wp-json\/wp\/v2\/pages\/1182\/revisions\/1183"}],"up":[{"embeddable":true,"href":"https:\/\/matrix.ejsa-rot.de\/site\/wp-json\/wp\/v2\/pages\/75"}],"wp:attachment":[{"href":"https:\/\/matrix.ejsa-rot.de\/site\/wp-json\/wp\/v2\/media?parent=1182"}],"curies":[{"name":"wp","href":"https:\/\/api.w.org\/{rel}","templated":true}]}}