{"id":1187,"date":"2023-04-25T22:40:42","date_gmt":"2023-04-25T20:40:42","guid":{"rendered":"https:\/\/matrix.ejsa-rot.desite\/?page_id=1187"},"modified":"2023-04-25T22:43:00","modified_gmt":"2023-04-25T20:43:00","slug":"ejsa-im-ueberblick","status":"publish","type":"page","link":"https:\/\/matrix.ejsa-rot.de\/site\/main\/ejsa-im-ueberblick\/","title":{"rendered":"EJSA im \u00dcberblick"},"content":{"rendered":"","protected":false},"excerpt":{"rendered":"","protected":false},"author":3,"featured_media":0,"parent":75,"menu_order":0,"comment_status":"closed","ping_status":"closed","template":"","meta":{"ct_builder_shortcodes":"[ct_section ct_sign_sha256='a40b3013aae4a40e5ae72e7cd183189f9a5e2917a296752fa35776dd804c9ef6' ct_options='{\"ct_id\":2,\"ct_parent\":0,\"selector\":\"section-2-1187\",\"original\":{\"background-color\":\"#f4f4f4\",\"container-padding-top\":\"0\"},\"nicename\":\"EJSAUeberblick\",\"ct_depth\":1}'][ct_div_block_2 ct_sign_sha256='6ba33b6ac4bbbec213b1edfbf19df755c8fa70fd0ea6e51f1ee44b11ecb75245' ct_options='{\"ct_id\":3,\"ct_parent\":2,\"selector\":\"div_block-3-1187\",\"nicename\":\"Div (#3)\",\"ct_depth\":2,\"original\":{\"padding-bottom\":\"0\",\"padding-top\":\"0\",\"width-unit\":\"%\",\"width\":\"100\",\"position\":\"static\",\"justify-content\":\"flex-start\",\"margin-top\":\"5\",\"margin-top-unit\":\"rem\"}}'][ct_headline ct_sign_sha256='bbea9e0da63cae56680f60eb0564d184a7bdc08197897ff17e35d16c4a2bd08d' ct_options='{\"ct_id\":4,\"ct_parent\":3,\"selector\":\"headline-4-1187\",\"nicename\":\"Heading (#12)\",\"ct_depth\":3,\"original\":{\"font-family\":\"Lobster\",\"font-size\":\"38\",\"margin-top\":\"0\"}}']EJSA: junge Menschen liegen uns am Herzen&nbsp;[\/ct_headline][ct_text_block ct_sign_sha256='d6a1237bbd43c65d11e41bf59a1c1952d2a7b243b0e1185b2880bbca8db6f116' ct_options='{\"ct_id\":5,\"ct_parent\":3,\"selector\":\"text_block-5-1187\",\"nicename\":\"Text (#6)\",\"ct_depth\":3,\"original\":{\"font-family\":{\"0\":\"global\",\"1\":\"Display\"},\"font-size\":\"17\",\"margin-bottom\":\"12\"}}']<p class=\"MsoNormal\" style=\"margin-bottom:22.5pt;line-height:19.5pt\"><\/p><div style=\"text-align: left;\">Wir von der Evangelischen Jugendsozialarbeit (EJSA) Rothenburg begleiten junge Menschen, <b>unabh\u00e4ngig von Herkunft, Religion, Nationalit\u00e4t und Geschlecht.<\/b> Unser Ziel ist es, dass junge Menschen in der Region Westmittelfranken w\u00fcrdevoll am gesellschaftlichen Leben teilhaben k\u00f6nnen. Dabei stehen wir insbesondere f\u00fcr die jungen Menschen ein, die aufgrund pers\u00f6nlicher und sozialer Umst\u00e4nde geringere Chancen haben.<\/div><div style=\"text-align: left;\">Unsere T\u00e4tigkeit basiert auf einer wertsch\u00e4tzenden, vertrauensvollen Begleitung, welche die Jugendlichen bef\u00e4higt, selbst einen Ver\u00e4nderungsprozess herbeizuf\u00fchren. Wir erarbeiten mit ihnen neue Perspektiven und wagen neue individuell passende Wege.<\/div><div style=\"text-align: left;\">Dies geschieht in den vielseitigen Bereichen der EJSA mit Humor, Kultursensibilit\u00e4t, Wertsch\u00e4tzung und Zuversicht. <b>Wir sind der \u00dcberzeugung, dass jeder Mensch - unabh\u00e4ngig davon, was er in seinem Leben gemacht hat - von Gott geliebt ist.<\/b><\/div><div style=\"text-align: left;\">Wir finden mit den Jugendlichen gemeinsam pragmatische L\u00f6sungen. Dabei ist unsere Beratung <b>pers\u00f6nlich, kostenlos und absolut vertraulich.<\/b><\/div><p><\/p>[\/ct_text_block][ct_image ct_sign_sha256='94f097ac8e5e13055eb4e259acd14e6f08063377387bf8f561f399010fd6b66c' ct_options='{\"ct_id\":6,\"ct_parent\":3,\"selector\":\"image-6-1187\",\"original\":{\"width-unit\":\"%\",\"height-unit\":\"auto\",\"src\":\"https:\/\/matrix.ejsa-rot.desite\/wp-content\/uploads\/2023\/05\/EJSA-im-Ueberblick-2.png\",\"height\":\"40\",\"margin-top\":\"3\",\"width\":\"100\"},\"nicename\":\"Image (#19)\",\"ct_depth\":3}'][\/ct_image][\/ct_div_block_2][\/ct_section]","ct_template_type":"","ct_parent_template":0,"footnotes":""},"class_list":["post-1187","page","type-page","status-publish","hentry"],"_links":{"self":[{"href":"https:\/\/matrix.ejsa-rot.de\/site\/wp-json\/wp\/v2\/pages\/1187","targetHints":{"allow":["GET"]}}],"collection":[{"href":"https:\/\/matrix.ejsa-rot.de\/site\/wp-json\/wp\/v2\/pages"}],"about":[{"href":"https:\/\/matrix.ejsa-rot.de\/site\/wp-json\/wp\/v2\/types\/page"}],"author":[{"embeddable":true,"href":"https:\/\/matrix.ejsa-rot.de\/site\/wp-json\/wp\/v2\/users\/3"}],"replies":[{"embeddable":true,"href":"https:\/\/matrix.ejsa-rot.de\/site\/wp-json\/wp\/v2\/comments?post=1187"}],"version-history":[{"count":2,"href":"https:\/\/matrix.ejsa-rot.de\/site\/wp-json\/wp\/v2\/pages\/1187\/revisions"}],"predecessor-version":[{"id":1189,"href":"https:\/\/matrix.ejsa-rot.de\/site\/wp-json\/wp\/v2\/pages\/1187\/revisions\/1189"}],"up":[{"embeddable":true,"href":"https:\/\/matrix.ejsa-rot.de\/site\/wp-json\/wp\/v2\/pages\/75"}],"wp:attachment":[{"href":"https:\/\/matrix.ejsa-rot.de\/site\/wp-json\/wp\/v2\/media?parent=1187"}],"curies":[{"name":"wp","href":"https:\/\/api.w.org\/{rel}","templated":true}]}}