{"id":282,"date":"2021-09-21T23:37:54","date_gmt":"2021-09-21T21:37:54","guid":{"rendered":"https:\/\/matrix.ejsa-rot.desite\/?page_id=282"},"modified":"2022-02-22T19:16:10","modified_gmt":"2022-02-22T18:16:10","slug":"integration","status":"publish","type":"page","link":"https:\/\/matrix.ejsa-rot.de\/site\/integration\/","title":{"rendered":"Integration"},"content":{"rendered":"","protected":false},"excerpt":{"rendered":"","protected":false},"author":3,"featured_media":0,"parent":0,"menu_order":0,"comment_status":"closed","ping_status":"closed","template":"","meta":{"ct_builder_shortcodes":"[ct_div_block_2 ct_sign_sha256='fa2d76325d6c3bb3c116569da76d2fd5e3c14f3ccc2102660b88e75f685765ad' ct_options='{\"ct_id\":52,\"ct_parent\":0,\"selector\":\"div_block-52-282\",\"original\":{\"background-color\":\"#f4f4f4\"},\"nicename\":\"4_mit_Icons\",\"activeselector\":false,\"ct_depth\":2}'][ct_section_3 ct_sign_sha256='4a6c66afcaf5a814926d811862167c004898261bff60ad2190d76e6d809d69b0' ct_options='{\"ct_id\":53,\"ct_parent\":52,\"selector\":\"section-53-282\",\"ct_category\":\"Content\",\"nicename\":\"Level2\",\"ct_depth\":3,\"original\":{\"gradient\":{\"colors\":{\"0\":{\"position-unit\":\"px\",\"value\":\"\"},\"1\":{\"position-unit\":\"px\",\"value\":\"\"}}},\"background-color\":\"#f4f4f4\",\"container-padding-top-unit\":\"px\",\"container-padding-top\":\"60\",\"container-padding-bottom-unit\":\"px\",\"container-padding-bottom\":\"60\"}}'][ct_new_columns_4 ct_sign_sha256='654b0db9dd721a94076cdcf4c3fac8ac08b65e6de5589a11279e34aa96d79c40' ct_options='{\"ct_id\":54,\"ct_parent\":53,\"selector\":\"new_columns-54-282\",\"original\":{\"margin-bottom\":\"15\",\"gradient\":{\"colors\":{\"0\":{\"position-unit\":\"px\",\"value\":\"\"},\"1\":{\"position-unit\":\"px\",\"value\":\"\"}},\"linear-angle\":\"180\"},\"stack-columns-vertically\":\"tablet\",\"background-size\":\"auto\"},\"nicename\":\"Title\",\"ct_depth\":4}'][ct_div_block_4 ct_sign_sha256='0f4b5b35c236af7a0becf4471e2d14d78c516e968e13ff9b4fcb85b3fc6b4286' ct_options='{\"ct_id\":55,\"ct_parent\":54,\"selector\":\"div_block-55-282\",\"original\":{\"width\":\"30\",\"width-unit\":\"%\",\"border-right-style\":\"none\",\"border-left-style\":\"solid\",\"border-left-width\":\"3\",\"border-left-color\":\"color(35)\"},\"ct_depth\":4,\"nicename\":\"Div (#11)\"}'][ct_text_block ct_sign_sha256='4d45a6d83fa1a792a9cb34862010935cb844155551ca65fca6c7b9eda14fb2f0' ct_options='{\"ct_id\":56,\"ct_parent\":55,\"selector\":\"text_block-56-282\",\"nicename\":\"Untertitel\",\"ct_depth\":5,\"original\":{\"font-family\":{\"0\":\"global\",\"1\":\"Display\"},\"font-size\":\"18\",\"color\":\"color(35)\"}}']<i>Integration<\/i>[\/ct_text_block][ct_headline ct_sign_sha256='c2ad7eddab401cb982d343433a5049f696422aa0eb5562378b36737d4efcc83b' ct_options='{\"ct_id\":57,\"ct_parent\":55,\"selector\":\"headline-57-282\",\"original\":{\"font-family\":\"Lobster\",\"font-size\":\"38\"},\"ct_depth\":5,\"nicename\":\"Heading (#3)\"}']<span style=\"font-weight: 400;\">Gut ankommen<\/span>[\/ct_headline][\/ct_div_block_4][ct_div_block_4 ct_sign_sha256='179c7ae621a00bd18ad65a4114af1f79ae0a37234e92965ab4b5ce8f09efc643' ct_options='{\"ct_id\":58,\"ct_parent\":54,\"selector\":\"div_block-58-282\",\"original\":{\"width\":\"70.00\",\"width-unit\":\"%\"},\"ct_depth\":4,\"nicename\":\"Div (#12)\"}'][ct_text_block ct_sign_sha256='87a4d2113c78633b336df31e18a2692b3c868074f6f24a6498ae7f26dbbedf18' ct_options='{\"ct_id\":59,\"ct_parent\":58,\"selector\":\"text_block-59-282\",\"original\":{\"font-size\":\"17\",\"font-family\":{\"0\":\"global\",\"1\":\"Display\"},\"color\":\"color(32)\"},\"ct_depth\":5,\"nicename\":\"Text (#91)\"}']Wenn Du neu in Deutschland bist, gibt es eine Menge zu tun: Die Sprache lernen. Eine Wohnung oder einen Arbeitsplatz finden und neue Freunde kennenlernen. Es gibt viele Papiere auszuf\u00fcllen oder Geld zu beantragen. Da ist es gut, unterst\u00fctzt zu werden. Wir sind gerne f\u00fcr Dich da. <br>[\/ct_text_block][\/ct_div_block_4][\/ct_new_columns_4][ct_new_columns_4 ct_sign_sha256='07bf3ab6c55c5055289ba0990b62a2750f1fc3b46e99453701f2317d548dc8ad' ct_options='{\"ct_id\":60,\"ct_parent\":53,\"selector\":\"new_columns-60-282\",\"nicename\":\"Columns (#251)\",\"ct_depth\":4}'][ct_div_block_4 ct_sign_sha256='2bf6c13d2539abf0084dceba80697ae7e82231c4c33bc90e5610871b5c6431cc' ct_options='{\"ct_id\":61,\"ct_parent\":60,\"selector\":\"div_block-61-282\",\"original\":{\"width\":\"25.00\",\"width-unit\":\"%\"},\"nicename\":\"Div (#252)\",\"ct_depth\":4}'][ct_link_5 ct_sign_sha256='0afa8271447c557260c63bc94005892922c8851c2c2cfda980c72d2a57b9951f' ct_options='{\"ct_id\":62,\"ct_parent\":61,\"selector\":\"link-62-282\",\"original\":{\"width\":\"90\",\"width-unit\":\"%\",\"url\":\"https:\/\/matrix.ejsa-rot.desite\/integration\/integrations-und-aufenthaltsfragen\/\",\"target\":\"\",\"url_encoded\":\"true\"},\"nicename\":\"Div (#186)\",\"ct_depth\":5}'][ct_div_block_6 ct_sign_sha256='db10f8e1d1897e337782f54aabd9b1962bf8114b5a6d746b8495ce968ac6aef9' ct_options='{\"ct_id\":63,\"ct_parent\":62,\"selector\":\"div_block-63-282\",\"original\":{\"width-unit\":\"%\",\"justify-content\":\"space-between\",\"min-height-unit\":\"%\",\"min-height\":\"\",\"background-color\":\"#ffffff\",\"margin-right-unit\":\"%\",\"width\":\"100\",\"height-unit\":\"%\"},\"nicename\":\"Col1\",\"ct_depth\":6}'][ct_div_block_7 ct_sign_sha256='e4b4bdff2a74db3d8b3774ddea916e2bb0024b85f6b22b6a3ab4730ee8864c02' ct_options='{\"ct_id\":64,\"ct_parent\":63,\"selector\":\"div_block-64-282\",\"original\":{\"width\":\"100\",\"width-unit\":\"%\"},\"ct_depth\":7,\"nicename\":\"Div (#21)\"}'][ct_image ct_sign_sha256='be10f7b44f816be91de5e368e2cc55e4a1f40b31b2808000cc2c73db73cfd27a' ct_options='{\"ct_id\":65,\"ct_parent\":64,\"selector\":\"image-65-282\",\"original\":{\"attachment_id\":161,\"attachment_height\":300,\"attachment_width\":300,\"attachment_url\":\"https:\/\/matrix.ejsa-rot.desite\/wp-content\/uploads\/2021\/04\/hand-outline-gesture-3_113964-300x300.png\",\"src\":\"https:\/\/matrix.ejsa-rot.desite\/wp-content\/uploads\/2022\/07\/Eb2_Integration-undAufenthalt.jpg\"},\"ct_depth\":8,\"nicename\":\"Image (#71)\"}'][\/ct_image][\/ct_div_block_7][ct_div_block_7 ct_sign_sha256='599b317de1baeb96fb4673122ef36fc5964d6dc5a507ba00ab039a57e9eaee73' ct_options='{\"ct_id\":66,\"ct_parent\":63,\"selector\":\"div_block-66-282\",\"original\":{\"width\":\"100\",\"width-unit\":\"%\",\"align-items\":\"center\",\"text-align\":\"center\"},\"ct_depth\":7,\"nicename\":\"Div (#36)\"}'][ct_fancy_icon ct_sign_sha256='4a085d0a44d6eefbfbb14d9042f49ed990069463dde6a5ddd52de7949576262f' ct_options='{\"ct_id\":67,\"ct_parent\":66,\"selector\":\"fancy_icon-67-282\",\"original\":{\"margin-top\":\"-40\",\"icon-style\":\"2\",\"icon-background-color\":\"color(35)\",\"icon-size\":\"65\",\"icon-padding\":\"3\",\"icon-id\":\"EJSA-whitefill-integrationsfragen_02\"},\"ct_depth\":8,\"nicename\":\"Icon (#72)\"}'][\/ct_fancy_icon][\/ct_div_block_7][ct_div_block_7 ct_sign_sha256='afc82774a1d09f3831d41301e49d42f33fc836171e5345a761a8730588e696a1' ct_options='{\"ct_id\":68,\"ct_parent\":63,\"selector\":\"div_block-68-282\",\"original\":{\"width\":\"100\",\"width-unit\":\"%\",\"margin-right\":\"1\",\"margin-right-unit\":\"%\",\"align-items\":\"center\",\"text-align\":\"center\"},\"ct_depth\":7,\"nicename\":\"Div (#52)\"}'][oxy_rich_text ct_sign_sha256='09264aeb2c992c66625a0353ef8c433bae72b60951bb7eb19b18ac5ef7c30fcb' ct_options='{\"ct_id\":69,\"ct_parent\":68,\"selector\":\"_rich_text-69-282\",\"original\":{\"font-family\":\"Poppins\",\"text-align\":\"center\",\"font-weight\":\"500\",\"margin-bottom\":\"8\",\"padding-top\":\"10\",\"color\":\"color(20)\",\"font-size\":\"18\"},\"ct_depth\":8,\"nicename\":\"Rich Text (#53)\"}']<p>Integrations- und Aufenthaltsfragen<\/p>[\/oxy_rich_text][\/ct_div_block_7][ct_div_block_7 ct_sign_sha256='8a87326e334f5eaf1c3efc3680c3c9ea4646a351f4272eb29823513f08f731a1' ct_options='{\"ct_id\":70,\"ct_parent\":63,\"selector\":\"div_block-70-282\",\"original\":{\"width\":\"100\",\"width-unit\":\"%\",\"align-items\":\"center\",\"text-align\":\"center\"},\"ct_depth\":7,\"nicename\":\"Div (#54)\"}'][oxy_rich_text ct_sign_sha256='bb31c76eb6e13591bf368044a0e88d283fa3c04ff2ae890ef2299409b2c142c7' ct_options='{\"ct_id\":71,\"ct_parent\":70,\"selector\":\"_rich_text-71-282\",\"original\":{\"font-size\":\"15\",\"text-align\":\"center\",\"font-family\":{\"0\":\"global\",\"1\":\"Display\"},\"padding-top\":\"0\",\"padding-left\":\"9\",\"padding-right\":\"9\",\"padding-bottom\":\"9\",\"color\":\"color(32)\"},\"ct_depth\":8,\"nicename\":\"Rich Text (#55)\"}']<p>Wir unterst\u00fctzen Dich bei allen Anliegen rund um Deinen Aufenthaltsstatus, bei \u00a0Familiennachzug und anderem<\/p>[\/oxy_rich_text][\/ct_div_block_7][\/ct_div_block_6][\/ct_link_5][\/ct_div_block_4][ct_div_block_4 ct_sign_sha256='cb6028c8709205b1788aca9e1385279486a0043c295cadd1455773abd565bad3' ct_options='{\"ct_id\":72,\"ct_parent\":60,\"selector\":\"div_block-72-282\",\"original\":{\"width\":\"25.00\",\"width-unit\":\"%\"},\"nicename\":\"Div (#253)\",\"ct_depth\":4}'][ct_link_5 ct_sign_sha256='7a7e676aa21b1e99872d3baa7def4a84ccfd4870712b16b2f961474762876c5c' ct_options='{\"ct_id\":73,\"ct_parent\":72,\"selector\":\"link-73-282\",\"original\":{\"width-unit\":\"%\",\"width\":\"90\",\"url\":\"https:\/\/matrix.ejsa-rot.desite\/integration\/unterstuetzung-im-alltag\/\",\"target\":\"\",\"url_encoded\":\"true\"},\"nicename\":\"Div (#186)\",\"ct_depth\":5}'][ct_div_block_6 ct_sign_sha256='e0cc8bb56e73c412ba8109771214da6616938ab6fd6e1202afd20ecf21b3569e' ct_options='{\"ct_id\":74,\"ct_parent\":73,\"selector\":\"div_block-74-282\",\"original\":{\"width-unit\":\"%\",\"justify-content\":\"space-between\",\"min-height-unit\":\"%\",\"min-height\":\"\",\"background-color\":\"#ffffff\",\"margin-right-unit\":\"%\",\"width\":\"100\",\"height-unit\":\"%\"},\"nicename\":\"Col1\",\"ct_depth\":6}'][ct_div_block_7 ct_sign_sha256='a6fa9b1556a58457accebe68a08ec9e55a76b1e7a9bd27b73f27089146d160aa' ct_options='{\"ct_id\":75,\"ct_parent\":74,\"selector\":\"div_block-75-282\",\"original\":{\"width\":\"100\",\"width-unit\":\"%\"},\"ct_depth\":7,\"nicename\":\"Div (#21)\"}'][ct_image ct_sign_sha256='80bc25197e5d6ae80579c487b41cf141ca45ac6a783c8e1a573e56981d070975' ct_options='{\"ct_id\":76,\"ct_parent\":75,\"selector\":\"image-76-282\",\"original\":{\"attachment_id\":161,\"attachment_height\":300,\"attachment_width\":300,\"attachment_url\":\"https:\/\/matrix.ejsa-rot.desite\/wp-content\/uploads\/2021\/04\/hand-outline-gesture-3_113964-300x300.png\",\"src\":\"https:\/\/matrix.ejsa-rot.desite\/wp-content\/uploads\/2022\/07\/Eb2_Alltag.jpg\"},\"ct_depth\":8,\"nicename\":\"Image (#71)\"}'][\/ct_image][\/ct_div_block_7][ct_div_block_7 ct_sign_sha256='cdbc9dce298e1315ffb290b8bd58833ec804bc5e53d15a97f77916cdee90d09c' ct_options='{\"ct_id\":77,\"ct_parent\":74,\"selector\":\"div_block-77-282\",\"original\":{\"width\":\"100\",\"width-unit\":\"%\",\"align-items\":\"center\",\"text-align\":\"center\"},\"ct_depth\":7,\"nicename\":\"Div (#36)\"}'][ct_fancy_icon ct_sign_sha256='34ebf68f050b453dc50aa2dd1df4de99bd258a6422a1e37ca75015c8785d4134' ct_options='{\"ct_id\":78,\"ct_parent\":77,\"selector\":\"fancy_icon-78-282\",\"original\":{\"margin-top\":\"-40\",\"icon-style\":\"2\",\"icon-size\":\"65\",\"icon-padding\":\"3\",\"icon-id\":\"EJSA-whitefill-unterstuetzung_alltag_01\",\"icon-background-color\":\"color(35)\"},\"ct_depth\":8,\"nicename\":\"Icon (#72)\"}'][\/ct_fancy_icon][\/ct_div_block_7][ct_div_block_7 ct_sign_sha256='c1c37c5624ef1d54713919edcb25d16410d76774c4cfb3a1b39154ccd0d84ea4' ct_options='{\"ct_id\":79,\"ct_parent\":74,\"selector\":\"div_block-79-282\",\"original\":{\"width\":\"100\",\"width-unit\":\"%\",\"margin-right\":\"1\",\"margin-right-unit\":\"%\",\"align-items\":\"center\",\"text-align\":\"center\"},\"ct_depth\":7,\"nicename\":\"Div (#52)\"}'][oxy_rich_text ct_sign_sha256='63575f583712007a348795e3dd1b0c602e92a93d3c28b5ab67ecca672c8ff6ed' ct_options='{\"ct_id\":80,\"ct_parent\":79,\"selector\":\"_rich_text-80-282\",\"original\":{\"font-size\":\"18\",\"font-family\":\"Poppins\",\"text-align\":\"center\",\"font-weight\":\"500\",\"margin-bottom\":\"8\",\"padding-top\":\"10\",\"color\":\"color(20)\"},\"ct_depth\":8,\"nicename\":\"Rich Text (#53)\"}']<p>Unterst\u00fctzung<br \/>im Alltag<\/p>[\/oxy_rich_text][\/ct_div_block_7][ct_div_block_7 ct_sign_sha256='90fab57e204352ffc6c4a462aaf796f75ec503227d38b492c61898c7b5821abd' ct_options='{\"ct_id\":81,\"ct_parent\":74,\"selector\":\"div_block-81-282\",\"original\":{\"width\":\"100\",\"width-unit\":\"%\",\"align-items\":\"center\",\"text-align\":\"center\"},\"ct_depth\":7,\"nicename\":\"Div (#54)\"}'][oxy_rich_text ct_sign_sha256='45df9f2e1eaa4e98e7bfd6d0b911dcd56e6abbca4c13b7481de0ac3756503191' ct_options='{\"ct_id\":82,\"ct_parent\":81,\"selector\":\"_rich_text-82-282\",\"original\":{\"font-size\":\"15\",\"text-align\":\"center\",\"font-family\":{\"0\":\"global\",\"1\":\"Display\"},\"padding-top\":\"0\",\"padding-left\":\"9\",\"padding-right\":\"9\",\"padding-bottom\":\"9\",\"color\":\"color(32)\"},\"ct_depth\":8,\"nicename\":\"Rich Text (#55)\"}']<p>Wir unterst\u00fctzen Dich beim Ausf\u00fcllen von Antr\u00e4gen auf finanzielle Hilfen, beim Abschluss von Vertr\u00e4gen oder geben Dir Tipps, wie Du eine Wohnung finden kannst<\/p>[\/oxy_rich_text][\/ct_div_block_7][\/ct_div_block_6][\/ct_link_5][\/ct_div_block_4][ct_div_block_4 ct_sign_sha256='93230713500304bd567922d60780b14f15b501b6b84df622b4226a62eb26597b' ct_options='{\"ct_id\":83,\"ct_parent\":60,\"selector\":\"div_block-83-282\",\"original\":{\"width\":\"25.00\",\"width-unit\":\"%\"},\"nicename\":\"Div (#254)\",\"ct_depth\":4}'][ct_link_5 ct_sign_sha256='d781160dfe2a027fb3083477b63904030d04eeac301bd05068d1003c859b08c1' ct_options='{\"ct_id\":84,\"ct_parent\":83,\"selector\":\"link-84-282\",\"original\":{\"width\":\"90\",\"width-unit\":\"%\",\"url\":\"https:\/\/matrix.ejsa-rot.desite\/integration\/ausbildungs-und-jobfragen-2\/\",\"target\":\"\",\"url_encoded\":\"true\"},\"nicename\":\"Div (#186)\",\"ct_depth\":5}'][ct_div_block_6 ct_sign_sha256='288969514dd9501e7bf6c9d018f8112d17487cbd0498ab7e8c8c105ccdbd7af4' ct_options='{\"ct_id\":85,\"ct_parent\":84,\"selector\":\"div_block-85-282\",\"original\":{\"width-unit\":\"%\",\"justify-content\":\"space-between\",\"min-height-unit\":\"%\",\"min-height\":\"\",\"background-color\":\"#ffffff\",\"margin-right-unit\":\"%\",\"width\":\"100\",\"height-unit\":\"%\"},\"nicename\":\"Col1\",\"ct_depth\":6}'][ct_div_block_7 ct_sign_sha256='ad80f763e883f87c9508e9b64b5137c81a4c59c627edec0e71521f05f0cc8142' ct_options='{\"ct_id\":86,\"ct_parent\":85,\"selector\":\"div_block-86-282\",\"original\":{\"width\":\"100\",\"width-unit\":\"%\"},\"ct_depth\":7,\"nicename\":\"Div (#21)\"}'][ct_image ct_sign_sha256='5a00aeae3d6001639c71b71f663cba155ebc13efddce5233867bb95349d75616' ct_options='{\"ct_id\":87,\"ct_parent\":86,\"selector\":\"image-87-282\",\"original\":{\"attachment_id\":161,\"attachment_height\":300,\"attachment_width\":300,\"attachment_url\":\"https:\/\/matrix.ejsa-rot.desite\/wp-content\/uploads\/2021\/04\/hand-outline-gesture-3_113964-300x300.png\",\"src\":\"https:\/\/matrix.ejsa-rot.desite\/wp-content\/uploads\/2022\/07\/JMD4you_Fotopool_WEB-1.jpg\"},\"ct_depth\":8,\"nicename\":\"Image (#71)\"}'][\/ct_image][\/ct_div_block_7][ct_div_block_7 ct_sign_sha256='95f40038b8f7494898c7770a2946db78b957f705f371b404314be170d9236662' ct_options='{\"ct_id\":88,\"ct_parent\":85,\"selector\":\"div_block-88-282\",\"original\":{\"width\":\"100\",\"width-unit\":\"%\",\"align-items\":\"center\",\"text-align\":\"center\"},\"ct_depth\":7,\"nicename\":\"Div (#36)\"}'][ct_fancy_icon ct_sign_sha256='0c19d74a10328a591e9f45dd4dd505275538adcc32951fd1ba016dd75fa96b5d' ct_options='{\"ct_id\":89,\"ct_parent\":88,\"selector\":\"fancy_icon-89-282\",\"original\":{\"margin-top\":\"-40\",\"icon-style\":\"2\",\"icon-size\":\"65\",\"icon-padding\":\"3\",\"icon-id\":\"EJSA-whitefill-ausbildungs_jobfragen\",\"z-index\":\"999\",\"visibility\":\"visible\",\"icon-background-color\":\"color(35)\"},\"ct_depth\":8,\"nicename\":\"Icon (#72)\"}'][\/ct_fancy_icon][\/ct_div_block_7][ct_div_block_7 ct_sign_sha256='0df07c3bf30c0ea55aa1701265c40f6df1ac9e725b1e0ed50823168deaab97d2' ct_options='{\"ct_id\":90,\"ct_parent\":85,\"selector\":\"div_block-90-282\",\"original\":{\"width\":\"100\",\"width-unit\":\"%\",\"margin-right\":\"1\",\"margin-right-unit\":\"%\",\"align-items\":\"center\",\"text-align\":\"center\"},\"ct_depth\":7,\"nicename\":\"Div (#52)\"}'][oxy_rich_text ct_sign_sha256='c57bbe15a2d3c3621ffdc427a468ffa6db01a760757aad044a4eb530c4b53a06' ct_options='{\"ct_id\":91,\"ct_parent\":90,\"selector\":\"_rich_text-91-282\",\"original\":{\"font-size\":\"18\",\"font-family\":\"Poppins\",\"text-align\":\"center\",\"font-weight\":\"500\",\"margin-bottom\":\"8\",\"padding-top\":\"10\",\"color\":\"color(20)\"},\"ct_depth\":8,\"nicename\":\"Rich Text (#53)\"}']<p>Ausbildungs- <br \/>und Arbeitsstelle<\/p>[\/oxy_rich_text][\/ct_div_block_7][ct_div_block_7 ct_sign_sha256='0e02673b59b0889c861be5b832108c840c2da5a4eb028b397afb04402f2edaa0' ct_options='{\"ct_id\":92,\"ct_parent\":85,\"selector\":\"div_block-92-282\",\"original\":{\"width\":\"100\",\"width-unit\":\"%\",\"align-items\":\"center\",\"text-align\":\"center\"},\"ct_depth\":7,\"nicename\":\"Div (#54)\"}'][oxy_rich_text ct_sign_sha256='e660cda06ff6ce2e0bb89669258e1d688d790122376a43749f5d0421373aa9bf' ct_options='{\"ct_id\":93,\"ct_parent\":92,\"selector\":\"_rich_text-93-282\",\"original\":{\"font-size\":\"15\",\"text-align\":\"center\",\"font-family\":{\"0\":\"global\",\"1\":\"Display\"},\"padding-top\":\"0\",\"padding-left\":\"9\",\"padding-right\":\"9\",\"padding-bottom\":\"9\",\"color\":\"color(32)\"},\"ct_depth\":8,\"nicename\":\"Rich Text (#55)\"}']<p>Wir unterst\u00fctzen Dich individuell und <em>kultursensibel<\/em> bei der Suche nach passenden Stellen in der Region. Wir beraten Dich zu Zeugnisanerkennung \u00a0und Bewerbungsfragen<\/p>[\/oxy_rich_text][\/ct_div_block_7][\/ct_div_block_6][\/ct_link_5][\/ct_div_block_4][ct_div_block_4 ct_sign_sha256='c861dcd2ad7b7273d28b132a4bfe08b2b85a9b6f0bcd12c5edf8345941a5b4e7' ct_options='{\"ct_id\":94,\"ct_parent\":60,\"selector\":\"div_block-94-282\",\"original\":{\"width\":\"25.00\",\"width-unit\":\"%\"},\"nicename\":\"Div (#255)\",\"ct_depth\":4}'][ct_link_5 ct_sign_sha256='ffdbf9e44896d5632231c9eaee848fb98db7a58d6804a4be0f31cc20106b34f0' ct_options='{\"ct_id\":95,\"ct_parent\":94,\"selector\":\"link-95-282\",\"original\":{\"width\":\"90\",\"width-unit\":\"%\",\"url\":\"https:\/\/matrix.ejsa-rot.desite\/integration\/freizeit-freunde\/\",\"target\":\"\",\"url_encoded\":\"true\"},\"nicename\":\"Div (#186)\",\"ct_depth\":5}'][ct_div_block_6 ct_sign_sha256='6338b5a8aab1d098b242652f62c0cfd6113d673b591e1f473e3b392d4da5c222' ct_options='{\"ct_id\":96,\"ct_parent\":95,\"selector\":\"div_block-96-282\",\"original\":{\"width-unit\":\"%\",\"justify-content\":\"space-between\",\"min-height-unit\":\"%\",\"min-height\":\"\",\"background-color\":\"#ffffff\",\"margin-right-unit\":\"%\",\"width\":\"100\",\"height-unit\":\"%\"},\"nicename\":\"Col1\",\"ct_depth\":6}'][ct_div_block_7 ct_sign_sha256='8f83390174cf2be1c2d71a4dfe3a01dd62ae158b86b078d8fa8b7670e085ed3c' ct_options='{\"ct_id\":97,\"ct_parent\":96,\"selector\":\"div_block-97-282\",\"original\":{\"width\":\"100\",\"width-unit\":\"%\"},\"ct_depth\":7,\"nicename\":\"Div (#21)\"}'][ct_image ct_sign_sha256='61d47821d176de2f9e250fb5eaed6ef509577a0c08f4c93dac60da3823c67a6c' ct_options='{\"ct_id\":98,\"ct_parent\":97,\"selector\":\"image-98-282\",\"original\":{\"attachment_id\":161,\"attachment_height\":300,\"attachment_width\":300,\"attachment_url\":\"https:\/\/matrix.ejsa-rot.desite\/wp-content\/uploads\/2021\/04\/hand-outline-gesture-3_113964-300x300.png\",\"src\":\"https:\/\/matrix.ejsa-rot.desite\/wp-content\/uploads\/2022\/07\/Eb2_FreizeitFreunde.jpg\"},\"ct_depth\":8,\"nicename\":\"Image (#71)\"}'][\/ct_image][\/ct_div_block_7][ct_div_block_7 ct_sign_sha256='39a0abb75b6650bf33b3c9db13f599ef0c4c8368b66d626adbc9d5c801c30234' ct_options='{\"ct_id\":99,\"ct_parent\":96,\"selector\":\"div_block-99-282\",\"original\":{\"width\":\"100\",\"width-unit\":\"%\",\"align-items\":\"center\",\"text-align\":\"center\"},\"ct_depth\":7,\"nicename\":\"Div (#36)\"}'][ct_fancy_icon ct_sign_sha256='ca703717aac18c5fc35e487926a6a1146e17449da96fcb5958c1daf9e693d74c' ct_options='{\"ct_id\":100,\"ct_parent\":99,\"selector\":\"fancy_icon-100-282\",\"original\":{\"margin-top\":\"-40\",\"icon-style\":\"2\",\"icon-size\":\"65\",\"icon-padding\":\"3\",\"icon-id\":\"EJSA-whitefill-freizeit_freunde\",\"icon-background-color\":\"color(35)\"},\"ct_depth\":8,\"nicename\":\"Icon (#72)\"}'][\/ct_fancy_icon][\/ct_div_block_7][ct_div_block_7 ct_sign_sha256='e41e0f55f0bb081b017e99c366eae7ffbd18e90a66fb66936ec550a4170c6fc2' ct_options='{\"ct_id\":101,\"ct_parent\":96,\"selector\":\"div_block-101-282\",\"original\":{\"width\":\"100\",\"width-unit\":\"%\",\"margin-right\":\"1\",\"margin-right-unit\":\"%\",\"align-items\":\"center\",\"text-align\":\"center\"},\"ct_depth\":7,\"nicename\":\"Div (#52)\"}'][oxy_rich_text ct_sign_sha256='7a9b5b06054f165c283f4c7299194dfd7d42fc5c05821d7642fe09b0bbd4dd13' ct_options='{\"ct_id\":102,\"ct_parent\":101,\"selector\":\"_rich_text-102-282\",\"original\":{\"font-family\":\"Poppins\",\"text-align\":\"center\",\"font-weight\":\"500\",\"margin-bottom\":\"8\",\"padding-top\":\"10\",\"color\":\"color(20)\",\"font-size\":\"18\",\"min-height-unit\":\"rem\",\"min-height\":\"4\"},\"ct_depth\":8,\"nicename\":\"Rich Text (#53)\"}']<p>Freizeit <br>und Freunde<\/p>[\/oxy_rich_text][\/ct_div_block_7][ct_div_block_7 ct_sign_sha256='7af9a4a95cdb0c44bc0203c66512a0de04dffdef46d93388ac907da02c8966cb' ct_options='{\"ct_id\":103,\"ct_parent\":96,\"selector\":\"div_block-103-282\",\"original\":{\"width\":\"100\",\"width-unit\":\"%\",\"align-items\":\"center\",\"text-align\":\"center\"},\"ct_depth\":7,\"nicename\":\"Div (#54)\"}'][oxy_rich_text ct_sign_sha256='e70d20fc974475d7b802d974b9d3c4cec1ae5a79d5acb68d9b6b9752ed1a9e07' ct_options='{\"ct_id\":104,\"ct_parent\":103,\"selector\":\"_rich_text-104-282\",\"original\":{\"font-size\":\"15\",\"text-align\":\"center\",\"font-family\":{\"0\":\"global\",\"1\":\"Display\"},\"padding-top\":\"0\",\"padding-left\":\"9\",\"padding-right\":\"9\",\"padding-bottom\":\"9\",\"color\":\"color(32)\"},\"ct_depth\":8,\"nicename\":\"Rich Text (#55)\"}']<p>Zu einem guten Leben \u00a0geh\u00f6rt auch ein gutes Umfeld: Lerne neue Leute kennen oder probiere ein neues Hobby aus<\/p>\r\n<p>Mit unseren Tipps findest Du passende Freizeitangebote<\/p>[\/oxy_rich_text][\/ct_div_block_7][\/ct_div_block_6][\/ct_link_5][\/ct_div_block_4][\/ct_new_columns_4][\/ct_section_3][\/ct_div_block_2]","ct_template_type":"","ct_parent_template":0,"footnotes":""},"class_list":["post-282","page","type-page","status-publish","hentry"],"_links":{"self":[{"href":"https:\/\/matrix.ejsa-rot.de\/site\/wp-json\/wp\/v2\/pages\/282","targetHints":{"allow":["GET"]}}],"collection":[{"href":"https:\/\/matrix.ejsa-rot.de\/site\/wp-json\/wp\/v2\/pages"}],"about":[{"href":"https:\/\/matrix.ejsa-rot.de\/site\/wp-json\/wp\/v2\/types\/page"}],"author":[{"embeddable":true,"href":"https:\/\/matrix.ejsa-rot.de\/site\/wp-json\/wp\/v2\/users\/3"}],"replies":[{"embeddable":true,"href":"https:\/\/matrix.ejsa-rot.de\/site\/wp-json\/wp\/v2\/comments?post=282"}],"version-history":[{"count":8,"href":"https:\/\/matrix.ejsa-rot.de\/site\/wp-json\/wp\/v2\/pages\/282\/revisions"}],"predecessor-version":[{"id":554,"href":"https:\/\/matrix.ejsa-rot.de\/site\/wp-json\/wp\/v2\/pages\/282\/revisions\/554"}],"wp:attachment":[{"href":"https:\/\/matrix.ejsa-rot.de\/site\/wp-json\/wp\/v2\/media?parent=282"}],"curies":[{"name":"wp","href":"https:\/\/api.w.org\/{rel}","templated":true}]}}