{"id":284,"date":"2021-09-21T23:37:00","date_gmt":"2021-09-21T21:37:00","guid":{"rendered":"https:\/\/matrix.ejsa-rot.desite\/?page_id=284"},"modified":"2022-02-21T09:48:48","modified_gmt":"2022-02-21T08:48:48","slug":"ausbildung-job","status":"publish","type":"page","link":"https:\/\/matrix.ejsa-rot.de\/site\/ausbildung-job\/","title":{"rendered":"Ausbildung &#038; Job"},"content":{"rendered":"","protected":false},"excerpt":{"rendered":"","protected":false},"author":3,"featured_media":0,"parent":0,"menu_order":0,"comment_status":"closed","ping_status":"closed","template":"","meta":{"ct_builder_shortcodes":"[ct_div_block ct_sign_sha256='9c94a09ee80ea04797ec4a081515aaeddeb4326de8332af15efdbc38af257d99' ct_options='{\"ct_id\":209,\"ct_parent\":0,\"selector\":\"div_block-209-284\",\"original\":{\"background-color\":\"#f4f4f4\",\"conditionspreview\":\"2\",\"globalConditionsResult\":true,\"margin-top\":\"-4\",\"margin-top-unit\":\"rem\"},\"nicename\":\"4_mit_Icons\",\"activeselector\":false,\"ct_depth\":1}'][ct_section_2 ct_sign_sha256='d35462c7d4dc4456ee5ce03d38a1448b46ed10df672946287e44903852d5b704' ct_options='{\"ct_id\":2,\"ct_parent\":209,\"selector\":\"section-2-284\",\"ct_category\":\"Content\",\"nicename\":\"Level2\",\"ct_depth\":2,\"original\":{\"gradient\":{\"colors\":{\"0\":{\"position-unit\":\"px\",\"value\":\"\"},\"1\":{\"position-unit\":\"px\",\"value\":\"\"}}},\"background-color\":\"#f4f4f4\",\"container-padding-top-unit\":\"px\",\"container-padding-top\":\"60\",\"container-padding-bottom-unit\":\"px\",\"container-padding-bottom\":\"60\"}}'][ct_new_columns_3 ct_sign_sha256='e4d069aeed1411a0b4129a2ce2be573947e89797ca1b4484ec4f6902affe76a3' ct_options='{\"ct_id\":10,\"ct_parent\":2,\"selector\":\"new_columns-10-284\",\"original\":{\"margin-bottom\":\"15\",\"gradient\":{\"colors\":{\"0\":{\"position-unit\":\"px\",\"value\":\"\"},\"1\":{\"position-unit\":\"px\",\"value\":\"\"}},\"linear-angle\":\"180\"},\"stack-columns-vertically\":\"tablet\",\"background-size\":\"auto\"},\"activeselector\":false,\"nicename\":\"Title\",\"ct_depth\":3}'][ct_div_block_3 ct_sign_sha256='6340a9fe5a176fb5d21fa42e855c4e626b985ba90eff0d637776cfc2d8fc53ea' ct_options='{\"ct_id\":11,\"ct_parent\":10,\"selector\":\"div_block-11-284\",\"original\":{\"width\":\"30\",\"width-unit\":\"%\",\"border-right-style\":\"none\",\"border-left-style\":\"solid\",\"border-left-width\":\"3\",\"border-left-color\":\"color(34)\"},\"activeselector\":false,\"ct_depth\":3,\"nicename\":\"Div (#11)\"}'][ct_text_block ct_sign_sha256='fdd74ccc7cb42424113231ad0aa2aa2cf86b31f0bf97d1e52f1408ca158427ae' ct_options='{\"ct_id\":8,\"ct_parent\":11,\"selector\":\"text_block-8-284\",\"nicename\":\"Untertitel\",\"ct_depth\":4,\"original\":{\"font-family\":{\"0\":\"global\",\"1\":\"Display\"},\"font-size\":\"18\",\"color\":\"color(34)\"}}']<i>Ausbildung &amp; Job<\/i>[\/ct_text_block][ct_headline ct_sign_sha256='b81f67167e2feaea8976b3b690ef3a0b2962b96217ff96d9c1ea70b63fd0f7c5' ct_options='{\"ct_id\":3,\"ct_parent\":11,\"selector\":\"headline-3-284\",\"original\":{\"font-family\":\"Lobster\",\"font-size\":\"38\"},\"activeselector\":false,\"ct_depth\":4,\"nicename\":\"Heading (#3)\"}']<span style=\"font-weight: normal;\">Deine Zukunft<\/span>[\/ct_headline][\/ct_div_block_3][ct_div_block_3 ct_sign_sha256='af09fb4ab0dd0c1d2d102ec61320df2ee4e040ebb2473a677eeb606926032802' ct_options='{\"ct_id\":12,\"ct_parent\":10,\"selector\":\"div_block-12-284\",\"original\":{\"width\":\"70.00\",\"width-unit\":\"%\"},\"activeselector\":false,\"ct_depth\":3,\"nicename\":\"Div (#12)\"}'][ct_text_block ct_sign_sha256='d879da74e2b9e7cf8c99792345ebd5115ca69bed453d85d862d5305ab40e9f5b' ct_options='{\"ct_id\":91,\"ct_parent\":12,\"selector\":\"text_block-91-284\",\"original\":{\"font-size\":\"17\",\"font-family\":{\"0\":\"global\",\"1\":\"Display\"},\"color\":\"color(32)\"},\"activeselector\":false,\"ct_depth\":4,\"nicename\":\"Text (#91)\"}']M\u00f6chtest Du eine Ausbildung beginnen oder bist Du noch auf der Suche nach dem \u201erichtigen Plan\u201c?&nbsp;<br>Steckst Du schon mittendrin und brauchst Unterst\u00fctzung an Deiner jetzigen Stelle?&nbsp;<br>Dann bist Du bei uns genau richtig!&nbsp;Wir finden gemeinsam f\u00fcr (fast) alles eine L\u00f6sung.<br>Unser Angebot ist kostenlos, anonym und vertraulich.<br>[\/ct_text_block][\/ct_div_block_3][\/ct_new_columns_3][ct_new_columns_3 ct_sign_sha256='beede008821c15372cd21d78f8d4c5f0e02309ef86646ff5cb837a096feb1710' ct_options='{\"ct_id\":251,\"ct_parent\":\"2\",\"selector\":\"new_columns-251-284\",\"nicename\":\"Columns (#251)\",\"ct_depth\":3}'][ct_div_block_3 ct_sign_sha256='512541434410db70e9e345b9608f9e3b70a0fb460163a4afbfa240a88f04969f' ct_options='{\"ct_id\":252,\"ct_parent\":251,\"selector\":\"div_block-252-284\",\"original\":{\"width\":\"25.00\",\"width-unit\":\"%\"},\"nicename\":\"Div (#252)\",\"activeselector\":false,\"ct_depth\":3}'][ct_link_4 ct_sign_sha256='0bb70fb483cb48c67b7dd2c4647c20c75475912c869c8a833f75dfe6b8bbe6e0' ct_options='{\"ct_id\":186,\"ct_parent\":252,\"selector\":\"div_block-186-284\",\"original\":{\"width\":\"90\",\"width-unit\":\"%\",\"url\":\"https:\/\/matrix.ejsa-rot.desite\/ausbildung-job\/staerkencheck-berufsorientierung\/\",\"target\":\"\",\"url_encoded\":\"true\"},\"nicename\":\"Div (#186)\",\"activeselector\":false,\"ct_depth\":4}'][ct_div_block_5 ct_sign_sha256='ca7899cc7138d01e3426d2897f135ef23000d34a436ab78de5d46437466ec2e7' ct_options='{\"ct_id\":16,\"ct_parent\":186,\"selector\":\"div_block-16-284\",\"original\":{\"width-unit\":\"%\",\"justify-content\":\"space-between\",\"min-height-unit\":\"%\",\"min-height\":\"\",\"background-color\":\"#ffffff\",\"margin-right-unit\":\"%\",\"width\":\"100\",\"height-unit\":\"%\"},\"nicename\":\"Col1\",\"activeselector\":false,\"ct_depth\":5}'][ct_div_block_6 ct_sign_sha256='de1e272729476fd3be169d56af626f4fd2cd53825ada10e674874baa6611f5ca' ct_options='{\"ct_id\":21,\"ct_parent\":16,\"selector\":\"div_block-21-284\",\"original\":{\"width-unit\":\"%\",\"width\":\"100\"},\"ct_depth\":6,\"nicename\":\"Div (#21)\",\"media\":{\"tablet\":{\"original\":{\"height-unit\":\"%\",\"height\":\"100\"}},\"phone-portrait\":{\"original\":{\"width\":\"100\",\"width-unit\":\"%\",\"height-unit\":\"auto\"}},\"phone-landscape\":{\"original\":{\"width\":\"100\",\"width-unit\":\"%\",\"display\":\"grid\",\"height-unit\":\"auto\"}}}}'][ct_image ct_sign_sha256='0eef8db7df37384ca53d7daed97fcb54e9361ff97868dbce3932fce8569daa26' ct_options='{\"ct_id\":71,\"ct_parent\":21,\"selector\":\"image-71-284\",\"original\":{\"attachment_id\":161,\"attachment_height\":300,\"attachment_width\":300,\"attachment_url\":\"https:\/\/matrix.ejsa-rot.desite\/wp-content\/uploads\/2021\/04\/hand-outline-gesture-3_113964-300x300.png\",\"src\":\"https:\/\/matrix.ejsa-rot.desite\/wp-content\/uploads\/2022\/07\/Eb2_Berufsorientierung_pexels-alexandr-podvalny-7717666.jpg\",\"width-unit\":\"%\",\"width\":\"100\"},\"activeselector\":false,\"ct_depth\":7,\"nicename\":\"Image (#71)\",\"media\":{\"phone-portrait\":{\"original\":{\"width-unit\":\"%\",\"width\":\"100\",\"object-fit\":\"contain\"}},\"tablet\":{\"original\":{\"max-width-unit\":\"%\"}}}}'][\/ct_image][\/ct_div_block_6][ct_div_block_6 ct_sign_sha256='1293f34e966d0bdf876d1826b73f8752da1f6ae3f2ca9b4b2ac739cc58f5df46' ct_options='{\"ct_id\":36,\"ct_parent\":16,\"selector\":\"div_block-36-284\",\"original\":{\"width\":\"100\",\"width-unit\":\"%\",\"align-items\":\"center\",\"text-align\":\"center\"},\"activeselector\":false,\"ct_depth\":6,\"nicename\":\"Div (#36)\"}'][ct_fancy_icon ct_sign_sha256='b0718846601590a2820abf511c8d642cb592f28a32a0d1dfcfc9e54c74a43d74' ct_options='{\"ct_id\":72,\"ct_parent\":36,\"selector\":\"fancy_icon-72-284\",\"original\":{\"margin-top\":\"-40\",\"icon-style\":\"2\",\"icon-background-color\":\"color(34)\",\"icon-size\":\"65\",\"icon-padding\":\"3\",\"icon-id\":\"EJSA-Blackfill-berufsorientierung\"},\"activeselector\":false,\"ct_depth\":7,\"nicename\":\"Icon (#72)\"}'][\/ct_fancy_icon][\/ct_div_block_6][ct_div_block_6 ct_sign_sha256='08033f6591389f0db70d1d9d4ecf2dc2a0b17ddd105b0e84973294b9eaaab442' ct_options='{\"ct_id\":213,\"ct_parent\":16,\"selector\":\"div_block-213-284\",\"original\":{\"width\":\"100\",\"width-unit\":\"%\",\"margin-right\":\"1\",\"margin-right-unit\":\"%\",\"align-items\":\"center\",\"text-align\":\"center\"},\"ct_depth\":6,\"nicename\":\"Div (#52)\"}'][oxy_rich_text ct_sign_sha256='748b5d26e3093c92ac06a6914312656521cf8dcecbc576d89456a9066cd1aa1a' ct_options='{\"ct_id\":214,\"ct_parent\":213,\"selector\":\"_rich_text-214-284\",\"original\":{\"font-size\":\"18\",\"font-family\":\"Poppins\",\"text-align\":\"center\",\"font-weight\":\"500\",\"margin-bottom\":\"8\",\"padding-top\":\"10\",\"color\":\"color(20)\"},\"activeselector\":false,\"ct_depth\":7,\"nicename\":\"Rich Text (#53)\"}']<p>St\u00e4rkencheck und Berufsorientierung<\/p>[\/oxy_rich_text][\/ct_div_block_6][ct_div_block_6 ct_sign_sha256='f84f8ffbdb51322f4f6f77653513bd0a45c7d32ab4163127495659fec4433e79' ct_options='{\"ct_id\":54,\"ct_parent\":16,\"selector\":\"div_block-54-284\",\"original\":{\"width\":\"100\",\"width-unit\":\"%\",\"align-items\":\"center\",\"text-align\":\"center\"},\"ct_depth\":6,\"nicename\":\"Div (#54)\"}'][oxy_rich_text ct_sign_sha256='36ed09a5773543c5c122ba6103363445104bd5521e301b3996dc8c7556bdd4b1' ct_options='{\"ct_id\":55,\"ct_parent\":54,\"selector\":\"_rich_text-55-284\",\"original\":{\"font-size\":\"15\",\"text-align\":\"center\",\"font-family\":{\"0\":\"global\",\"1\":\"Display\"},\"padding-top\":\"0\",\"padding-left\":\"9\",\"padding-right\":\"9\",\"padding-bottom\":\"9\",\"color\":\"color(32)\"},\"activeselector\":false,\"ct_depth\":7,\"nicename\":\"Rich Text (#55)\"}']<p style=\"text-align: center;\">Gemeinsam finden wir einen oder auch mehrere Berufe, die zu Dir, Deiner Pers\u00f6nlichkeit und Deinen St\u00e4rken passen.<\/p>[\/oxy_rich_text][\/ct_div_block_6][\/ct_div_block_5][\/ct_link_4][\/ct_div_block_3][ct_div_block_3 ct_sign_sha256='040932810a0f1223b2d29f26083f19f194ae29b4332312d7a4ea7e101d068350' ct_options='{\"ct_id\":253,\"ct_parent\":251,\"selector\":\"div_block-253-284\",\"original\":{\"width\":\"25.00\",\"width-unit\":\"%\"},\"nicename\":\"Div (#253)\",\"activeselector\":false,\"ct_depth\":3}'][ct_link_4 ct_sign_sha256='c34b5546b34f9e4f4ae6ad4b1f9dec249e0d4b4031a1b2d21159bfc98f9ad82c' ct_options='{\"ct_id\":269,\"ct_parent\":253,\"selector\":\"div_block-269-284\",\"original\":{\"width-unit\":\"%\",\"width\":\"90\",\"url\":\"https:\/\/matrix.ejsa-rot.desite\/ausbildung-job\/bewerbung\/\",\"target\":\"\",\"url_encoded\":\"true\"},\"nicename\":\"Div (#186)\",\"activeselector\":false,\"ct_depth\":4}'][ct_div_block_5 ct_sign_sha256='8fb31e89806564467380ef9479ead5549dfe13e52a20db5cf8facb0bdd6f5bde' ct_options='{\"ct_id\":270,\"ct_parent\":269,\"selector\":\"div_block-270-284\",\"original\":{\"width-unit\":\"%\",\"justify-content\":\"space-between\",\"min-height-unit\":\"%\",\"min-height\":\"\",\"background-color\":\"#ffffff\",\"margin-right-unit\":\"%\",\"width\":\"100\",\"height-unit\":\"%\"},\"nicename\":\"Col1\",\"activeselector\":false,\"ct_depth\":5}'][ct_div_block_6 ct_sign_sha256='37f3c7714cfe4dc498eed7afe3ddfb0d96649895b0c95252ce5f2f55f21b0bab' ct_options='{\"ct_id\":271,\"ct_parent\":270,\"selector\":\"div_block-271-284\",\"original\":{\"width-unit\":\"%\",\"width\":\"100\"},\"ct_depth\":6,\"nicename\":\"Div (#21)\",\"media\":{\"phone-portrait\":{\"original\":{\"width\":\"100\",\"width-unit\":\"%\"}},\"phone-landscape\":{\"original\":{\"width-unit\":\"%\",\"width\":\"100\",\"display\":\"grid\"}}}}'][ct_image ct_sign_sha256='e651b77a4f68bf8f66944e52b34b079eeadfe8032e7ed2239c995c3d0b630e58' ct_options='{\"ct_id\":578,\"ct_parent\":271,\"selector\":\"image-578-284\",\"original\":{\"attachment_id\":161,\"attachment_height\":300,\"attachment_width\":300,\"attachment_url\":\"https:\/\/matrix.ejsa-rot.desite\/wp-content\/uploads\/2021\/04\/hand-outline-gesture-3_113964-300x300.png\",\"src\":\"https:\/\/matrix.ejsa-rot.desite\/wp-content\/uploads\/2022\/07\/Eb2_Bewerbung_pexels-ekaterina-bolovtsova-4047811.jpg\",\"width-unit\":\"%\",\"width\":\"100\"},\"ct_depth\":7,\"nicename\":\"Image (#578)\",\"media\":{\"phone-portrait\":{\"original\":{\"margin-right\":\"15\",\"width-unit\":\"%\",\"object-fit\":\"contain\"}}},\"activeselector\":false}'][\/ct_image][\/ct_div_block_6][ct_div_block_6 ct_sign_sha256='6a4699642352aa4e7c3df128bf02e493ff37a21d10940d639c28b00393dcd041' ct_options='{\"ct_id\":273,\"ct_parent\":270,\"selector\":\"div_block-273-284\",\"original\":{\"width\":\"100\",\"width-unit\":\"%\",\"align-items\":\"center\",\"text-align\":\"center\"},\"activeselector\":false,\"ct_depth\":6,\"nicename\":\"Div (#36)\"}'][ct_fancy_icon ct_sign_sha256='2d54861b6d50c5ebb0ec987ed584e27a179db597c5007b4b5f1bf5030ee68735' ct_options='{\"ct_id\":274,\"ct_parent\":273,\"selector\":\"fancy_icon-274-284\",\"original\":{\"margin-top\":\"-40\",\"icon-color\":\"color(33)\",\"icon-style\":\"2\",\"icon-size\":\"65\",\"icon-padding\":\"3\",\"icon-id\":\"EJSA-Blackfill-bewerbung\",\"icon-background-color\":\"color(34)\"},\"activeselector\":false,\"ct_depth\":7,\"nicename\":\"Icon (#72)\"}'][\/ct_fancy_icon][\/ct_div_block_6][ct_div_block_6 ct_sign_sha256='7850b5f63a36b5c686e3f897a5e9c7c13af8fb484b5c33711ee20a39faa40062' ct_options='{\"ct_id\":277,\"ct_parent\":270,\"selector\":\"div_block-277-284\",\"original\":{\"width\":\"100\",\"width-unit\":\"%\",\"margin-right\":\"1\",\"margin-right-unit\":\"%\",\"align-items\":\"center\",\"text-align\":\"center\"},\"ct_depth\":6,\"nicename\":\"Div (#52)\"}'][oxy_rich_text ct_sign_sha256='c765a8e81e3f324a8f674ea0bec2ae29d151c3da760d04092defad3864c0fcbf' ct_options='{\"ct_id\":278,\"ct_parent\":277,\"selector\":\"_rich_text-278-284\",\"original\":{\"font-size\":\"18\",\"font-family\":\"Poppins\",\"text-align\":\"center\",\"font-weight\":\"500\",\"margin-bottom\":\"8\",\"padding-top\":\"10\",\"color\":\"color(20)\"},\"activeselector\":false,\"ct_depth\":7,\"nicename\":\"Rich Text (#53)\"}']Bewerbung<br><br>[\/oxy_rich_text][\/ct_div_block_6][ct_div_block_6 ct_sign_sha256='c2d01344ed40e9f0606282217778826fd4e37921fa932bfd417a00db1677df5b' ct_options='{\"ct_id\":279,\"ct_parent\":270,\"selector\":\"div_block-279-284\",\"original\":{\"width\":\"100\",\"width-unit\":\"%\",\"align-items\":\"center\",\"text-align\":\"center\"},\"ct_depth\":6,\"nicename\":\"Div (#54)\"}'][oxy_rich_text ct_sign_sha256='bd4010715e735243c185090e990fbd4c529ac9136c6766b90ce361b8f9ffce9e' ct_options='{\"ct_id\":280,\"ct_parent\":279,\"selector\":\"_rich_text-280-284\",\"original\":{\"font-size\":\"15\",\"text-align\":\"center\",\"font-family\":{\"0\":\"global\",\"1\":\"Display\"},\"padding-top\":\"0\",\"padding-left\":\"9\",\"padding-right\":\"9\",\"padding-bottom\":\"9\",\"color\":\"color(32)\"},\"activeselector\":false,\"ct_depth\":7,\"nicename\":\"Rich Text (#55)\"}']<p>Wir erstellen gemeinsam eine aussagekr\u00e4ftige Bewerbung, checken Deine Unterlagen und \u00fcben Bewerbungsgespr\u00e4che<\/p>[\/oxy_rich_text][\/ct_div_block_6][\/ct_div_block_5][\/ct_link_4][\/ct_div_block_3][ct_div_block_3 ct_sign_sha256='9fa990415a0adbba58d52798656ae2fd61b1a5e3f07936bb33bb57a49eea8bd8' ct_options='{\"ct_id\":254,\"ct_parent\":251,\"selector\":\"div_block-254-284\",\"original\":{\"width\":\"25.00\",\"width-unit\":\"%\"},\"nicename\":\"Div (#254)\",\"activeselector\":false,\"ct_depth\":3}'][ct_link_4 ct_sign_sha256='6f58a7d8bf823baf70452ce0459f632aa088fb1529d44ab6180e80df159bf3f9' ct_options='{\"ct_id\":549,\"ct_parent\":254,\"selector\":\"div_block-549-284\",\"original\":{\"width\":\"90\",\"width-unit\":\"%\",\"url\":\"https:\/\/matrix.ejsa-rot.desite\/ausbildung-job\/ausbildungs-und-jobsuche\/\",\"target\":\"\",\"url_encoded\":\"true\"},\"nicename\":\"Div (#186)\",\"activeselector\":false,\"ct_depth\":4}'][ct_div_block_5 ct_sign_sha256='d76a67b0c2759ae63f294238035cf280ae34857ef2bc4279a28962958a6af127' ct_options='{\"ct_id\":550,\"ct_parent\":549,\"selector\":\"div_block-550-284\",\"original\":{\"width-unit\":\"%\",\"justify-content\":\"space-between\",\"min-height-unit\":\"%\",\"min-height\":\"\",\"background-color\":\"#ffffff\",\"margin-right-unit\":\"%\",\"width\":\"100\",\"height-unit\":\"%\"},\"nicename\":\"Col1\",\"ct_depth\":5}'][ct_div_block_6 ct_sign_sha256='facb5da95a41fcc6a1aef21a1e6b563652b135aa1d3d2947a0bbfa18a3194446' ct_options='{\"ct_id\":574,\"ct_parent\":550,\"selector\":\"div_block-574-284\",\"original\":{\"width\":\"100\",\"width-unit\":\"%\"},\"ct_depth\":6,\"nicename\":\"Div (#574)\",\"activeselector\":\"div_block-564-284\",\"media\":{\"tablet\":{\"original\":{\"text-align\":\"center\",\"align-items\":\"flex-start\",\"display\":\"grid\"}}},\"classes\":{\"0\":\"div_block-564-284\"}}'][ct_image ct_sign_sha256='99f2b7fb3793f00d08bdacca881472aceb466fa04afeeb6a4952ad300816f9ec' ct_options='{\"ct_id\":552,\"ct_parent\":574,\"selector\":\"image-552-284\",\"original\":{\"attachment_id\":161,\"attachment_height\":300,\"attachment_width\":300,\"attachment_url\":\"https:\/\/matrix.ejsa-rot.desite\/wp-content\/uploads\/2021\/04\/hand-outline-gesture-3_113964-300x300.png\",\"src\":\"https:\/\/matrix.ejsa-rot.desite\/wp-content\/uploads\/2022\/07\/Eb2_AusbildungsJobsuche_istock_1239712538.png\",\"width-unit\":\"%\",\"width\":\"100\"},\"ct_depth\":7,\"nicename\":\"Image (#552)\",\"media\":{\"phone-portrait\":{\"original\":{\"margin-right\":\"15\",\"width-unit\":\"%\",\"object-fit\":\"contain\"}}}}'][\/ct_image][\/ct_div_block_6][ct_div_block_6 ct_sign_sha256='288f51bd45baefafe90f54fda19291e99d055d9ee5b51216a22975a23e1c660d' ct_options='{\"ct_id\":553,\"ct_parent\":550,\"selector\":\"div_block-553-284\",\"original\":{\"width\":\"100\",\"width-unit\":\"%\",\"align-items\":\"center\",\"text-align\":\"center\"},\"ct_depth\":6,\"nicename\":\"Div (#36)\"}'][ct_fancy_icon ct_sign_sha256='8aa75abd1e7a7e72ffb61e27dca6dbd65dd207278ddce87ea3e0836d647b52f8' ct_options='{\"ct_id\":554,\"ct_parent\":553,\"selector\":\"fancy_icon-554-284\",\"original\":{\"margin-top\":\"-40\",\"icon-style\":\"2\",\"icon-size\":\"65\",\"icon-padding\":\"3\",\"icon-id\":\"EJSA-Blackfill-ausbildungs_jobsuche\",\"z-index\":\"999\",\"visibility\":\"visible\",\"icon-background-color\":\"color(34)\"},\"ct_depth\":7,\"nicename\":\"Icon (#72)\"}'][\/ct_fancy_icon][\/ct_div_block_6][ct_div_block_6 ct_sign_sha256='2c5538698ae141462bc4e6f6ac55267d79f8dc659faa34933910d8f3c847ae7d' ct_options='{\"ct_id\":557,\"ct_parent\":550,\"selector\":\"div_block-557-284\",\"original\":{\"width\":\"100\",\"width-unit\":\"%\",\"margin-right\":\"1\",\"margin-right-unit\":\"%\",\"align-items\":\"center\",\"text-align\":\"center\"},\"ct_depth\":6,\"nicename\":\"Div (#52)\"}'][oxy_rich_text ct_sign_sha256='222066dea1b86401dadf2bf121a916462ae08f4c8d52885af38d490c2f7ab69a' ct_options='{\"ct_id\":558,\"ct_parent\":557,\"selector\":\"_rich_text-558-284\",\"original\":{\"font-size\":\"18\",\"font-family\":\"Poppins\",\"text-align\":\"center\",\"font-weight\":\"500\",\"margin-bottom\":\"8\",\"padding-top\":\"10\",\"color\":\"color(20)\"},\"ct_depth\":7,\"nicename\":\"Rich Text (#53)\"}']<p>Ausbildungs- und Jobsuche<\/p>[\/oxy_rich_text][\/ct_div_block_6][ct_div_block_6 ct_sign_sha256='243ddd57de0622e2a769292240fe8b1c352952a95d049a30a0f73c3d3eeb3af4' ct_options='{\"ct_id\":559,\"ct_parent\":550,\"selector\":\"div_block-559-284\",\"original\":{\"width\":\"100\",\"width-unit\":\"%\",\"align-items\":\"center\",\"text-align\":\"center\"},\"ct_depth\":6,\"nicename\":\"Div (#54)\"}'][oxy_rich_text ct_sign_sha256='aa2c83dffc7acae23e0d24788c6aa773f1d7d4604e479902696eb081af85df42' ct_options='{\"ct_id\":560,\"ct_parent\":559,\"selector\":\"_rich_text-560-284\",\"original\":{\"font-size\":\"15\",\"text-align\":\"center\",\"font-family\":{\"0\":\"global\",\"1\":\"Display\"},\"padding-top\":\"0\",\"padding-left\":\"9\",\"padding-right\":\"9\",\"padding-bottom\":\"9\",\"color\":\"color(32)\"},\"ct_depth\":7,\"nicename\":\"Rich Text (#55)\"}']<p>Wir unterst\u00fctzen Dich individuell bei der Suche nach passenden Ausbildungs- oder Arbeitsstellen in der Region<\/p>[\/oxy_rich_text][\/ct_div_block_6][\/ct_div_block_5][\/ct_link_4][\/ct_div_block_3][ct_div_block_3 ct_sign_sha256='b6f997ad7ddd2fdeebd02d5b133adc41d8186bef001745fa1c0bb608cd7bc5bb' ct_options='{\"ct_id\":255,\"ct_parent\":251,\"selector\":\"div_block-255-284\",\"original\":{\"width\":\"25.00\",\"width-unit\":\"%\",\"conditionspreview\":\"2\",\"globalConditionsResult\":true},\"nicename\":\"Div (#255)\",\"activeselector\":false,\"ct_depth\":3}'][ct_link_4 ct_sign_sha256='762ecc7fbfac36b11c69cdd506fef96c9600e405cd1e5f5a65db1377f5f7942b' ct_options='{\"ct_id\":562,\"ct_parent\":255,\"selector\":\"div_block-562-284\",\"original\":{\"width\":\"90\",\"width-unit\":\"%\",\"url\":\"https:\/\/matrix.ejsa-rot.desite\/ausbildung-job\/ausbildungsbegleitung\/\",\"target\":\"\",\"url_encoded\":\"true\"},\"nicename\":\"Div (#186)\",\"activeselector\":false,\"ct_depth\":4}'][ct_div_block_5 ct_sign_sha256='1661090dcf15bd31c35d0e1c78a31631f29a12d38a3d3d7bbea5bd906772381c' ct_options='{\"ct_id\":563,\"ct_parent\":562,\"selector\":\"div_block-563-284\",\"original\":{\"width-unit\":\"%\",\"justify-content\":\"space-between\",\"min-height-unit\":\"%\",\"min-height\":\"\",\"background-color\":\"#ffffff\",\"margin-right-unit\":\"%\",\"width\":\"100\",\"height-unit\":\"%\"},\"nicename\":\"Col1\",\"ct_depth\":5}'][ct_div_block_6 ct_sign_sha256='6643019d8fb4ccf034735394bd7b3aa479dd7804254a25293da3f3883c2aecbb' ct_options='{\"ct_id\":564,\"ct_parent\":563,\"selector\":\"div_block-564-284\",\"original\":{\"width\":\"100\",\"width-unit\":\"%\"},\"ct_depth\":6,\"nicename\":\"Div (#21)\"}'][ct_image ct_sign_sha256='00220d27f63140317643ff42ca31c546ac7b65f65b4542ea79b6229e81796edb' ct_options='{\"ct_id\":565,\"ct_parent\":564,\"selector\":\"image-565-284\",\"original\":{\"attachment_id\":161,\"attachment_height\":300,\"attachment_width\":300,\"attachment_url\":\"https:\/\/matrix.ejsa-rot.desite\/wp-content\/uploads\/2021\/04\/hand-outline-gesture-3_113964-300x300.png\",\"src\":\"https:\/\/matrix.ejsa-rot.desite\/wp-content\/uploads\/2022\/07\/NEU_Eb2_Ausbildungsbegleitung_ejsa.jpg\",\"width-unit\":\"%\",\"width\":\"100\"},\"ct_depth\":7,\"nicename\":\"Image (#71)\",\"media\":{\"phone-portrait\":{\"original\":{\"min-width-unit\":\"%\",\"min-width\":\"100\",\"object-fit\":\"contain\"}}}}'][\/ct_image][\/ct_div_block_6][ct_div_block_6 ct_sign_sha256='86abab88f69d90b10fe1eaea8cfcb05ef774ba293d3d7ad42c5f86d850ea4c97' ct_options='{\"ct_id\":566,\"ct_parent\":563,\"selector\":\"div_block-566-284\",\"original\":{\"width\":\"100\",\"width-unit\":\"%\",\"align-items\":\"center\",\"text-align\":\"center\"},\"ct_depth\":6,\"nicename\":\"Div (#36)\"}'][ct_fancy_icon ct_sign_sha256='fa6322a577c24bdbbe91944ac2782daad478a1d14f8001a23d123577161fcb37' ct_options='{\"ct_id\":567,\"ct_parent\":566,\"selector\":\"fancy_icon-567-284\",\"original\":{\"margin-top\":\"-40\",\"icon-color\":\"color(34)\",\"icon-style\":\"2\",\"icon-size\":\"68\",\"icon-id\":\"EJSA-Blackfill-ausbildungsbegleitung\",\"icon-background-color\":\"color(34)\",\"icon-padding\":\"0\"},\"ct_depth\":7,\"nicename\":\"Icon (#72)\"}'][\/ct_fancy_icon][\/ct_div_block_6][ct_div_block_6 ct_sign_sha256='368b23ee137ed05d6d15b679e0eb9c2ae631e914ef486a98530c85245d31acf5' ct_options='{\"ct_id\":570,\"ct_parent\":563,\"selector\":\"div_block-570-284\",\"original\":{\"width\":\"100\",\"width-unit\":\"%\",\"margin-right\":\"1\",\"margin-right-unit\":\"%\",\"align-items\":\"center\",\"text-align\":\"center\"},\"ct_depth\":6,\"nicename\":\"Div (#52)\"}'][oxy_rich_text ct_sign_sha256='e12cb6ea84e70ae2fb142173f79123075cc61b1ac0cf7a46184081d8e80f9df2' ct_options='{\"ct_id\":571,\"ct_parent\":570,\"selector\":\"_rich_text-571-284\",\"original\":{\"font-size\":\"18\",\"font-family\":\"Poppins\",\"text-align\":\"center\",\"font-weight\":\"500\",\"margin-bottom\":\"8\",\"padding-top\":\"10\",\"color\":\"color(20)\"},\"ct_depth\":7,\"nicename\":\"Rich Text (#53)\"}']<p>Ausbildungs- <br \/>begleitung<\/p>[\/oxy_rich_text][\/ct_div_block_6][ct_div_block_6 ct_sign_sha256='44abcf2566c3023af065ba20359f50add1652a42fd35c506830604a433944eae' ct_options='{\"ct_id\":572,\"ct_parent\":563,\"selector\":\"div_block-572-284\",\"original\":{\"width\":\"100\",\"width-unit\":\"%\",\"align-items\":\"center\",\"text-align\":\"center\"},\"ct_depth\":6,\"nicename\":\"Div (#54)\"}'][oxy_rich_text ct_sign_sha256='9fcecd30827283fed69a941545c0088604594a3599d6035c3df86e8adb108e2c' ct_options='{\"ct_id\":573,\"ct_parent\":572,\"selector\":\"_rich_text-573-284\",\"original\":{\"font-size\":\"15\",\"text-align\":\"center\",\"font-family\":{\"0\":\"global\",\"1\":\"Display\"},\"padding-top\":\"0\",\"padding-left\":\"9\",\"padding-right\":\"9\",\"padding-bottom\":\"9\",\"color\":\"color(32)\"},\"ct_depth\":7,\"nicename\":\"Rich Text (#55)\"}']<p>Wir begleiten Dich bei Deiner Ausbildung und bew\u00e4ltigen zusammen Herausforderungen und m\u00f6gliche Konfliktfelder in Deinem Arbeits- und Berufsschulalltag<\/p>[\/oxy_rich_text][\/ct_div_block_6][\/ct_div_block_5][\/ct_link_4][\/ct_div_block_3][\/ct_new_columns_3][\/ct_section_2][\/ct_div_block]","ct_template_type":"","ct_parent_template":0,"footnotes":""},"class_list":["post-284","page","type-page","status-publish","hentry"],"_links":{"self":[{"href":"https:\/\/matrix.ejsa-rot.de\/site\/wp-json\/wp\/v2\/pages\/284","targetHints":{"allow":["GET"]}}],"collection":[{"href":"https:\/\/matrix.ejsa-rot.de\/site\/wp-json\/wp\/v2\/pages"}],"about":[{"href":"https:\/\/matrix.ejsa-rot.de\/site\/wp-json\/wp\/v2\/types\/page"}],"author":[{"embeddable":true,"href":"https:\/\/matrix.ejsa-rot.de\/site\/wp-json\/wp\/v2\/users\/3"}],"replies":[{"embeddable":true,"href":"https:\/\/matrix.ejsa-rot.de\/site\/wp-json\/wp\/v2\/comments?post=284"}],"version-history":[{"count":4,"href":"https:\/\/matrix.ejsa-rot.de\/site\/wp-json\/wp\/v2\/pages\/284\/revisions"}],"predecessor-version":[{"id":532,"href":"https:\/\/matrix.ejsa-rot.de\/site\/wp-json\/wp\/v2\/pages\/284\/revisions\/532"}],"wp:attachment":[{"href":"https:\/\/matrix.ejsa-rot.de\/site\/wp-json\/wp\/v2\/media?parent=284"}],"curies":[{"name":"wp","href":"https:\/\/api.w.org\/{rel}","templated":true}]}}