{"id":359,"date":"2021-10-12T23:48:29","date_gmt":"2021-10-12T21:48:29","guid":{"rendered":"https:\/\/matrix.ejsa-rot.desite\/?page_id=359"},"modified":"2022-03-31T15:05:30","modified_gmt":"2022-03-31T13:05:30","slug":"foerderer","status":"publish","type":"page","link":"https:\/\/matrix.ejsa-rot.de\/site\/main\/foerderer\/","title":{"rendered":"F\u00f6rderer"},"content":{"rendered":"","protected":false},"excerpt":{"rendered":"","protected":false},"author":3,"featured_media":0,"parent":75,"menu_order":6,"comment_status":"closed","ping_status":"closed","template":"","meta":{"ct_builder_shortcodes":"[ct_div_block ct_sign_sha256='338ae5809d213cbb39912b5aa2a39daf1b4ec0f17167f61cfae4e85e21a6ff16' ct_options='{\"ct_id\":3,\"ct_parent\":0,\"selector\":\"div_block-3-359\",\"original\":{\"conditionspreview\":\"2\",\"globalConditionsResult\":true,\"background-size\":\"auto\",\"background-repeat\":\"repeat-x\",\"alt\":\"R29vZGluZyBMb2dv\"},\"nicename\":\"4_mit_Icons\",\"activeselector\":false,\"ct_depth\":1}'][ct_section_2 ct_sign_sha256='49001dc8cdcdff1402638de5a1a9e4acc3bdd0f6727f2b7ed2d7560d613bd0cb' ct_options='{\"ct_id\":4,\"ct_parent\":3,\"selector\":\"section-4-359\",\"ct_category\":\"Content\",\"nicename\":\"Level2\",\"ct_depth\":2,\"original\":{\"gradient\":{\"colors\":{\"0\":{\"position-unit\":\"px\",\"value\":\"\"},\"1\":{\"position-unit\":\"px\",\"value\":\"\"}}},\"container-padding-top-unit\":\"px\",\"container-padding-top\":\"60\",\"container-padding-bottom-unit\":\"px\",\"container-padding-bottom\":\"0\"}}'][ct_div_block_3 ct_sign_sha256='1d719c022bb3758d3fd24baaf195141cd01871b1e1c62c7ce03e1e50f765537d' ct_options='{\"ct_id\":6,\"ct_parent\":4,\"selector\":\"div_block-6-359\",\"original\":{\"width\":\"100.00\",\"width-unit\":\"%\"},\"nicename\":\"Div (#6)\",\"ct_depth\":3}'][ct_div_block_4 ct_sign_sha256='a93274ab53738e891cbe3879855400d43aa4088208e8a2c0ae61797cbefee85d' ct_options='{\"ct_id\":7,\"ct_parent\":6,\"selector\":\"div_block-7-359\",\"original\":{\"width-unit\":\"%\",\"justify-content\":\"space-between\",\"min-height-unit\":\"%\",\"min-height\":\"\",\"margin-right-unit\":\"%\",\"width\":\"100\",\"height-unit\":\"%\"},\"ct_depth\":4,\"nicename\":\"Col1\"}'][ct_div_block_5 ct_sign_sha256='dfb61da9acc29c6dd503b1e525b28381be80233c377ab229846f2881fb48ab05' ct_options='{\"ct_id\":8,\"ct_parent\":7,\"selector\":\"div_block-8-359\",\"original\":{\"width\":\"100\",\"width-unit\":\"%\",\"align-items\":\"flex-start\",\"text-align\":\"left\",\"margin-right\":\"1\",\"margin-right-unit\":\"%\"},\"ct_depth\":5,\"nicename\":\"Div (#52)\"}'][oxy_rich_text ct_sign_sha256='ff01cd6c290ccbfb2a0e152c7f55532ccbbb050045966b2bf1d91af28499bcba' ct_options='{\"ct_id\":9,\"ct_parent\":8,\"selector\":\"_rich_text-9-359\",\"original\":{\"text-align\":\"center\",\"font-family\":{\"0\":\"global\",\"1\":\"Display\"},\"padding-top\":\"18\",\"font-weight\":\"500\",\"font-size\":\"18\",\"margin-bottom\":\"0\",\"color\":\"color(33)\"},\"ct_depth\":6,\"nicename\":\"Rich Text (#53)\"}']<p><em>\u00a0 Ein herzlicher Dank geht an unsere F\u00f6rderer !<\/em><\/p>[\/oxy_rich_text][oxy_rich_text ct_sign_sha256='052a6cc9c0fcde3e20d60616ababd6dc656e510502f02a678609d7f5821a565f' ct_options='{\"ct_id\":10,\"ct_parent\":8,\"selector\":\"_rich_text-10-359\",\"original\":{\"text-align\":\"center\",\"font-family\":\"Lobster\",\"font-weight\":\"500\",\"font-size\":\"38\",\"padding-top\":\"0\",\"margin-bottom\":\"0\"},\"ct_depth\":6,\"nicename\":\"Rich Text (#53)\",\"activeselector\":false}']<p>\u00a0Wir werden gef\u00f6rdert von\u00a0<\/p>[\/oxy_rich_text][\/ct_div_block_5][ct_div_block_5 ct_sign_sha256='a03945ae864a5593e601f20395dc2109c1cbca84e26fcf0cd46440cdf4b5d00a' ct_options='{\"ct_id\":11,\"ct_parent\":7,\"selector\":\"div_block-11-359\",\"original\":{\"width\":\"100\",\"width-unit\":\"%\",\"align-items\":\"flex-start\",\"text-align\":\"left\"},\"ct_depth\":5,\"nicename\":\"Div (#54)\"}'][oxy_rich_text ct_sign_sha256='cd2ee390eccb4ea70af8deaeb648e6385d4fbabe7b747880b59e04548cd5063e' ct_options='{\"ct_id\":12,\"ct_parent\":11,\"selector\":\"_rich_text-12-359\",\"original\":{\"font-size\":\"15\",\"text-align\":\"center\",\"font-family\":{\"0\":\"global\",\"1\":\"Display\"},\"padding-top\":\"0\",\"padding-left\":\"9\",\"padding-right\":\"9\",\"padding-bottom\":\"9\"},\"ct_depth\":6,\"nicename\":\"Rich Text (#55)\"}']<p style=\"text-align: left;\">Die EJSA Rothenburg gGmbH wird durch die Evangelische Jugendsozialarbeit Bayern e.V. gef\u00f6rdert, aus Mitteln der Evangelisch-Lutherischen Landeskirche Bayern.<\/p>[\/oxy_rich_text][ct_image ct_sign_sha256='25ab90437af3167fd9cacffc36aa092ee5c6fa6a8b862233d6342329de76e5be' ct_options='{\"ct_id\":32,\"ct_parent\":11,\"selector\":\"image-32-359\",\"original\":{\"image_type\":\"2\",\"attachment_size\":\"full\",\"attachment_id\":1161,\"attachment_height\":1148,\"attachment_width\":3725,\"attachment_url\":\"https:\/\/matrix.ejsa-rot.desite\/wp-content\/uploads\/2023\/04\/ejsa_Bayern_Logo_rgb_transparent.png\",\"margin-left\":\"7\",\"width\":\"300\"},\"nicename\":\"Image (#32)\",\"activeselector\":false,\"ct_depth\":6}'][\/ct_image][\/ct_div_block_5][ct_div_block_5 ct_sign_sha256='c8d51e0554238ec2df61a090b51b9b6038318b5602fc224c49e586131955c1f8' ct_options='{\"ct_id\":13,\"ct_parent\":7,\"selector\":\"div_block-13-359\",\"original\":{\"width\":\"100\",\"width-unit\":\"%\",\"align-items\":\"flex-start\",\"flex-direction\":\"column\",\"display\":\"flex\",\"text-align\":\"left\",\"padding-top\":\"23\"},\"ct_depth\":5,\"nicename\":\"Div (#13)\"}'][oxy_rich_text ct_sign_sha256='b3a628b3e3aae5e99adc71f3aeea89872ae45f530f2e68391d813b4c6777d60d' ct_options='{\"ct_id\":14,\"ct_parent\":13,\"selector\":\"_rich_text-14-359\",\"original\":{\"font-size\":\"20\",\"text-align\":\"center\",\"font-family\":{\"0\":\"global\",\"1\":\"Display\"},\"padding-top\":\"10\",\"font-weight\":\"500\",\"margin-bottom\":\"8\"},\"ct_depth\":6,\"nicename\":\"Rich Text (#53)\"}']<p><strong>\u00a0 Einzelne Projekte:<\/strong><\/p>[\/oxy_rich_text][oxy_rich_text ct_sign_sha256='87d6aa2e1003a370e01edd3d6823076b6ddc8195b2928dc6f18e6a2d01814e47' ct_options='{\"ct_id\":15,\"ct_parent\":13,\"selector\":\"_rich_text-15-359\",\"original\":{\"font-size\":\"15\",\"text-align\":\"center\",\"font-family\":{\"0\":\"global\",\"1\":\"Display\"},\"padding-top\":\"0\",\"padding-left\":\"9\",\"padding-right\":\"9\",\"padding-bottom\":\"9\"},\"ct_depth\":6,\"nicename\":\"Rich Text (#55)\"}']<p style=\"text-align: left;\">Das <strong>Projekt \u201eRespekt Coaches\u201c<\/strong> und der <strong>Jugendmigrationsdienst<\/strong> sind bundesweite Programme des Kinder- und Jugendplans der Bundesregierung, gef\u00f6rdert vom Bundesministerium f\u00fcr Familie, Senioren, Frauen und Jugend (BMFSFJ).<strong>\u00a0\u00a0\u00a0\u00a0\u00a0\u00a0\u00a0 <\/strong><\/p>[\/oxy_rich_text][ct_div_block_6 ct_sign_sha256='37b95784d816f77137e1eef05da5683b59c34ae81fe6097a2038e7c7b07f736c' ct_options='{\"ct_id\":33,\"ct_parent\":13,\"selector\":\"div_block-33-359\",\"original\":{\"image_type\":\"2\",\"attachment_size\":\"full\",\"text-align\":\"left\",\"flex-direction\":\"row\",\"display\":\"flex\"},\"nicename\":\"Div (#33)\",\"activeselector\":false,\"ct_depth\":6}'][ct_new_columns_7 ct_sign_sha256='5cad1d8e09b902cdb7c00632a218a946f1f45a80794bba1cdc4a88546808a72a' ct_options='{\"ct_id\":66,\"ct_parent\":33,\"selector\":\"new_columns-66-359\",\"original\":{\"image_type\":\"2\",\"attachment_size\":\"full\"},\"nicename\":\"Columns (#66)\",\"activeselector\":false,\"ct_depth\":7}'][ct_div_block_7 ct_sign_sha256='456c298181d78d1fc9d8ef29135ef6ba8bbdbc2cab23d8d32773ae25c6d16504' ct_options='{\"ct_id\":67,\"ct_parent\":66,\"selector\":\"div_block-67-359\",\"original\":{\"image_type\":\"2\",\"attachment_size\":\"full\",\"width\":\"60\",\"width-unit\":\"%\"},\"nicename\":\"Div (#67)\",\"activeselector\":false,\"ct_depth\":7}'][ct_image ct_sign_sha256='9b4c528e096e7685799b2ace4075df193a12842ed3030df9427556f214fd26b1' ct_options='{\"ct_id\":72,\"ct_parent\":67,\"selector\":\"image-72-359\",\"original\":{\"image_type\":\"2\",\"attachment_size\":\"full\",\"attachment_id\":1111,\"attachment_height\":1417,\"attachment_width\":5102,\"attachment_url\":\"https:\/\/matrix.ejsa-rot.desite\/wp-content\/uploads\/2022\/10\/JMD_RC-logo.png\",\"width\":\"400\"},\"nicename\":\"Image (#72)\",\"activeselector\":false,\"ct_depth\":8}'][\/ct_image][\/ct_div_block_7][ct_div_block_7 ct_sign_sha256='53853be73dfbf8684399679183b1bcdb27dc58802bd77c4efb45fc53f2f8c02c' ct_options='{\"ct_id\":68,\"ct_parent\":66,\"selector\":\"div_block-68-359\",\"original\":{\"image_type\":\"2\",\"attachment_size\":\"full\",\"width\":\"40\",\"width-unit\":\"%\"},\"nicename\":\"Div (#68)\",\"activeselector\":false,\"ct_depth\":7}'][ct_image ct_sign_sha256='26c90519dec324ca0c46935b79b993f1fb60f4cfeac46ad0496bc70e512d514a' ct_options='{\"ct_id\":73,\"ct_parent\":68,\"selector\":\"image-73-359\",\"original\":{\"image_type\":\"2\",\"attachment_size\":\"full\",\"attachment_id\":1107,\"attachment_height\":458,\"attachment_width\":945,\"attachment_url\":\"https:\/\/matrix.ejsa-rot.desite\/wp-content\/uploads\/2022\/10\/BMFSFJ_Foerderlogo.jpg\",\"margin-bottom\":\"0\",\"width\":\"200\"},\"nicename\":\"Image (#73)\",\"activeselector\":false,\"ct_depth\":8}'][\/ct_image][\/ct_div_block_7][\/ct_new_columns_7][\/ct_div_block_6][\/ct_div_block_5][ct_div_block_5 ct_sign_sha256='8ce78a13d454e784dbfca77c519fa4f42f4f40e9c0082d1565302881bbffbdc9' ct_options='{\"ct_id\":16,\"ct_parent\":7,\"selector\":\"div_block-16-359\",\"original\":{\"width\":\"100\",\"width-unit\":\"%\",\"align-items\":\"flex-start\",\"flex-direction\":\"column\",\"display\":\"flex\",\"text-align\":\"left\",\"margin-top\":\"58\"},\"ct_depth\":5,\"nicename\":\"Div (#54)\"}'][oxy_rich_text ct_sign_sha256='1073d68de5e760655815df6ff41c23084541e7ff1b4dbfd3daf79c2b99519478' ct_options='{\"ct_id\":17,\"ct_parent\":16,\"selector\":\"_rich_text-17-359\",\"original\":{\"font-size\":\"15\",\"text-align\":\"center\",\"font-family\":{\"0\":\"global\",\"1\":\"Display\"},\"padding-top\":\"0\",\"padding-left\":\"9\",\"padding-right\":\"9\",\"padding-bottom\":\"9\",\"margin-top\":\"0\"},\"ct_depth\":6,\"nicename\":\"Rich Text (#55)\"}']<p style=\"text-align: left;\">Das <strong>Projekt JMD4you<\/strong> ist Teil von JMD Digital und wird gef\u00f6rdert vom europ\u00e4ischen Asyl-, Migrations- und Integrationsfonds (AMIF) und vom Bundesministerium f\u00fcr Familie, Senioren, Frauen und Jugend (BMFSFJ).<\/p>[\/oxy_rich_text][ct_div_block_6 ct_sign_sha256='546de709933e590f0a9a2b52bf2acf15e2e00d0df3506e916caec6a4388e6c8d' ct_options='{\"ct_id\":74,\"ct_parent\":16,\"selector\":\"div_block-74-359\",\"original\":{\"image_type\":\"2\",\"attachment_size\":\"full\"},\"nicename\":\"Div (#74)\",\"activeselector\":false,\"ct_depth\":6}'][ct_image ct_sign_sha256='a6dbb904834df428a9edd079280e9f3732be58c78012e76064975bf53fb39e6c' ct_options='{\"ct_id\":37,\"ct_parent\":74,\"selector\":\"image-37-359\",\"original\":{\"image_type\":\"2\",\"attachment_size\":\"full\",\"attachment_id\":1113,\"attachment_height\":207,\"attachment_width\":837,\"attachment_url\":\"https:\/\/matrix.ejsa-rot.desite\/wp-content\/uploads\/2022\/10\/Leiste-Foerderer.png\",\"margin-left\":\"11\",\"width\":\"600\"},\"nicename\":\"Image (#37)\",\"activeselector\":false,\"media\":{\"tablet\":{\"original\":{\"width-unit\":\"%\",\"width\":\"95\"}}},\"ct_depth\":7}'][\/ct_image][\/ct_div_block_6][\/ct_div_block_5][ct_div_block_5 ct_sign_sha256='dfdd329ff87645117c080d89493264b9c2a8e91e09251960608b873209281dfa' ct_options='{\"ct_id\":38,\"ct_parent\":7,\"selector\":\"div_block-38-359\",\"original\":{\"width\":\"100\",\"width-unit\":\"%\",\"align-items\":\"flex-start\",\"flex-direction\":\"column\",\"display\":\"flex\",\"text-align\":\"left\",\"margin-top\":\"58\"},\"ct_depth\":5,\"nicename\":\"Div (#38)\",\"activeselector\":\"\"}'][oxy_rich_text ct_sign_sha256='e438d9a24a75afa9ebfcf8056c49e94000afb6916620e541e604b51381fbec95' ct_options='{\"ct_id\":39,\"ct_parent\":38,\"selector\":\"_rich_text-39-359\",\"original\":{\"font-size\":\"15\",\"text-align\":\"center\",\"font-family\":{\"0\":\"global\",\"1\":\"Display\"},\"padding-top\":\"0\",\"padding-left\":\"9\",\"padding-right\":\"9\",\"padding-bottom\":\"9\",\"margin-top\":\"0\"},\"ct_depth\":6,\"nicename\":\"Rich Text (#55)\",\"activeselector\":\"\"}']<p style=\"text-align: left;\">Das Projekt <strong>Ausbildungscoaching in der Fl\u00fcchtlings- und Integrationsberatung<\/strong> wird:<\/p>[\/oxy_rich_text][ct_image ct_sign_sha256='b568117e9d8721dbea21d391eb09e26b47917341c835a19b4cf1080637a75f78' ct_options='{\"ct_id\":40,\"ct_parent\":38,\"selector\":\"image-40-359\",\"original\":{\"image_type\":\"2\",\"attachment_size\":\"full\",\"attachment_id\":1098,\"attachment_height\":190,\"attachment_width\":374,\"attachment_url\":\"https:\/\/matrix.ejsa-rot.desite\/wp-content\/uploads\/2022\/10\/FreisBayern.jpg\",\"margin-left\":\"10\",\"width\":\"200\"},\"nicename\":\"Image (#37)\",\"activeselector\":false,\"ct_depth\":6}'][\/ct_image][\/ct_div_block_5][ct_div_block_5 ct_sign_sha256='79ac8f213985b63658da0a48d4e73120effc774eada9eca04528c7060f0d36c3' ct_options='{\"ct_id\":41,\"ct_parent\":7,\"selector\":\"div_block-41-359\",\"original\":{\"width\":\"100\",\"width-unit\":\"%\",\"align-items\":\"flex-start\",\"flex-direction\":\"column\",\"display\":\"flex\",\"text-align\":\"left\",\"margin-top\":\"58\"},\"ct_depth\":5,\"nicename\":\"Div (#41)\",\"activeselector\":\"\"}'][oxy_rich_text ct_sign_sha256='b3edd1e40b5d989a05822ded2428c5c8387ef62ce765779186a8193559cf1d83' ct_options='{\"ct_id\":42,\"ct_parent\":41,\"selector\":\"_rich_text-42-359\",\"original\":{\"font-size\":\"15\",\"text-align\":\"center\",\"font-family\":{\"0\":\"global\",\"1\":\"Display\"},\"padding-top\":\"0\",\"padding-left\":\"9\",\"padding-right\":\"9\",\"padding-bottom\":\"9\",\"margin-top\":\"0\"},\"ct_depth\":6,\"nicename\":\"Rich Text (#55)\",\"activeselector\":\"\"}']<p style=\"text-align: left;\">Das <strong>Sprach- und Kulturmittlerprojekt GECKO<\/strong>:<\/p>\n<p style=\"text-align: left;\">Dieses Projekt wird aus Mitteln des Asyl-, Migrations- und Integrationsfonds kofinanziert.<\/p>[\/oxy_rich_text][ct_new_columns_6 ct_sign_sha256='d930f9a594a4e1bea7db93bf7b2a6e02205dd9d0031151d81fced54b255b6bb4' ct_options='{\"ct_id\":51,\"ct_parent\":41,\"selector\":\"new_columns-51-359\",\"original\":{\"image_type\":\"2\",\"attachment_size\":\"full\"},\"nicename\":\"Columns (#51)\",\"activeselector\":false,\"ct_depth\":6}'][ct_div_block_6 ct_sign_sha256='877ae33546457d78dedefa05f05fcecbd69796b60f6e2bef151feb278760ad03' ct_options='{\"ct_id\":52,\"ct_parent\":51,\"selector\":\"div_block-52-359\",\"original\":{\"image_type\":\"2\",\"attachment_size\":\"full\",\"width\":\"33.33\",\"width-unit\":\"%\"},\"nicename\":\"Div (#52)\",\"activeselector\":false,\"ct_depth\":6}'][ct_image ct_sign_sha256='3a8338466e0ae5ca54281b8ad6eb30f5c87ede47e1b1adbd2ba631a2176ab17d' ct_options='{\"ct_id\":56,\"ct_parent\":52,\"selector\":\"image-56-359\",\"original\":{\"image_type\":\"2\",\"attachment_size\":\"full\",\"attachment_id\":1241,\"attachment_height\":1002,\"attachment_width\":2432,\"attachment_url\":\"https:\/\/matrix.ejsa-rot.desite\/wp-content\/uploads\/2023\/10\/Diakonie_Logo_Gecko_Plus_final.png\",\"width\":\"250\"},\"nicename\":\"Image (#56)\",\"activeselector\":false,\"ct_depth\":7}'][\/ct_image][\/ct_div_block_6][ct_div_block_6 ct_sign_sha256='9629e17021e46ad5594e3008370b2728ae683cc9c0478e113f960557b4ac1c9d' ct_options='{\"ct_id\":53,\"ct_parent\":51,\"selector\":\"div_block-53-359\",\"original\":{\"image_type\":\"2\",\"attachment_size\":\"full\",\"width\":\"33.33\",\"width-unit\":\"%\"},\"nicename\":\"Div (#53)\",\"activeselector\":false,\"ct_depth\":6}'][ct_image ct_sign_sha256='a67a87c1b45b0b096f4f481e57b65dea5909192b1e2a1e95ce05350ec0112c6f' ct_options='{\"ct_id\":58,\"ct_parent\":53,\"selector\":\"image-58-359\",\"original\":{\"image_type\":\"2\",\"attachment_size\":\"full\",\"attachment_id\":1240,\"attachment_height\":891,\"attachment_width\":4247,\"attachment_url\":\"https:\/\/matrix.ejsa-rot.desite\/wp-content\/uploads\/2023\/10\/DE_Kofinanziert_von_der_Europaeischen_Union_POS.png\",\"width\":\"300\"},\"nicename\":\"Image (#58)\",\"activeselector\":false,\"ct_depth\":7}'][\/ct_image][\/ct_div_block_6][ct_div_block_6 ct_sign_sha256='5164c42a4f55fa17ff0decba604d657a0ccd7555fa7c76d97a3fbb9486658063' ct_options='{\"ct_id\":54,\"ct_parent\":51,\"selector\":\"div_block-54-359\",\"original\":{\"image_type\":\"2\",\"attachment_size\":\"full\",\"width\":\"33.34\",\"width-unit\":\"%\"},\"nicename\":\"Div (#54)\",\"activeselector\":false,\"ct_depth\":6}'][ct_image ct_sign_sha256='94b15e2c2093401583ad027e10379c00e40699c20a4a9b89bbdd1720d9e5a706' ct_options='{\"ct_id\":57,\"ct_parent\":54,\"selector\":\"image-57-359\",\"original\":{\"image_type\":\"2\",\"attachment_size\":\"full\",\"attachment_id\":1242,\"attachment_height\":316,\"attachment_width\":632,\"attachment_url\":\"https:\/\/matrix.ejsa-rot.desite\/wp-content\/uploads\/2023\/10\/logo-elkb.jpg\",\"width\":\"200\"},\"nicename\":\"Image (#57)\",\"activeselector\":false,\"ct_depth\":7}'][\/ct_image][\/ct_div_block_6][\/ct_new_columns_6][\/ct_div_block_5][ct_div_block_5 ct_sign_sha256='d0d2b910a6ea418ad9df3dac94af71ab80ab483b49bc84701cc47fbf26623785' ct_options='{\"ct_id\":44,\"ct_parent\":7,\"selector\":\"div_block-44-359\",\"original\":{\"width\":\"100\",\"width-unit\":\"%\",\"align-items\":\"flex-start\",\"flex-direction\":\"column\",\"display\":\"flex\",\"text-align\":\"left\",\"margin-top\":\"58\"},\"ct_depth\":5,\"nicename\":\"Div (#44)\",\"activeselector\":\"\"}'][oxy_rich_text ct_sign_sha256='abc0750176c4fe852f705d128ac080d9ef1a3644d5f79f3d3de4e838d92daac6' ct_options='{\"ct_id\":45,\"ct_parent\":44,\"selector\":\"_rich_text-45-359\",\"original\":{\"font-size\":\"15\",\"text-align\":\"center\",\"font-family\":{\"0\":\"global\",\"1\":\"Display\"},\"padding-top\":\"0\",\"padding-left\":\"9\",\"padding-right\":\"9\",\"padding-bottom\":\"9\",\"margin-top\":\"0\"},\"ct_depth\":6,\"nicename\":\"Rich Text (#55)\",\"activeselector\":\"\"}']<p style=\"text-align: left;\"><strong>Das Projekt \u201etime2be\u201c wird gef\u00f6rdert <\/strong>durch das Bundesamt f\u00fcr Migration und Fl\u00fcchtlinge (BAMF), im Auftrag des Bundesministeriums f\u00fcr Familie, Senioren, Frauen und Jugend (BMFSFJ), zum Themenschwerpunkt \u201cRollenbildung\/Zugeh\u00f6rigkeit\u201d, sowie durch den Bayerischen Jugendring.<\/p>[\/oxy_rich_text][ct_div_block_6 ct_sign_sha256='5f0fe60fed5d545192bb711324d9d4cf3edef7ea18fdd43d0afdd38812091f44' ct_options='{\"ct_id\":47,\"ct_parent\":44,\"selector\":\"div_block-47-359\",\"original\":{\"image_type\":\"2\",\"attachment_size\":\"full\",\"text-align\":\"left\",\"flex-direction\":\"row\",\"display\":\"flex\"},\"nicename\":\"Div (#47)\",\"activeselector\":false,\"ct_depth\":6}'][ct_image ct_sign_sha256='455fcb99da437b6ded843e4b5f1916bb3f909eed9387ce991fadbf52314076a9' ct_options='{\"ct_id\":48,\"ct_parent\":47,\"selector\":\"image-48-359\",\"original\":{\"image_type\":\"2\",\"attachment_size\":\"full\",\"attachment_id\":1103,\"attachment_height\":832,\"attachment_width\":1216,\"attachment_url\":\"https:\/\/matrix.ejsa-rot.desite\/wp-content\/uploads\/2022\/10\/BAMF_2017_Office_Farbe_depng.png\",\"width\":\"200\"},\"nicename\":\"Image (#48)\",\"activeselector\":false,\"ct_depth\":7}'][\/ct_image][ct_image ct_sign_sha256='6a25fd4f9f2f00088295faca5655e592316338a3085dd274efb55e6739d560b1' ct_options='{\"ct_id\":49,\"ct_parent\":47,\"selector\":\"image-49-359\",\"original\":{\"image_type\":\"2\",\"attachment_size\":\"full\",\"attachment_id\":1119,\"attachment_height\":832,\"attachment_width\":1656,\"attachment_url\":\"https:\/\/matrix.ejsa-rot.desite\/wp-content\/uploads\/2022\/10\/BMFSFJ_2017_Office_Farbe_de.png\",\"width\":\"280\"},\"nicename\":\"Image (#49)\",\"activeselector\":false,\"ct_depth\":7}'][\/ct_image][ct_image ct_sign_sha256='555a4d9aa14c26ad2315b8f4ed70c455b7214b2ea2848812073c35f091d157e6' ct_options='{\"ct_id\":50,\"ct_parent\":47,\"selector\":\"image-50-359\",\"original\":{\"image_type\":\"2\",\"attachment_size\":\"full\",\"attachment_id\":1104,\"attachment_height\":874,\"attachment_width\":1063,\"attachment_url\":\"https:\/\/matrix.ejsa-rot.desite\/wp-content\/uploads\/2022\/10\/BJR_RGB.gif\",\"margin-left\":\"25\",\"margin-top\":\"26\",\"width\":\"100\"},\"nicename\":\"Image (#50)\",\"activeselector\":false,\"ct_depth\":7}'][\/ct_image][\/ct_div_block_6][\/ct_div_block_5][ct_div_block_5 ct_sign_sha256='79cd619e4f3cf7eb973cea1c7735616e49c02c83dcdb337cb1145cc2e361248c' ct_options='{\"ct_id\":18,\"ct_parent\":7,\"selector\":\"div_block-18-359\",\"original\":{\"width\":\"100\",\"width-unit\":\"%\",\"align-items\":\"flex-start\",\"flex-direction\":\"column\",\"display\":\"flex\",\"text-align\":\"left\"},\"ct_depth\":5,\"nicename\":\"Div (#54)\"}'][oxy_rich_text ct_sign_sha256='9ab2ad02650391008a6b23f53b0b559851bd349863c48acaea98c791a27d68a1' ct_options='{\"ct_id\":19,\"ct_parent\":18,\"selector\":\"_rich_text-19-359\",\"original\":{\"font-size\":\"15\",\"text-align\":\"center\",\"font-family\":{\"0\":\"global\",\"1\":\"Display\"},\"padding-top\":\"0\",\"padding-left\":\"9\",\"padding-right\":\"9\",\"padding-bottom\":\"9\",\"margin-top\":\"11\"},\"ct_depth\":6,\"nicename\":\"Rich Text (#55)\"}']<p style=\"text-align: left;\"><strong>Weitere F\u00f6rderer<\/strong><\/p>\n<p style=\"text-align: left;\">- Landkreis Ansbach<\/p>\n<p style=\"text-align: left;\">- Stadt Ansbach<\/p>\n<p style=\"text-align: left;\">- Stadt Rothenburg<\/p>\n<p style=\"text-align: left;\">- Stadt Schillingsf\u00fcrst<\/p>\n<p style=\"text-align: left;\">- Gemeinde W\u00f6rnitz<\/p>\n<p style=\"text-align: left;\">- Weitere Kommunen<\/p>\n<p style=\"text-align: left;\">- \u00fcber 200 Firmen, Vereine und Einzelpersonen mit Spenden<\/p>\n<p>\u00a0<\/p>[\/oxy_rich_text][\/ct_div_block_5][\/ct_div_block_4][\/ct_div_block_3][\/ct_section_2][\/ct_div_block]","ct_template_type":"","ct_parent_template":0,"footnotes":""},"class_list":["post-359","page","type-page","status-publish","hentry"],"_links":{"self":[{"href":"https:\/\/matrix.ejsa-rot.de\/site\/wp-json\/wp\/v2\/pages\/359","targetHints":{"allow":["GET"]}}],"collection":[{"href":"https:\/\/matrix.ejsa-rot.de\/site\/wp-json\/wp\/v2\/pages"}],"about":[{"href":"https:\/\/matrix.ejsa-rot.de\/site\/wp-json\/wp\/v2\/types\/page"}],"author":[{"embeddable":true,"href":"https:\/\/matrix.ejsa-rot.de\/site\/wp-json\/wp\/v2\/users\/3"}],"replies":[{"embeddable":true,"href":"https:\/\/matrix.ejsa-rot.de\/site\/wp-json\/wp\/v2\/comments?post=359"}],"version-history":[{"count":2,"href":"https:\/\/matrix.ejsa-rot.de\/site\/wp-json\/wp\/v2\/pages\/359\/revisions"}],"predecessor-version":[{"id":700,"href":"https:\/\/matrix.ejsa-rot.de\/site\/wp-json\/wp\/v2\/pages\/359\/revisions\/700"}],"up":[{"embeddable":true,"href":"https:\/\/matrix.ejsa-rot.de\/site\/wp-json\/wp\/v2\/pages\/75"}],"wp:attachment":[{"href":"https:\/\/matrix.ejsa-rot.de\/site\/wp-json\/wp\/v2\/media?parent=359"}],"curies":[{"name":"wp","href":"https:\/\/api.w.org\/{rel}","templated":true}]}}