{"id":367,"date":"2021-10-12T23:57:16","date_gmt":"2021-10-12T21:57:16","guid":{"rendered":"https:\/\/matrix.ejsa-rot.desite\/?page_id=367"},"modified":"2022-03-31T15:21:03","modified_gmt":"2022-03-31T13:21:03","slug":"staerkencheck-berufsorientierung","status":"publish","type":"page","link":"https:\/\/matrix.ejsa-rot.de\/site\/ausbildung-job\/staerkencheck-berufsorientierung\/","title":{"rendered":"St\u00e4rkencheck und Berufsorientierung"},"content":{"rendered":"","protected":false},"excerpt":{"rendered":"","protected":false},"author":3,"featured_media":0,"parent":284,"menu_order":1,"comment_status":"closed","ping_status":"closed","template":"","meta":{"ct_builder_shortcodes":"[ct_div_block ct_sign_sha256='35e0e9cd8dd6766e67047cd8b579a0ad0f0819721bf50895fde230348eb4d395' ct_options='{\"ct_id\":2,\"ct_parent\":0,\"selector\":\"div_block-2-367\",\"original\":{\"background-color\":\"#f4f4f4\",\"conditionspreview\":\"2\",\"globalConditionsResult\":true},\"nicename\":\"4_mit_Icons\",\"activeselector\":false,\"ct_depth\":1}'][ct_section_2 ct_sign_sha256='4153e60fb6e2326b8a816a8fa281d21666ed4435f51f1c6e7c6e907db1c5706d' ct_options='{\"ct_id\":3,\"ct_parent\":2,\"selector\":\"section-3-367\",\"ct_category\":\"Content\",\"nicename\":\"Level2\",\"ct_depth\":2,\"original\":{\"gradient\":{\"colors\":{\"0\":{\"position-unit\":\"px\",\"value\":\"\"},\"1\":{\"position-unit\":\"px\",\"value\":\"\"}}},\"background-color\":\"#f4f4f4\",\"container-padding-top-unit\":\"px\",\"container-padding-top\":\"60\",\"container-padding-bottom-unit\":\"px\",\"container-padding-bottom\":\"60\"}}'][ct_new_columns_3 ct_sign_sha256='cb2f0e5da7860f548e84a9e1ef25c6299ab4c1d0a9aea716476d4a0eaed7b6ec' ct_options='{\"ct_id\":4,\"ct_parent\":3,\"selector\":\"new_columns-4-367\",\"original\":{\"margin-bottom\":\"15\",\"gradient\":{\"colors\":{\"0\":{\"position-unit\":\"px\",\"value\":\"\"},\"1\":{\"position-unit\":\"px\",\"value\":\"\"}},\"linear-angle\":\"180\"},\"stack-columns-vertically\":\"tablet\",\"background-size\":\"auto\"},\"nicename\":\"Title\",\"ct_depth\":3}'][ct_div_block_3 ct_sign_sha256='337b7544051e92163cbb1aa12dd6d7f37bbb8331b2547d5e86ade58f72c20654' ct_options='{\"ct_id\":5,\"ct_parent\":4,\"selector\":\"div_block-5-367\",\"original\":{\"width\":\"30\",\"width-unit\":\"%\",\"border-right-style\":\"none\",\"border-left-style\":\"solid\",\"border-left-width\":\"3\",\"border-left-color\":\"color(34)\"},\"ct_depth\":3,\"nicename\":\"Div (#11)\"}'][ct_text_block ct_sign_sha256='e5bdd5d8d0fc42b038966f69f9f179e9c9870279566aa2f6aacef21c67fa5b89' ct_options='{\"ct_id\":6,\"ct_parent\":5,\"selector\":\"text_block-6-367\",\"nicename\":\"Untertitel\",\"ct_depth\":4,\"original\":{\"font-family\":{\"0\":\"global\",\"1\":\"Display\"},\"font-size\":\"18\",\"color\":\"color(34)\"}}']<i>Ausbildung &amp; Job<\/i>[\/ct_text_block][ct_headline ct_sign_sha256='2cf90d47e1569d80a637f024ceb81c1c5a925a7c6c0dfa4b6d081242a88724ad' ct_options='{\"ct_id\":7,\"ct_parent\":5,\"selector\":\"headline-7-367\",\"original\":{\"font-family\":\"Lobster\",\"font-size\":\"38\"},\"ct_depth\":4,\"nicename\":\"Heading (#3)\"}']<span style=\"font-weight: normal;\">Deine M\u00f6glichkeiten<\/span>[\/ct_headline][\/ct_div_block_3][ct_div_block_3 ct_sign_sha256='ed3bee7a8ad1d071966ab8868200c0d144f3146921082b3e383ea4e5645ad1ad' ct_options='{\"ct_id\":8,\"ct_parent\":4,\"selector\":\"div_block-8-367\",\"original\":{\"width\":\"70.00\",\"width-unit\":\"%\"},\"ct_depth\":3,\"nicename\":\"Div (#12)\"}'][ct_text_block ct_sign_sha256='51ee61eed1df8d4cd1135277362151f3e3207474d34c726382da1e83d4f3e26c' ct_options='{\"ct_id\":9,\"ct_parent\":8,\"selector\":\"text_block-9-367\",\"original\":{\"font-size\":\"17\",\"font-family\":{\"0\":\"global\",\"1\":\"Display\"},\"color\":\"color(32)\"},\"ct_depth\":4,\"nicename\":\"Text (#91)\"}']Willst Du Dich beruflich orientieren und stellst Dir die Frage, welche St\u00e4rken und Talente Du hast? Mit unseren verschiedenen Angeboten unterst\u00fctzen wir Dich gerne dabei, herauszufinden, f\u00fcr was Dein Herz schl\u00e4gt! Welcher Beruf passt zu Deiner Pers\u00f6nlichkeit und Deinen St\u00e4rken? Komm zu uns und finde es heraus.<br>[\/ct_text_block][\/ct_div_block_3][\/ct_new_columns_3][ct_new_columns_3 ct_sign_sha256='a5df175fcc02168e9264bf6b2adee8ed00b526ea50aa279fd45119d3e2ebda52' ct_options='{\"ct_id\":10,\"ct_parent\":3,\"selector\":\"new_columns-10-367\",\"nicename\":\"Columns (#310)\",\"ct_depth\":3}'][ct_div_block_3 ct_sign_sha256='cd438d716131823e6f231aab0f3ab85e14b20cbb461274e198adfb95d8a919e5' ct_options='{\"ct_id\":11,\"ct_parent\":10,\"selector\":\"div_block-11-367\",\"original\":{\"width\":\"33.33\",\"width-unit\":\"%\"},\"nicename\":\"Div (#311)\",\"ct_depth\":3}'][ct_link_4 ct_sign_sha256='6babf136074999aecc3b072cb6ed1b41942aeb4d52b22be5ec10b92d2934a6b5' ct_options='{\"ct_id\":12,\"ct_parent\":11,\"selector\":\"link-12-367\",\"original\":{\"width\":\"90\",\"width-unit\":\"%\",\"url\":\"https:\/\/matrix.ejsa-rot.desite\/ausbildung-job\/staerkencheck-berufsorientierung\/berufsorientierung-staerkencheck-ac\/\",\"target\":\"\",\"url_encoded\":\"true\"},\"nicename\":\"Div (#186)\",\"ct_depth\":4}'][ct_div_block_5 ct_sign_sha256='1ee6562a49e7ff2a5a91a9ee30bfa64487d42a4bd1b3ff9a2243f8fc2f93e51e' ct_options='{\"ct_id\":13,\"ct_parent\":12,\"selector\":\"div_block-13-367\",\"original\":{\"width-unit\":\"%\",\"justify-content\":\"space-between\",\"min-height-unit\":\"%\",\"min-height\":\"\",\"background-color\":\"#ffffff\",\"margin-right-unit\":\"%\",\"width\":\"100\",\"height-unit\":\"%\"},\"nicename\":\"Col1\",\"ct_depth\":5}'][ct_div_block_6 ct_sign_sha256='a99f2a4f0ab6181400a34e4120a413c6d19844a1f9d6f38cec4a84b82e987e0b' ct_options='{\"ct_id\":14,\"ct_parent\":13,\"selector\":\"div_block-14-367\",\"original\":{\"width\":\"100\",\"width-unit\":\"%\"},\"ct_depth\":6,\"nicename\":\"Div (#21)\"}'][ct_image ct_sign_sha256='9489eefd135356c91c89ea81db8ba3430527a1769421d5bb37f25e06ea2aafa1' ct_options='{\"ct_id\":15,\"ct_parent\":14,\"selector\":\"image-15-367\",\"original\":{\"attachment_id\":161,\"attachment_height\":300,\"attachment_width\":300,\"attachment_url\":\"https:\/\/matrix.ejsa-rot.desite\/wp-content\/uploads\/2021\/04\/hand-outline-gesture-3_113964-300x300.png\",\"src\":\"https:\/\/matrix.ejsa-rot.desite\/wp-content\/uploads\/2022\/07\/Eb3_Berufsorientierung_AC_pexels-andrea-piacquadio-3807737_V2.jpg\",\"width-unit\":\"%\",\"width\":\"100\"},\"ct_depth\":7,\"nicename\":\"Image (#71)\"}'][\/ct_image][\/ct_div_block_6][ct_div_block_6 ct_sign_sha256='fb708ecbf3a62b817e98009b335a5c23fd9930686182709301fdc22554e4e8b0' ct_options='{\"ct_id\":16,\"ct_parent\":13,\"selector\":\"div_block-16-367\",\"original\":{\"width\":\"100\",\"width-unit\":\"%\",\"align-items\":\"center\",\"text-align\":\"center\"},\"ct_depth\":6,\"nicename\":\"Div (#54)\"}'][oxy_rich_text ct_sign_sha256='d25b961e2c4c7e26530fc68c716fd06fb5359f2877215349aa621e86986c8441' ct_options='{\"ct_id\":17,\"ct_parent\":16,\"selector\":\"_rich_text-17-367\",\"original\":{\"font-size\":\"15\",\"font-family\":{\"0\":\"global\",\"1\":\"Display\"},\"text-align\":\"center\",\"padding-top\":\"0\",\"color\":\"color(32)\",\"padding-left\":\"9\",\"padding-right\":\"9\",\"padding-bottom\":\"9\"},\"ct_depth\":7,\"nicename\":\"Rich Text (#55)\"}']<p>Das <strong>Ausbildungscoaching<\/strong> unterst\u00fctzt Dich dabei, in einem eigens entwickelten St\u00e4rken-Check Deine F\u00e4higkeiten und Potenziale herauszufinden und gemeinsam zu \u00fcberlegen, welcher Beruf zu Dir passen k\u00f6nnte<br \/><br \/><br \/><\/p>[\/oxy_rich_text][oxy_rich_text ct_sign_sha256='6fbe7f4bde236971b4fadc4ed63db9da25c40d0e7cdf00bd819f71b1b7b59b95' ct_options='{\"ct_id\":18,\"ct_parent\":16,\"selector\":\"_rich_text-18-367\",\"original\":{\"font-size\":\"15\",\"font-family\":{\"0\":\"global\",\"1\":\"Display\"},\"text-align\":\"center\",\"padding-top\":\"0\",\"color\":\"color(32)\",\"padding-left\":\"9\",\"padding-right\":\"9\",\"padding-bottom\":\"9\",\"conditionspreview\":\"2\",\"globalConditionsResult\":true},\"ct_depth\":7,\"nicename\":\"Rich Text (#55)\"}']<p style=\"text-align: left;\"><strong>Martin M\u00fcller<\/strong><br \/>B\u00fcro Ansbach<br \/>Johann-Sebastian-Bach-Platz 28<br \/>Tel.: 0981 97788-467<br \/>Mobil: 01774 410452<br \/>martin.mueller@ejsa-rot.de<\/p>[\/oxy_rich_text][\/ct_div_block_6][\/ct_div_block_5][\/ct_link_4][\/ct_div_block_3][ct_div_block_3 ct_sign_sha256='b8554a2bd5a13b59e67b0f6d6a5ad8fe7fbaa08d3846345bcbdcf8b1adba1547' ct_options='{\"ct_id\":19,\"ct_parent\":10,\"selector\":\"div_block-19-367\",\"original\":{\"width\":\"33.33\",\"width-unit\":\"%\"},\"nicename\":\"Div (#312)\",\"ct_depth\":3}'][ct_link_4 ct_sign_sha256='a9e8dfd03e2d2ed304e7ce76a80c1f1279fdd46a253ec39efa1cd8c67a7d98d4' ct_options='{\"ct_id\":20,\"ct_parent\":19,\"selector\":\"link-20-367\",\"original\":{\"width\":\"90\",\"width-unit\":\"%\",\"url\":\"https:\/\/matrix.ejsa-rot.desite\/ausbildung-job\/staerkencheck-berufsorientierung\/berufsorientierung-staerkencheck-fib-ac\/\",\"target\":\"\",\"url_encoded\":\"true\"},\"nicename\":\"Div (#186)\",\"ct_depth\":4}'][ct_div_block_5 ct_sign_sha256='cf850d0695c503b085147b40737d82d77012a01a48de48217d68a55fdeefc6df' ct_options='{\"ct_id\":21,\"ct_parent\":20,\"selector\":\"div_block-21-367\",\"original\":{\"width-unit\":\"%\",\"justify-content\":\"space-between\",\"min-height-unit\":\"%\",\"min-height\":\"\",\"background-color\":\"#ffffff\",\"margin-right-unit\":\"%\",\"width\":\"100\",\"height-unit\":\"%\"},\"nicename\":\"Col1\",\"ct_depth\":5}'][ct_div_block_6 ct_sign_sha256='007aa083d43c9be83999524bef221e568e9a40a4c2ebd5f222a5e1cca46a84e2' ct_options='{\"ct_id\":22,\"ct_parent\":21,\"selector\":\"div_block-22-367\",\"original\":{\"width\":\"100\",\"width-unit\":\"%\"},\"ct_depth\":6,\"nicename\":\"Div (#21)\"}'][ct_image ct_sign_sha256='123a320b3732b7c5ecb6f31fcfdd610555f603529802201c4f04b82c487a1d71' ct_options='{\"ct_id\":23,\"ct_parent\":22,\"selector\":\"image-23-367\",\"original\":{\"attachment_id\":161,\"attachment_height\":300,\"attachment_width\":300,\"attachment_url\":\"https:\/\/matrix.ejsa-rot.desite\/wp-content\/uploads\/2021\/04\/hand-outline-gesture-3_113964-300x300.png\",\"src\":\"https:\/\/matrix.ejsa-rot.desite\/wp-content\/uploads\/2022\/07\/Eb3_Berufsorientierung_FibAC_pexels-reafon-gates-1498329_V2.jpg\",\"width-unit\":\"%\",\"width\":\"100\"},\"ct_depth\":7,\"nicename\":\"Image (#71)\"}'][\/ct_image][\/ct_div_block_6][ct_div_block_6 ct_sign_sha256='cdaabe9702542b57ee32c2309eacdd4ec5ae1b251613c89a4ad444ea9519db6b' ct_options='{\"ct_id\":24,\"ct_parent\":21,\"selector\":\"div_block-24-367\",\"original\":{\"width\":\"100\",\"width-unit\":\"%\",\"align-items\":\"center\",\"text-align\":\"center\"},\"ct_depth\":6,\"nicename\":\"Div (#54)\"}'][oxy_rich_text ct_sign_sha256='f274d56194147048c4886ac05b5377d62934ef21794bb84e26283fc0efba4a89' ct_options='{\"ct_id\":25,\"ct_parent\":24,\"selector\":\"_rich_text-25-367\",\"original\":{\"font-size\":\"15\",\"text-align\":\"center\",\"font-family\":{\"0\":\"global\",\"1\":\"Display\"},\"padding-top\":\"0\",\"padding-left\":\"9\",\"padding-right\":\"9\",\"padding-bottom\":\"9\",\"color\":\"color(32)\"},\"ct_depth\":7,\"nicename\":\"Rich Text (#55)\"}']<p>Die <strong>Fl\u00fcchtlings- und Integrationsberatung mit Schwerpunkt Ausbildungscoaching<\/strong> unterst\u00fctzt Dich bei der Berufsorientierung. Gemeinsam finden wir Deine St\u00e4rken heraus. Vor allem junge Menschen mit Migrations- hintergrund haben hier oft ungeahnte F\u00e4higkeiten, die es zu entdecken gilt<\/p>[\/oxy_rich_text][oxy_rich_text ct_sign_sha256='240544bb497f1fac9157cf67f724dfe91b86ae66e6c1011a8ca51e53b843b274' ct_options='{\"ct_id\":26,\"ct_parent\":24,\"selector\":\"_rich_text-26-367\",\"original\":{\"font-size\":\"15\",\"font-family\":{\"0\":\"global\",\"1\":\"Display\"},\"text-align\":\"center\",\"padding-top\":\"0\",\"color\":\"color(32)\",\"padding-left\":\"9\",\"padding-right\":\"9\",\"padding-bottom\":\"9\"},\"ct_depth\":7,\"nicename\":\"Rich Text (#55)\"}']<p style=\"text-align: left;\"><strong>Laura Gudd<\/strong><br \/>B\u00fcro Rothenburg<br \/>Kirchplatz 13<br \/>Tel.: 09861 9369-423<br \/>Mobil: 01525 5358338<br \/>laura.gudd@ejsa-rot.de<\/p>\n<p style=\"text-align: left;\"><strong>Weitere Beratungsstandorte: <br \/><\/strong>Dinkelsb\u00fchl<br \/>B\u00fcro Feuchtwangen <br \/>\u00a0Marktplatz 1 <br \/>(Nur mittwochs)<br \/>Gerne vereinbaren wir auch <br \/>einen Termin in Deiner N\u00e4he.<\/p>[\/oxy_rich_text][\/ct_div_block_6][\/ct_div_block_5][\/ct_link_4][\/ct_div_block_3][ct_div_block_3 ct_sign_sha256='cad193359848b57114867e86e0c4ccca73fa9a81804a1073bc06c8bf0eb5918c' ct_options='{\"ct_id\":27,\"ct_parent\":10,\"selector\":\"div_block-27-367\",\"original\":{\"width\":\"33.34\",\"width-unit\":\"%\"},\"nicename\":\"Div (#313)\",\"ct_depth\":3}'][ct_link_4 ct_sign_sha256='6573bae799eae1298612655e074dea212ff7ca75e6da07a3d8da5d2a214e6a41' ct_options='{\"ct_id\":28,\"ct_parent\":27,\"selector\":\"link-28-367\",\"original\":{\"width\":\"90\",\"width-unit\":\"%\",\"url\":\"https:\/\/matrix.ejsa-rot.desite\/ausbildung-job\/staerkencheck-berufsorientierung\/berufsorientierung-staerkencheck-ausbildungsmentoren\/\",\"target\":\"\",\"url_encoded\":\"true\"},\"nicename\":\"Div (#186)\",\"ct_depth\":4}'][ct_div_block_5 ct_sign_sha256='717d6cab703a7f73e47d76358a2b22375fa4e6dbdba7fa38260a77b7860964c6' ct_options='{\"ct_id\":29,\"ct_parent\":28,\"selector\":\"div_block-29-367\",\"original\":{\"width-unit\":\"%\",\"justify-content\":\"space-between\",\"min-height-unit\":\"%\",\"min-height\":\"\",\"background-color\":\"#ffffff\",\"margin-right-unit\":\"%\",\"width\":\"100\",\"height-unit\":\"%\"},\"nicename\":\"Col1\",\"ct_depth\":5}'][ct_div_block_6 ct_sign_sha256='046145dc432f772f29231e5a59f63102e55eca491a936aaa4910f3dd52c0d965' ct_options='{\"ct_id\":30,\"ct_parent\":29,\"selector\":\"div_block-30-367\",\"original\":{\"width\":\"100\",\"width-unit\":\"%\"},\"ct_depth\":6,\"nicename\":\"Div (#21)\"}'][ct_image ct_sign_sha256='3d835761064edb05dea17e1540b30204075abe21cb64983fc812c5d9a11461cc' ct_options='{\"ct_id\":31,\"ct_parent\":30,\"selector\":\"image-31-367\",\"original\":{\"attachment_id\":161,\"attachment_height\":300,\"attachment_width\":300,\"attachment_url\":\"https:\/\/matrix.ejsa-rot.desite\/wp-content\/uploads\/2021\/04\/hand-outline-gesture-3_113964-300x300.png\",\"src\":\"https:\/\/matrix.ejsa-rot.desite\/wp-content\/uploads\/2022\/07\/Eb3_Berufsorientierung_Mentoring_pexels-vanessa-garcia-6325970_V3.jpg\",\"width-unit\":\"%\",\"width\":\"100\"},\"ct_depth\":7,\"nicename\":\"Image (#71)\"}'][\/ct_image][\/ct_div_block_6][ct_div_block_6 ct_sign_sha256='e181b399f010324181e53935ba04c49ccf4647e9f9a6464cc6b62a01f1b4a864' ct_options='{\"ct_id\":32,\"ct_parent\":29,\"selector\":\"div_block-32-367\",\"original\":{\"width\":\"100\",\"width-unit\":\"%\",\"align-items\":\"center\",\"text-align\":\"center\"},\"ct_depth\":6,\"nicename\":\"Div (#54)\"}'][oxy_rich_text ct_sign_sha256='31817dd44546d4ba9eae32a19df8000c45057b8cf96b26f807393d6bcc3b77f8' ct_options='{\"ct_id\":33,\"ct_parent\":32,\"selector\":\"_rich_text-33-367\",\"original\":{\"font-size\":\"15\",\"text-align\":\"center\",\"font-family\":{\"0\":\"global\",\"1\":\"Display\"},\"padding-top\":\"0\",\"padding-left\":\"9\",\"padding-right\":\"9\",\"padding-bottom\":\"9\",\"color\":\"color(32)\"},\"ct_depth\":7,\"nicename\":\"Rich Text (#55)\"}']<p>Qualifizierte <strong>ehrenamtliche Mentoren <\/strong>unterst\u00fctzen Dich dabei herauszufinden, was in Dir steckt und welcher Beruf zu Deinen St\u00e4rken und F\u00e4higkeiten passt. Ein pers\u00f6nlicher Mentor ist \u201ewie ein Freund an Deiner Seite\u201c, der an Dich glaubt<br \/><br \/><\/p>[\/oxy_rich_text][oxy_rich_text ct_sign_sha256='28df4ff6320f3cf051351124941dc200a9a323a904674eed844ea524a431db6b' ct_options='{\"ct_id\":34,\"ct_parent\":32,\"selector\":\"_rich_text-34-367\",\"original\":{\"font-size\":\"15\",\"font-family\":{\"0\":\"global\",\"1\":\"Display\"},\"text-align\":\"center\",\"padding-top\":\"0\",\"color\":\"color(32)\",\"padding-left\":\"9\",\"padding-right\":\"9\",\"padding-bottom\":\"9\"},\"ct_depth\":7,\"nicename\":\"Rich Text (#55)\"}']<p style=\"text-align: left;\"><strong>Martin M\u00fcller<\/strong><br \/>B\u00fcro Ansbach<br \/>Johann-Sebastian-Bach-Platz 28<br \/>Tel.: 0981 97788-467<br \/>Mobil: 01774 410452<br \/>martin.mueller@ejsa-rot.de<\/p>[\/oxy_rich_text][\/ct_div_block_6][\/ct_div_block_5][\/ct_link_4][\/ct_div_block_3][\/ct_new_columns_3][\/ct_section_2][\/ct_div_block]","ct_template_type":"","ct_parent_template":0,"footnotes":""},"class_list":["post-367","page","type-page","status-publish","hentry"],"_links":{"self":[{"href":"https:\/\/matrix.ejsa-rot.de\/site\/wp-json\/wp\/v2\/pages\/367","targetHints":{"allow":["GET"]}}],"collection":[{"href":"https:\/\/matrix.ejsa-rot.de\/site\/wp-json\/wp\/v2\/pages"}],"about":[{"href":"https:\/\/matrix.ejsa-rot.de\/site\/wp-json\/wp\/v2\/types\/page"}],"author":[{"embeddable":true,"href":"https:\/\/matrix.ejsa-rot.de\/site\/wp-json\/wp\/v2\/users\/3"}],"replies":[{"embeddable":true,"href":"https:\/\/matrix.ejsa-rot.de\/site\/wp-json\/wp\/v2\/comments?post=367"}],"version-history":[{"count":6,"href":"https:\/\/matrix.ejsa-rot.de\/site\/wp-json\/wp\/v2\/pages\/367\/revisions"}],"predecessor-version":[{"id":704,"href":"https:\/\/matrix.ejsa-rot.de\/site\/wp-json\/wp\/v2\/pages\/367\/revisions\/704"}],"up":[{"embeddable":true,"href":"https:\/\/matrix.ejsa-rot.de\/site\/wp-json\/wp\/v2\/pages\/284"}],"wp:attachment":[{"href":"https:\/\/matrix.ejsa-rot.de\/site\/wp-json\/wp\/v2\/media?parent=367"}],"curies":[{"name":"wp","href":"https:\/\/api.w.org\/{rel}","templated":true}]}}