{"id":374,"date":"2021-10-13T00:02:14","date_gmt":"2021-10-12T22:02:14","guid":{"rendered":"https:\/\/matrix.ejsa-rot.desite\/?page_id=374"},"modified":"2022-02-22T12:07:21","modified_gmt":"2022-02-22T11:07:21","slug":"ausbildungs-und-jobsuche","status":"publish","type":"page","link":"https:\/\/matrix.ejsa-rot.de\/site\/ausbildung-job\/ausbildungs-und-jobsuche\/","title":{"rendered":"Ausbildungs- und Jobsuche"},"content":{"rendered":"","protected":false},"excerpt":{"rendered":"","protected":false},"author":3,"featured_media":0,"parent":284,"menu_order":3,"comment_status":"closed","ping_status":"closed","template":"","meta":{"ct_builder_shortcodes":"[ct_div_block ct_sign_sha256='10c1749996396fed76d807088a155f59df7e89a44331505e2673d54b87706bef' ct_options='{\"ct_id\":1,\"ct_parent\":0,\"selector\":\"div_block-1-374\",\"original\":{\"background-color\":\"#f4f4f4\",\"conditionspreview\":\"2\",\"globalConditionsResult\":true},\"nicename\":\"4_mit_Icons\",\"activeselector\":false,\"ct_depth\":1}'][ct_section_2 ct_sign_sha256='e5f00dde6c4307aecec19887d466e89f88718ebb3448d69fc4a8d63af4b3cd39' ct_options='{\"ct_id\":2,\"ct_parent\":1,\"selector\":\"section-2-374\",\"ct_category\":\"Content\",\"nicename\":\"Level2\",\"ct_depth\":2,\"original\":{\"gradient\":{\"colors\":{\"0\":{\"position-unit\":\"px\",\"value\":\"\"},\"1\":{\"position-unit\":\"px\",\"value\":\"\"}}},\"background-color\":\"#f4f4f4\",\"container-padding-top-unit\":\"px\",\"container-padding-top\":\"60\",\"container-padding-bottom-unit\":\"px\",\"container-padding-bottom\":\"60\"}}'][ct_new_columns_3 ct_sign_sha256='6713b8a45f9aa57e3fa0a31212e4b068f088cadc3f4ff96a01e5abeb93d524fa' ct_options='{\"ct_id\":3,\"ct_parent\":2,\"selector\":\"new_columns-3-374\",\"original\":{\"margin-bottom\":\"15\",\"gradient\":{\"colors\":{\"0\":{\"position-unit\":\"px\",\"value\":\"\"},\"1\":{\"position-unit\":\"px\",\"value\":\"\"}},\"linear-angle\":\"180\"},\"stack-columns-vertically\":\"tablet\",\"background-size\":\"auto\"},\"nicename\":\"Title\",\"ct_depth\":3}'][ct_div_block_3 ct_sign_sha256='921656e8ca00533bc768807fb7ca49cfea264455a55a0413db5ad9e395d46f83' ct_options='{\"ct_id\":4,\"ct_parent\":3,\"selector\":\"div_block-4-374\",\"original\":{\"width\":\"30\",\"width-unit\":\"%\",\"border-right-style\":\"none\",\"border-left-style\":\"solid\",\"border-left-width\":\"3\",\"border-left-color\":\"color(34)\"},\"ct_depth\":3,\"nicename\":\"Div (#11)\"}'][ct_text_block ct_sign_sha256='c074c6405787a1283004220d998bee479bb95721c6b333f11077b402dabdacc7' ct_options='{\"ct_id\":5,\"ct_parent\":4,\"selector\":\"text_block-5-374\",\"nicename\":\"Untertitel\",\"ct_depth\":4,\"original\":{\"font-family\":{\"0\":\"global\",\"1\":\"Display\"},\"font-size\":\"18\",\"color\":\"color(34)\"}}']<i>Ausbildungs- und Jobsuche<\/i>[\/ct_text_block][ct_headline ct_sign_sha256='cb9221f7aa0c5b6d0da73d306cbf1c9cf6efe18bae3c49e1e97a44affe996025' ct_options='{\"ct_id\":6,\"ct_parent\":4,\"selector\":\"headline-6-374\",\"original\":{\"font-family\":\"Lobster\",\"font-size\":\"38\"},\"activeselector\":false,\"ct_depth\":4,\"nicename\":\"Heading (#3)\"}']<span style=\"font-weight: normal;\">Deine Stelle<\/span>[\/ct_headline][\/ct_div_block_3][ct_div_block_3 ct_sign_sha256='f7e9a386783d21892d5c936b8cecf90658187840d7bcd327068921e190b0664e' ct_options='{\"ct_id\":7,\"ct_parent\":3,\"selector\":\"div_block-7-374\",\"original\":{\"width\":\"70.00\",\"width-unit\":\"%\"},\"ct_depth\":3,\"nicename\":\"Div (#12)\"}'][ct_text_block ct_sign_sha256='5f6ac9a80cc6bafff63afcbb8f4cd9924d68bb7d17132437b2e61640c45b34d3' ct_options='{\"ct_id\":8,\"ct_parent\":7,\"selector\":\"text_block-8-374\",\"original\":{\"font-size\":\"17\",\"font-family\":{\"0\":\"global\",\"1\":\"Display\"},\"color\":\"color(32)\"},\"ct_depth\":4,\"nicename\":\"Text (#91)\"}']M\u00f6chtest Du eine Ausbildung beginnen oder bist Du noch auf der Suche nach dem \u201erichtigen Plan\u201c?&nbsp;<br>Steckst Du schon mittendrin und brauchst Unterst\u00fctzung an Deiner jetzigen Stelle?&nbsp;<br>Dann bist Du bei uns genau richtig!&nbsp;Wir finden gemeinsam f\u00fcr (fast) alles eine L\u00f6sung.<br>Unser Angebot ist kostenlos, anonym und vertraulich.<br>[\/ct_text_block][\/ct_div_block_3][\/ct_new_columns_3][ct_new_columns_3 ct_sign_sha256='5ac04381666ccb63cda914a79d448ded577be2169e41355ab38ee79e0b871ec1' ct_options='{\"ct_id\":54,\"ct_parent\":2,\"selector\":\"new_columns-54-374\",\"nicename\":\"Columns (#54)\",\"ct_depth\":3}'][ct_div_block_3 ct_sign_sha256='5e9bc193e52d095bda7ac5cadb53478bb7a818c1cd2253ba7e508edbcf3a2674' ct_options='{\"ct_id\":55,\"ct_parent\":54,\"selector\":\"div_block-55-374\",\"original\":{\"width\":\"50\",\"width-unit\":\"%\"},\"nicename\":\"Div (#55)\",\"activeselector\":false,\"ct_depth\":3}'][ct_link_4 ct_sign_sha256='a2c49bd91ca6f3c60b85c58a6465f51c3c6935d8648be713dea6a65f18f3fc5f' ct_options='{\"ct_id\":11,\"ct_parent\":55,\"selector\":\"link-11-374\",\"original\":{\"width\":\"90\",\"width-unit\":\"%\",\"url\":\"https:\/\/matrix.ejsa-rot.desite\/ausbildung-job\/ausbildungs-und-jobsuche\/ac\/\",\"target\":\"\",\"url_encoded\":\"true\"},\"nicename\":\"Div (#186)\",\"activeselector\":false,\"ct_depth\":4}'][ct_div_block_5 ct_sign_sha256='725a15a67fc1debbb79f9d749b772a8afb7cbc8d32fffc5f3d61bd1548307dba' ct_options='{\"ct_id\":12,\"ct_parent\":11,\"selector\":\"div_block-12-374\",\"original\":{\"width-unit\":\"%\",\"justify-content\":\"space-between\",\"min-height-unit\":\"%\",\"min-height\":\"\",\"background-color\":\"#ffffff\",\"margin-right-unit\":\"%\",\"width\":\"100\",\"height-unit\":\"%\"},\"nicename\":\"Col1\",\"activeselector\":false,\"ct_depth\":5}'][ct_div_block_6 ct_sign_sha256='0371cd19933164f88ad6a3e3e0994a13b3ac4ce58376c03d56128ad1edb1bdbd' ct_options='{\"ct_id\":13,\"ct_parent\":12,\"selector\":\"div_block-13-374\",\"original\":{\"width\":\"100\",\"width-unit\":\"%\"},\"ct_depth\":6,\"nicename\":\"Div (#21)\"}'][ct_image ct_sign_sha256='f22fce4bab5cef4e85eb6c62fae39481ffa32c36c3c1442764b2852911b1e13d' ct_options='{\"ct_id\":14,\"ct_parent\":13,\"selector\":\"image-14-374\",\"original\":{\"attachment_id\":161,\"attachment_height\":300,\"attachment_width\":300,\"attachment_url\":\"https:\/\/matrix.ejsa-rot.desite\/wp-content\/uploads\/2021\/04\/hand-outline-gesture-3_113964-300x300.png\",\"src\":\"https:\/\/matrix.ejsa-rot.desite\/wp-content\/uploads\/2022\/07\/Eb3_Integrationsfragen_SKM_iStock-909907392.jpg\",\"width-unit\":\"%\",\"width\":\"100\"},\"ct_depth\":7,\"nicename\":\"Image (#71)\"}'][\/ct_image][\/ct_div_block_6][ct_div_block_6 ct_sign_sha256='c302c64ee9282db7f279b0a72edf72b9033a6d9b0151ea6e2fea77cd90ab2236' ct_options='{\"ct_id\":19,\"ct_parent\":12,\"selector\":\"div_block-19-374\",\"original\":{\"width\":\"100\",\"width-unit\":\"%\",\"align-items\":\"center\",\"text-align\":\"center\"},\"ct_depth\":6,\"nicename\":\"Div (#54)\"}'][oxy_rich_text ct_sign_sha256='b02f2b4e894b9698b17683dfc7ef3b93d40c5aaf4377477d96ca93b2bab3292b' ct_options='{\"ct_id\":20,\"ct_parent\":19,\"selector\":\"_rich_text-20-374\",\"original\":{\"font-size\":\"15\",\"text-align\":\"center\",\"font-family\":{\"0\":\"global\",\"1\":\"Display\"},\"padding-top\":\"0\",\"padding-left\":\"9\",\"padding-right\":\"9\",\"padding-bottom\":\"9\",\"color\":\"color(32)\"},\"activeselector\":false,\"ct_depth\":7,\"nicename\":\"Rich Text (#55)\"}']<p>Beim <strong>Ausbildungscoaching<\/strong> helfen wir Dir, wenn Du Deine Ausbildung abgebrochen hast oder einen neuen Job suchst. Gemeinsam erarbeiten wir Schritte, wie Du Dein Vorhaben umsetzen kannst. <br \/>Auch bei Problemen rund um Job und Ausbildung helfen wir Dir, eine passende L\u00f6sung zu finden<br \/><br \/><\/p>[\/oxy_rich_text][oxy_rich_text ct_sign_sha256='273a5e9676a57f85b20bb07e31d74cad679c56d1f6dcbc9efdba440e0882ca8d' ct_options='{\"ct_id\":61,\"ct_parent\":19,\"selector\":\"_rich_text-61-374\",\"original\":{\"font-size\":\"15\",\"text-align\":\"center\",\"font-family\":{\"0\":\"global\",\"1\":\"Display\"},\"padding-top\":\"0\",\"padding-left\":\"9\",\"padding-right\":\"9\",\"padding-bottom\":\"9\",\"color\":\"color(32)\"},\"activeselector\":false,\"ct_depth\":7,\"nicename\":\"Rich Text (#55)\"}']<p style=\"text-align: left;\"><strong>Martin M\u00fcller<\/strong><br \/>B\u00fcro Ansbach<br \/>Johann-Sebastian-Bach-Platz 28<br \/>Tel.: 0981 97788-467<br \/>Mobil: 01774 410452<br \/>martin.mueller@ejsa-rot.de<\/p>\n<p style=\"text-align: left;\">Gerne vereinbaren wir auch <br \/>einen Termin in Deiner N\u00e4he.<\/p>[\/oxy_rich_text][\/ct_div_block_6][\/ct_div_block_5][\/ct_link_4][\/ct_div_block_3][ct_div_block_3 ct_sign_sha256='bfe44461a52c4ca219575fcf33d7a5191342535be433052ad60ad9f4e5847496' ct_options='{\"ct_id\":56,\"ct_parent\":54,\"selector\":\"div_block-56-374\",\"original\":{\"width\":\"50\",\"width-unit\":\"%\"},\"nicename\":\"Div (#56)\",\"activeselector\":false,\"ct_depth\":3}'][ct_link_4 ct_sign_sha256='ab32398a798c39d8fce20a30ed5b9b304902910c963adb8a6959719f8018bbbb' ct_options='{\"ct_id\":22,\"ct_parent\":56,\"selector\":\"link-22-374\",\"original\":{\"width-unit\":\"%\",\"width\":\"90\",\"url\":\"https:\/\/matrix.ejsa-rot.desite\/ausbildung-job\/ausbildungs-und-jobsuche\/fib-ac\/\",\"target\":\"\",\"url_encoded\":\"true\"},\"nicename\":\"Div (#186)\",\"ct_depth\":4}'][ct_div_block_5 ct_sign_sha256='112ea073177747b0df3baf4f6c8ce96a1708305ddd559c12b350035a9d3993ca' ct_options='{\"ct_id\":23,\"ct_parent\":22,\"selector\":\"div_block-23-374\",\"original\":{\"width-unit\":\"%\",\"justify-content\":\"space-between\",\"min-height-unit\":\"%\",\"min-height\":\"\",\"background-color\":\"#ffffff\",\"margin-right-unit\":\"%\",\"width\":\"100\",\"height-unit\":\"%\"},\"nicename\":\"Col1\",\"activeselector\":false,\"ct_depth\":5}'][ct_div_block_6 ct_sign_sha256='0248eb4d6afd75eff538dadf5eb51f6969ffc077abd2a9df7ead212ec038f34d' ct_options='{\"ct_id\":24,\"ct_parent\":23,\"selector\":\"div_block-24-374\",\"original\":{\"width\":\"100\",\"width-unit\":\"%\"},\"ct_depth\":6,\"nicename\":\"Div (#21)\"}'][ct_image ct_sign_sha256='744b260183ee07369ca537c84ed49a4c5ecb43c150788b41aefac8863b140c7a' ct_options='{\"ct_id\":25,\"ct_parent\":24,\"selector\":\"image-25-374\",\"original\":{\"attachment_id\":161,\"attachment_height\":300,\"attachment_width\":300,\"attachment_url\":\"https:\/\/matrix.ejsa-rot.desite\/wp-content\/uploads\/2021\/04\/hand-outline-gesture-3_113964-300x300.png\",\"src\":\"https:\/\/matrix.ejsa-rot.desite\/wp-content\/uploads\/2022\/07\/Eb3_FiB_pexels-andrea-piacquadio-3965248.jpg\",\"width-unit\":\"%\",\"width\":\"100\"},\"ct_depth\":7,\"nicename\":\"Image (#71)\"}'][\/ct_image][\/ct_div_block_6][ct_div_block_6 ct_sign_sha256='a0f26729e8299910d8f7dfdc4a5453071e5db704be19b3d035c6c1f94a54a878' ct_options='{\"ct_id\":30,\"ct_parent\":23,\"selector\":\"div_block-30-374\",\"original\":{\"width\":\"100\",\"width-unit\":\"%\",\"align-items\":\"center\",\"text-align\":\"center\"},\"ct_depth\":6,\"nicename\":\"Div (#54)\"}'][oxy_rich_text ct_sign_sha256='43d87585bae415b41fa29c0032f013e81be3bf21a0e81777e4cf74e65a096308' ct_options='{\"ct_id\":31,\"ct_parent\":30,\"selector\":\"_rich_text-31-374\",\"original\":{\"font-size\":\"15\",\"text-align\":\"center\",\"font-family\":{\"0\":\"global\",\"1\":\"Display\"},\"padding-top\":\"0\",\"padding-left\":\"9\",\"padding-right\":\"9\",\"padding-bottom\":\"9\",\"color\":\"color(32)\"},\"activeselector\":false,\"ct_depth\":7,\"nicename\":\"Rich Text (#55)\"}']<p>Die Kollegen der <strong>Fl\u00fcchtlings- und Integrationsstelle<\/strong> beraten Dich, wenn Du noch nicht so lange in Deutschland lebst und Unterst\u00fctzung bei der Ausbildungs- und Jobsuche brauchst.<br \/>Gemeinsam schauen wir, wo Deine St\u00e4rken liegen und wie Du diese in Ausbildung und Beruf gut einsetzen kannst. Wir begleiten Dich auf diesem Weg<\/p>[\/oxy_rich_text][oxy_rich_text ct_sign_sha256='bdc0e097c7a2fab6060b0722164d8a413b5a9567123f4ba6e3b9df84e167ad8c' ct_options='{\"ct_id\":62,\"ct_parent\":30,\"selector\":\"_rich_text-62-374\",\"original\":{\"font-size\":\"15\",\"text-align\":\"center\",\"font-family\":{\"0\":\"global\",\"1\":\"Display\"},\"padding-top\":\"0\",\"padding-left\":\"9\",\"padding-right\":\"9\",\"padding-bottom\":\"9\",\"color\":\"color(32)\"},\"activeselector\":false,\"ct_depth\":7,\"nicename\":\"Rich Text (#55)\"}']<p style=\"text-align: left;\"><strong>Laura Gudd<\/strong><br \/>B\u00fcro Rothenburg<br \/>Kirchplatz 13<br \/>Tel.: 09861 9369-423<br \/>Mobil: 01525 5358338<br \/>laura.gudd@ejsa-rot.de<\/p>\n<p style=\"text-align: left;\"><strong>Weitere Beratungsstandorte: <br \/><\/strong>Dinkelsb\u00fchl<br \/>B\u00fcro Feuchtwangen <br \/>Marktplatz 1 <br \/>(Nur mittwochs)<br \/>Gerne vereinbaren wir auch <br \/>einen Termin in Deiner N\u00e4he.<\/p>[\/oxy_rich_text][\/ct_div_block_6][\/ct_div_block_5][\/ct_link_4][\/ct_div_block_3][\/ct_new_columns_3][\/ct_section_2][\/ct_div_block]","ct_template_type":"","ct_parent_template":0,"footnotes":""},"class_list":["post-374","page","type-page","status-publish","hentry"],"_links":{"self":[{"href":"https:\/\/matrix.ejsa-rot.de\/site\/wp-json\/wp\/v2\/pages\/374","targetHints":{"allow":["GET"]}}],"collection":[{"href":"https:\/\/matrix.ejsa-rot.de\/site\/wp-json\/wp\/v2\/pages"}],"about":[{"href":"https:\/\/matrix.ejsa-rot.de\/site\/wp-json\/wp\/v2\/types\/page"}],"author":[{"embeddable":true,"href":"https:\/\/matrix.ejsa-rot.de\/site\/wp-json\/wp\/v2\/users\/3"}],"replies":[{"embeddable":true,"href":"https:\/\/matrix.ejsa-rot.de\/site\/wp-json\/wp\/v2\/comments?post=374"}],"version-history":[{"count":3,"href":"https:\/\/matrix.ejsa-rot.de\/site\/wp-json\/wp\/v2\/pages\/374\/revisions"}],"predecessor-version":[{"id":538,"href":"https:\/\/matrix.ejsa-rot.de\/site\/wp-json\/wp\/v2\/pages\/374\/revisions\/538"}],"up":[{"embeddable":true,"href":"https:\/\/matrix.ejsa-rot.de\/site\/wp-json\/wp\/v2\/pages\/284"}],"wp:attachment":[{"href":"https:\/\/matrix.ejsa-rot.de\/site\/wp-json\/wp\/v2\/media?parent=374"}],"curies":[{"name":"wp","href":"https:\/\/api.w.org\/{rel}","templated":true}]}}