{"id":381,"date":"2021-10-13T22:09:03","date_gmt":"2021-10-13T20:09:03","guid":{"rendered":"https:\/\/matrix.ejsa-rot.desite\/?page_id=381"},"modified":"2023-03-18T20:08:37","modified_gmt":"2023-03-18T19:08:37","slug":"unterstuetzung-im-alltag","status":"publish","type":"page","link":"https:\/\/matrix.ejsa-rot.de\/site\/integration\/unterstuetzung-im-alltag\/","title":{"rendered":"Unterst\u00fctzung im Alltag"},"content":{"rendered":"","protected":false},"excerpt":{"rendered":"","protected":false},"author":3,"featured_media":0,"parent":282,"menu_order":2,"comment_status":"closed","ping_status":"closed","template":"","meta":{"ct_builder_shortcodes":"[ct_div_block ct_sign_sha256='09cfd13cae6f300c7b176b459e1a1ecc938bdd89c3c8e30dc277b5099dfceace' ct_options='{\"ct_id\":2,\"ct_parent\":0,\"selector\":\"div_block-2-381\",\"original\":{\"background-color\":\"#f4f4f4\"},\"nicename\":\"4_mit_Icons\",\"activeselector\":false,\"ct_depth\":1}'][ct_section_2 ct_sign_sha256='d4b75483ce74849467027f3a410ee6b473c2965f4f3477d90867d76212dd82ed' ct_options='{\"ct_id\":3,\"ct_parent\":2,\"selector\":\"section-3-381\",\"ct_category\":\"Content\",\"nicename\":\"Level2\",\"ct_depth\":2,\"original\":{\"gradient\":{\"colors\":{\"0\":{\"position-unit\":\"px\",\"value\":\"\"},\"1\":{\"position-unit\":\"px\",\"value\":\"\"}}},\"background-color\":\"#f4f4f4\",\"container-padding-top-unit\":\"px\",\"container-padding-top\":\"60\",\"container-padding-bottom-unit\":\"px\",\"container-padding-bottom\":\"60\"}}'][ct_new_columns_3 ct_sign_sha256='6f639a6f2b387d0f6de3b892738d8a3faa36f48ec342faf266150874e79c354d' ct_options='{\"ct_id\":4,\"ct_parent\":3,\"selector\":\"new_columns-4-381\",\"original\":{\"margin-bottom\":\"15\",\"gradient\":{\"colors\":{\"0\":{\"position-unit\":\"px\",\"value\":\"\"},\"1\":{\"position-unit\":\"px\",\"value\":\"\"}},\"linear-angle\":\"180\"},\"stack-columns-vertically\":\"tablet\",\"background-size\":\"auto\"},\"nicename\":\"Title\",\"ct_depth\":3}'][ct_div_block_3 ct_sign_sha256='d2fc787a77b5e9a16bed11b7b7e65d5bd656e4048114240b0caf28be2dc5c691' ct_options='{\"ct_id\":5,\"ct_parent\":4,\"selector\":\"div_block-5-381\",\"original\":{\"width\":\"30\",\"width-unit\":\"%\",\"border-right-style\":\"none\",\"border-left-style\":\"solid\",\"border-left-width\":\"3\",\"border-left-color\":\"color(35)\"},\"ct_depth\":3,\"nicename\":\"Div (#11)\"}'][ct_text_block ct_sign_sha256='4dbc99f3c76d6628361bda6e3f2e90794af173d2447e76d6a06b5460b017fa9f' ct_options='{\"ct_id\":6,\"ct_parent\":5,\"selector\":\"text_block-6-381\",\"nicename\":\"Untertitel\",\"ct_depth\":4,\"original\":{\"font-family\":{\"0\":\"global\",\"1\":\"Display\"},\"font-size\":\"18\",\"color\":\"color(35)\"}}']<i>Integration<\/i>[\/ct_text_block][ct_headline ct_sign_sha256='5aa1295d7ccb49f00d8573d1b2e54ead8108a98407f694685a59074f1ba7ff41' ct_options='{\"ct_id\":7,\"ct_parent\":5,\"selector\":\"headline-7-381\",\"original\":{\"font-family\":\"Lobster\",\"font-size\":\"38\"},\"activeselector\":false,\"ct_depth\":4,\"nicename\":\"Heading (#3)\"}']<span style=\"font-weight: 400;\">Alltagsleben<\/span>[\/ct_headline][\/ct_div_block_3][ct_div_block_3 ct_sign_sha256='36c5f8319cc945ebd733e427a9ec9a66fefe885d71a2a97b580126c28c3031d1' ct_options='{\"ct_id\":8,\"ct_parent\":4,\"selector\":\"div_block-8-381\",\"original\":{\"width\":\"70.00\",\"width-unit\":\"%\"},\"ct_depth\":3,\"nicename\":\"Div (#12)\"}'][ct_text_block ct_sign_sha256='b285eb5a680fcfdc92f9cee784a37a8924d066afa55c3077a8ae429777038eb7' ct_options='{\"ct_id\":9,\"ct_parent\":8,\"selector\":\"text_block-9-381\",\"original\":{\"font-size\":\"17\",\"font-family\":{\"0\":\"global\",\"1\":\"Display\"},\"color\":\"color(32)\"},\"activeselector\":false,\"ct_depth\":4,\"nicename\":\"Text (#91)\"}']F\u00fcr zugezogene Menschen gibt es zahlreiche Herausforderungen im Alltag. Wir nehmen gemeinsam die H\u00fcrden und helfen Dir, in Deiner neuen Heimat gut anzukommen. Es gibt viele M\u00f6glichkeiten, gesellschaftlich Anschluss zu finden. <br>[\/ct_text_block][\/ct_div_block_3][\/ct_new_columns_3][ct_new_columns_3 ct_sign_sha256='da957764cb97231ff08292000e2a89c7158ccf3a8a7580f023e2968a5f45c3fb' ct_options='{\"ct_id\":10,\"ct_parent\":3,\"selector\":\"new_columns-10-381\",\"nicename\":\"Columns (#251)\",\"ct_depth\":3}'][ct_div_block_3 ct_sign_sha256='20c7fa5983b71706feaece400f5523286f0e40f580cb2843ac1f634c347f2870' ct_options='{\"ct_id\":11,\"ct_parent\":10,\"selector\":\"div_block-11-381\",\"original\":{\"width\":\"25.00\",\"width-unit\":\"%\"},\"nicename\":\"Div (#252)\",\"ct_depth\":3}'][ct_link_4 ct_sign_sha256='5990afcf675cb3f98203fbe828b03fefc039ad8ecc83e298eeae4a31566c93b2' ct_options='{\"ct_id\":12,\"ct_parent\":11,\"selector\":\"link-12-381\",\"original\":{\"width\":\"90\",\"width-unit\":\"%\",\"url\":\"https:\/\/matrix.ejsa-rot.desite\/integration\/unterstuetzung-im-alltag\/alltag-jmd\/\",\"target\":\"\",\"url_encoded\":\"true\"},\"nicename\":\"Div (#186)\",\"ct_depth\":4}'][ct_div_block_5 ct_sign_sha256='6b6b3acfa6e92e5882cfae5e861dc85ccb590ed5ef242ac119a18ae097c5b90d' ct_options='{\"ct_id\":13,\"ct_parent\":12,\"selector\":\"div_block-13-381\",\"original\":{\"width-unit\":\"%\",\"justify-content\":\"space-between\",\"min-height-unit\":\"%\",\"min-height\":\"\",\"background-color\":\"#ffffff\",\"margin-right-unit\":\"%\",\"width\":\"100\",\"height-unit\":\"%\"},\"nicename\":\"Col1\",\"activeselector\":false,\"ct_depth\":5}'][ct_div_block_6 ct_sign_sha256='dcbef27bc4548eca4c0657380100366675fdd73675c2ba40252ecbbc9fcb7df1' ct_options='{\"ct_id\":14,\"ct_parent\":13,\"selector\":\"div_block-14-381\",\"original\":{\"width\":\"100\",\"width-unit\":\"%\"},\"ct_depth\":6,\"nicename\":\"Div (#21)\"}'][ct_image ct_sign_sha256='73fe222d5aa501c3ea44c117f866bf2e80a2fbd3ab17441e6b2e3b0edb3c9f83' ct_options='{\"ct_id\":15,\"ct_parent\":14,\"selector\":\"image-15-381\",\"original\":{\"attachment_id\":161,\"attachment_height\":300,\"attachment_width\":300,\"attachment_url\":\"https:\/\/matrix.ejsa-rot.desite\/wp-content\/uploads\/2021\/04\/hand-outline-gesture-3_113964-300x300.png\",\"src\":\"https:\/\/matrix.ejsa-rot.desite\/wp-content\/uploads\/2022\/07\/Eb3JMD_Alltag_BeratungvorOrt.jpg\"},\"ct_depth\":7,\"nicename\":\"Image (#71)\"}'][\/ct_image][\/ct_div_block_6][ct_div_block_6 ct_sign_sha256='fd6ed3896b8d765d161e6e07869c7fee18284fabad0cd23d9b5096a640c21b5e' ct_options='{\"ct_id\":18,\"ct_parent\":13,\"selector\":\"div_block-18-381\",\"original\":{\"width\":\"100\",\"width-unit\":\"%\",\"margin-right\":\"1\",\"margin-right-unit\":\"%\",\"align-items\":\"center\",\"text-align\":\"center\"},\"ct_depth\":6,\"nicename\":\"Div (#52)\"}'][oxy_rich_text ct_sign_sha256='b76a8cf113ee155b3b54d71d138ae112f1ae625244c55e1cd93f1b131be5eed9' ct_options='{\"ct_id\":19,\"ct_parent\":18,\"selector\":\"_rich_text-19-381\",\"original\":{\"font-family\":\"Poppins\",\"text-align\":\"center\",\"font-weight\":\"500\",\"margin-bottom\":\"8\",\"padding-top\":\"10\",\"color\":\"color(20)\",\"font-size\":\"18\"},\"activeselector\":false,\"ct_depth\":7,\"nicename\":\"Rich Text (#53)\"}']<p>Beratung vor Ort<\/p>[\/oxy_rich_text][\/ct_div_block_6][ct_div_block_6 ct_sign_sha256='26794d1d6acd7a932bc56c1b311830a61a1aaea967ecf8515a580e5f56389aab' ct_options='{\"ct_id\":20,\"ct_parent\":13,\"selector\":\"div_block-20-381\",\"original\":{\"width\":\"100\",\"width-unit\":\"%\",\"align-items\":\"center\",\"text-align\":\"center\"},\"ct_depth\":6,\"nicename\":\"Div (#54)\"}'][oxy_rich_text ct_sign_sha256='9ccd28a64cbcb0e09cbc313dbf65b7c4a4302d2ccc891cf5d76cf5429332505c' ct_options='{\"ct_id\":21,\"ct_parent\":20,\"selector\":\"_rich_text-21-381\",\"original\":{\"font-size\":\"15\",\"text-align\":\"center\",\"font-family\":{\"0\":\"global\",\"1\":\"Display\"},\"padding-top\":\"0\",\"padding-left\":\"9\",\"padding-right\":\"9\",\"padding-bottom\":\"9\",\"color\":\"color(32)\"},\"activeselector\":false,\"ct_depth\":7,\"nicename\":\"Rich Text (#55)\"}']<p>Der Jugendmigrationsdienst ber\u00e4t Dich pers\u00f6nlich bei der Suche nach einer Wohnung, der Beantragung von Kindergeld, dem Abschluss eines Handyvertrags oder einer Versicherung<\/p>[\/oxy_rich_text][oxy_rich_text ct_sign_sha256='de759785fbce6bd5445a187900d0559958c521e3796d410df1dd46aacd17c342' ct_options='{\"ct_id\":55,\"ct_parent\":20,\"selector\":\"_rich_text-55-381\",\"original\":{\"font-size\":\"15\",\"text-align\":\"left\",\"font-family\":{\"0\":\"global\",\"1\":\"Display\"},\"padding-top\":\"0\",\"padding-left\":\"9\",\"padding-right\":\"9\",\"padding-bottom\":\"9\",\"color\":\"color(32)\"},\"activeselector\":false,\"ct_depth\":7,\"nicename\":\"Rich Text (#55)\"}']<p><strong>Senad Azemovic<br \/><\/strong>Ansbach, Neustadt\/ Aisch<br \/>Tel.: 0981 9720-387<br \/>Mobil: 01738 707014<br \/>senad.azemovic@ejsa-rot.de<\/p>\n<p><strong>Elena Eschenbrenner<br \/><\/strong>Rothenburg, Feuchtwangen, Uffenheim<br \/>Tel.: 09861 9369-422<br \/>Mobil: 01523 4777641<br \/>helene.eschenbrenner@ejsa-rot.de<\/p>\n<p><strong>Liudmyla Fl\u00e4mig<br \/><\/strong>Bad Windsheim, Neustadt \/ Aisch<br \/>Mobil: 01522 4847727<br \/>liudmyla.flaemig@ejsa-rot.de<\/p>\n<p><strong>Thomas Raithel<br \/><\/strong>B\u00fcro Rothenburg<br \/>Tel.: 09861 9369-425<br \/>thomas.raithel@ejsa-rot.de<\/p>[\/oxy_rich_text][\/ct_div_block_6][\/ct_div_block_5][\/ct_link_4][\/ct_div_block_3][ct_div_block_3 ct_sign_sha256='fc96ac8450448ae3951157dd56e35ba722fec628b4bfcb80108bc3222a370597' ct_options='{\"ct_id\":22,\"ct_parent\":10,\"selector\":\"div_block-22-381\",\"original\":{\"width\":\"25.00\",\"width-unit\":\"%\"},\"nicename\":\"Div (#253)\",\"ct_depth\":3}'][ct_link_4 ct_sign_sha256='e088d8a5132cc61d2851be19ea966a274bdd21c3cbc38dcc7646fd87b35a99c2' ct_options='{\"ct_id\":23,\"ct_parent\":22,\"selector\":\"link-23-381\",\"original\":{\"width-unit\":\"%\",\"width\":\"90\",\"url\":\"https:\/\/matrix.ejsa-rot.desite\/integration\/unterstuetzung-im-alltag\/alltag-jmd4you\/\",\"target\":\"\",\"url_encoded\":\"true\"},\"nicename\":\"Div (#186)\",\"ct_depth\":4}'][ct_div_block_5 ct_sign_sha256='e1919529a822296111bb3059937a97d136187d4b725995311f2e70e7f13b2d68' ct_options='{\"ct_id\":24,\"ct_parent\":23,\"selector\":\"div_block-24-381\",\"original\":{\"width-unit\":\"%\",\"justify-content\":\"space-between\",\"min-height-unit\":\"%\",\"min-height\":\"\",\"background-color\":\"#ffffff\",\"margin-right-unit\":\"%\",\"width\":\"100\",\"height-unit\":\"%\"},\"nicename\":\"Col1\",\"activeselector\":false,\"ct_depth\":5}'][ct_div_block_6 ct_sign_sha256='00f3692235242cb3d187b8e64e6daefe3d49f145bad25590cfee213fafed4fb5' ct_options='{\"ct_id\":25,\"ct_parent\":24,\"selector\":\"div_block-25-381\",\"original\":{\"width\":\"100\",\"width-unit\":\"%\"},\"ct_depth\":6,\"nicename\":\"Div (#21)\"}'][ct_image ct_sign_sha256='53b769fb65587803026998837c02b3f381b0b96dde6f8e79cdb8fb7df7f9088c' ct_options='{\"ct_id\":26,\"ct_parent\":25,\"selector\":\"image-26-381\",\"original\":{\"attachment_id\":161,\"attachment_height\":300,\"attachment_width\":300,\"attachment_url\":\"https:\/\/matrix.ejsa-rot.desite\/wp-content\/uploads\/2021\/04\/hand-outline-gesture-3_113964-300x300.png\",\"src\":\"https:\/\/matrix.ejsa-rot.desite\/wp-content\/uploads\/2022\/07\/Eb3_Berufsorientierung_FibAC_pexels-reafon-gates-1498329_V2.jpg\"},\"ct_depth\":7,\"nicename\":\"Image (#71)\"}'][\/ct_image][\/ct_div_block_6][ct_div_block_6 ct_sign_sha256='37c91223f02a988de35b1ebac6c4dc99dc3db6a82f45c2c1c4ca4d1c4889c7e9' ct_options='{\"ct_id\":29,\"ct_parent\":24,\"selector\":\"div_block-29-381\",\"original\":{\"width\":\"100\",\"width-unit\":\"%\",\"margin-right\":\"1\",\"margin-right-unit\":\"%\",\"align-items\":\"center\",\"text-align\":\"center\"},\"ct_depth\":6,\"nicename\":\"Div (#52)\"}'][oxy_rich_text ct_sign_sha256='987e09ccf21d79009a86c9efb4ffa8a6ea6b6908cfa44755c480c7d8b62ac87d' ct_options='{\"ct_id\":30,\"ct_parent\":29,\"selector\":\"_rich_text-30-381\",\"original\":{\"font-size\":\"18\",\"font-family\":\"Poppins\",\"text-align\":\"center\",\"font-weight\":\"500\",\"margin-bottom\":\"8\",\"padding-top\":\"10\",\"color\":\"color(20)\"},\"activeselector\":false,\"ct_depth\":7,\"nicename\":\"Rich Text (#53)\"}']<p>Beratung online<\/p>[\/oxy_rich_text][\/ct_div_block_6][ct_div_block_6 ct_sign_sha256='75492101e00df656162a0aa2fb366c510386e3ff0f8c35e53673b52ddab9177e' ct_options='{\"ct_id\":31,\"ct_parent\":24,\"selector\":\"div_block-31-381\",\"original\":{\"width\":\"100\",\"width-unit\":\"%\",\"align-items\":\"center\",\"text-align\":\"center\"},\"ct_depth\":6,\"nicename\":\"Div (#54)\"}'][oxy_rich_text ct_sign_sha256='5f20ca2221841bca6eac7a807108efef5c0f4bb53cbb4d15d629f5435b3a166c' ct_options='{\"ct_id\":32,\"ct_parent\":31,\"selector\":\"_rich_text-32-381\",\"original\":{\"font-size\":\"15\",\"text-align\":\"center\",\"font-family\":{\"0\":\"global\",\"1\":\"Display\"},\"padding-top\":\"0\",\"padding-left\":\"9\",\"padding-right\":\"9\",\"padding-bottom\":\"9\",\"color\":\"color(32)\"},\"activeselector\":false,\"ct_depth\":7,\"nicename\":\"Rich Text (#55)\"}']<p>Bei JMD4you kannst Du erste Infos bekommen und eine Beratung in Anspruch nehmen.<br \/>Jmd4you ist das Onlineberatungsangebot der Jugendmigrationsdienste (JMD) in Deutschland<\/p>[\/oxy_rich_text][oxy_rich_text ct_sign_sha256='3c87e6e7b3ddc32ef6d2c6a00533fc8568eaae61021d98380194df52934e5976' ct_options='{\"ct_id\":56,\"ct_parent\":31,\"selector\":\"_rich_text-56-381\",\"original\":{\"font-size\":\"15\",\"text-align\":\"left\",\"font-family\":{\"0\":\"global\",\"1\":\"Display\"},\"padding-top\":\"0\",\"padding-left\":\"9\",\"padding-right\":\"9\",\"padding-bottom\":\"9\",\"color\":\"color(32)\"},\"activeselector\":false,\"ct_depth\":7,\"nicename\":\"Rich Text (#55)\"}'][\/oxy_rich_text][\/ct_div_block_6][\/ct_div_block_5][\/ct_link_4][\/ct_div_block_3][ct_div_block_3 ct_sign_sha256='0ef7582c72a044e829cbb4ce9402801be86353588d0e3316a0710e16fd80f6b0' ct_options='{\"ct_id\":33,\"ct_parent\":10,\"selector\":\"div_block-33-381\",\"original\":{\"width\":\"25.00\",\"width-unit\":\"%\"},\"nicename\":\"Div (#254)\",\"ct_depth\":3}'][ct_link_4 ct_sign_sha256='52c35b3c77c6156b4185be025b3ad47c63893728ba4336cfaac586b218e929bc' ct_options='{\"ct_id\":34,\"ct_parent\":33,\"selector\":\"link-34-381\",\"original\":{\"width\":\"90\",\"width-unit\":\"%\",\"url\":\"https:\/\/matrix.ejsa-rot.desite\/integration\/unterstuetzung-im-alltag\/alltag-sprachmittler\/\",\"target\":\"\",\"url_encoded\":\"true\"},\"nicename\":\"Div (#186)\",\"ct_depth\":4}'][ct_div_block_5 ct_sign_sha256='ba443c5228f12ebcc6176979dacc52c8f76623ed0858269fa933d51ac3eab469' ct_options='{\"ct_id\":35,\"ct_parent\":34,\"selector\":\"div_block-35-381\",\"original\":{\"width-unit\":\"%\",\"justify-content\":\"space-between\",\"min-height-unit\":\"%\",\"min-height\":\"\",\"background-color\":\"#ffffff\",\"margin-right-unit\":\"%\",\"width\":\"100\",\"height-unit\":\"%\"},\"nicename\":\"Col1\",\"ct_depth\":5}'][ct_div_block_6 ct_sign_sha256='03d1dffde76450dae6bfda9c433ba8676d4a091a00e06c333c81f36f6131909c' ct_options='{\"ct_id\":36,\"ct_parent\":35,\"selector\":\"div_block-36-381\",\"original\":{\"width\":\"100\",\"width-unit\":\"%\"},\"ct_depth\":6,\"nicename\":\"Div (#21)\"}'][ct_image ct_sign_sha256='36f89ecbc9bf9687a22a04f803b45eb54f3efe98ab7433f498824bba86dc547e' ct_options='{\"ct_id\":37,\"ct_parent\":36,\"selector\":\"image-37-381\",\"original\":{\"attachment_id\":161,\"attachment_height\":300,\"attachment_width\":300,\"attachment_url\":\"https:\/\/matrix.ejsa-rot.desite\/wp-content\/uploads\/2021\/04\/hand-outline-gesture-3_113964-300x300.png\",\"src\":\"https:\/\/matrix.ejsa-rot.desite\/wp-content\/uploads\/2022\/08\/NEU_Eb3_Integrationsfragen_SKM_iStock-815960572-Kopie-2.jpg\"},\"ct_depth\":7,\"nicename\":\"Image (#71)\"}'][\/ct_image][\/ct_div_block_6][ct_div_block_6 ct_sign_sha256='f83a70fc50277fd169a2ae4bcc2a99c717af064c9043bf54e45aecf1b819e7e3' ct_options='{\"ct_id\":40,\"ct_parent\":35,\"selector\":\"div_block-40-381\",\"original\":{\"width\":\"100\",\"width-unit\":\"%\",\"margin-right\":\"1\",\"margin-right-unit\":\"%\",\"align-items\":\"center\",\"text-align\":\"center\"},\"ct_depth\":6,\"nicename\":\"Div (#52)\"}'][oxy_rich_text ct_sign_sha256='e49824940196d4762fc7fbe220b1e2444a23bf5e992efafc9b8848a482b7a94c' ct_options='{\"ct_id\":41,\"ct_parent\":40,\"selector\":\"_rich_text-41-381\",\"original\":{\"font-size\":\"18\",\"font-family\":\"Poppins\",\"text-align\":\"center\",\"font-weight\":\"500\",\"margin-bottom\":\"8\",\"padding-top\":\"10\",\"color\":\"color(20)\"},\"ct_depth\":7,\"nicename\":\"Rich Text (#53)\"}']<p>\u00dcbersetzer<\/p>[\/oxy_rich_text][\/ct_div_block_6][ct_div_block_6 ct_sign_sha256='5f63706510e2cacc1841eab91a059469c3e5d3a2e9413e5b2c129db680dbbc8b' ct_options='{\"ct_id\":42,\"ct_parent\":35,\"selector\":\"div_block-42-381\",\"original\":{\"width\":\"100\",\"width-unit\":\"%\",\"align-items\":\"center\",\"text-align\":\"center\"},\"ct_depth\":6,\"nicename\":\"Div (#54)\"}'][oxy_rich_text ct_sign_sha256='ec0167a998a0a59d2e0c03e17d85db0bec6d0208fb283461f3b8d352004c70ae' ct_options='{\"ct_id\":43,\"ct_parent\":42,\"selector\":\"_rich_text-43-381\",\"original\":{\"font-size\":\"15\",\"text-align\":\"center\",\"font-family\":{\"0\":\"global\",\"1\":\"Display\"},\"padding-top\":\"0\",\"padding-left\":\"9\",\"padding-right\":\"9\",\"padding-bottom\":\"9\",\"color\":\"color(32)\"},\"ct_depth\":7,\"nicename\":\"Rich Text (#55)\"}']<p>Wir vermitteln Dir einen ehrenamtlichen \u00dcbersetzer\/ Sprachmittler f\u00fcr Deine Termine \u2013 bei \u00c4mtern oder anderen Beratungsstellen. Bisher in sieben Sprachen verf\u00fcgbar<\/p>[\/oxy_rich_text][oxy_rich_text ct_sign_sha256='e0def9f36d3b8ab83c3ad200a5e55f13a65cc7df10e05cef2ffadb8af2b91d7b' ct_options='{\"ct_id\":58,\"ct_parent\":42,\"selector\":\"_rich_text-58-381\",\"original\":{\"font-size\":\"15\",\"text-align\":\"left\",\"font-family\":{\"0\":\"global\",\"1\":\"Display\"},\"padding-top\":\"0\",\"padding-left\":\"9\",\"padding-right\":\"9\",\"padding-bottom\":\"9\",\"color\":\"color(32)\"},\"activeselector\":false,\"ct_depth\":7,\"nicename\":\"Rich Text (#55)\"}']<p><strong>Laura Gudd<br \/><\/strong>Rothenburg, Feuchtwangen, Ansbach<br \/>Tel.: 09861 9369-423<br \/>laura.gudd@ejsa-rot.de<\/p>[\/oxy_rich_text][\/ct_div_block_6][\/ct_div_block_5][\/ct_link_4][\/ct_div_block_3][ct_div_block_3 ct_sign_sha256='3463fde1d8a28b706b9533ad8bfedd2dfbf612433ec7bd9fbb272c9e06276779' ct_options='{\"ct_id\":44,\"ct_parent\":10,\"selector\":\"div_block-44-381\",\"original\":{\"width\":\"25.00\",\"width-unit\":\"%\"},\"nicename\":\"Div (#255)\",\"ct_depth\":3}'][ct_link_4 ct_sign_sha256='29509513a01aa0643fc02febbd361b0fd27afbbad0ac4d9fa52df36df6f72c0a' ct_options='{\"ct_id\":45,\"ct_parent\":44,\"selector\":\"link-45-381\",\"original\":{\"width\":\"90\",\"width-unit\":\"%\",\"url\":\"https:\/\/matrix.ejsa-rot.desite\/integration\/unterstuetzung-im-alltag\/alltag-t2b\/\",\"target\":\"\",\"url_encoded\":\"true\"},\"nicename\":\"Div (#186)\",\"ct_depth\":4}'][ct_div_block_5 ct_sign_sha256='aeda4f675b9a47372409878faa4022a92ea5d49a64258b8054b5b5959dad717c' ct_options='{\"ct_id\":46,\"ct_parent\":45,\"selector\":\"div_block-46-381\",\"original\":{\"width-unit\":\"%\",\"justify-content\":\"space-between\",\"min-height-unit\":\"%\",\"min-height\":\"\",\"background-color\":\"#ffffff\",\"margin-right-unit\":\"%\",\"width\":\"100\",\"height-unit\":\"%\"},\"nicename\":\"Col1\",\"ct_depth\":5}'][ct_div_block_6 ct_sign_sha256='22ea92f622d956122fe03cffe2ef86c6ef5801487b24a6bdabc842b0846e01ca' ct_options='{\"ct_id\":47,\"ct_parent\":46,\"selector\":\"div_block-47-381\",\"original\":{\"width\":\"100\",\"width-unit\":\"%\"},\"ct_depth\":6,\"nicename\":\"Div (#21)\"}'][ct_image ct_sign_sha256='ea43e35c8e684e313b580d747e14264b51fe88d96e741fa3077beb203770dd65' ct_options='{\"ct_id\":48,\"ct_parent\":47,\"selector\":\"image-48-381\",\"original\":{\"attachment_id\":161,\"attachment_height\":300,\"attachment_width\":300,\"attachment_url\":\"https:\/\/matrix.ejsa-rot.desite\/wp-content\/uploads\/2021\/04\/hand-outline-gesture-3_113964-300x300.png\",\"src\":\"https:\/\/matrix.ejsa-rot.desite\/wp-content\/uploads\/2022\/07\/Eb3_Alltag_time2be-2_.jpg\"},\"ct_depth\":7,\"nicename\":\"Image (#71)\"}'][\/ct_image][\/ct_div_block_6][ct_div_block_6 ct_sign_sha256='3a470a8cc3699d06ae4a1c4bd09359e01d65b7499d5cf13aa88d902adc9ee56f' ct_options='{\"ct_id\":51,\"ct_parent\":46,\"selector\":\"div_block-51-381\",\"original\":{\"width\":\"100\",\"width-unit\":\"%\",\"margin-right\":\"1\",\"margin-right-unit\":\"%\",\"align-items\":\"center\",\"text-align\":\"center\"},\"ct_depth\":6,\"nicename\":\"Div (#52)\"}'][oxy_rich_text ct_sign_sha256='8e07b9622a7d87aa888c133456589f672320599802a020ff8383fd34be9ebd65' ct_options='{\"ct_id\":52,\"ct_parent\":51,\"selector\":\"_rich_text-52-381\",\"original\":{\"font-family\":\"Poppins\",\"text-align\":\"center\",\"font-weight\":\"500\",\"margin-bottom\":\"8\",\"padding-top\":\"10\",\"color\":\"color(20)\",\"font-size\":\"18\"},\"ct_depth\":7,\"nicename\":\"Rich Text (#53)\"}']<p>Girls &amp; Ladies<\/p>[\/oxy_rich_text][\/ct_div_block_6][ct_div_block_6 ct_sign_sha256='46acee53c3e0f725cefb99308aae46634dea9f48b73e789e49b4ddd9681ed3cb' ct_options='{\"ct_id\":53,\"ct_parent\":46,\"selector\":\"div_block-53-381\",\"original\":{\"width\":\"100\",\"width-unit\":\"%\",\"align-items\":\"center\",\"text-align\":\"center\"},\"ct_depth\":6,\"nicename\":\"Div (#54)\"}'][oxy_rich_text ct_sign_sha256='05c390af2f9b630bbbc0999c8aa9c87b29c02b118f4c26a8e4a44b9ff004c44f' ct_options='{\"ct_id\":54,\"ct_parent\":53,\"selector\":\"_rich_text-54-381\",\"original\":{\"font-size\":\"15\",\"text-align\":\"center\",\"font-family\":{\"0\":\"global\",\"1\":\"Display\"},\"padding-top\":\"0\",\"padding-left\":\"9\",\"padding-right\":\"9\",\"padding-bottom\":\"9\",\"color\":\"color(32)\"},\"ct_depth\":7,\"nicename\":\"Rich Text (#55)\"}']<p>Das Projekt Time2be ist ein Treffpunkt f\u00fcr M\u00e4dchen und Frauen, um Freundinnen zu finden, zu reden, kreativ zu werden und jede Menge Spa\u00df zu haben.<br \/>Probiere doch etwas Neues aus \u2013 nur unter Girls bzw. nur unter Ladies<\/p>[\/oxy_rich_text][oxy_rich_text ct_sign_sha256='4815365734908eb157366435a82d145269af46d4e8f6ab370d69bd5e69d8aec3' ct_options='{\"ct_id\":60,\"ct_parent\":53,\"selector\":\"_rich_text-60-381\",\"original\":{\"font-size\":\"15\",\"text-align\":\"left\",\"font-family\":{\"0\":\"global\",\"1\":\"Display\"},\"padding-top\":\"0\",\"padding-left\":\"9\",\"padding-right\":\"9\",\"padding-bottom\":\"9\",\"color\":\"color(32)\"},\"activeselector\":false,\"ct_depth\":7,\"nicename\":\"Rich Text (#55)\"}']<p style=\"text-align: left;\"><strong>Liudmyla Fl\u00e4mig<br \/><\/strong>Bad Windsheim<br \/>Mobil: 01522 4847727<br \/>liudmyla.flaemig@ejsa-rot.de<\/p>[\/oxy_rich_text][\/ct_div_block_6][\/ct_div_block_5][\/ct_link_4][\/ct_div_block_3][\/ct_new_columns_3][\/ct_section_2][\/ct_div_block]","ct_template_type":"","ct_parent_template":0,"footnotes":""},"class_list":["post-381","page","type-page","status-publish","hentry"],"_links":{"self":[{"href":"https:\/\/matrix.ejsa-rot.de\/site\/wp-json\/wp\/v2\/pages\/381","targetHints":{"allow":["GET"]}}],"collection":[{"href":"https:\/\/matrix.ejsa-rot.de\/site\/wp-json\/wp\/v2\/pages"}],"about":[{"href":"https:\/\/matrix.ejsa-rot.de\/site\/wp-json\/wp\/v2\/types\/page"}],"author":[{"embeddable":true,"href":"https:\/\/matrix.ejsa-rot.de\/site\/wp-json\/wp\/v2\/users\/3"}],"replies":[{"embeddable":true,"href":"https:\/\/matrix.ejsa-rot.de\/site\/wp-json\/wp\/v2\/comments?post=381"}],"version-history":[{"count":2,"href":"https:\/\/matrix.ejsa-rot.de\/site\/wp-json\/wp\/v2\/pages\/381\/revisions"}],"predecessor-version":[{"id":541,"href":"https:\/\/matrix.ejsa-rot.de\/site\/wp-json\/wp\/v2\/pages\/381\/revisions\/541"}],"up":[{"embeddable":true,"href":"https:\/\/matrix.ejsa-rot.de\/site\/wp-json\/wp\/v2\/pages\/282"}],"wp:attachment":[{"href":"https:\/\/matrix.ejsa-rot.de\/site\/wp-json\/wp\/v2\/media?parent=381"}],"curies":[{"name":"wp","href":"https:\/\/api.w.org\/{rel}","templated":true}]}}