{"id":385,"date":"2021-10-13T22:11:26","date_gmt":"2021-10-13T20:11:26","guid":{"rendered":"https:\/\/matrix.ejsa-rot.desite\/?page_id=385"},"modified":"2022-03-29T21:37:01","modified_gmt":"2022-03-29T19:37:01","slug":"freizeit-freunde","status":"publish","type":"page","link":"https:\/\/matrix.ejsa-rot.de\/site\/integration\/freizeit-freunde\/","title":{"rendered":"Freizeit und Freunde"},"content":{"rendered":"","protected":false},"excerpt":{"rendered":"","protected":false},"author":3,"featured_media":0,"parent":282,"menu_order":4,"comment_status":"closed","ping_status":"closed","template":"","meta":{"ct_builder_shortcodes":"[ct_div_block ct_sign_sha256='928b9657c5fcc0e7d56bbfc9e6b949167214314d6b7af47231d335d17aab260b' ct_options='{\"ct_id\":1,\"ct_parent\":0,\"selector\":\"div_block-1-385\",\"original\":{\"background-color\":\"#f4f4f4\"},\"nicename\":\"4_mit_Icons\",\"activeselector\":false,\"ct_depth\":1}'][ct_section_2 ct_sign_sha256='ffd63fa43087f1442f01169375db7b5f726cc298b535027055a708cc6a13a16b' ct_options='{\"ct_id\":2,\"ct_parent\":1,\"selector\":\"section-2-385\",\"ct_category\":\"Content\",\"nicename\":\"Level2\",\"ct_depth\":2,\"original\":{\"gradient\":{\"colors\":{\"0\":{\"position-unit\":\"px\",\"value\":\"\"},\"1\":{\"position-unit\":\"px\",\"value\":\"\"}}},\"background-color\":\"#f4f4f4\",\"container-padding-top-unit\":\"px\",\"container-padding-top\":\"60\",\"container-padding-bottom-unit\":\"px\",\"container-padding-bottom\":\"60\"}}'][ct_new_columns_3 ct_sign_sha256='a8791c1c820f4a9afef78bd3a3bfad890582bd03e6850e48c727b09e94239ef6' ct_options='{\"ct_id\":3,\"ct_parent\":2,\"selector\":\"new_columns-3-385\",\"original\":{\"margin-bottom\":\"15\",\"gradient\":{\"colors\":{\"0\":{\"position-unit\":\"px\",\"value\":\"\"},\"1\":{\"position-unit\":\"px\",\"value\":\"\"}},\"linear-angle\":\"180\"},\"stack-columns-vertically\":\"tablet\",\"background-size\":\"auto\"},\"nicename\":\"Title\",\"ct_depth\":3}'][ct_div_block_3 ct_sign_sha256='dff0ca24d182d1d4bbfbbd9b6fd6915dbb4f0977d98e3cf6725b21315d9fce52' ct_options='{\"ct_id\":4,\"ct_parent\":3,\"selector\":\"div_block-4-385\",\"original\":{\"width\":\"30\",\"width-unit\":\"%\",\"border-right-style\":\"none\",\"border-left-style\":\"solid\",\"border-left-width\":\"3\",\"border-left-color\":\"color(35)\"},\"ct_depth\":3,\"nicename\":\"Div (#11)\"}'][ct_text_block ct_sign_sha256='4955cc513a05a17232679ab182f5edc7a594a08e4f35520b5a57c4d01f69db50' ct_options='{\"ct_id\":5,\"ct_parent\":4,\"selector\":\"text_block-5-385\",\"nicename\":\"Untertitel\",\"ct_depth\":4,\"original\":{\"font-family\":{\"0\":\"global\",\"1\":\"Display\"},\"font-size\":\"18\",\"color\":\"color(35)\"}}']<i>Integration<\/i>[\/ct_text_block][ct_headline ct_sign_sha256='aad151632772e77eb97668eac0dd902ee4eb64a1a6b839d25bf518f41a5dddd0' ct_options='{\"ct_id\":6,\"ct_parent\":4,\"selector\":\"headline-6-385\",\"original\":{\"font-family\":\"Lobster\",\"font-size\":\"38\"},\"activeselector\":false,\"ct_depth\":4,\"nicename\":\"Heading (#3)\"}']<span style=\"font-weight: 400;\">Freunde und mehr<\/span>[\/ct_headline][\/ct_div_block_3][ct_div_block_3 ct_sign_sha256='ff8fa9d65c6c2a0e5dbc9321f9dd266bd31cd1a81ab78fdca3be54a9acd74f1b' ct_options='{\"ct_id\":7,\"ct_parent\":3,\"selector\":\"div_block-7-385\",\"original\":{\"width\":\"70.00\",\"width-unit\":\"%\"},\"ct_depth\":3,\"nicename\":\"Div (#12)\"}'][ct_text_block ct_sign_sha256='68302e1871e978b9de0351c538f31450ffb399592fe1b2606e8fca3c4c924d9b' ct_options='{\"ct_id\":8,\"ct_parent\":7,\"selector\":\"text_block-8-385\",\"original\":{\"font-size\":\"17\",\"font-family\":{\"0\":\"global\",\"1\":\"Display\"},\"color\":\"color(32)\"},\"activeselector\":false,\"ct_depth\":4,\"nicename\":\"Text (#91)\"}']Was machst Du in der Freizeit? Wo lernst Du Leute kennen? Es gibt viele Angebote, damit Du \u00fcber die Arbeit hinaus gut ankommen kannst. Willst Du Dich auszupowern und echte Gemeinschaft erleben? Da ist f\u00fcr jede und jeden etwas dabei!<br>[\/ct_text_block][\/ct_div_block_3][\/ct_new_columns_3][ct_new_columns_3 ct_sign_sha256='510003ee4bc8ae09e65a6b4b59d967ff3afda5948eaafe5b11e95602d637ee47' ct_options='{\"ct_id\":56,\"ct_parent\":2,\"selector\":\"new_columns-56-385\",\"nicename\":\"Columns (#56)\",\"ct_depth\":3}'][ct_div_block_3 ct_sign_sha256='6f7e433c6fac9d611eb54012bc4cb15de61f12a73c142154cee7c2ccdd2be76a' ct_options='{\"ct_id\":57,\"ct_parent\":56,\"selector\":\"div_block-57-385\",\"original\":{\"width\":\"50\",\"width-unit\":\"%\"},\"nicename\":\"Div (#57)\",\"activeselector\":false,\"ct_depth\":3}'][ct_link_4 ct_sign_sha256='f3e292a549381a0d85d349880216ee09d2ea176dcec4f025b3d9669c9c89ce28' ct_options='{\"ct_id\":11,\"ct_parent\":57,\"selector\":\"link-11-385\",\"original\":{\"width\":\"90\",\"width-unit\":\"%\",\"url\":\"https:\/\/matrix.ejsa-rot.desite\/integration\/freizeit-freunde\/freizeit-freunde-jmd\/\",\"target\":\"\",\"url_encoded\":\"true\"},\"nicename\":\"Div (#186)\",\"ct_depth\":4}'][ct_div_block_5 ct_sign_sha256='5408b4193a953c3784e1cac1f5d9c52befca57da9a96d221177038408ccdf990' ct_options='{\"ct_id\":12,\"ct_parent\":11,\"selector\":\"div_block-12-385\",\"original\":{\"width-unit\":\"%\",\"justify-content\":\"space-between\",\"min-height-unit\":\"%\",\"min-height\":\"\",\"background-color\":\"#ffffff\",\"margin-right-unit\":\"%\",\"width\":\"100\",\"height-unit\":\"%\"},\"nicename\":\"Col1\",\"activeselector\":false,\"ct_depth\":5}'][ct_div_block_6 ct_sign_sha256='ef0e79222279be918ce38ab7db992646417b5f4b2bbcec4dd9b363e53c2e8dd4' ct_options='{\"ct_id\":13,\"ct_parent\":12,\"selector\":\"div_block-13-385\",\"original\":{\"width\":\"100\",\"width-unit\":\"%\"},\"ct_depth\":6,\"nicename\":\"Div (#21)\"}'][ct_image ct_sign_sha256='d373e3291fc98808e42541754f13588b7f8ca985e38f69fbb8119df0747fa7e8' ct_options='{\"ct_id\":14,\"ct_parent\":13,\"selector\":\"image-14-385\",\"original\":{\"attachment_id\":161,\"attachment_height\":300,\"attachment_width\":300,\"attachment_url\":\"https:\/\/matrix.ejsa-rot.desite\/wp-content\/uploads\/2021\/04\/hand-outline-gesture-3_113964-300x300.png\",\"src\":\"https:\/\/matrix.ejsa-rot.desite\/wp-content\/uploads\/2022\/07\/NEU_Eb3_Freiziet_JMD_pexels-pixabay-262524.jpg\"},\"ct_depth\":7,\"nicename\":\"Image (#71)\"}'][\/ct_image][\/ct_div_block_6][ct_div_block_6 ct_sign_sha256='346ab5de6c01800dc7e7a75d38e005bdc318be4be8ffd727a89a915b408113dc' ct_options='{\"ct_id\":17,\"ct_parent\":12,\"selector\":\"div_block-17-385\",\"original\":{\"width\":\"100\",\"width-unit\":\"%\",\"margin-right\":\"1\",\"margin-right-unit\":\"%\",\"align-items\":\"center\",\"text-align\":\"center\"},\"ct_depth\":6,\"nicename\":\"Div (#52)\"}'][oxy_rich_text ct_sign_sha256='17975eb4c27a5d0c10db3bdc7b0131f939886839f3a32e03d9d3c0c3b43f69af' ct_options='{\"ct_id\":18,\"ct_parent\":17,\"selector\":\"_rich_text-18-385\",\"original\":{\"font-family\":\"Poppins\",\"text-align\":\"center\",\"font-weight\":\"500\",\"margin-bottom\":\"8\",\"padding-top\":\"10\",\"color\":\"color(20)\",\"font-size\":\"18\"},\"activeselector\":false,\"ct_depth\":7,\"nicename\":\"Rich Text (#53)\"}']<p>Adressen &amp; Tipps<\/p>[\/oxy_rich_text][\/ct_div_block_6][ct_div_block_6 ct_sign_sha256='05f61c1441ceaa79e935e5395bfde35e25696f3cfea8b97cd0359fa612b7af8d' ct_options='{\"ct_id\":19,\"ct_parent\":12,\"selector\":\"div_block-19-385\",\"original\":{\"width\":\"100\",\"width-unit\":\"%\",\"align-items\":\"center\",\"text-align\":\"center\"},\"ct_depth\":6,\"nicename\":\"Div (#54)\"}'][oxy_rich_text ct_sign_sha256='af3da98d1369238995c35f772b2b3dd3f687c2cb270e1b9f597b3c0b2ff88ee2' ct_options='{\"ct_id\":20,\"ct_parent\":19,\"selector\":\"_rich_text-20-385\",\"original\":{\"font-size\":\"15\",\"text-align\":\"center\",\"font-family\":{\"0\":\"global\",\"1\":\"Display\"},\"padding-top\":\"0\",\"padding-left\":\"9\",\"padding-right\":\"9\",\"padding-bottom\":\"9\",\"color\":\"color(32)\"},\"activeselector\":false,\"ct_depth\":7,\"nicename\":\"Rich Text (#55)\"}']<p>Wir unterst\u00fctzen Dich bei der Suche nach Sprachkursen, einem Sport- oder Musikverein, Feuerwehr, Jugendtreff oder einer Gemeinde. Vieles ist m\u00f6glich, auch das Engagement in der Nachbarschaftshilfe oder im Tierheim.<br \/><br \/><\/p>[\/oxy_rich_text][oxy_rich_text ct_sign_sha256='b8c19f03944ae2b43e61c71c1ac2a7941924d1391b9cd0af5d6236682a24d0a9' ct_options='{\"ct_id\":62,\"ct_parent\":19,\"selector\":\"_rich_text-62-385\",\"original\":{\"font-size\":\"15\",\"text-align\":\"left\",\"font-family\":{\"0\":\"global\",\"1\":\"Display\"},\"padding-top\":\"0\",\"padding-left\":\"9\",\"padding-right\":\"9\",\"padding-bottom\":\"9\",\"color\":\"color(32)\"},\"activeselector\":false,\"ct_depth\":7,\"nicename\":\"Rich Text (#55)\"}']<p><strong>Senad Azemovic<br \/><\/strong>Ansbach, Neustadt\/ Aisch<br \/>Tel.: 0981 9720-387<br \/>Mobil: 01738 707014<br \/>senad.azemovic@ejsa-rot.de<\/p>\n<p><strong>Elena Eschenbrenner<br \/><\/strong>Rothenburg, Feuchtwangen, Uffenheim<br \/>Tel.: 09861 9369-422<br \/>Mobil: 01523 4777641<br \/>elena.eschenbrenner@ejsa-rot.de<\/p>\n<p><strong>Johanna Memhardt<br \/><\/strong>Rothenburg<br \/>Tel.: 09861 9369-424<br \/>Mobil: 01522 4880383<br \/>johanna.memhardt@ejsa-rot.de<\/p>[\/oxy_rich_text][\/ct_div_block_6][\/ct_div_block_5][\/ct_link_4][\/ct_div_block_3][ct_div_block_3 ct_sign_sha256='06eabb0605988197949e4ec96b66cbb91660b6d77dc4f6607f49ee2043f63f1d' ct_options='{\"ct_id\":58,\"ct_parent\":56,\"selector\":\"div_block-58-385\",\"original\":{\"width\":\"50\",\"width-unit\":\"%\"},\"nicename\":\"Div (#58)\",\"activeselector\":false,\"ct_depth\":3}'][ct_link_4 ct_sign_sha256='b3356f31e91b46efbd8eb3e91ec6567eec05dfadeacaaeaba970109632b7482e' ct_options='{\"ct_id\":22,\"ct_parent\":58,\"selector\":\"link-22-385\",\"original\":{\"width-unit\":\"%\",\"width\":\"90\",\"url\":\"https:\/\/matrix.ejsa-rot.desite\/integration\/freizeit-freunde\/t2b\/\",\"target\":\"\",\"url_encoded\":\"true\"},\"nicename\":\"Div (#186)\",\"ct_depth\":4}'][ct_div_block_5 ct_sign_sha256='3013fb3646881767d731298bf74b2aeaa73b123db1efd6b5715e4faf463968b1' ct_options='{\"ct_id\":23,\"ct_parent\":22,\"selector\":\"div_block-23-385\",\"original\":{\"width-unit\":\"%\",\"justify-content\":\"space-between\",\"min-height-unit\":\"%\",\"min-height\":\"\",\"background-color\":\"#ffffff\",\"margin-right-unit\":\"%\",\"width\":\"100\",\"height-unit\":\"%\"},\"nicename\":\"Col1\",\"activeselector\":false,\"ct_depth\":5}'][ct_div_block_6 ct_sign_sha256='79b32efb6395c42e8c20f22c43580686e2726cf75dfb7cda7a3ee7e6feb3c55f' ct_options='{\"ct_id\":24,\"ct_parent\":23,\"selector\":\"div_block-24-385\",\"original\":{\"width\":\"100\",\"width-unit\":\"%\"},\"ct_depth\":6,\"nicename\":\"Div (#21)\"}'][ct_image ct_sign_sha256='86976505763666827941ecd7ced88dba91682ad561facc6c1ed48f83b3d1a821' ct_options='{\"ct_id\":25,\"ct_parent\":24,\"selector\":\"image-25-385\",\"original\":{\"attachment_id\":161,\"attachment_height\":300,\"attachment_width\":300,\"attachment_url\":\"https:\/\/matrix.ejsa-rot.desite\/wp-content\/uploads\/2021\/04\/hand-outline-gesture-3_113964-300x300.png\",\"src\":\"https:\/\/matrix.ejsa-rot.desite\/wp-content\/uploads\/2022\/07\/Eb3_Freizeit_Freunde_Time2be.jpg\"},\"ct_depth\":7,\"nicename\":\"Image (#71)\"}'][\/ct_image][\/ct_div_block_6][ct_div_block_6 ct_sign_sha256='81a0f97244b5e5458bc6ca70a1775ff2e9777c8bf641cd5b8122425bb009d538' ct_options='{\"ct_id\":28,\"ct_parent\":23,\"selector\":\"div_block-28-385\",\"original\":{\"width\":\"100\",\"width-unit\":\"%\",\"margin-right\":\"1\",\"margin-right-unit\":\"%\",\"align-items\":\"center\",\"text-align\":\"center\"},\"ct_depth\":6,\"nicename\":\"Div (#52)\"}'][oxy_rich_text ct_sign_sha256='ae14966d4d1f8e73af25e84151a26ca15258e0ac103af2bb496b2fe6f77a2fbe' ct_options='{\"ct_id\":29,\"ct_parent\":28,\"selector\":\"_rich_text-29-385\",\"original\":{\"font-size\":\"18\",\"font-family\":\"Poppins\",\"text-align\":\"center\",\"font-weight\":\"500\",\"margin-bottom\":\"8\",\"padding-top\":\"10\",\"color\":\"color(20)\"},\"ct_depth\":7,\"nicename\":\"Rich Text (#53)\"}']<p>Girls &amp; Ladies<\/p>[\/oxy_rich_text][\/ct_div_block_6][ct_div_block_6 ct_sign_sha256='d2e5a47f61b430f2886acee99a505c2063b96f8a3830a5eafd70617e26424a59' ct_options='{\"ct_id\":30,\"ct_parent\":23,\"selector\":\"div_block-30-385\",\"original\":{\"width\":\"100\",\"width-unit\":\"%\",\"align-items\":\"center\",\"text-align\":\"center\"},\"ct_depth\":6,\"nicename\":\"Div (#54)\"}'][oxy_rich_text ct_sign_sha256='ffe0ec9e7a3a626cad2adc304d6a9032b46ffe7405b6d2de80d7d54f0144fb07' ct_options='{\"ct_id\":31,\"ct_parent\":30,\"selector\":\"_rich_text-31-385\",\"original\":{\"font-size\":\"15\",\"text-align\":\"center\",\"font-family\":{\"0\":\"global\",\"1\":\"Display\"},\"padding-top\":\"0\",\"padding-left\":\"9\",\"padding-right\":\"9\",\"padding-bottom\":\"9\",\"color\":\"color(32)\"},\"activeselector\":false,\"ct_depth\":7,\"nicename\":\"Rich Text (#55)\"}']<p>Das Projekt Time2be ist ein Treffpunkt f\u00fcr M\u00e4dchen und Frauen, um Freundinnen zu finden, zu reden, kreativ zu werden, und jede Menge Spa\u00df zu haben.<br \/>Probiere doch etwas Neues aus \u2013 nur unter Girls bzw. nur unter Ladies<\/p>[\/oxy_rich_text][oxy_rich_text ct_sign_sha256='80a525fe19dd8f43c825fbf5ba0cb034c6e0f7a4e29070c357b7764e8863b93d' ct_options='{\"ct_id\":63,\"ct_parent\":30,\"selector\":\"_rich_text-63-385\",\"original\":{\"font-size\":\"15\",\"text-align\":\"left\",\"font-family\":{\"0\":\"global\",\"1\":\"Display\"},\"padding-top\":\"0\",\"padding-left\":\"9\",\"padding-right\":\"9\",\"padding-bottom\":\"9\",\"color\":\"color(32)\"},\"activeselector\":false,\"ct_depth\":7,\"nicename\":\"Rich Text (#55)\"}']<p style=\"text-align: left;\"><strong>Liudmyla Fl\u00e4mig<br \/><\/strong>Bad Windsheim<br \/>Mobil: 01522 4847727<br \/>liudmyla.flaemig@ejsa-rot.de<\/p>[\/oxy_rich_text][\/ct_div_block_6][\/ct_div_block_5][\/ct_link_4][\/ct_div_block_3][\/ct_new_columns_3][\/ct_section_2][\/ct_div_block]","ct_template_type":"","ct_parent_template":0,"footnotes":""},"class_list":["post-385","page","type-page","status-publish","hentry"],"_links":{"self":[{"href":"https:\/\/matrix.ejsa-rot.de\/site\/wp-json\/wp\/v2\/pages\/385","targetHints":{"allow":["GET"]}}],"collection":[{"href":"https:\/\/matrix.ejsa-rot.de\/site\/wp-json\/wp\/v2\/pages"}],"about":[{"href":"https:\/\/matrix.ejsa-rot.de\/site\/wp-json\/wp\/v2\/types\/page"}],"author":[{"embeddable":true,"href":"https:\/\/matrix.ejsa-rot.de\/site\/wp-json\/wp\/v2\/users\/3"}],"replies":[{"embeddable":true,"href":"https:\/\/matrix.ejsa-rot.de\/site\/wp-json\/wp\/v2\/comments?post=385"}],"version-history":[{"count":3,"href":"https:\/\/matrix.ejsa-rot.de\/site\/wp-json\/wp\/v2\/pages\/385\/revisions"}],"predecessor-version":[{"id":676,"href":"https:\/\/matrix.ejsa-rot.de\/site\/wp-json\/wp\/v2\/pages\/385\/revisions\/676"}],"up":[{"embeddable":true,"href":"https:\/\/matrix.ejsa-rot.de\/site\/wp-json\/wp\/v2\/pages\/282"}],"wp:attachment":[{"href":"https:\/\/matrix.ejsa-rot.de\/site\/wp-json\/wp\/v2\/media?parent=385"}],"curies":[{"name":"wp","href":"https:\/\/api.w.org\/{rel}","templated":true}]}}