{"id":533,"date":"2022-02-21T09:49:39","date_gmt":"2022-02-21T08:49:39","guid":{"rendered":"https:\/\/matrix.ejsa-rot.desite\/?page_id=533"},"modified":"2022-03-05T13:25:43","modified_gmt":"2022-03-05T12:25:43","slug":"ausbildungsbegleitung","status":"publish","type":"page","link":"https:\/\/matrix.ejsa-rot.de\/site\/ausbildung-job\/ausbildungsbegleitung\/","title":{"rendered":"Ausbildungsbegleitung"},"content":{"rendered":"","protected":false},"excerpt":{"rendered":"","protected":false},"author":7,"featured_media":0,"parent":284,"menu_order":0,"comment_status":"closed","ping_status":"closed","template":"","meta":{"ct_builder_shortcodes":"[ct_div_block ct_sign_sha256='a48a65e59d5c5fd5753a21a94a0b861b2ac506e8d706eb95a3dfc80bdf203a50' ct_options='{\"ct_id\":56,\"ct_parent\":0,\"selector\":\"div_block-56-533\",\"original\":{\"background-color\":\"#f4f4f4\",\"conditionspreview\":\"2\",\"globalConditionsResult\":true},\"nicename\":\"4_mit_Icons\",\"activeselector\":false,\"ct_depth\":1}'][ct_section_2 ct_sign_sha256='5981252b4ad289e2bc36020f4e2c35e0e0bda4d6e17d047be07828d0357503f2' ct_options='{\"ct_id\":57,\"ct_parent\":56,\"selector\":\"section-57-533\",\"ct_category\":\"Content\",\"nicename\":\"Level2\",\"ct_depth\":2,\"original\":{\"gradient\":{\"colors\":{\"0\":{\"position-unit\":\"px\",\"value\":\"\"},\"1\":{\"position-unit\":\"px\",\"value\":\"\"}}},\"background-color\":\"#f4f4f4\",\"container-padding-top-unit\":\"px\",\"container-padding-top\":\"60\",\"container-padding-bottom-unit\":\"px\",\"container-padding-bottom\":\"60\"},\"activeselector\":false}'][ct_new_columns_3 ct_sign_sha256='792d7b38ef8f38c4011b962cad105bb03c37a9e69f5d7cd4b602ba518ec1861d' ct_options='{\"ct_id\":58,\"ct_parent\":57,\"selector\":\"new_columns-58-533\",\"original\":{\"margin-bottom\":\"15\",\"gradient\":{\"colors\":{\"0\":{\"position-unit\":\"px\",\"value\":\"\"},\"1\":{\"position-unit\":\"px\",\"value\":\"\"}},\"linear-angle\":\"180\"},\"stack-columns-vertically\":\"tablet\",\"background-size\":\"auto\"},\"nicename\":\"Title\",\"ct_depth\":3}'][ct_div_block_3 ct_sign_sha256='6d3bd1ece5a7c990eef98a472142e6ef2f8ba77b2d1c652823c5081dafcea993' ct_options='{\"ct_id\":59,\"ct_parent\":58,\"selector\":\"div_block-59-533\",\"original\":{\"width\":\"30\",\"width-unit\":\"%\",\"border-right-style\":\"none\",\"border-left-style\":\"solid\",\"border-left-width\":\"3\",\"border-left-color\":\"color(34)\"},\"ct_depth\":3,\"nicename\":\"Div (#11)\"}'][ct_text_block ct_sign_sha256='f67890753e7d31e5c606cf413e16591530eb586767d0a657e075f53dbe153303' ct_options='{\"ct_id\":60,\"ct_parent\":59,\"selector\":\"text_block-60-533\",\"nicename\":\"Untertitel\",\"ct_depth\":4,\"original\":{\"font-family\":{\"0\":\"global\",\"1\":\"Display\"},\"font-size\":\"18\",\"color\":\"color(34)\"}}']<i>Ausbildungsbegleitung<\/i><br>[\/ct_text_block][ct_headline ct_sign_sha256='2ce27b6558cb15216abd98d083e47abbb26e00ffa1a43c0c740907b30849c365' ct_options='{\"ct_id\":61,\"ct_parent\":59,\"selector\":\"headline-61-533\",\"original\":{\"font-family\":\"Lobster\",\"font-size\":\"38\"},\"activeselector\":false,\"ct_depth\":4,\"nicename\":\"Heading (#3)\"}']<span style=\"font-weight: normal;\">Deine Chance<\/span>[\/ct_headline][\/ct_div_block_3][ct_div_block_3 ct_sign_sha256='2449df228bb59e9efac744d6fb595ec2ef147cbf1d41b1e71798abd13d3e30c3' ct_options='{\"ct_id\":62,\"ct_parent\":58,\"selector\":\"div_block-62-533\",\"original\":{\"width\":\"70.00\",\"width-unit\":\"%\"},\"activeselector\":false,\"ct_depth\":3,\"nicename\":\"Div (#12)\"}'][ct_text_block ct_sign_sha256='6c489f1e43218bb31932d234bd7cd4b06e6f32f0e5a04cf9a473b0bf89dc5c1f' ct_options='{\"ct_id\":63,\"ct_parent\":62,\"selector\":\"text_block-63-533\",\"original\":{\"font-size\":\"17\",\"font-family\":{\"0\":\"global\",\"1\":\"Display\"},\"color\":\"color(32)\"},\"activeselector\":false,\"ct_depth\":4,\"nicename\":\"Text (#91)\"}']Machst Du eine Ausbildung und brauchst Unterst\u00fctzung im schulischen Bereich? Oder hast Du Probleme im Betrieb, in der Familie oder mit Freunden? M\u00f6chtest Du mit jemandem im Vertrauen - auf Wunsch auch anonym - mal dar\u00fcber reden? Dann melde Dich gerne!<br>[\/ct_text_block][\/ct_div_block_3][\/ct_new_columns_3][ct_new_columns_3 ct_sign_sha256='39aeae34d63729c698965551a53d6705f010f6eb27b152629a8e6c55efa1874f' ct_options='{\"ct_id\":64,\"ct_parent\":57,\"selector\":\"new_columns-64-533\",\"nicename\":\"Columns (#251)\",\"ct_depth\":3}'][ct_div_block_3 ct_sign_sha256='2b55aa0760f20af81f5ff5ae57c7cf9f5e0af76300d841b3ba4f927c34fc385c' ct_options='{\"ct_id\":65,\"ct_parent\":64,\"selector\":\"div_block-65-533\",\"original\":{\"width\":\"25.00\",\"width-unit\":\"%\"},\"nicename\":\"Div (#252)\",\"ct_depth\":3}'][ct_link_4 ct_sign_sha256='a4fdc1d4ebcbaeaa65e19345a1283bebddc50589c9f11eabbdf6fb96bcda954a' ct_options='{\"ct_id\":66,\"ct_parent\":65,\"selector\":\"link-66-533\",\"original\":{\"width\":\"90\",\"width-unit\":\"%\",\"url\":\"https:\/\/matrix.ejsa-rot.desite\/ausbildung-job\/ausbildungsbegleitung\/ausbildungsbegl-asa\/\",\"target\":\"\",\"url_encoded\":\"true\"},\"nicename\":\"Div (#186)\",\"ct_depth\":4}'][ct_div_block_5 ct_sign_sha256='c8abeb494facf25304e47a4a9eae52364548abf18e7d1dfa097941e470c068af' ct_options='{\"ct_id\":67,\"ct_parent\":66,\"selector\":\"div_block-67-533\",\"original\":{\"width-unit\":\"%\",\"justify-content\":\"space-between\",\"min-height-unit\":\"%\",\"min-height\":\"\",\"background-color\":\"#ffffff\",\"margin-right-unit\":\"%\",\"width\":\"100\",\"height-unit\":\"%\"},\"nicename\":\"Col1\",\"activeselector\":false,\"ct_depth\":5}'][ct_div_block_6 ct_sign_sha256='b8c906ad73eec449281d12a877e88357211bfa6a0f44b3adee5df270caf2e7e9' ct_options='{\"ct_id\":68,\"ct_parent\":67,\"selector\":\"div_block-68-533\",\"original\":{\"width\":\"100\",\"width-unit\":\"%\"},\"ct_depth\":6,\"nicename\":\"Div (#21)\"}'][ct_image ct_sign_sha256='f8f5ef65fd0ef9a0d3357c3a0efd45afe27e767022bcdf6ac114b544efca6175' ct_options='{\"ct_id\":69,\"ct_parent\":68,\"selector\":\"image-69-533\",\"original\":{\"attachment_id\":161,\"attachment_height\":300,\"attachment_width\":300,\"attachment_url\":\"https:\/\/matrix.ejsa-rot.desite\/wp-content\/uploads\/2021\/04\/hand-outline-gesture-3_113964-300x300.png\",\"src\":\"https:\/\/matrix.ejsa-rot.desite\/wp-content\/uploads\/2022\/07\/Eb3_Ausbegleitung_AsA.jpg\"},\"ct_depth\":7,\"nicename\":\"Image (#71)\"}'][\/ct_image][\/ct_div_block_6][ct_div_block_6 ct_sign_sha256='3598216c3edff604003c325bb3d832f3a8ff3cf03847c94470f164a71bf83367' ct_options='{\"ct_id\":74,\"ct_parent\":67,\"selector\":\"div_block-74-533\",\"original\":{\"width\":\"100\",\"width-unit\":\"%\",\"align-items\":\"center\",\"text-align\":\"center\"},\"ct_depth\":6,\"nicename\":\"Div (#54)\"}'][oxy_rich_text ct_sign_sha256='fcd35d46a2845642abeb13126ea58d2c00994c5ee223acbcd5cf8ec4abc00a47' ct_options='{\"ct_id\":75,\"ct_parent\":74,\"selector\":\"_rich_text-75-533\",\"original\":{\"font-size\":\"15\",\"text-align\":\"center\",\"font-family\":{\"0\":\"global\",\"1\":\"Display\"},\"padding-top\":\"0\",\"padding-left\":\"9\",\"padding-right\":\"9\",\"padding-bottom\":\"9\",\"color\":\"color(32)\",\"conditionspreview\":\"2\",\"globalConditionsResult\":true},\"activeselector\":false,\"ct_depth\":7,\"nicename\":\"Rich Text (#55)\"}']<p>Die <strong>Assistierte Ausbildung<\/strong> unterst\u00fctzt Auszubildende <strong>langfristig<\/strong> \u2013 \u00fcber drei Jahre - in den Bereichen Bau, Lebensmittelhandwerk (Metzger und B\u00e4cker) und Pflege. Ziel ist es, Deine Ausbildung erfolgreich abzuschlie\u00dfen<br \/><br \/><\/p>[\/oxy_rich_text][oxy_rich_text ct_sign_sha256='c69bbb10cfa95454d1406a0e6fd2a5e38d0cf253011717568897c1ca92352693' ct_options='{\"ct_id\":110,\"ct_parent\":74,\"selector\":\"_rich_text-110-533\",\"original\":{\"font-size\":\"15\",\"text-align\":\"center\",\"font-family\":{\"0\":\"global\",\"1\":\"Display\"},\"padding-top\":\"0\",\"padding-right\":\"9\",\"padding-bottom\":\"9\",\"color\":\"color(32)\",\"conditionspreview\":\"2\",\"globalConditionsResult\":true,\"padding-left\":\"9\"},\"activeselector\":false,\"ct_depth\":7,\"nicename\":\"Rich Text (#55)\"}']<p style=\"text-align: left;\"><strong>Tina Jarallah<\/strong><br \/>B\u00fcro Ansbach<br \/>Beckenweiherallee 21<br \/>Tel.: 0981 97761-269<br \/>Mobil: 01765 7979071<br \/>tina.jarallah@ejsa-rot.de<\/p>\n<p style=\"text-align: left;\"><strong>Martin M\u00fcller<\/strong><br \/>B\u00fcro Ansbach<br \/>Johann-Sebastian-Bach-Platz 28<br \/>Tel.: 0981 97788-467<br \/>Mobil: 01774 410452<br \/>martin.mueller@ejsa-rot.de<\/p>\n<p style=\"text-align: left;\"><strong>Nadine Muck<\/strong><br \/>B\u00fcro Ansbach<br \/>Beckenweiherallee 21<br \/>Tel.: 0981 97764-229<br \/>Mobil: 01625 288632<br \/>nadine.muck@ejsa-rot.de<\/p>[\/oxy_rich_text][\/ct_div_block_6][\/ct_div_block_5][\/ct_link_4][\/ct_div_block_3][ct_div_block_3 ct_sign_sha256='06dc190be0c79f491363cec6af4cd2c0cf1e1fe507d4e501c049e25420dcb351' ct_options='{\"ct_id\":76,\"ct_parent\":64,\"selector\":\"div_block-76-533\",\"original\":{\"width\":\"25.00\",\"width-unit\":\"%\"},\"nicename\":\"Div (#253)\",\"ct_depth\":3}'][ct_link_4 ct_sign_sha256='420e2db12581a4aa82578a4c2a140184d10078e8a9b6902d3e9acf2b461322d3' ct_options='{\"ct_id\":77,\"ct_parent\":76,\"selector\":\"link-77-533\",\"original\":{\"width-unit\":\"%\",\"width\":\"90\",\"url\":\"https:\/\/matrix.ejsa-rot.desite\/ausbildung-job\/ausbildungsbegleitung\/ausbildungsbegl-ac\/\",\"target\":\"\",\"url_encoded\":\"true\"},\"nicename\":\"Div (#186)\",\"ct_depth\":4}'][ct_div_block_5 ct_sign_sha256='dbbdf6a7ccc2c5d2e149429b7b74b68a73911c5797d3ebcf21d066896c8fb945' ct_options='{\"ct_id\":78,\"ct_parent\":77,\"selector\":\"div_block-78-533\",\"original\":{\"width-unit\":\"%\",\"justify-content\":\"space-between\",\"min-height-unit\":\"%\",\"min-height\":\"\",\"background-color\":\"#ffffff\",\"margin-right-unit\":\"%\",\"width\":\"100\",\"height-unit\":\"%\"},\"nicename\":\"Col1\",\"activeselector\":false,\"ct_depth\":5}'][ct_div_block_6 ct_sign_sha256='ca10dd70dbb8bf28e786e7d4f8828836a02c451eb75a6ff162543c284d9a9929' ct_options='{\"ct_id\":79,\"ct_parent\":78,\"selector\":\"div_block-79-533\",\"original\":{\"width\":\"100\",\"width-unit\":\"%\"},\"ct_depth\":6,\"nicename\":\"Div (#21)\"}'][ct_image ct_sign_sha256='114ab8f008f53195fa7cc7ea4c5fea61bcaae67d29524b430ce41684aba81eb3' ct_options='{\"ct_id\":80,\"ct_parent\":79,\"selector\":\"image-80-533\",\"original\":{\"attachment_id\":161,\"attachment_height\":300,\"attachment_width\":300,\"attachment_url\":\"https:\/\/matrix.ejsa-rot.desite\/wp-content\/uploads\/2021\/04\/hand-outline-gesture-3_113964-300x300.png\",\"src\":\"https:\/\/matrix.ejsa-rot.desite\/wp-content\/uploads\/2022\/07\/Eb3_Ausbegleitung_AC-EJSA.jpg\"},\"ct_depth\":7,\"nicename\":\"Image (#71)\"}'][\/ct_image][\/ct_div_block_6][ct_div_block_6 ct_sign_sha256='5a3803b0acf50402b73a689462c2a6cbe12d1161b0ba75c7f493d7064ce3a621' ct_options='{\"ct_id\":85,\"ct_parent\":78,\"selector\":\"div_block-85-533\",\"original\":{\"width\":\"100\",\"width-unit\":\"%\",\"align-items\":\"center\",\"text-align\":\"center\"},\"ct_depth\":6,\"nicename\":\"Div (#54)\"}'][oxy_rich_text ct_sign_sha256='295b416db48fe0fe3fcd089adb9e1fbcc43b3633f9422486a3749bf5a34081cf' ct_options='{\"ct_id\":86,\"ct_parent\":85,\"selector\":\"_rich_text-86-533\",\"original\":{\"font-size\":\"15\",\"text-align\":\"center\",\"font-family\":{\"0\":\"global\",\"1\":\"Display\"},\"padding-top\":\"0\",\"padding-left\":\"9\",\"padding-right\":\"9\",\"padding-bottom\":\"9\",\"color\":\"color(32)\"},\"ct_depth\":7,\"nicename\":\"Rich Text (#55)\"}']<p>Das <strong>Ausbildungscoaching<\/strong> unterst\u00fctzt Auszubildende <strong>kurzfristig<\/strong>, bei Problemen und Krisen vor, nach und w\u00e4hrend der Ausbildung. Gemeinsam finden wir eine L\u00f6sung, wie Du Deine Situation gut meistern kannst und welche Schritte notwendig sind<br \/><br \/><\/p>[\/oxy_rich_text][oxy_rich_text ct_sign_sha256='7ac400fccb443d5980aeafe65ba71912a2491b55ec71d8e65fd69e01e4d57a39' ct_options='{\"ct_id\":111,\"ct_parent\":85,\"selector\":\"_rich_text-111-533\",\"original\":{\"font-size\":\"15\",\"text-align\":\"center\",\"font-family\":{\"0\":\"global\",\"1\":\"Display\"},\"padding-top\":\"0\",\"padding-left\":\"9\",\"padding-right\":\"9\",\"padding-bottom\":\"9\",\"color\":\"color(32)\"},\"ct_depth\":7,\"nicename\":\"Rich Text (#55)\"}']<p style=\"text-align: left;\"><strong>Martin M\u00fcller<\/strong><br \/>B\u00fcro Ansbach<br \/>Johann-Sebastian-Bach-Platz 28<br \/>Tel.: 0981 97788-467<br \/>Mobil: 01774 410452<br \/>martin.mueller@ejsa-rot.de<\/p>[\/oxy_rich_text][\/ct_div_block_6][\/ct_div_block_5][\/ct_link_4][\/ct_div_block_3][ct_div_block_3 ct_sign_sha256='f6f2c95c6db6c0d41ffcac57ecccec3d12d2b24b13e91dc703e30011817366f4' ct_options='{\"ct_id\":87,\"ct_parent\":64,\"selector\":\"div_block-87-533\",\"original\":{\"width\":\"25.00\",\"width-unit\":\"%\"},\"nicename\":\"Div (#254)\",\"ct_depth\":3}'][ct_link_4 ct_sign_sha256='57eeeec45af9a49f3d9f469ec5c16038094b005577f16a463e070c2a55e934db' ct_options='{\"ct_id\":88,\"ct_parent\":87,\"selector\":\"link-88-533\",\"original\":{\"width\":\"90\",\"width-unit\":\"%\",\"url\":\"https:\/\/matrix.ejsa-rot.desite\/ausbildung-job\/ausbildungsbegleitung\/ausbildungsbegl-fib-ac\/\",\"target\":\"\",\"url_encoded\":\"true\"},\"nicename\":\"Div (#186)\",\"ct_depth\":4}'][ct_div_block_5 ct_sign_sha256='53ef9e16dc89752545e186cd7a35f70d5ba22081f97846834e2f7e7ea8c28c60' ct_options='{\"ct_id\":89,\"ct_parent\":88,\"selector\":\"div_block-89-533\",\"original\":{\"width-unit\":\"%\",\"justify-content\":\"space-between\",\"min-height-unit\":\"%\",\"min-height\":\"\",\"background-color\":\"#ffffff\",\"margin-right-unit\":\"%\",\"width\":\"100\",\"height-unit\":\"%\"},\"nicename\":\"Col1\",\"ct_depth\":5}'][ct_div_block_6 ct_sign_sha256='a7505ed7c77960fde35d5a4fccc47d5db8e81f50d855417222dc8bc2756bf0fd' ct_options='{\"ct_id\":90,\"ct_parent\":89,\"selector\":\"div_block-90-533\",\"original\":{\"width\":\"100\",\"width-unit\":\"%\"},\"ct_depth\":6,\"nicename\":\"Div (#21)\"}'][ct_image ct_sign_sha256='293a5d53e1a3c0e99c4bb512360afd53ffde76ad5533b03054c82273218303e8' ct_options='{\"ct_id\":91,\"ct_parent\":90,\"selector\":\"image-91-533\",\"original\":{\"attachment_id\":161,\"attachment_height\":300,\"attachment_width\":300,\"attachment_url\":\"https:\/\/matrix.ejsa-rot.desite\/wp-content\/uploads\/2021\/04\/hand-outline-gesture-3_113964-300x300.png\",\"src\":\"https:\/\/matrix.ejsa-rot.desite\/wp-content\/uploads\/2022\/07\/Eb3_Ausbegleitung_FiBAC__pexels-kristopherk-288530.jpg\"},\"ct_depth\":7,\"nicename\":\"Image (#71)\"}'][\/ct_image][\/ct_div_block_6][ct_div_block_6 ct_sign_sha256='c0b8bd6e90785e355b95ae5f926af92e99b1ca295c3becc0b15e29cf3a2a15b4' ct_options='{\"ct_id\":96,\"ct_parent\":89,\"selector\":\"div_block-96-533\",\"original\":{\"width\":\"100\",\"width-unit\":\"%\",\"align-items\":\"center\",\"text-align\":\"center\"},\"ct_depth\":6,\"nicename\":\"Div (#54)\"}'][oxy_rich_text ct_sign_sha256='f6d8502161b0ce6874053d68c9cd5b3cc2a93a72e50dd24e2a675efcc8295aa1' ct_options='{\"ct_id\":97,\"ct_parent\":96,\"selector\":\"_rich_text-97-533\",\"original\":{\"font-size\":\"15\",\"text-align\":\"center\",\"font-family\":{\"0\":\"global\",\"1\":\"Display\"},\"padding-top\":\"0\",\"padding-left\":\"9\",\"padding-right\":\"9\",\"padding-bottom\":\"9\",\"color\":\"color(32)\"},\"ct_depth\":7,\"nicename\":\"Rich Text (#55)\"}']<p>Die <strong>Fl\u00fcchtlings- und Integrationsberatung<\/strong> unterst\u00fctzt Auszubildende mit Migrationshintergrund <strong>kurzfristig<\/strong> bei Problemen und Krisen vor, nach und w\u00e4hrend der Ausbildung. Gemeinsam gehen wir die Herausforderungen an und finden praktikable L\u00f6sungen<\/p>[\/oxy_rich_text][oxy_rich_text ct_sign_sha256='f77bb791a79d62beb4647f6b872dfaf865cdfb5027c1f15bf712fb08ab814da4' ct_options='{\"ct_id\":112,\"ct_parent\":96,\"selector\":\"_rich_text-112-533\",\"original\":{\"font-size\":\"15\",\"text-align\":\"center\",\"font-family\":{\"0\":\"global\",\"1\":\"Display\"},\"padding-top\":\"0\",\"padding-left\":\"9\",\"padding-right\":\"9\",\"padding-bottom\":\"9\",\"color\":\"color(32)\"},\"ct_depth\":7,\"nicename\":\"Rich Text (#55)\"}']<p style=\"text-align: left;\"><strong>Laura Gudd<\/strong><br \/>B\u00fcro Rothenburg<br \/>Kirchplatz 13<br \/>Tel.: 09861 9369-423<br \/>Mobil: 01525 5358338<br \/>laura.gudd@ejsa-rot.de<\/p>\n<p style=\"text-align: left;\"><strong>Weitere Beratungsstandorte: <br \/><\/strong>Dinkelsb\u00fchl<br \/>B\u00fcro Ansbach<br \/>Johann-Sebastian-Bach-Platz 28<br \/>B\u00fcro Feuchtwangen <br \/>Marktplatz 1 <br \/>(Nur mittwochs)<\/p>[\/oxy_rich_text][\/ct_div_block_6][\/ct_div_block_5][\/ct_link_4][\/ct_div_block_3][ct_div_block_3 ct_sign_sha256='bacce9c6d47592d252456c4c07be51afd5bd2b323022c70817580f97b3f1a9b1' ct_options='{\"ct_id\":98,\"ct_parent\":64,\"selector\":\"div_block-98-533\",\"original\":{\"width\":\"25.00\",\"width-unit\":\"%\",\"conditionspreview\":\"2\",\"globalConditionsResult\":true},\"nicename\":\"Div (#255)\",\"activeselector\":false,\"ct_depth\":3}'][ct_link_4 ct_sign_sha256='e89784f11175357f30fba30f79ae29de62579f01f5234fdcba93abf6011b479f' ct_options='{\"ct_id\":99,\"ct_parent\":98,\"selector\":\"link-99-533\",\"original\":{\"width\":\"90\",\"width-unit\":\"%\",\"url\":\"https:\/\/matrix.ejsa-rot.desite\/ausbildung-job\/ausbildungsbegleitung\/ausbildungsbegl-ausbildungsmentoren\/\",\"target\":\"\",\"url_encoded\":\"true\"},\"nicename\":\"Div (#186)\",\"ct_depth\":4}'][ct_div_block_5 ct_sign_sha256='d01daa44eecf6ff7a3fbaf8f6bb29aac5f73c48e684db5635c7799220c2ca2e3' ct_options='{\"ct_id\":100,\"ct_parent\":99,\"selector\":\"div_block-100-533\",\"original\":{\"width-unit\":\"%\",\"justify-content\":\"space-between\",\"min-height-unit\":\"%\",\"min-height\":\"\",\"background-color\":\"#ffffff\",\"margin-right-unit\":\"%\",\"width\":\"100\",\"height-unit\":\"%\"},\"nicename\":\"Col1\",\"ct_depth\":5}'][ct_div_block_6 ct_sign_sha256='b7c737e3f3783f8bc7bd7c7d405e930817a85d4f095eb46a4b30cce556cac49f' ct_options='{\"ct_id\":101,\"ct_parent\":100,\"selector\":\"div_block-101-533\",\"original\":{\"width\":\"100\",\"width-unit\":\"%\"},\"ct_depth\":6,\"nicename\":\"Div (#21)\"}'][ct_image ct_sign_sha256='9a941743f885d289adf02a1767f39cf198011c7067df67907ebec81a5ef7c91b' ct_options='{\"ct_id\":102,\"ct_parent\":101,\"selector\":\"image-102-533\",\"original\":{\"attachment_id\":161,\"attachment_height\":300,\"attachment_width\":300,\"attachment_url\":\"https:\/\/matrix.ejsa-rot.desite\/wp-content\/uploads\/2021\/04\/hand-outline-gesture-3_113964-300x300.png\",\"src\":\"https:\/\/matrix.ejsa-rot.desite\/wp-content\/uploads\/2022\/07\/Eb3_Ausbegleitung_Mentoring_Nachhilfe-mit-Hans-Meyer.jpg\"},\"ct_depth\":7,\"nicename\":\"Image (#71)\"}'][\/ct_image][\/ct_div_block_6][ct_div_block_6 ct_sign_sha256='6f8b99a6c8ff83d08e6d90373871056f95d70bec7bf0e65f9ab99007a7a4d160' ct_options='{\"ct_id\":107,\"ct_parent\":100,\"selector\":\"div_block-107-533\",\"original\":{\"width\":\"100\",\"width-unit\":\"%\",\"align-items\":\"center\",\"text-align\":\"center\"},\"ct_depth\":6,\"nicename\":\"Div (#54)\"}'][oxy_rich_text ct_sign_sha256='5a01886fb03250097f5aa30db99558f79f944b5c4fc70fe86b8afd3ac15ee14e' ct_options='{\"ct_id\":108,\"ct_parent\":107,\"selector\":\"_rich_text-108-533\",\"original\":{\"font-size\":\"15\",\"text-align\":\"center\",\"font-family\":{\"0\":\"global\",\"1\":\"Display\"},\"padding-top\":\"0\",\"padding-left\":\"9\",\"padding-right\":\"9\",\"padding-bottom\":\"9\",\"color\":\"color(32)\"},\"ct_depth\":7,\"nicename\":\"Rich Text (#55)\"}']<p><strong>Ausbildungsmentoren<\/strong> sind qualifizierte, ehrenamtliche Personen. Sie f\u00f6rdern und begleiten Dich bei pers\u00f6nlichen, schulischen oder ausbildungsrelevanten Fragen und Problemen. Ein Mentor ist wie ein \u201eguter Freund an Deiner Seite\u201c, der an Dich glaubt<\/p>[\/oxy_rich_text][oxy_rich_text ct_sign_sha256='3097ce429cce375388161cfe5e8aef27ed2f2209fe59f2f2ab57571851197b03' ct_options='{\"ct_id\":113,\"ct_parent\":107,\"selector\":\"_rich_text-113-533\",\"original\":{\"font-size\":\"15\",\"text-align\":\"center\",\"font-family\":{\"0\":\"global\",\"1\":\"Display\"},\"padding-top\":\"0\",\"padding-left\":\"9\",\"padding-right\":\"9\",\"padding-bottom\":\"9\",\"color\":\"color(32)\"},\"ct_depth\":7,\"nicename\":\"Rich Text (#55)\"}']<p style=\"text-align: left;\"><strong>Martin M\u00fcller<\/strong><br \/>B\u00fcro Ansbach<br \/>Johann-Sebastian-Bach-Platz 28<br \/>Tel.: 0981 97788-467<br \/>Mobil: 01774 410452<br \/>martin.mueller@ejsa-rot.de<\/p>[\/oxy_rich_text][\/ct_div_block_6][\/ct_div_block_5][\/ct_link_4][\/ct_div_block_3][\/ct_new_columns_3][\/ct_section_2][\/ct_div_block]","ct_template_type":"","ct_parent_template":0,"footnotes":""},"class_list":["post-533","page","type-page","status-publish","hentry"],"_links":{"self":[{"href":"https:\/\/matrix.ejsa-rot.de\/site\/wp-json\/wp\/v2\/pages\/533","targetHints":{"allow":["GET"]}}],"collection":[{"href":"https:\/\/matrix.ejsa-rot.de\/site\/wp-json\/wp\/v2\/pages"}],"about":[{"href":"https:\/\/matrix.ejsa-rot.de\/site\/wp-json\/wp\/v2\/types\/page"}],"author":[{"embeddable":true,"href":"https:\/\/matrix.ejsa-rot.de\/site\/wp-json\/wp\/v2\/users\/7"}],"replies":[{"embeddable":true,"href":"https:\/\/matrix.ejsa-rot.de\/site\/wp-json\/wp\/v2\/comments?post=533"}],"version-history":[{"count":2,"href":"https:\/\/matrix.ejsa-rot.de\/site\/wp-json\/wp\/v2\/pages\/533\/revisions"}],"predecessor-version":[{"id":577,"href":"https:\/\/matrix.ejsa-rot.de\/site\/wp-json\/wp\/v2\/pages\/533\/revisions\/577"}],"up":[{"embeddable":true,"href":"https:\/\/matrix.ejsa-rot.de\/site\/wp-json\/wp\/v2\/pages\/284"}],"wp:attachment":[{"href":"https:\/\/matrix.ejsa-rot.de\/site\/wp-json\/wp\/v2\/media?parent=533"}],"curies":[{"name":"wp","href":"https:\/\/api.w.org\/{rel}","templated":true}]}}