{"id":565,"date":"2022-03-05T12:47:06","date_gmt":"2022-03-05T11:47:06","guid":{"rendered":"https:\/\/matrix.ejsa-rot.desite\/?page_id=565"},"modified":"2022-07-20T14:21:50","modified_gmt":"2022-07-20T12:21:50","slug":"ausbildungsunterstuetzung","status":"publish","type":"page","link":"https:\/\/matrix.ejsa-rot.de\/site\/firmen-unternehmen\/ausbildungsunterstuetzung\/","title":{"rendered":"Ausbildungsunterst\u00fctzung"},"content":{"rendered":"","protected":false},"excerpt":{"rendered":"","protected":false},"author":7,"featured_media":0,"parent":868,"menu_order":0,"comment_status":"closed","ping_status":"closed","template":"","meta":{"ct_builder_shortcodes":"[ct_div_block ct_sign_sha256='36c9a738eb5dae51a7fa60fb55fe8a3193353aed0972faa9238a90d35f5dce6c' ct_options='{\"ct_id\":2,\"ct_parent\":0,\"selector\":\"div_block-2-565\",\"original\":{\"background-color\":\"#f4f4f4\",\"conditionspreview\":\"2\",\"globalConditionsResult\":true},\"nicename\":\"4_mit_Icons\",\"activeselector\":false,\"ct_depth\":1}'][ct_section_2 ct_sign_sha256='dc7ce302f48815cb00e12bedd9d0f8c6c46b9bf39840e771f83671b75b9a2da9' ct_options='{\"ct_id\":3,\"ct_parent\":2,\"selector\":\"section-3-565\",\"ct_category\":\"Content\",\"nicename\":\"Level2\",\"ct_depth\":2,\"original\":{\"gradient\":{\"colors\":{\"0\":{\"position-unit\":\"px\",\"value\":\"\"},\"1\":{\"position-unit\":\"px\",\"value\":\"\"}}},\"background-color\":\"#f4f4f4\",\"container-padding-top-unit\":\"px\",\"container-padding-top\":\"60\",\"container-padding-bottom-unit\":\"px\",\"container-padding-bottom\":\"60\"}}'][ct_new_columns_3 ct_sign_sha256='4a2953fcb2c61fb6c6a8cdf237dcceb02bafefac55194b4615aec3a0e5f3c7da' ct_options='{\"ct_id\":4,\"ct_parent\":3,\"selector\":\"new_columns-4-565\",\"original\":{\"margin-bottom\":\"15\",\"gradient\":{\"colors\":{\"0\":{\"position-unit\":\"px\",\"value\":\"\"},\"1\":{\"position-unit\":\"px\",\"value\":\"\"}},\"linear-angle\":\"180\"},\"stack-columns-vertically\":\"tablet\",\"background-size\":\"auto\"},\"nicename\":\"Title\",\"ct_depth\":3}'][ct_div_block_3 ct_sign_sha256='13c07bcf3fe099b8ffdbb090bd2e2ffb7dcbdffa8a2b0b1e5868fe4a28a9cc78' ct_options='{\"ct_id\":5,\"ct_parent\":4,\"selector\":\"div_block-5-565\",\"original\":{\"width-unit\":\"%\",\"border-right-style\":\"none\",\"border-left-style\":\"solid\",\"border-left-width\":\"3\",\"border-left-color\":\"color(36)\",\"margin-right\":\"0\",\"width\":\"32\"},\"ct_depth\":3,\"nicename\":\"Div (#11)\"}'][ct_text_block ct_sign_sha256='460f8ee5ce16fcf562bbef8e10e8fa092a9af308842fbd9a878136e1783289dd' ct_options='{\"ct_id\":6,\"ct_parent\":5,\"selector\":\"text_block-6-565\",\"nicename\":\"Untertitel\",\"ct_depth\":4,\"original\":{\"font-family\":{\"0\":\"global\",\"1\":\"Display\"},\"font-size\":\"18\",\"color\":\"color(36)\"}}']<i>Ausbildung st\u00e4rken<\/i>[\/ct_text_block][ct_headline ct_sign_sha256='91c505b20275276cfe7d23872fe6a2dd97181e623e3edee67fffa0eaccce3d36' ct_options='{\"ct_id\":7,\"ct_parent\":5,\"selector\":\"headline-7-565\",\"original\":{\"font-family\":\"Lobster\",\"font-size\":\"38\"},\"ct_depth\":4,\"nicename\":\"Heading (#3)\"}']<span style=\"font-weight: 400;\">Unser Angebot f\u00fcr Sie<\/span>[\/ct_headline][\/ct_div_block_3][ct_div_block_3 ct_sign_sha256='8e55a97841349df0d61b7a50c8971579b703a865f93c931eec3d8d2ef089e2a9' ct_options='{\"ct_id\":8,\"ct_parent\":4,\"selector\":\"div_block-8-565\",\"original\":{\"width-unit\":\"%\",\"width\":\"68.00\"},\"ct_depth\":3,\"nicename\":\"Div (#12)\"}'][ct_text_block ct_sign_sha256='d09e0364e1953897587b539b045bde4fdeea63ad6c30d982b2ae3fb290149941' ct_options='{\"ct_id\":9,\"ct_parent\":8,\"selector\":\"text_block-9-565\",\"original\":{\"font-size\":\"17\",\"font-family\":{\"0\":\"global\",\"1\":\"Display\"},\"color\":\"color(32)\",\"width-unit\":\"%\"},\"ct_depth\":4,\"nicename\":\"Text (#91)\"}']M\u00f6chten Sie die Abbruchquote Ihrer Auszubildenden verringern? Wir bieten Ihnen p\u00e4dagogische Hilfe in schwierigen Situationen. Auch eine kontinuierliche Begleitung Ihrer Ausbildung im Unternehmen ist m\u00f6glich. F\u00fcr mehr Fachkr\u00e4fte in der Region! <br>[\/ct_text_block][\/ct_div_block_3][\/ct_new_columns_3][ct_new_columns_3 ct_sign_sha256='7cdac3edf57b4684e36b6d5da02e3cb0bf3ac216e550a46f40ccf2071bf8a52b' ct_options='{\"ct_id\":10,\"ct_parent\":3,\"selector\":\"new_columns-10-565\",\"nicename\":\"Columns (#55)\",\"ct_depth\":3}'][ct_div_block_3 ct_sign_sha256='7734dff3ebb3d432dcada84e326276a6c09faa9cbb06f5520f5c6c82f4422dec' ct_options='{\"ct_id\":11,\"ct_parent\":10,\"selector\":\"div_block-11-565\",\"original\":{\"width\":\"33.33\",\"width-unit\":\"%\"},\"nicename\":\"Div (#56)\",\"ct_depth\":3}'][ct_link_4 ct_sign_sha256='3d4d9d7102cbb5fe6742804f92d8dea655452748b1575e8a40ad85e6a0cec88f' ct_options='{\"ct_id\":12,\"ct_parent\":11,\"selector\":\"link-12-565\",\"original\":{\"width\":\"90\",\"width-unit\":\"%\",\"url\":\"https:\/\/matrix.ejsa-rot.desite\/firmen-unternehmen\/ausbildungsunterstuetzung\/begleitung-von-betrieben-und-deren-azubis\/\",\"target\":\"\",\"url_encoded\":\"true\"},\"nicename\":\"Div (#186)\",\"ct_depth\":4}'][ct_div_block_5 ct_sign_sha256='56ec783ec2e8bd6d44a288eaa48319937a27853625f1f609c1d0d5c8949e4a1d' ct_options='{\"ct_id\":13,\"ct_parent\":12,\"selector\":\"div_block-13-565\",\"original\":{\"width-unit\":\"%\",\"justify-content\":\"space-between\",\"min-height-unit\":\"%\",\"min-height\":\"\",\"background-color\":\"#ffffff\",\"margin-right-unit\":\"%\",\"width\":\"100\",\"height-unit\":\"%\"},\"nicename\":\"Col1\",\"ct_depth\":5}'][ct_div_block_6 ct_sign_sha256='30a568b333f889dd7d20729590fce792bd7e69a36ecaa59cf106668c13064567' ct_options='{\"ct_id\":14,\"ct_parent\":13,\"selector\":\"div_block-14-565\",\"original\":{\"width\":\"100\",\"width-unit\":\"%\"},\"ct_depth\":6,\"nicename\":\"Div (#21)\"}'][ct_image ct_sign_sha256='6d5df57d1fda132bbaf81155e54b8713c6dba5329d8860e9515d7390f0fc8e59' ct_options='{\"ct_id\":15,\"ct_parent\":14,\"selector\":\"image-15-565\",\"original\":{\"attachment_id\":161,\"attachment_height\":300,\"attachment_width\":300,\"attachment_url\":\"https:\/\/matrix.ejsa-rot.desite\/wp-content\/uploads\/2021\/04\/hand-outline-gesture-3_113964-300x300.png\",\"src\":\"https:\/\/matrix.ejsa-rot.desite\/wp-content\/uploads\/2022\/08\/Eb3_Bob.jpg\"},\"ct_depth\":7,\"nicename\":\"Image (#71)\"}'][\/ct_image][\/ct_div_block_6][ct_div_block_6 ct_sign_sha256='1cb684b491a381bed9f7c06a34d260b17d3633f90f28a368c04a2a2cbabdae0a' ct_options='{\"ct_id\":16,\"ct_parent\":13,\"selector\":\"div_block-16-565\",\"original\":{\"width\":\"100\",\"width-unit\":\"%\",\"margin-right\":\"1\",\"margin-right-unit\":\"%\",\"align-items\":\"center\",\"text-align\":\"center\"},\"ct_depth\":6,\"nicename\":\"Div (#52)\"}'][oxy_rich_text ct_sign_sha256='ee17a32fe3260c57fdad6f58faa8b9bacfdf344005defac3a59555df28da378e' ct_options='{\"ct_id\":17,\"ct_parent\":16,\"selector\":\"_rich_text-17-565\",\"original\":{\"font-size\":\"18\",\"font-family\":\"Poppins\",\"text-align\":\"center\",\"font-weight\":\"500\",\"margin-bottom\":\"8\",\"padding-top\":\"10\",\"color\":\"color(20)\"},\"ct_depth\":7,\"nicename\":\"Rich Text (#53)\"}']<p>Begleitung von Betrieben und deren Azubis (BoB)<\/p>[\/oxy_rich_text][\/ct_div_block_6][ct_div_block_6 ct_sign_sha256='8135f069e73134505b563721c7486a1c8a29850b9fe51f448bfd09f1a362b7c4' ct_options='{\"ct_id\":18,\"ct_parent\":13,\"selector\":\"div_block-18-565\",\"original\":{\"width\":\"100\",\"width-unit\":\"%\",\"align-items\":\"center\",\"text-align\":\"center\"},\"ct_depth\":6,\"nicename\":\"Div (#54)\"}'][oxy_rich_text ct_sign_sha256='e460c1c7b05b061662812bb5705a637cbfc230e3542c37ffb371795f6b67bcdd' ct_options='{\"ct_id\":19,\"ct_parent\":18,\"selector\":\"_rich_text-19-565\",\"original\":{\"font-size\":\"15\",\"text-align\":\"center\",\"font-family\":{\"0\":\"global\",\"1\":\"Display\"},\"padding-top\":\"0\",\"padding-left\":\"9\",\"padding-right\":\"9\",\"padding-bottom\":\"9\",\"color\":\"color(32)\"},\"ct_depth\":7,\"nicename\":\"Rich Text (#55)\"}']<p style=\"text-align: center;\">Wir unterst\u00fctzen und begleiten <strong>langfristig<\/strong> Betriebe und deren Azubis. Unser Ziel ist, fr\u00fchzeitig einen F\u00f6rderbedarf zu erkennen und Hilfe zu organisieren. Wir wollen beitragen, Ausbildungsabbr\u00fcche zu verhindern.<\/p>[\/oxy_rich_text][oxy_rich_text ct_sign_sha256='caf1238aba4eab550526f2e43332ed2b80338d84db9762f72bed0a39c86d4b86' ct_options='{\"ct_id\":20,\"ct_parent\":18,\"selector\":\"_rich_text-20-565\",\"original\":{\"font-size\":\"15\",\"text-align\":\"center\",\"font-family\":{\"0\":\"global\",\"1\":\"Display\"},\"padding-top\":\"0\",\"padding-left\":\"9\",\"padding-right\":\"9\",\"padding-bottom\":\"9\",\"color\":\"color(32)\"},\"ct_depth\":7,\"nicename\":\"Rich Text (#55)\"}']<p style=\"text-align: left;\"><strong>Nadine Muck<\/strong><br \/>B\u00fcro Ansbach<br \/>Beckenweiherallee 21<br \/>Tel.: 0981 97764-229<br \/>nadine.muck@ejsa-rot.de<\/p>[\/oxy_rich_text][\/ct_div_block_6][\/ct_div_block_5][\/ct_link_4][\/ct_div_block_3][ct_div_block_3 ct_sign_sha256='c4beef34283464d9475c3aca406fe00634278dd5298f8d9adba15d9bc1c36e8c' ct_options='{\"ct_id\":21,\"ct_parent\":10,\"selector\":\"div_block-21-565\",\"original\":{\"width\":\"33.33\",\"width-unit\":\"%\"},\"nicename\":\"Div (#57)\",\"ct_depth\":3}'][ct_link_4 ct_sign_sha256='6c2a6072cf242104c427868011bce1c678d2fdbe62bf3795f894a61e13cd7599' ct_options='{\"ct_id\":22,\"ct_parent\":21,\"selector\":\"link-22-565\",\"original\":{\"width-unit\":\"%\",\"width\":\"90\",\"url\":\"https:\/\/matrix.ejsa-rot.desite\/firmen-unternehmen\/ausbildungsunterstuetzung\/assistierte-ausbildung\/\",\"target\":\"\",\"url_encoded\":\"true\"},\"nicename\":\"Div (#186)\",\"ct_depth\":4}'][ct_div_block_5 ct_sign_sha256='5df9449d886f4a5479774a691222a4dbd2ec7f79d9a116a123211b415dcd1fc4' ct_options='{\"ct_id\":23,\"ct_parent\":22,\"selector\":\"div_block-23-565\",\"original\":{\"width-unit\":\"%\",\"justify-content\":\"space-between\",\"min-height-unit\":\"%\",\"min-height\":\"\",\"background-color\":\"#ffffff\",\"margin-right-unit\":\"%\",\"width\":\"100\",\"height-unit\":\"%\"},\"nicename\":\"Col1\",\"ct_depth\":5}'][ct_div_block_6 ct_sign_sha256='cb3e37baef2c40cd14667aff98506fd929511695764624495bde47c30bfafd81' ct_options='{\"ct_id\":24,\"ct_parent\":23,\"selector\":\"div_block-24-565\",\"original\":{\"width\":\"100\",\"width-unit\":\"%\"},\"ct_depth\":6,\"nicename\":\"Div (#21)\"}'][ct_image ct_sign_sha256='81dbbc62d4851f6bcb02d4b6d5b4b99ee0030f914e3b80eba34872a02e5433da' ct_options='{\"ct_id\":25,\"ct_parent\":24,\"selector\":\"image-25-565\",\"original\":{\"attachment_id\":161,\"attachment_height\":300,\"attachment_width\":300,\"attachment_url\":\"https:\/\/matrix.ejsa-rot.desite\/wp-content\/uploads\/2021\/04\/hand-outline-gesture-3_113964-300x300.png\",\"src\":\"https:\/\/matrix.ejsa-rot.desite\/wp-content\/uploads\/2022\/08\/Eb3_Mitmachen_Mentoren_pexels-ivan-samkov-5676674.jpg\"},\"ct_depth\":7,\"nicename\":\"Image (#71)\"}'][\/ct_image][\/ct_div_block_6][ct_div_block_6 ct_sign_sha256='3524f63b96b6c56bcf37442d167878bbf7f1d60d77e92f77a9b4afef2be22759' ct_options='{\"ct_id\":26,\"ct_parent\":23,\"selector\":\"div_block-26-565\",\"original\":{\"width\":\"100\",\"width-unit\":\"%\",\"margin-right\":\"1\",\"margin-right-unit\":\"%\",\"align-items\":\"center\",\"text-align\":\"center\",\"background-color\":\"#ffffff\"},\"ct_depth\":6,\"nicename\":\"Div (#52)\"}'][oxy_rich_text ct_sign_sha256='a16a436ae7057259f2feacf57e908e8af4921084306c33c5337d96598dede1de' ct_options='{\"ct_id\":27,\"ct_parent\":26,\"selector\":\"_rich_text-27-565\",\"original\":{\"font-size\":\"18\",\"font-family\":\"Poppins\",\"text-align\":\"center\",\"font-weight\":\"500\",\"margin-bottom\":\"8\",\"padding-top\":\"10\",\"color\":\"color(20)\"},\"ct_depth\":7,\"nicename\":\"Rich Text (#53)\"}']<p>Assistierte Ausbildung (AsA)<br \/><br \/><\/p>[\/oxy_rich_text][\/ct_div_block_6][ct_div_block_6 ct_sign_sha256='010c65550aea09643d379caaa9f022074c614db7bfadbbfc674d70af4bceb961' ct_options='{\"ct_id\":28,\"ct_parent\":23,\"selector\":\"div_block-28-565\",\"original\":{\"width\":\"100\",\"width-unit\":\"%\",\"align-items\":\"center\",\"text-align\":\"center\"},\"ct_depth\":6,\"nicename\":\"Div (#54)\"}'][oxy_rich_text ct_sign_sha256='84558e7ae1c2fdd345885bcda722540359bae9d2b53a72070ad37afe068ed46b' ct_options='{\"ct_id\":29,\"ct_parent\":28,\"selector\":\"_rich_text-29-565\",\"original\":{\"font-size\":\"15\",\"text-align\":\"center\",\"font-family\":{\"0\":\"global\",\"1\":\"Display\"},\"padding-top\":\"0\",\"padding-left\":\"9\",\"padding-right\":\"9\",\"padding-bottom\":\"9\",\"color\":\"color(32)\"},\"ct_depth\":7,\"nicename\":\"Rich Text (#55)\"}']<p style=\"text-align: center;\">Die AsA unterst\u00fctzt Auszubildende und ihre Betriebe <strong>langfristig und intensiv<\/strong> in den Bereichen Bau \/ baunahe Berufe, Pflege und Lebensmittelhandwerk mit dem Ziel, die Ausbildung erfolgreich abzuschlie\u00dfen\u00a0<\/p>[\/oxy_rich_text][oxy_rich_text ct_sign_sha256='73c254052cff1e647999a613e9dda0259e6204e919af0dacb9a53f64ca31f6c7' ct_options='{\"ct_id\":30,\"ct_parent\":28,\"selector\":\"_rich_text-30-565\",\"original\":{\"font-size\":\"15\",\"text-align\":\"center\",\"font-family\":{\"0\":\"global\",\"1\":\"Display\"},\"padding-top\":\"0\",\"padding-left\":\"9\",\"padding-right\":\"9\",\"padding-bottom\":\"9\",\"color\":\"color(32)\"},\"ct_depth\":7,\"nicename\":\"Rich Text (#55)\"}']<p style=\"text-align: left;\"><strong>Tina Jarallah<\/strong><br \/>B\u00fcro Ansbach<br \/>Beckenweiherallee 21<br \/>Tel.: 0981 97761-269<br \/>tina.jarallah@ejsa-rot.de<\/p>\n<p style=\"text-align: left;\"><strong>Nadine Muck<\/strong><br \/>B\u00fcro Ansbach<br \/>Beckenweiherallee 21<br \/>Tel.: 0981 97764-229<br \/>nadine.muck@ejsa-rot.de<\/p>\n<p style=\"text-align: left;\"><strong>Martin M\u00fcller<\/strong><br \/>B\u00fcro Ansbach<br \/>Johann-Sebastian-Bach-Platz 28<br \/>Tel.: 0981 97788-467<br \/>Mobil: 01774 410452<br \/>martin.mueller@ejsa-rot.de<\/p>[\/oxy_rich_text][\/ct_div_block_6][\/ct_div_block_5][\/ct_link_4][\/ct_div_block_3][ct_div_block_3 ct_sign_sha256='bfe553605cf34f273c9ab855d2a56b4ba578a690143fab3210968343d96a6b14' ct_options='{\"ct_id\":31,\"ct_parent\":10,\"selector\":\"div_block-31-565\",\"original\":{\"width\":\"33.34\",\"width-unit\":\"%\"},\"nicename\":\"Div (#58)\",\"ct_depth\":3}'][ct_link_4 ct_sign_sha256='ce99681528fb43adfd207f6397a2f02324c7e4d7db13d3807d882281a6d1445a' ct_options='{\"ct_id\":32,\"ct_parent\":31,\"selector\":\"link-32-565\",\"original\":{\"width\":\"90\",\"width-unit\":\"%\",\"url\":\"https:\/\/matrix.ejsa-rot.desite\/firmen-unternehmen\/ausbildungsunterstuetzung\/ausbildungscoaching\/\",\"target\":\"\",\"url_encoded\":\"true\"},\"nicename\":\"Div (#186)\",\"ct_depth\":4}'][ct_div_block_5 ct_sign_sha256='9cacae34248a7d9260ccfa880936eda399afc9c3af1426b13a4a20f7c6a0b278' ct_options='{\"ct_id\":33,\"ct_parent\":32,\"selector\":\"div_block-33-565\",\"original\":{\"width-unit\":\"%\",\"justify-content\":\"space-between\",\"min-height-unit\":\"%\",\"min-height\":\"\",\"background-color\":\"#ffffff\",\"margin-right-unit\":\"%\",\"width\":\"100\",\"height-unit\":\"%\"},\"nicename\":\"Col1\",\"ct_depth\":5}'][ct_div_block_6 ct_sign_sha256='99afcfa5ded8d38eb22c05e952a92c9d84bfac152d9397fbd003302504dbad16' ct_options='{\"ct_id\":34,\"ct_parent\":33,\"selector\":\"div_block-34-565\",\"original\":{\"width\":\"100\",\"width-unit\":\"%\"},\"ct_depth\":6,\"nicename\":\"Div (#21)\"}'][ct_image ct_sign_sha256='608c00dc1cad3aaa3c99aaad7a654d9b43f85fe347e89e942487515dd3d70564' ct_options='{\"ct_id\":35,\"ct_parent\":34,\"selector\":\"image-35-565\",\"original\":{\"attachment_id\":161,\"attachment_height\":300,\"attachment_width\":300,\"attachment_url\":\"https:\/\/matrix.ejsa-rot.desite\/wp-content\/uploads\/2021\/04\/hand-outline-gesture-3_113964-300x300.png\",\"src\":\"https:\/\/matrix.ejsa-rot.desite\/wp-content\/uploads\/2022\/08\/Eb3_AusbCoaching_Neustadt-2019.jpg\"},\"ct_depth\":7,\"nicename\":\"Image (#71)\"}'][\/ct_image][\/ct_div_block_6][ct_div_block_6 ct_sign_sha256='776beddb2d4a17e7ece09b8f20788f89c35283272069dd4d82ce7321a1a1eeb5' ct_options='{\"ct_id\":36,\"ct_parent\":33,\"selector\":\"div_block-36-565\",\"original\":{\"width\":\"100\",\"width-unit\":\"%\",\"margin-right\":\"1\",\"margin-right-unit\":\"%\",\"align-items\":\"center\",\"text-align\":\"center\"},\"ct_depth\":6,\"nicename\":\"Div (#52)\"}'][oxy_rich_text ct_sign_sha256='df304aec31c900440a7d912dd75a47d8f819212fde58171745e451d681c66f02' ct_options='{\"ct_id\":37,\"ct_parent\":36,\"selector\":\"_rich_text-37-565\",\"original\":{\"font-size\":\"18\",\"font-family\":\"Poppins\",\"text-align\":\"center\",\"font-weight\":\"500\",\"margin-bottom\":\"8\",\"padding-top\":\"10\",\"color\":\"color(20)\"},\"ct_depth\":7,\"nicename\":\"Rich Text (#53)\"}']<p>Coaching<br \/><br \/><\/p>[\/oxy_rich_text][\/ct_div_block_6][ct_div_block_6 ct_sign_sha256='8e6be2d0a6d096622b087866891360db424a8c2d4cfb5058ab5dc32ea900b12c' ct_options='{\"ct_id\":38,\"ct_parent\":33,\"selector\":\"div_block-38-565\",\"original\":{\"width\":\"100\",\"width-unit\":\"%\",\"align-items\":\"center\",\"text-align\":\"center\"},\"ct_depth\":6,\"nicename\":\"Div (#54)\"}'][oxy_rich_text ct_sign_sha256='7ec29c3627dec0cace7bb1853e05b354183d5407ea30e00bf135e44ab2c8f935' ct_options='{\"ct_id\":39,\"ct_parent\":38,\"selector\":\"_rich_text-39-565\",\"original\":{\"font-size\":\"15\",\"text-align\":\"center\",\"font-family\":{\"0\":\"global\",\"1\":\"Display\"},\"padding-top\":\"0\",\"padding-left\":\"9\",\"padding-right\":\"9\",\"padding-bottom\":\"9\",\"color\":\"color(32)\"},\"ct_depth\":7,\"nicename\":\"Rich Text (#55)\"}']<p style=\"text-align: center;\">Das Ausbildungscoaching richtet sich an Auszubildende, die <strong>kurzfristig<\/strong> bei Problemen und Krisen Unterst\u00fctzung brauchen. Wir coachen auch Ausbilderinnen bei ihren Herausforderungen mit den jungen Menschen.<br \/>Ziel ist ein erfolgreicher Berufsabschluss.<\/p>[\/oxy_rich_text][oxy_rich_text ct_sign_sha256='179017ef4f0c6235491c66d675879a4950f6fe7629f48ccdc8257028c4171dde' ct_options='{\"ct_id\":40,\"ct_parent\":38,\"selector\":\"_rich_text-40-565\",\"original\":{\"font-size\":\"15\",\"text-align\":\"center\",\"font-family\":{\"0\":\"global\",\"1\":\"Display\"},\"padding-top\":\"0\",\"padding-left\":\"9\",\"padding-right\":\"9\",\"padding-bottom\":\"9\",\"color\":\"color(32)\"},\"ct_depth\":7,\"nicename\":\"Rich Text (#55)\"}']<p style=\"text-align: left;\"><strong>Martin M\u00fcller<\/strong><br \/>B\u00fcro Ansbach<br \/>Johann-Sebastian-Bach-Platz 28<br \/>Tel.: 0981 97788-467<br \/>Mobil: 01774 410452<br \/>martin.mueller@ejsa-rot.de<\/p>\n<p style=\"text-align: left;\">Gerne vereinbaren wir auch <br \/>einen Termin in Ihrer N\u00e4he.<\/p>[\/oxy_rich_text][\/ct_div_block_6][\/ct_div_block_5][\/ct_link_4][\/ct_div_block_3][\/ct_new_columns_3][\/ct_section_2][\/ct_div_block]","ct_template_type":"","ct_parent_template":0,"footnotes":""},"class_list":["post-565","page","type-page","status-publish","hentry"],"_links":{"self":[{"href":"https:\/\/matrix.ejsa-rot.de\/site\/wp-json\/wp\/v2\/pages\/565","targetHints":{"allow":["GET"]}}],"collection":[{"href":"https:\/\/matrix.ejsa-rot.de\/site\/wp-json\/wp\/v2\/pages"}],"about":[{"href":"https:\/\/matrix.ejsa-rot.de\/site\/wp-json\/wp\/v2\/types\/page"}],"author":[{"embeddable":true,"href":"https:\/\/matrix.ejsa-rot.de\/site\/wp-json\/wp\/v2\/users\/7"}],"replies":[{"embeddable":true,"href":"https:\/\/matrix.ejsa-rot.de\/site\/wp-json\/wp\/v2\/comments?post=565"}],"version-history":[{"count":3,"href":"https:\/\/matrix.ejsa-rot.de\/site\/wp-json\/wp\/v2\/pages\/565\/revisions"}],"predecessor-version":[{"id":721,"href":"https:\/\/matrix.ejsa-rot.de\/site\/wp-json\/wp\/v2\/pages\/565\/revisions\/721"}],"up":[{"embeddable":true,"href":"https:\/\/matrix.ejsa-rot.de\/site\/wp-json\/wp\/v2\/pages\/868"}],"wp:attachment":[{"href":"https:\/\/matrix.ejsa-rot.de\/site\/wp-json\/wp\/v2\/media?parent=565"}],"curies":[{"name":"wp","href":"https:\/\/api.w.org\/{rel}","templated":true}]}}