{"id":567,"date":"2022-03-05T12:47:46","date_gmt":"2022-03-05T11:47:46","guid":{"rendered":"https:\/\/matrix.ejsa-rot.desite\/?page_id=567"},"modified":"2022-07-20T14:22:07","modified_gmt":"2022-07-20T12:22:07","slug":"unternehmensplanspiel","status":"publish","type":"page","link":"https:\/\/matrix.ejsa-rot.de\/site\/firmen-unternehmen\/unternehmensplanspiel\/","title":{"rendered":"Unternehmens-Planspiel"},"content":{"rendered":"","protected":false},"excerpt":{"rendered":"","protected":false},"author":7,"featured_media":0,"parent":868,"menu_order":0,"comment_status":"closed","ping_status":"closed","template":"","meta":{"ct_builder_shortcodes":"[ct_div_block ct_sign_sha256='19b6b0a2ca77666c6b301ac398255f6362ba26f578d97634068113e3f1e485c5' ct_options='{\"ct_id\":2,\"ct_parent\":0,\"selector\":\"div_block-2-567\",\"original\":{\"conditionspreview\":\"2\",\"globalConditionsResult\":true,\"background-size\":\"auto\",\"margin-top\":\"-60\"},\"nicename\":\"4_mit_Icons\",\"activeselector\":false,\"ct_depth\":1}'][ct_section_2 ct_sign_sha256='7ccce9c556316d6ca6ac6531229c5614f9c7b7485e5147df94572c82deec0f03' ct_options='{\"ct_id\":3,\"ct_parent\":2,\"selector\":\"section-3-567\",\"ct_category\":\"Content\",\"nicename\":\"Level2\",\"ct_depth\":2,\"original\":{\"gradient\":{\"colors\":{\"0\":{\"position-unit\":\"px\",\"value\":\"\"},\"1\":{\"position-unit\":\"px\",\"value\":\"\"}}},\"container-padding-top-unit\":\"px\",\"container-padding-top\":\"60\",\"container-padding-bottom-unit\":\"px\",\"container-padding-bottom\":\"60\",\"background-image\":\"https:\/\/matrix.ejsa-rot.desite\/wp-content\/uploads\/2022\/03\/shutterstock_789647086_Hintergrund_rgb-1-scaled.jpg\",\"overlay-color\":\"rgba(0,0,0,0.31)\"}}'][ct_new_columns_3 ct_sign_sha256='d3a9f0956f09ba979fe7e8a3bf6c44990e1d8acf91d1012f7a73763a964fd8f3' ct_options='{\"ct_id\":4,\"ct_parent\":3,\"selector\":\"new_columns-4-567\",\"nicename\":\"Columns (#59)\",\"ct_depth\":3}'][ct_div_block_3 ct_sign_sha256='1ce2779a7dcc781720311f36878ca7452129a9d36efac2e9cb031988595a3e72' ct_options='{\"ct_id\":5,\"ct_parent\":4,\"selector\":\"div_block-5-567\",\"original\":{\"width\":\"70\",\"width-unit\":\"%\"},\"nicename\":\"Div (#60)\",\"ct_depth\":3}'][ct_div_block_4 ct_sign_sha256='8d89230ad687b56528e67f4d5e55ed422f74793700e2d56bb74ddb62672fc975' ct_options='{\"ct_id\":6,\"ct_parent\":5,\"selector\":\"div_block-6-567\",\"original\":{\"width-unit\":\"%\",\"justify-content\":\"space-between\",\"min-height-unit\":\"%\",\"min-height\":\"\",\"margin-right-unit\":\"%\",\"width\":\"100\",\"height-unit\":\"%\"},\"ct_depth\":4,\"nicename\":\"Col1\"}'][ct_div_block_5 ct_sign_sha256='39cca2a5b302d45dba58a6679c8a0b2f59124aa652fa35179417f4668d9c28e9' ct_options='{\"ct_id\":7,\"ct_parent\":6,\"selector\":\"div_block-7-567\",\"original\":{\"width\":\"100\",\"width-unit\":\"%\",\"align-items\":\"flex-start\",\"text-align\":\"left\",\"margin-right\":\"1\",\"margin-right-unit\":\"%\"},\"ct_depth\":5,\"nicename\":\"Div (#52)\"}'][oxy_rich_text ct_sign_sha256='14ec7a99554d2701166e06978e1580d8296e40ea69068a29e4ff4b6d1092ea28' ct_options='{\"ct_id\":8,\"ct_parent\":7,\"selector\":\"_rich_text-8-567\",\"original\":{\"text-align\":\"center\",\"font-family\":{\"0\":\"global\",\"1\":\"Display\"},\"padding-top\":\"10\",\"color\":\"color(36)\",\"font-weight\":\"500\",\"font-size\":\"18\",\"margin-bottom\":\"0\"},\"ct_depth\":6,\"nicename\":\"Rich Text (#53)\"}']<p><em>\u00a0 Ausbildung st\u00e4rken<\/em><\/p>[\/oxy_rich_text][oxy_rich_text ct_sign_sha256='cfff9195b9d2787e38973dc5a13b7ef675ab56fb95a19f61ca5919165b5eef30' ct_options='{\"ct_id\":9,\"ct_parent\":7,\"selector\":\"_rich_text-9-567\",\"original\":{\"text-align\":\"center\",\"font-family\":\"Lobster\",\"color\":\"color(19)\",\"font-weight\":\"500\",\"font-size\":\"38\",\"padding-top\":\"0\",\"margin-bottom\":\"0\"},\"ct_depth\":6,\"nicename\":\"Rich Text (#53)\",\"activeselector\":false}']<p>\u00a0Planspiel f\u00fcr Lehrlinge<\/p>[\/oxy_rich_text][\/ct_div_block_5][ct_div_block_5 ct_sign_sha256='0cababccf589f00baa8b1876598604078d80982f7b64c982190e8afa5b6e6864' ct_options='{\"ct_id\":10,\"ct_parent\":6,\"selector\":\"div_block-10-567\",\"original\":{\"width\":\"100\",\"width-unit\":\"%\",\"align-items\":\"flex-start\",\"text-align\":\"left\"},\"ct_depth\":5,\"nicename\":\"Div (#54)\"}'][oxy_rich_text ct_sign_sha256='cb382c53c9e4dbf4c78658427f8b615eab3db34ec8b62aa38db3f84291fee54c' ct_options='{\"ct_id\":11,\"ct_parent\":10,\"selector\":\"_rich_text-11-567\",\"original\":{\"font-size\":\"15\",\"text-align\":\"center\",\"font-family\":{\"0\":\"global\",\"1\":\"Display\"},\"padding-top\":\"0\",\"padding-left\":\"9\",\"padding-right\":\"9\",\"padding-bottom\":\"9\",\"color\":\"color(19)\"},\"ct_depth\":6,\"nicename\":\"Rich Text (#55)\"}']<p style=\"text-align: left;\">Das von der EJSA entwickelte Planspiel <strong>\u201eUnternehmerisch Denken und Handeln\u201c<\/strong> bietet Auszubildenden die M\u00f6glichkeit, sich in einem fiktiven Wirtschaftsraum als selbstst\u00e4ndiges Unternehmen unter Beweis zu stellen.<\/p>\n<p style=\"text-align: left;\"><strong>Das Ziel<\/strong>: der Auszubildende soll erkennen, welchen Beitrag er zum Erfolg seines realen Unternehmens (Ausbildungsbetrieb) leistet. Er wird angeregt, unternehmerisch zu denken und sein Wirken zu reflektieren.<\/p>\n<p style=\"text-align: left;\">Das Planspiel vermittelt <strong>grundlegende Erfahrungen<\/strong> zu folgenden Themen:<\/p>\n<ul style=\"text-align: left;\">\n<li>Zusammenarbeit im Team<\/li>\n<li>F\u00fchrung und Verantwortung<\/li>\n<li>Umgang mit Kunden<\/li>\n<li>Identifikation mit und Umsetzung von Unternehmenszielen<\/li>\n<li>Arbeitsorganisation<\/li>\n<\/ul>\n<p style=\"text-align: left;\"><strong>Ablauf:<\/strong><\/p>\n<p style=\"text-align: left;\">Es gibt 5-6 Planspiel-Firmen. Zu Beginn kreiert jede Firma ihren eigenen Namen, es werden Mitarbeiterrollen vergeben sowie ein eigenes unternehmerisches Leitbild entwickelt, nach dem jedes Team im Planspiel handeln und auftreten will.\u00a0 <br \/>Dann wird es konkret. Die fiktiven Betriebe beginnen aktiv zu werden und vergeben gegenseitig Auftr\u00e4ge, entwickeln innovative Produkte und setzen das selbst definierte Unternehmensleitbild in die Tat um \u2013 ob sie Erfolg haben werden?<br \/>In regelm\u00e4\u00dfigen Feedbackrunden bewerten sich zudem die Unternehmen untereinander und k\u00f6nnen offen Lob und Kritik an der Arbeitsweise der anderen Teams \u00e4u\u00dfern. Sie bewerten sich gegenseitig anhand von Kompetenzkarten.<br \/>Zum Ende des Planspiels werden die Kompetenzkarten ausgewertet und mit dem anfangs definierten Unternehmensleitbild abgeglichen. So k\u00f6nnen die Jung-Unternehmer sehen, ob sich ihr Vorhaben in der Praxis bew\u00e4hrt hat und was h\u00e4tte anders laufen m\u00fcssen.\u00a0<br \/>In einer letzten Auswertungsphase werden die Erfahrungen der Auszubildenden auf ihren realen Ausbildungsbetrieb \u00fcbertragen, mit dem Ziel, eigene Schlussfolgerungen auf ihre Arbeit und ihr Wirken zu ziehen.<\/p>[\/oxy_rich_text][ct_div_block_6 ct_sign_sha256='daf1c882d56e5f015fe85b8f0f48b73e5cd6e0109827f86062bfc0bf3a27ec42' ct_options='{\"ct_id\":12,\"ct_parent\":10,\"selector\":\"div_block-12-567\",\"original\":{\"width\":\"100\",\"width-unit\":\"%\",\"align-items\":\"flex-start\",\"flex-direction\":\"column\",\"display\":\"flex\",\"text-align\":\"left\"},\"ct_depth\":6,\"nicename\":\"Div (#54)\"}'][oxy_rich_text ct_sign_sha256='9b28801c7383097860dadeefed5e3cc318331f2c06025233183320f283b0a2e0' ct_options='{\"ct_id\":13,\"ct_parent\":12,\"selector\":\"_rich_text-13-567\",\"original\":{\"font-size\":\"15\",\"text-align\":\"center\",\"font-family\":{\"0\":\"global\",\"1\":\"Display\"},\"padding-top\":\"10\",\"color\":\"color(19)\",\"font-weight\":\"500\",\"margin-bottom\":\"8\"},\"ct_depth\":7,\"nicename\":\"Rich Text (#53)\"}']<p><strong>\u00a0 \u00a0Zeitrahmen und Kosten:<\/strong><\/p>[\/oxy_rich_text][oxy_rich_text ct_sign_sha256='58b31ed0437a9786592936bb6fa74fed8d55eeb5e206994626a65c2d19dda6d3' ct_options='{\"ct_id\":14,\"ct_parent\":12,\"selector\":\"_rich_text-14-567\",\"original\":{\"font-size\":\"15\",\"text-align\":\"center\",\"font-family\":{\"0\":\"global\",\"1\":\"Display\"},\"padding-top\":\"0\",\"padding-left\":\"9\",\"padding-right\":\"9\",\"padding-bottom\":\"9\",\"color\":\"color(19)\"},\"ct_depth\":7,\"nicename\":\"Rich Text (#55)\"}']<p style=\"text-align: left;\">Das Planspiel findet 3 Mal im Jahr statt, weitere Termine nach Vereinbarung. Der Zeitrahmen ist von 8 Uhr bis 16.30 Uhr. Die Kosten belaufen sich auf 70\u20ac\/ Person inkl. Snack und Getr\u00e4nke.<br \/>Am Nachmittag sind die Ausbilder herzlich eingeladen, an den Pr\u00e4sentationen der Azubis teilzunehmen und die erarbeiteten Erfahrungen in ihre Betriebe zu integrieren.<\/p>[\/oxy_rich_text][\/ct_div_block_6][\/ct_div_block_5][ct_div_block_5 ct_sign_sha256='3ccfc454723815ca9b0f5f8eb1fd87798bf2fdae3ea85f4e3fc959b7d479e029' ct_options='{\"ct_id\":15,\"ct_parent\":6,\"selector\":\"div_block-15-567\",\"original\":{\"width\":\"100\",\"width-unit\":\"%\",\"align-items\":\"flex-start\",\"flex-direction\":\"column\",\"display\":\"flex\",\"text-align\":\"left\"},\"ct_depth\":5,\"nicename\":\"Div (#54)\"}'][oxy_rich_text ct_sign_sha256='9429cf344feb81168609592d7977565f8b332ac4c9d79ddb8c3168e7fa86bc91' ct_options='{\"ct_id\":16,\"ct_parent\":15,\"selector\":\"_rich_text-16-567\",\"original\":{\"font-size\":\"15\",\"text-align\":\"center\",\"font-family\":{\"0\":\"global\",\"1\":\"Display\"},\"padding-top\":\"0\",\"padding-left\":\"9\",\"padding-right\":\"9\",\"padding-bottom\":\"9\",\"color\":\"color(19)\"},\"ct_depth\":6,\"nicename\":\"Rich Text (#55)\"}']<p style=\"text-align: left;\">Haben Sie Interesse daran, dieses Planspiel in Ihrem Unternehmen durchzuf\u00fchren (ab 15 Teilnehmer:innen) oder m\u00f6chten Sie Ihre Auszubildenden dazu anmelden? Dann kontaktieren Sie uns gerne, um n\u00e4here Informationen zu erhalten.<\/p>\r\n<p style=\"text-align: left;\">Wir freuen uns auf Sie!<\/p>[\/oxy_rich_text][\/ct_div_block_5][\/ct_div_block_4][\/ct_div_block_3][ct_div_block_3 ct_sign_sha256='216092938afd98f1276248b7e5a52a4c86d1921fd2077b18f35c61c4e9e0c902' ct_options='{\"ct_id\":17,\"ct_parent\":4,\"selector\":\"div_block-17-567\",\"original\":{\"width\":\"30.00\",\"width-unit\":\"%\"},\"ct_depth\":3,\"nicename\":\"Div (#61)\"}'][ct_div_block_4 ct_sign_sha256='5487e2882212cf0a66228de723129d1db791560e5f058d8d0228cc5c38f461fa' ct_options='{\"ct_id\":18,\"ct_parent\":17,\"selector\":\"div_block-18-567\",\"original\":{\"width-unit\":\"%\",\"justify-content\":\"space-between\",\"min-height-unit\":\"%\",\"min-height\":\"\",\"margin-right-unit\":\"%\",\"width\":\"100\",\"height-unit\":\"%\"},\"ct_depth\":4,\"nicename\":\"Col1\"}'][ct_div_block_5 ct_sign_sha256='82c99ee078d83aca70e32237e32e7e85cdec4137cdf60a047eb8e067e72de285' ct_options='{\"ct_id\":19,\"ct_parent\":18,\"selector\":\"div_block-19-567\",\"original\":{\"width\":\"100\",\"width-unit\":\"%\",\"align-items\":\"center\",\"text-align\":\"center\"},\"ct_depth\":5,\"nicename\":\"Div (#54)\"}'][oxy_rich_text ct_sign_sha256='e8902e3d3cbf524996f68eecb7723cc3ee43dd237add3a6bcd12b088c8e7e408' ct_options='{\"ct_id\":20,\"ct_parent\":19,\"selector\":\"_rich_text-20-567\",\"original\":{\"font-size\":\"15\",\"font-family\":{\"0\":\"global\",\"1\":\"Display\"},\"text-align\":\"center\",\"padding-top\":\"0\",\"color\":\"color(19)\",\"padding-left\":\"9\",\"padding-right\":\"9\",\"padding-bottom\":\"9\",\"margin-top\":\"15\"},\"ct_depth\":6,\"nicename\":\"Rich Text (#55)\"}']<p style=\"text-align: left;\"><strong>Kontakt:<\/strong><\/p>\n<p style=\"text-align: left;\"><strong>Evi Kohn<\/strong><br \/>B\u00fcro Rothenburg<br \/>Kirchplatz 13<br \/>Tel.: 09861 9369-426<br \/>ausbildung@ejsa-rot.de<\/p>[\/oxy_rich_text][\/ct_div_block_5][\/ct_div_block_4][\/ct_div_block_3][\/ct_new_columns_3][ct_new_columns_3 ct_sign_sha256='0e8220882cefe373fc3584d272ce659e9da98099119de5ec512b17b9c9faf8b6' ct_options='{\"ct_id\":21,\"ct_parent\":3,\"selector\":\"new_columns-21-567\",\"nicename\":\"Columns (#145)\",\"ct_depth\":3}'][ct_div_block_3 ct_sign_sha256='4ff76273d8c239b2e8aa84c115096ecee826c9c1c689bb262e50fef6544f3782' ct_options='{\"ct_id\":22,\"ct_parent\":21,\"selector\":\"div_block-22-567\",\"original\":{\"width\":\"33.33\",\"width-unit\":\"%\"},\"nicename\":\"Div (#146)\",\"ct_depth\":3}'][ct_image ct_sign_sha256='c493367b65c20736746b5940dff503e3ee75c5f8cd9846ce13ba3e63c2c90386' ct_options='{\"ct_id\":23,\"ct_parent\":22,\"selector\":\"image-23-567\",\"original\":{\"src\":\"https:\/\/matrix.ejsa-rot.desite\/wp-content\/uploads\/2022\/08\/Eb3_Planspiel1.jpg\",\"border-top-color\":\"#ffffff\",\"border-right-color\":\"#ffffff\",\"border-bottom-color\":\"#ffffff\",\"border-left-color\":\"#ffffff\",\"border-top-style\":\"solid\",\"border-right-style\":\"solid\",\"border-bottom-style\":\"solid\",\"border-left-style\":\"solid\",\"border-top-width\":\"7\",\"border-right-width\":\"7\",\"border-bottom-width\":\"7\",\"border-left-width\":\"7\",\"border-radius\":\"15\",\"height-unit\":\"%\",\"width-unit\":\"%\"},\"nicename\":\"Image (#149)\",\"ct_depth\":4}'][\/ct_image][\/ct_div_block_3][ct_div_block_3 ct_sign_sha256='29903476c85561500f36f185d668008339bd5d081221c2bc5b3c61bfacce8cb7' ct_options='{\"ct_id\":24,\"ct_parent\":21,\"selector\":\"div_block-24-567\",\"original\":{\"width\":\"33.33\",\"width-unit\":\"%\"},\"nicename\":\"Div (#147)\",\"ct_depth\":3}'][ct_image ct_sign_sha256='3cf54df8d43f90df689cf326af6f2705e79570fd0f20379b728ab86bba741152' ct_options='{\"ct_id\":25,\"ct_parent\":24,\"selector\":\"image-25-567\",\"original\":{\"src\":\"https:\/\/matrix.ejsa-rot.desite\/wp-content\/uploads\/2022\/08\/Eb3_Planspiel_2.jpg\",\"border-top-color\":\"color(19)\",\"border-right-color\":\"color(19)\",\"border-bottom-color\":\"color(19)\",\"border-left-color\":\"color(19)\",\"border-top-style\":\"solid\",\"border-right-style\":\"solid\",\"border-bottom-style\":\"solid\",\"border-left-style\":\"solid\",\"border-top-width\":\"7\",\"border-right-width\":\"7\",\"border-bottom-width\":\"7\",\"border-left-width\":\"7\",\"border-radius\":\"15\",\"height-unit\":\"%\",\"width-unit\":\"%\"},\"nicename\":\"Image (#150)\",\"ct_depth\":4}'][\/ct_image][\/ct_div_block_3][ct_div_block_3 ct_sign_sha256='b799931a912f2b666dd5992a3c6e33d2f2a373cd918184125fb483d5bfe6b1da' ct_options='{\"ct_id\":26,\"ct_parent\":21,\"selector\":\"div_block-26-567\",\"original\":{\"width\":\"33.34\",\"width-unit\":\"%\"},\"nicename\":\"Div (#148)\",\"ct_depth\":3}'][ct_image ct_sign_sha256='8cbf7e8220c4a4512c0445e55f85c4d16db93bc103440837ddadc5aa01543025' ct_options='{\"ct_id\":27,\"ct_parent\":26,\"selector\":\"image-27-567\",\"original\":{\"src\":\"https:\/\/matrix.ejsa-rot.desite\/wp-content\/uploads\/2022\/08\/Eb3_Planspiel_3.jpg\",\"border-top-color\":\"color(19)\",\"border-right-color\":\"color(19)\",\"border-bottom-color\":\"color(19)\",\"border-left-color\":\"color(19)\",\"border-top-width\":\"7\",\"border-right-width\":\"7\",\"border-bottom-width\":\"7\",\"border-left-width\":\"7\",\"border-top-style\":\"solid\",\"border-right-style\":\"solid\",\"border-bottom-style\":\"solid\",\"border-left-style\":\"solid\",\"border-radius\":\"15\",\"width-unit\":\"%\",\"height-unit\":\"%\"},\"nicename\":\"Image (#151)\",\"ct_depth\":4}'][\/ct_image][\/ct_div_block_3][\/ct_new_columns_3][\/ct_section_2][\/ct_div_block]","ct_template_type":"","ct_parent_template":0,"footnotes":""},"class_list":["post-567","page","type-page","status-publish","hentry"],"_links":{"self":[{"href":"https:\/\/matrix.ejsa-rot.de\/site\/wp-json\/wp\/v2\/pages\/567","targetHints":{"allow":["GET"]}}],"collection":[{"href":"https:\/\/matrix.ejsa-rot.de\/site\/wp-json\/wp\/v2\/pages"}],"about":[{"href":"https:\/\/matrix.ejsa-rot.de\/site\/wp-json\/wp\/v2\/types\/page"}],"author":[{"embeddable":true,"href":"https:\/\/matrix.ejsa-rot.de\/site\/wp-json\/wp\/v2\/users\/7"}],"replies":[{"embeddable":true,"href":"https:\/\/matrix.ejsa-rot.de\/site\/wp-json\/wp\/v2\/comments?post=567"}],"version-history":[{"count":2,"href":"https:\/\/matrix.ejsa-rot.de\/site\/wp-json\/wp\/v2\/pages\/567\/revisions"}],"predecessor-version":[{"id":677,"href":"https:\/\/matrix.ejsa-rot.de\/site\/wp-json\/wp\/v2\/pages\/567\/revisions\/677"}],"up":[{"embeddable":true,"href":"https:\/\/matrix.ejsa-rot.de\/site\/wp-json\/wp\/v2\/pages\/868"}],"wp:attachment":[{"href":"https:\/\/matrix.ejsa-rot.de\/site\/wp-json\/wp\/v2\/media?parent=567"}],"curies":[{"name":"wp","href":"https:\/\/api.w.org\/{rel}","templated":true}]}}