{"id":569,"date":"2022-03-05T12:52:57","date_gmt":"2022-03-05T11:52:57","guid":{"rendered":"https:\/\/matrix.ejsa-rot.desite\/?page_id=569"},"modified":"2022-07-20T14:22:01","modified_gmt":"2022-07-20T12:22:01","slug":"sprach-und-kulturmittler","status":"publish","type":"page","link":"https:\/\/matrix.ejsa-rot.de\/site\/firmen-unternehmen\/sprach-und-kulturmittler\/","title":{"rendered":"Sprach- und Kulturmittler"},"content":{"rendered":"","protected":false},"excerpt":{"rendered":"","protected":false},"author":7,"featured_media":0,"parent":868,"menu_order":0,"comment_status":"closed","ping_status":"closed","template":"","meta":{"ct_builder_shortcodes":"[ct_div_block ct_sign_sha256='cdbf92ae7b18ca6b4d17a38986476fac2bb13c1f4711aadca61b304ce4d9c2fd' ct_options='{\"ct_id\":2,\"ct_parent\":0,\"selector\":\"div_block-2-569\",\"original\":{\"conditionspreview\":\"2\",\"globalConditionsResult\":true,\"background-size\":\"auto\"},\"nicename\":\"4_mit_Icons\",\"activeselector\":false,\"ct_depth\":1}'][ct_section_2 ct_sign_sha256='90fd15dd4c6752ce9fb6072bd0497c7c23a7a1e6b62b939d152bdd431b3f8d32' ct_options='{\"ct_id\":3,\"ct_parent\":2,\"selector\":\"section-3-569\",\"ct_category\":\"Content\",\"nicename\":\"Level2\",\"ct_depth\":2,\"original\":{\"gradient\":{\"colors\":{\"0\":{\"position-unit\":\"px\",\"value\":\"\"},\"1\":{\"position-unit\":\"px\",\"value\":\"\"}}},\"container-padding-top-unit\":\"px\",\"container-padding-top\":\"60\",\"container-padding-bottom-unit\":\"px\",\"container-padding-bottom\":\"60\",\"background-image\":\"https:\/\/matrix.ejsa-rot.desite\/wp-content\/uploads\/2022\/03\/shutterstock_789647086_Hintergrund_rgb-1-scaled.jpg\",\"overlay-color\":\"rgba(0,0,0,0.31)\"}}'][ct_new_columns_3 ct_sign_sha256='5b456651b472bfc097a02da570186bf7398dc66990ccefb00e17438940945654' ct_options='{\"ct_id\":4,\"ct_parent\":3,\"selector\":\"new_columns-4-569\",\"nicename\":\"Columns (#59)\",\"ct_depth\":3}'][ct_div_block_3 ct_sign_sha256='3307dcd8c346bedf832dbd082364ace59a65fd54c7f2b433806c8ac3cf17cb51' ct_options='{\"ct_id\":5,\"ct_parent\":4,\"selector\":\"div_block-5-569\",\"original\":{\"width\":\"70\",\"width-unit\":\"%\"},\"nicename\":\"Div (#60)\",\"ct_depth\":3}'][ct_div_block_4 ct_sign_sha256='eca936aca61d7a83e853769107315a30bb9b1a5dc31976d5003ca0d4b24e7033' ct_options='{\"ct_id\":6,\"ct_parent\":5,\"selector\":\"div_block-6-569\",\"original\":{\"width-unit\":\"%\",\"justify-content\":\"space-between\",\"min-height-unit\":\"%\",\"min-height\":\"\",\"margin-right-unit\":\"%\",\"width\":\"100\",\"height-unit\":\"%\"},\"ct_depth\":4,\"nicename\":\"Col1\"}'][ct_div_block_5 ct_sign_sha256='6832a58e57dcce73381c2f12c59fa5833410be30c2ee30df0f096ee02c5b6fdd' ct_options='{\"ct_id\":7,\"ct_parent\":6,\"selector\":\"div_block-7-569\",\"original\":{\"width\":\"100\",\"width-unit\":\"%\",\"align-items\":\"flex-start\",\"text-align\":\"left\",\"margin-right\":\"1\",\"margin-right-unit\":\"%\"},\"ct_depth\":5,\"nicename\":\"Div (#52)\"}'][oxy_rich_text ct_sign_sha256='01ca4ec121a5ccd31b28921eed9df5c0b7ad4548df6b46295fc48f5d3178767b' ct_options='{\"ct_id\":8,\"ct_parent\":7,\"selector\":\"_rich_text-8-569\",\"original\":{\"text-align\":\"center\",\"font-family\":{\"0\":\"global\",\"1\":\"Display\"},\"padding-top\":\"10\",\"color\":\"color(36)\",\"font-weight\":\"500\",\"font-size\":\"18\",\"margin-bottom\":\"0\"},\"ct_depth\":6,\"nicename\":\"Rich Text (#53)\"}']<p><em>\u00a0 Angebote f\u00fcr Firmen<\/em><\/p>[\/oxy_rich_text][oxy_rich_text ct_sign_sha256='9fd7a885dea68d7d59d18984129a4ef5f589920250a501fd52694a4587067e97' ct_options='{\"ct_id\":9,\"ct_parent\":7,\"selector\":\"_rich_text-9-569\",\"original\":{\"text-align\":\"center\",\"font-family\":\"Lobster\",\"color\":\"color(19)\",\"font-weight\":\"500\",\"font-size\":\"38\",\"padding-top\":\"0\",\"margin-bottom\":\"0\"},\"ct_depth\":6,\"nicename\":\"Rich Text (#53)\",\"activeselector\":false}']<p>\u00a0Sprach- und Kulturmittler<\/p>[\/oxy_rich_text][\/ct_div_block_5][ct_div_block_5 ct_sign_sha256='008edc3516c9e796d2145524b683670384cbbdf80c11b3857524e1e2057fe7bd' ct_options='{\"ct_id\":10,\"ct_parent\":6,\"selector\":\"div_block-10-569\",\"original\":{\"width\":\"100\",\"width-unit\":\"%\",\"align-items\":\"flex-start\",\"text-align\":\"left\"},\"ct_depth\":5,\"nicename\":\"Div (#54)\"}'][oxy_rich_text ct_sign_sha256='2b4e1ccbffd47783edc246f371b79b7877f58d632e4137940f5ce4a521a22a74' ct_options='{\"ct_id\":11,\"ct_parent\":10,\"selector\":\"_rich_text-11-569\",\"original\":{\"font-size\":\"15\",\"text-align\":\"center\",\"font-family\":{\"0\":\"global\",\"1\":\"Display\"},\"padding-top\":\"0\",\"padding-left\":\"9\",\"padding-right\":\"9\",\"padding-bottom\":\"0\",\"color\":\"color(19)\",\"margin-bottom\":\"0\"},\"ct_depth\":6,\"nicename\":\"Rich Text (#55)\"}']<p style=\"text-align: left;\">Haben Sie Mitarbeiter mit Migrationshintergrund und den Eindruck, es gibt Missverst\u00e4ndnisse in der Kommunikation? Haben Sie erlebt, dass es trotz ausreichender Sprachkenntnisse zu Konflikten kommt und dies eventuell auf kulturelle Unterschiede zur\u00fcckzuf\u00fchren ist?<\/p>\n<p style=\"text-align: left;\">Mit Unterst\u00fctzung unserer ehrenamtlichen Sprach- und Kulturmittler (\u00dcbersetzer) soll die Verst\u00e4ndigung zwischen den verschiedenen Parteien erleichtert und verbessert werden. Einsatz per Video- oder Telefonkonferenz ist m\u00f6glich.<\/p>\n<p style=\"text-align: left;\">Sie als Unternehmen haben verschiedene M\u00f6glichkeiten:<\/p>\n<ul style=\"text-align: left;\">\n<li>Sie k\u00f6nnen unsere Sprach- und Kulturmittler f\u00fcr Ihre Gespr\u00e4che mit dem Mitarbeiter nutzen<\/li>\n<li>Sie k\u00f6nnen Ihre Mitarbeiter als ehrenamtliche \u00dcbersetzer innerhalb Ihres Betriebes einsetzen oder<\/li>\n<li>Sie stellen ihre Mitarbeiter frei f\u00fcr Beratungsgespr\u00e4che mit Beh\u00f6rden\/ Fachstellen<\/li>\n<\/ul>\n<p style=\"text-align: left;\">Diese Sprachen werden zurzeit angeboten:<\/p>\n<ul>\n<li style=\"text-align: left;\">Arabisch<\/li>\n<li style=\"text-align: left;\">Persisch\/Farsi<\/li>\n<li style=\"text-align: left;\">Dari, Paschto<\/li>\n<li style=\"text-align: left;\">Urdu<\/li>\n<li style=\"text-align: left;\">Kurdisch<\/li>\n<li style=\"text-align: left;\">Russisch<\/li>\n<li style=\"text-align: left;\">Englisch<\/li>\n<li style=\"text-align: left;\">Franz\u00f6sisch<\/li>\n<\/ul>\n<p style=\"text-align: left;\">Bei einem Einsatz zahlt die Firma den Sprach- und Kulturmittlern eine Verg\u00fctung von 20\u20ac \/ Stunde zzgl. Fahrtzeit.<br \/><br \/><\/p>[\/oxy_rich_text][ct_div_block_6 ct_sign_sha256='3eeac37e3f12d7d3762dcf96039678e7b5ea5ae6ac3c4d392dbd126d0f5dd22d' ct_options='{\"ct_id\":12,\"ct_parent\":10,\"selector\":\"div_block-12-569\",\"original\":{\"width\":\"100\",\"width-unit\":\"%\",\"align-items\":\"flex-start\",\"flex-direction\":\"column\",\"display\":\"flex\",\"text-align\":\"left\"},\"ct_depth\":6,\"nicename\":\"Div (#54)\"}'][oxy_rich_text ct_sign_sha256='953bf9af305f3ee350b82ddbd0b620d75ab424136913f44a2cedf7cbe30c58a6' ct_options='{\"ct_id\":13,\"ct_parent\":12,\"selector\":\"_rich_text-13-569\",\"original\":{\"font-size\":\"15\",\"text-align\":\"center\",\"font-family\":{\"0\":\"global\",\"1\":\"Display\"},\"padding-top\":\"0\",\"color\":\"color(19)\",\"font-weight\":\"500\",\"margin-bottom\":\"8\"},\"ct_depth\":7,\"nicename\":\"Rich Text (#53)\"}']<p><strong>\u00a0 \u00a0Aus dem echten Leben:<\/strong><\/p>[\/oxy_rich_text][oxy_rich_text ct_sign_sha256='d1802a753054639e5297ed8278ccca7dedd59f7bba5a1af67aa1ddfd28c44a5f' ct_options='{\"ct_id\":14,\"ct_parent\":12,\"selector\":\"_rich_text-14-569\",\"original\":{\"font-size\":\"15\",\"text-align\":\"center\",\"font-family\":{\"0\":\"global\",\"1\":\"Display\"},\"padding-top\":\"0\",\"padding-left\":\"9\",\"padding-right\":\"9\",\"padding-bottom\":\"9\",\"color\":\"color(19)\"},\"ct_depth\":7,\"nicename\":\"Rich Text (#55)\"}']<p style=\"text-align: left;\"><em>Amir Ahmadi freut sich: er hat seine Ausbildung zum Maler geschafft. Der Chef ist sehr zufrieden mit seiner Arbeit und hat ihn \u00fcbernommen. <br \/><\/em><em>Amir Ahmadi ist 2016 als Minderj\u00e4hriger ohne seine Familie aus Afghanistan nach Deutschland gekommen. Damals hat er viel Unterst\u00fctzung bekommen. Jetzt m\u00f6chte auch er andere unterst\u00fctzen.<br \/><\/em><em>Er wei\u00df, dass es am Anfang in Deutschland nicht leicht ist. Besonders die deutsche Sprache ist kompliziert. Von Freunden hat er erfahren, dass bei der EJSA Menschen gesucht werden, die f\u00fcr andere \u00fcbersetzen. Er meldet sich bei der EJSA f\u00fcr einen Kurs an, in dem er gemeinsam mit anderen Interessierten \u00fcbt, eine gute \u00dcbersetzungssituation zu schaffen, so w\u00f6rtlich wie m\u00f6glich zu \u00fcbersetzen und einzugreifen, wenn es zu kulturellen Missverst\u00e4ndnissen zwischen Auftraggebenden und Klient:in kommt. Sein Chef freut sich \u00fcber das Engagement von Amir Ahmadi und bietet ihm an, dass er f\u00fcr den Kurs fr\u00fcher Feierabend machen kann.<\/em><\/p>[\/oxy_rich_text][\/ct_div_block_6][ct_div_block_6 ct_sign_sha256='6d13076478606c5028abd2c0ec618193991a443837d999be75cb94b9ed39b86a' ct_options='{\"ct_id\":28,\"ct_parent\":10,\"selector\":\"div_block-28-569\",\"original\":{\"width\":\"100\",\"width-unit\":\"%\",\"align-items\":\"flex-start\",\"flex-direction\":\"column\",\"display\":\"flex\",\"text-align\":\"left\"},\"ct_depth\":6,\"nicename\":\"Div (#54)\"}'][oxy_rich_text ct_sign_sha256='9ca7c8b82400609e0aabebb213c8d5f5a7c015efc0bc9be70c58af7944f47c5c' ct_options='{\"ct_id\":29,\"ct_parent\":28,\"selector\":\"_rich_text-29-569\",\"original\":{\"font-size\":\"15\",\"text-align\":\"center\",\"font-family\":{\"0\":\"global\",\"1\":\"Display\"},\"padding-top\":\"10\",\"color\":\"color(19)\",\"font-weight\":\"500\",\"margin-bottom\":\"8\"},\"ct_depth\":7,\"nicename\":\"Rich Text (#53)\"}']<p><strong>\u00a0 \u00a0Gut zu wissen<\/strong><strong>:<\/strong><\/p>[\/oxy_rich_text][oxy_rich_text ct_sign_sha256='83b937583fdcdadbc9197aaadfb4d0e6d4d0f03fa50d4ef1fb104154c3302f90' ct_options='{\"ct_id\":30,\"ct_parent\":28,\"selector\":\"_rich_text-30-569\",\"original\":{\"font-size\":\"15\",\"text-align\":\"center\",\"font-family\":{\"0\":\"global\",\"1\":\"Display\"},\"padding-top\":\"0\",\"padding-left\":\"9\",\"padding-right\":\"9\",\"padding-bottom\":\"9\",\"color\":\"color(19)\"},\"ct_depth\":7,\"nicename\":\"Rich Text (#55)\"}']<p style=\"text-align: left;\">Das Projekt <em>GECKO Gemeinsam Kommunizieren - Interkulturelle Sprachmittlung in der Diakonie<\/em> hat zum Ziel, Asylsuchende und anerkannte Gefl\u00fcchtete beim Ankommen und der Orientierung in Bayern zu unterst\u00fctzen. Die EJSA Rothenburg ist einer von elf Partnern im Projekt des Diakonischen Werks Bayern, die ein landesweites Netzwerk speziell geschulter Sprach- und Kulturmittler:innen aufbauen.<\/p>\n<p style=\"text-align: left;\">Wir unterst\u00fctzen Sie gerne!<\/p>\n<p style=\"text-align: left;\">Zu den F\u00f6rderern geht es <a href=\"https:\/\/matrix.ejsa-rot.desite\/main\/foerderer\/\">hier<\/a>.<\/p>[\/oxy_rich_text][oxy_rich_text ct_sign_sha256='db12a41d5876143c87b50f3ae501b2627ea7331e97035d0010b2b9cca6d3d2ee' ct_options='{\"ct_id\":31,\"ct_parent\":28,\"selector\":\"_rich_text-31-569\",\"original\":{\"font-size\":\"15\",\"text-align\":\"center\",\"font-family\":{\"0\":\"global\",\"1\":\"Display\"},\"padding-top\":\"0\",\"padding-left\":\"9\",\"padding-right\":\"9\",\"padding-bottom\":\"9\",\"color\":\"color(19)\"},\"ct_depth\":7,\"nicename\":\"Rich Text (#55)\"}']<p><a href=\"https:\/\/www.diakonie-bayern.de\/die-diakonie-in-bayern-die-arbeitsfelder\/flucht-migration-integration\/projekt-gecko-gemeinsam-kommunizieren-interkulturelle-sprachmittlung-in-der-diakonie.html\">Link Diakonie Bayern<\/a><\/p>[\/oxy_rich_text][\/ct_div_block_6][\/ct_div_block_5][\/ct_div_block_4][\/ct_div_block_3][ct_div_block_3 ct_sign_sha256='a86143752c1e00daed212dbf790ec583d96ce329bc22789f5ca0e3a758e87b64' ct_options='{\"ct_id\":17,\"ct_parent\":4,\"selector\":\"div_block-17-569\",\"original\":{\"width\":\"30.00\",\"width-unit\":\"%\"},\"ct_depth\":3,\"nicename\":\"Div (#61)\"}'][ct_div_block_4 ct_sign_sha256='81298128f93eeacc5ad14e8c1ce663d643ec9a0b69cbd25fd50b91cc9d676cb0' ct_options='{\"ct_id\":18,\"ct_parent\":17,\"selector\":\"div_block-18-569\",\"original\":{\"width-unit\":\"%\",\"justify-content\":\"space-between\",\"min-height-unit\":\"%\",\"min-height\":\"\",\"margin-right-unit\":\"%\",\"width\":\"100\",\"height-unit\":\"%\"},\"ct_depth\":4,\"nicename\":\"Col1\"}'][ct_div_block_5 ct_sign_sha256='799d120d8315e38bce67d7dae28b5131bbc09459652039747b6577a39c657828' ct_options='{\"ct_id\":19,\"ct_parent\":18,\"selector\":\"div_block-19-569\",\"original\":{\"width\":\"100\",\"width-unit\":\"%\",\"align-items\":\"center\",\"text-align\":\"center\"},\"ct_depth\":5,\"nicename\":\"Div (#54)\"}'][oxy_rich_text ct_sign_sha256='96678a5aa0aed4d587d55f08f6838f73ffd4a4dccf446aa0c8737b8de4c3cab1' ct_options='{\"ct_id\":20,\"ct_parent\":19,\"selector\":\"_rich_text-20-569\",\"original\":{\"font-size\":\"15\",\"font-family\":{\"0\":\"global\",\"1\":\"Display\"},\"text-align\":\"center\",\"padding-top\":\"0\",\"color\":\"color(19)\",\"padding-left\":\"9\",\"padding-right\":\"9\",\"padding-bottom\":\"9\",\"margin-top\":\"15\"},\"ct_depth\":6,\"nicename\":\"Rich Text (#55)\"}']<p style=\"text-align: left;\"><strong>Kontakt:<\/strong><\/p>\n<p style=\"text-align: left;\"><strong>Laura Gudd<\/strong><br \/>B\u00fcro Rothenburg<br \/>Kirchplatz 13<br \/>Mobil: 01525 55358338<br \/>laura.gudd@ejsa-rot.de<\/p>[\/oxy_rich_text][\/ct_div_block_5][\/ct_div_block_4][\/ct_div_block_3][\/ct_new_columns_3][ct_new_columns_3 ct_sign_sha256='f0c0526c9ccab12c38a42eb5bad35d4d1fb9b4f608b6989fadb7ba6813656de0' ct_options='{\"ct_id\":21,\"ct_parent\":3,\"selector\":\"new_columns-21-569\",\"nicename\":\"Columns (#145)\",\"ct_depth\":3}'][ct_div_block_3 ct_sign_sha256='8c88d08b3cccc0897d4034eca97af3cda52317426fa75757ac1b65c306bed9ab' ct_options='{\"ct_id\":22,\"ct_parent\":21,\"selector\":\"div_block-22-569\",\"original\":{\"width\":\"33.33\",\"width-unit\":\"%\"},\"nicename\":\"Div (#146)\",\"ct_depth\":3}'][ct_image ct_sign_sha256='09ae2dae1abe03bc7cb425eadb58888bb8fe8487309809e1b08ea3cbf1d8276b' ct_options='{\"ct_id\":23,\"ct_parent\":22,\"selector\":\"image-23-569\",\"original\":{\"src\":\"https:\/\/matrix.ejsa-rot.desite\/wp-content\/uploads\/2022\/08\/Eb3_SKM_pexels-andrea-piacquadio-3760072.jpg\",\"border-top-color\":\"#ffffff\",\"border-right-color\":\"#ffffff\",\"border-bottom-color\":\"#ffffff\",\"border-left-color\":\"#ffffff\",\"border-top-style\":\"solid\",\"border-right-style\":\"solid\",\"border-bottom-style\":\"solid\",\"border-left-style\":\"solid\",\"border-top-width\":\"7\",\"border-right-width\":\"7\",\"border-bottom-width\":\"7\",\"border-left-width\":\"7\",\"border-radius\":\"15\"},\"nicename\":\"Image (#149)\",\"ct_depth\":4}'][\/ct_image][\/ct_div_block_3][ct_div_block_3 ct_sign_sha256='b3737b4947873263d26fd854830eb929b71960e9e4081c10107e0b21d3f8285e' ct_options='{\"ct_id\":24,\"ct_parent\":21,\"selector\":\"div_block-24-569\",\"original\":{\"width\":\"33.33\",\"width-unit\":\"%\"},\"nicename\":\"Div (#147)\",\"ct_depth\":3}'][ct_image ct_sign_sha256='335a9bd35890186e4371270e70692b11636ba14467d3fcb514658be7856f0917' ct_options='{\"ct_id\":25,\"ct_parent\":24,\"selector\":\"image-25-569\",\"original\":{\"src\":\"https:\/\/matrix.ejsa-rot.desite\/wp-content\/uploads\/2022\/08\/NEU_Eb3_Integrationsfragen_SKM_iStock-815960572-Kopie-2.jpg\",\"border-top-color\":\"color(19)\",\"border-right-color\":\"color(19)\",\"border-bottom-color\":\"color(19)\",\"border-left-color\":\"color(19)\",\"border-top-style\":\"solid\",\"border-right-style\":\"solid\",\"border-bottom-style\":\"solid\",\"border-left-style\":\"solid\",\"border-top-width\":\"7\",\"border-right-width\":\"7\",\"border-bottom-width\":\"7\",\"border-left-width\":\"7\",\"border-radius\":\"15\"},\"nicename\":\"Image (#150)\",\"ct_depth\":4}'][\/ct_image][\/ct_div_block_3][ct_div_block_3 ct_sign_sha256='46bb5ad474ba559d3a4faa7a039acbd0c5b1478d37258a268c4389882ed1e161' ct_options='{\"ct_id\":26,\"ct_parent\":21,\"selector\":\"div_block-26-569\",\"original\":{\"width\":\"33.34\",\"width-unit\":\"%\"},\"nicename\":\"Div (#148)\",\"ct_depth\":3}'][ct_image ct_sign_sha256='f45ae31615b5a8d4fee4b37d6e2ba45ed75af03961bd81b8737759629e7042e7' ct_options='{\"ct_id\":27,\"ct_parent\":26,\"selector\":\"image-27-569\",\"original\":{\"src\":\"https:\/\/matrix.ejsa-rot.desite\/wp-content\/uploads\/2022\/07\/Eb3_Integrationsfragen_SKM_iStock-909907392.jpg\",\"border-top-color\":\"color(19)\",\"border-right-color\":\"color(19)\",\"border-bottom-color\":\"color(19)\",\"border-left-color\":\"color(19)\",\"border-top-width\":\"7\",\"border-right-width\":\"7\",\"border-bottom-width\":\"7\",\"border-left-width\":\"7\",\"border-top-style\":\"solid\",\"border-right-style\":\"solid\",\"border-bottom-style\":\"solid\",\"border-left-style\":\"solid\",\"border-radius\":\"15\"},\"nicename\":\"Image (#151)\",\"ct_depth\":4}'][\/ct_image][\/ct_div_block_3][\/ct_new_columns_3][\/ct_section_2][\/ct_div_block]","ct_template_type":"","ct_parent_template":0,"footnotes":""},"class_list":["post-569","page","type-page","status-publish","hentry"],"_links":{"self":[{"href":"https:\/\/matrix.ejsa-rot.de\/site\/wp-json\/wp\/v2\/pages\/569","targetHints":{"allow":["GET"]}}],"collection":[{"href":"https:\/\/matrix.ejsa-rot.de\/site\/wp-json\/wp\/v2\/pages"}],"about":[{"href":"https:\/\/matrix.ejsa-rot.de\/site\/wp-json\/wp\/v2\/types\/page"}],"author":[{"embeddable":true,"href":"https:\/\/matrix.ejsa-rot.de\/site\/wp-json\/wp\/v2\/users\/7"}],"replies":[{"embeddable":true,"href":"https:\/\/matrix.ejsa-rot.de\/site\/wp-json\/wp\/v2\/comments?post=569"}],"version-history":[{"count":1,"href":"https:\/\/matrix.ejsa-rot.de\/site\/wp-json\/wp\/v2\/pages\/569\/revisions"}],"predecessor-version":[{"id":570,"href":"https:\/\/matrix.ejsa-rot.de\/site\/wp-json\/wp\/v2\/pages\/569\/revisions\/570"}],"up":[{"embeddable":true,"href":"https:\/\/matrix.ejsa-rot.de\/site\/wp-json\/wp\/v2\/pages\/868"}],"wp:attachment":[{"href":"https:\/\/matrix.ejsa-rot.de\/site\/wp-json\/wp\/v2\/media?parent=569"}],"curies":[{"name":"wp","href":"https:\/\/api.w.org\/{rel}","templated":true}]}}