{"id":581,"date":"2022-03-08T11:31:14","date_gmt":"2022-03-08T10:31:14","guid":{"rendered":"https:\/\/matrix.ejsa-rot.desite\/?page_id=581"},"modified":"2022-03-08T11:31:14","modified_gmt":"2022-03-08T10:31:14","slug":"respekt-coach","status":"publish","type":"page","link":"https:\/\/matrix.ejsa-rot.de\/site\/kooperation\/respekt-coach\/","title":{"rendered":"Respekt Coach"},"content":{"rendered":"","protected":false},"excerpt":{"rendered":"","protected":false},"author":7,"featured_media":0,"parent":579,"menu_order":0,"comment_status":"closed","ping_status":"closed","template":"","meta":{"ct_builder_shortcodes":"[ct_div_block ct_sign_sha256='1f0a48394e098ef89d1bac13deabcdd6c3c17d38e38c2c24071b3d0f0bca9d24' ct_options='{\"ct_id\":2,\"ct_parent\":0,\"selector\":\"div_block-2-581\",\"original\":{\"conditionspreview\":\"2\",\"globalConditionsResult\":true,\"background-size\":\"auto\"},\"nicename\":\"4_mit_Icons\",\"activeselector\":false,\"ct_depth\":1}'][ct_section_2 ct_sign_sha256='fd972c36e0ad707b8fb44e5164c084637e8f6b4b2d101332ac3b2189114409ef' ct_options='{\"ct_id\":3,\"ct_parent\":2,\"selector\":\"section-3-581\",\"ct_category\":\"Content\",\"nicename\":\"Level2\",\"ct_depth\":2,\"original\":{\"gradient\":{\"colors\":{\"0\":{\"position-unit\":\"px\",\"value\":\"\"},\"1\":{\"position-unit\":\"px\",\"value\":\"\"}}},\"container-padding-top-unit\":\"px\",\"container-padding-top\":\"60\",\"container-padding-bottom-unit\":\"px\",\"container-padding-bottom\":\"60\",\"background-image\":\"https:\/\/matrix.ejsa-rot.desite\/wp-content\/uploads\/2022\/03\/shutterstock_789647086_Hintergrund_rgb-1-scaled.jpg\",\"overlay-color\":\"rgba(0,0,0,0.31)\"}}'][ct_new_columns_3 ct_sign_sha256='01ac5d141a792b719e52696bcd78ce529e639758377cd573bfd5bfab8be95c29' ct_options='{\"ct_id\":4,\"ct_parent\":3,\"selector\":\"new_columns-4-581\",\"nicename\":\"Columns (#59)\",\"ct_depth\":3}'][ct_div_block_3 ct_sign_sha256='54fb5b5b07b8b6cb9bd0456b7453447347977629134551426dc7c790075cafaa' ct_options='{\"ct_id\":5,\"ct_parent\":4,\"selector\":\"div_block-5-581\",\"original\":{\"width\":\"70\",\"width-unit\":\"%\"},\"nicename\":\"Div (#60)\",\"ct_depth\":3}'][ct_div_block_4 ct_sign_sha256='c6d49e0ecf5d330f5efc2257d9069c250297813c421eaeb78e54567ddf5eff48' ct_options='{\"ct_id\":6,\"ct_parent\":5,\"selector\":\"div_block-6-581\",\"original\":{\"width-unit\":\"%\",\"justify-content\":\"space-between\",\"min-height-unit\":\"%\",\"min-height\":\"\",\"margin-right-unit\":\"%\",\"width\":\"100\",\"height-unit\":\"%\"},\"ct_depth\":4,\"nicename\":\"Col1\"}'][ct_div_block_5 ct_sign_sha256='2fc353e0d864f2f8cce7e576cb98294acb72e5c11841fa80d15edc7f3647e554' ct_options='{\"ct_id\":7,\"ct_parent\":6,\"selector\":\"div_block-7-581\",\"original\":{\"width\":\"100\",\"width-unit\":\"%\",\"align-items\":\"flex-start\",\"text-align\":\"left\",\"margin-right\":\"1\",\"margin-right-unit\":\"%\"},\"ct_depth\":5,\"nicename\":\"Div (#52)\"}'][oxy_rich_text ct_sign_sha256='966bec316e1b84ea43a29e2738d42bfcc7229e9027ffd439a6f18b0477c4e749' ct_options='{\"ct_id\":8,\"ct_parent\":7,\"selector\":\"_rich_text-8-581\",\"original\":{\"text-align\":\"center\",\"font-family\":{\"0\":\"global\",\"1\":\"Display\"},\"padding-top\":\"10\",\"font-weight\":\"500\",\"font-size\":\"18\",\"margin-bottom\":\"0\",\"color\":\"color(37)\"},\"ct_depth\":6,\"nicename\":\"Rich Text (#53)\"}']<p><em>\u00a0 Gemeinsam stark<\/em><\/p>[\/oxy_rich_text][oxy_rich_text ct_sign_sha256='d5ea7f6450971b923fc625947901c38f89a6966b84061b429c518e41c584e435' ct_options='{\"ct_id\":9,\"ct_parent\":7,\"selector\":\"_rich_text-9-581\",\"original\":{\"text-align\":\"center\",\"font-family\":\"Lobster\",\"color\":\"color(19)\",\"font-weight\":\"500\",\"font-size\":\"38\",\"padding-top\":\"0\",\"margin-bottom\":\"0\"},\"ct_depth\":6,\"nicename\":\"Rich Text (#53)\",\"activeselector\":false}']<p>\u00a0An der Schule<\/p>[\/oxy_rich_text][\/ct_div_block_5][ct_div_block_5 ct_sign_sha256='d20fa415f9165ed53f10fd50982ca68f7339ef4772e1927daa1722ffe2ac13b8' ct_options='{\"ct_id\":10,\"ct_parent\":6,\"selector\":\"div_block-10-581\",\"original\":{\"width\":\"100\",\"width-unit\":\"%\",\"align-items\":\"flex-start\",\"text-align\":\"left\"},\"ct_depth\":5,\"nicename\":\"Div (#54)\"}'][oxy_rich_text ct_sign_sha256='85216d922a142dfc5b66f9c839e21c4a321bc5728ea4e8ba32caaef0ae32df4e' ct_options='{\"ct_id\":11,\"ct_parent\":10,\"selector\":\"_rich_text-11-581\",\"original\":{\"font-size\":\"15\",\"text-align\":\"center\",\"font-family\":{\"0\":\"global\",\"1\":\"Display\"},\"padding-top\":\"0\",\"padding-left\":\"9\",\"padding-right\":\"9\",\"padding-bottom\":\"9\",\"color\":\"color(19)\"},\"ct_depth\":6,\"nicename\":\"Rich Text (#55)\"}']<p style=\"text-align: left;\">Junge Menschen haben durch das Respekt Coaches Programm die M\u00f6glichkeit, sich mit zahlreichen relevanten Themen auseinander zu setzen:<\/p>\n<ul style=\"text-align: left;\">\n<li>Grundwerte der Demokratie wie Menschenrechte oder Meinungsfreiheit<\/li>\n<li>Religi\u00f6se und kulturelle Vielfalt in unserer Gesellschaft<\/li>\n<li>menschenfeindliche Ideologien, Rassismus, Diskriminierung und Radikalisierung<\/li>\n<li>Geschlechterrollen<\/li>\n<li>Umgang mit (sozialen) Medien, Cybermobbing, Fake News und Verschw\u00f6rungsmythen<\/li>\n<li>Identit\u00e4t, Gemeinschaft, Selbstwirksamkeit<\/li>\n<\/ul>\n<p style=\"text-align: left;\">Wir unterst\u00fctzen Schulen darin, einen respektvollen Umgang unter Jugendlichen zu f\u00f6rdern. Durch kreative und interaktive Projekte in Form von <strong>Workshops, Planspielen, Projekttagen oder Ausfl\u00fcgen<\/strong> werden die Sch\u00fcler:innen selbst aktiv und zum Nachdenken angeregt.<\/p>\n<p style=\"text-align: left;\">Ganz nach dem Motto \u201eLass uns reden\u2026\u201c setzen sich die Jugendlichen mit ihren unterschiedlichen Meinungen auseinander und lernen trotz dessen den Zusammenhalt innerhalb der Klasse zu bewahren. Dadurch k\u00f6nnen Radikalisierungsfaktoren wie Ausgrenzung von Anfang an einged\u00e4mmt werden.<\/p>\n<p style=\"text-align: left;\">Bereits umgesetzte Projekttage:<\/p>\n<ul>\n<li style=\"text-align: left;\">Rapworkshops zur St\u00e4rkung der Selbstwirksamkeit und Reflektion der Lebenssituation<\/li>\n<li style=\"text-align: left;\">Online Zeitzeugengespr\u00e4ch mit Holocaust-\u00dcberlebenden<\/li>\n<li style=\"text-align: left;\">Planspiel Europa zur Demokratief\u00f6rderung<\/li>\n<li style=\"text-align: left;\">Graffiti-Workshops zum Thema Vielfalt und St\u00e4rkung der Klassengemeinschaft<\/li>\n<li style=\"text-align: left;\">U-18-Wahl zur Bundestagswahl<\/li>\n<li style=\"text-align: left;\">Virtueller Escape Room zum Thema Fake News<\/li>\n<li style=\"text-align: left;\">Theaterst\u00fccke zum Thema Diskriminierung<\/li>\n<li style=\"text-align: left;\">Workshops zur Radikalisierungspr\u00e4vention<\/li>\n<li style=\"text-align: left;\">Und vieles mehr<\/li>\n<\/ul>[\/oxy_rich_text][ct_div_block_6 ct_sign_sha256='a899f1efdce0b17f9dc0d39031583f86677ecbd7efdf07427ad44391d03c2bcc' ct_options='{\"ct_id\":12,\"ct_parent\":10,\"selector\":\"div_block-12-581\",\"original\":{\"width\":\"100\",\"width-unit\":\"%\",\"align-items\":\"flex-start\",\"flex-direction\":\"column\",\"display\":\"flex\",\"text-align\":\"left\"},\"ct_depth\":6,\"nicename\":\"Div (#54)\"}'][oxy_rich_text ct_sign_sha256='f484c31fdf9b24281641b9366746d1a6efb899de7afbe3c3bbfa4f76b8758218' ct_options='{\"ct_id\":13,\"ct_parent\":12,\"selector\":\"_rich_text-13-581\",\"original\":{\"font-size\":\"15\",\"text-align\":\"center\",\"font-family\":{\"0\":\"global\",\"1\":\"Display\"},\"padding-top\":\"10\",\"color\":\"color(19)\",\"font-weight\":\"500\",\"margin-bottom\":\"8\"},\"ct_depth\":7,\"nicename\":\"Rich Text (#53)\"}']<p><strong>\u00a0 \u00a0Aus dem echten Leben:<\/strong><\/p>[\/oxy_rich_text][oxy_rich_text ct_sign_sha256='a3e11a53a91230536c0097fa36de1f1c0e981ba4e5285c383c9feae90f4c0a11' ct_options='{\"ct_id\":14,\"ct_parent\":12,\"selector\":\"_rich_text-14-581\",\"original\":{\"font-size\":\"15\",\"text-align\":\"center\",\"font-family\":{\"0\":\"global\",\"1\":\"Display\"},\"padding-top\":\"0\",\"padding-left\":\"9\",\"padding-right\":\"9\",\"padding-bottom\":\"9\",\"color\":\"color(19)\"},\"ct_depth\":7,\"nicename\":\"Rich Text (#55)\"}']<p style=\"text-align: left;\">Chiara hat es nicht einfach in der Berufsschule. Sie ist erst vor Kurzem aus einem anderen Land nach Deutschland gekommen und f\u00fchlt sich nicht richtig zugeh\u00f6rig - auch in ihrer Klasse. Bei einem Graffiti-Workshop wird die gesellschaftliche Vielfalt in Deutschland thematisiert und die Sch\u00fclerinnen und Sch\u00fcler zum Nachdenken und Diskutieren angeregt. Dabei hat Chiara die M\u00f6glichkeit, auszudr\u00fccken, wie sie sich f\u00fchlt. Anschlie\u00dfend wird ein Entwurf f\u00fcr das Graffiti entwickelt und die Wand in ein einzigartiges Kunstwerk verwandelt. Die Jugendlichen lernen sich besser kennen, entwickeln Ideen im Team und erkennen, dass jeder einzelne wichtig ist.<\/p>[\/oxy_rich_text][\/ct_div_block_6][\/ct_div_block_5][ct_div_block_5 ct_sign_sha256='2324ef553b5739ed20bc1d45ffa986ad69d90070993e8ead5afd6887db0cfc98' ct_options='{\"ct_id\":15,\"ct_parent\":6,\"selector\":\"div_block-15-581\",\"original\":{\"width\":\"100\",\"width-unit\":\"%\",\"align-items\":\"flex-start\",\"flex-direction\":\"column\",\"display\":\"flex\",\"text-align\":\"left\"},\"ct_depth\":5,\"nicename\":\"Div (#54)\"}'][oxy_rich_text ct_sign_sha256='beb95877fc4b6b91f5ea1948a5c761ae668d930cfd2faa0bc21e25285e98bb4c' ct_options='{\"ct_id\":16,\"ct_parent\":15,\"selector\":\"_rich_text-16-581\",\"original\":{\"font-size\":\"15\",\"text-align\":\"center\",\"font-family\":{\"0\":\"global\",\"1\":\"Display\"},\"padding-top\":\"0\",\"padding-left\":\"9\",\"padding-right\":\"9\",\"padding-bottom\":\"9\",\"color\":\"color(19)\",\"margin-top\":\"11\"},\"ct_depth\":6,\"nicename\":\"Rich Text (#55)\"}']<p style=\"text-align: left;\"><strong>Worum geht es in dem Projekt? <\/strong><\/p>\n<ul style=\"text-align: left;\">\n<li>Den Azubis und Sch\u00fcler:innen zuh\u00f6ren, \u00fcber aktuelle gesellschaftliche Themen sprechen, sich eine Meinung bilden und anderen Meinungen respektvoll begegnen \u2013 um solche und weitere Aspekte geht es im Projekt Respekt Coaches.<\/li>\n<li>Unser Respekt Coach stellt dabei Kontakt zu (lokalen) Anbietern der politischen Bildung und der Pr\u00e4ventionsarbeit her, die die Angebote an den Schulen als Expert:innen durchf\u00fchren. In Absprache mit den Schulen, Lehrkr\u00e4ften und Sch\u00fcler:innen werden die Themen festgelegt. Gleichzeitig lernen die Sch\u00fclerInnen im pers\u00f6nlichen Kontakt die Fachkr\u00e4fte kennen und haben die M\u00f6glichkeit sich mit ihren Sorgen an sie zu wenden und ggf. an Beratungsstellen weitergeleitet zu werden.<\/li>\n<\/ul>\n<p style=\"text-align: left;\">Die EJSA wurde mit der Durchf\u00fchrung des Projekts beauftragt. Wenn Sie Interesse an einer Kooperation haben, kommen Sie gern auf uns zu!<\/p>[\/oxy_rich_text][\/ct_div_block_5][\/ct_div_block_4][\/ct_div_block_3][ct_div_block_3 ct_sign_sha256='d0aa2feb899050b74e61aa84b5b047e42c5c233f12b6b7dd02ae4d34b2637e4a' ct_options='{\"ct_id\":17,\"ct_parent\":4,\"selector\":\"div_block-17-581\",\"original\":{\"width\":\"30.00\",\"width-unit\":\"%\"},\"ct_depth\":3,\"nicename\":\"Div (#61)\"}'][ct_div_block_4 ct_sign_sha256='26dca5e101be572eab33b4ca5e85d73172a03d493e7e2b67818cb22e6f0d0de3' ct_options='{\"ct_id\":18,\"ct_parent\":17,\"selector\":\"div_block-18-581\",\"original\":{\"width-unit\":\"%\",\"justify-content\":\"space-between\",\"min-height-unit\":\"%\",\"min-height\":\"\",\"margin-right-unit\":\"%\",\"width\":\"100\",\"height-unit\":\"%\"},\"ct_depth\":4,\"nicename\":\"Col1\"}'][ct_div_block_5 ct_sign_sha256='828c9930180fc73d0fce5b25db1f9a1f810260916d6f505a2b0c27be776a764e' ct_options='{\"ct_id\":19,\"ct_parent\":18,\"selector\":\"div_block-19-581\",\"original\":{\"width\":\"100\",\"width-unit\":\"%\",\"align-items\":\"center\",\"text-align\":\"center\"},\"ct_depth\":5,\"nicename\":\"Div (#54)\"}'][oxy_rich_text ct_sign_sha256='ab2f957a87c7440240cebbc728cc50d561e2f35197c4aeeea54798dd76038654' ct_options='{\"ct_id\":20,\"ct_parent\":19,\"selector\":\"_rich_text-20-581\",\"original\":{\"font-size\":\"15\",\"font-family\":{\"0\":\"global\",\"1\":\"Display\"},\"text-align\":\"center\",\"padding-top\":\"0\",\"color\":\"color(19)\",\"padding-left\":\"9\",\"padding-right\":\"9\",\"padding-bottom\":\"9\",\"margin-top\":\"15\"},\"ct_depth\":6,\"nicename\":\"Rich Text (#55)\"}']<p style=\"text-align: left;\"><strong>Kontakt:<\/strong><\/p>\n<p style=\"text-align: left;\"><strong>Ute Mohme<\/strong><br \/>B\u00fcro Ansbach<br \/>Johann-Sebastian-Bach-Platz 28<br \/>Mobil: 01520 7530756<br \/>ute.mohme@ejsa-rot.de<\/p>\n<p style=\"text-align: left;\">Beratung an der Staatlichen Berufsschule I und der St\u00e4dtischen Wirtschaftsschule Ansbach nach Vereinbarung<\/p>\n<p style=\"text-align: left;\"><strong>Bettina H\u00f6sl<\/strong><br \/>Bad Windsheim und Neustadt a. d. Aisch<br \/>Mobil: 01522 4396843<br \/>bettina.hoesl@ejsa-rot.de<\/p>\n<p style=\"text-align: left;\">BSZ Bad Windsheim sowie die Staatliche Berufsschule Neustadt an der Aisch<\/p>[\/oxy_rich_text][\/ct_div_block_5][\/ct_div_block_4][\/ct_div_block_3][\/ct_new_columns_3][ct_new_columns_3 ct_sign_sha256='6d973ccad68360773b674eb1418e431a160b83862fe79766d68d492715f4c77e' ct_options='{\"ct_id\":30,\"ct_parent\":\"3\",\"selector\":\"new_columns-30-581\",\"original\":{\"image_type\":\"2\",\"attachment_size\":\"full\"},\"nicename\":\"Columns (#30)\",\"activeselector\":false,\"ct_depth\":3}'][ct_div_block_3 ct_sign_sha256='fe769292475d4456bf3a6dc55a7e966fe6efe4383d243b379fe114cd3d66ef31' ct_options='{\"ct_id\":31,\"ct_parent\":30,\"selector\":\"div_block-31-581\",\"original\":{\"image_type\":\"2\",\"attachment_size\":\"full\",\"width-unit\":\"%\",\"width\":\"15\"},\"nicename\":\"Div (#31)\",\"activeselector\":false,\"ct_depth\":3}'][oxy_rich_text ct_sign_sha256='9353fc0612a05b4c8ed3334ec98db2522fb2aad44d661f10867f8d00ed17252a' ct_options='{\"ct_id\":29,\"ct_parent\":31,\"selector\":\"_rich_text-29-581\",\"original\":{\"font-size\":\"15\",\"text-align\":\"center\",\"font-family\":{\"0\":\"global\",\"1\":\"Display\"},\"padding-top\":\"17\",\"padding-left\":\"9\",\"padding-right\":\"9\",\"padding-bottom\":\"9\",\"color\":\"color(19)\",\"margin-top\":\"11\"},\"ct_depth\":4,\"nicename\":\"Rich Text (#29)\",\"activeselector\":\"\",\"media\":{\"phone-landscape\":{\"original\":{\"padding-left\":\"55\"}}}}']<p style=\"text-align: left;\">Weitere Informationen zum bundesweiten Projekt:<\/p>[\/oxy_rich_text][\/ct_div_block_3][ct_div_block_3 ct_sign_sha256='17806ffabfca5e5a59e34f387b4cebc33112d6e13124cdabde948fce75c99aef' ct_options='{\"ct_id\":32,\"ct_parent\":30,\"selector\":\"div_block-32-581\",\"original\":{\"image_type\":\"2\",\"attachment_size\":\"full\",\"width\":\"85.00\",\"width-unit\":\"%\"},\"nicename\":\"Div (#32)\",\"activeselector\":false,\"ct_depth\":3}'][ct_link_4 ct_sign_sha256='b351588a417d04fde517d7989a12a1f22b536f2d9a228475cfac43094dc5e494' ct_options='{\"ct_id\":36,\"ct_parent\":32,\"selector\":\"link-36-581\",\"original\":{\"url\":\"http:\/\/jmd-respekt-coaches.de\",\"target\":\"\",\"url_encoded\":\"true\"},\"nicename\":\"Link Wrapper (#36)\",\"ct_depth\":4}'][ct_image ct_sign_sha256='e236387f0e2e71f8fdbab7693bc7339c6a7d0943ac3c7db44c4b017fc43f5c6b' ct_options='{\"ct_id\":34,\"ct_parent\":36,\"selector\":\"image-34-581\",\"original\":{\"image_type\":\"2\",\"attachment_size\":\"full\",\"attachment_id\":998,\"attachment_height\":324,\"attachment_width\":357,\"attachment_url\":\"https:\/\/matrix.ejsa-rot.desite\/wp-content\/uploads\/2022\/08\/RC_logo-Kopie.png\",\"width\":\"150\"},\"nicename\":\"Image (#34)\",\"activeselector\":false,\"ct_depth\":5,\"media\":{\"phone-landscape\":{\"original\":{\"margin-left\":\"64\"}}}}'][\/ct_image][\/ct_link_4][\/ct_div_block_3][\/ct_new_columns_3][ct_new_columns_3 ct_sign_sha256='5c19d60892cb72985fe8dc19535cfe3655449e7c3c4ef4a6a2ec8d16057e0a2e' ct_options='{\"ct_id\":21,\"ct_parent\":3,\"selector\":\"new_columns-21-581\",\"nicename\":\"Columns (#145)\",\"ct_depth\":3}'][ct_div_block_3 ct_sign_sha256='6e1010b9110235f02be61f9259c44040abaeb41896ddfa04af0ae4adfe5c5239' ct_options='{\"ct_id\":22,\"ct_parent\":21,\"selector\":\"div_block-22-581\",\"original\":{\"width\":\"33.33\",\"width-unit\":\"%\"},\"nicename\":\"Div (#146)\",\"ct_depth\":3}'][ct_image ct_sign_sha256='a02a97541a43617cc204ae5e7ed70aa773cd25018fce90eeea1f465e191b13e4' ct_options='{\"ct_id\":23,\"ct_parent\":22,\"selector\":\"image-23-581\",\"original\":{\"src\":\"https:\/\/matrix.ejsa-rot.desite\/wp-content\/uploads\/2022\/08\/20210521_113652.jpg\",\"border-top-color\":\"#ffffff\",\"border-right-color\":\"#ffffff\",\"border-bottom-color\":\"#ffffff\",\"border-left-color\":\"#ffffff\",\"border-top-style\":\"solid\",\"border-right-style\":\"solid\",\"border-bottom-style\":\"solid\",\"border-left-style\":\"solid\",\"border-top-width\":\"7\",\"border-right-width\":\"7\",\"border-bottom-width\":\"7\",\"border-left-width\":\"7\",\"border-radius\":\"15\",\"padding-top\":\"0\"},\"nicename\":\"Image (#149)\",\"ct_depth\":4}'][\/ct_image][\/ct_div_block_3][ct_div_block_3 ct_sign_sha256='b389b1bde282adf729ddeea853333e61b4c3ee6e47e36729a9f10b5bd8713576' ct_options='{\"ct_id\":24,\"ct_parent\":21,\"selector\":\"div_block-24-581\",\"original\":{\"width\":\"33.33\",\"width-unit\":\"%\"},\"nicename\":\"Div (#147)\",\"ct_depth\":3}'][ct_image ct_sign_sha256='e81383f2e5e70a21f2ff241fd8b012ddf6d190af0eba95c0bdf3e0da1ac9f4c9' ct_options='{\"ct_id\":25,\"ct_parent\":24,\"selector\":\"image-25-581\",\"original\":{\"src\":\"https:\/\/matrix.ejsa-rot.desite\/wp-content\/uploads\/2022\/08\/respekt_coach_rap_gruppe.jpg\",\"border-top-color\":\"color(19)\",\"border-right-color\":\"color(19)\",\"border-bottom-color\":\"color(19)\",\"border-left-color\":\"color(19)\",\"border-top-style\":\"solid\",\"border-right-style\":\"solid\",\"border-bottom-style\":\"solid\",\"border-left-style\":\"solid\",\"border-top-width\":\"7\",\"border-right-width\":\"7\",\"border-bottom-width\":\"7\",\"border-left-width\":\"7\",\"border-radius\":\"15\",\"margin-bottom\":\"0\"},\"nicename\":\"Image (#150)\",\"ct_depth\":4}'][\/ct_image][\/ct_div_block_3][ct_div_block_3 ct_sign_sha256='f242a97be1c2c246d017d3cbd974aee8924d6628bd49b6456197f2732c15546f' ct_options='{\"ct_id\":26,\"ct_parent\":21,\"selector\":\"div_block-26-581\",\"original\":{\"width\":\"33.34\",\"width-unit\":\"%\"},\"nicename\":\"Div (#148)\",\"ct_depth\":3}'][ct_image ct_sign_sha256='647983d49024d7e960ea321dc15fe8bdb231376000d2a6c6346af994e5818375' ct_options='{\"ct_id\":27,\"ct_parent\":26,\"selector\":\"image-27-581\",\"original\":{\"src\":\"https:\/\/matrix.ejsa-rot.desite\/wp-content\/uploads\/2022\/08\/Gruppenfoto1.jpg\",\"border-top-color\":\"color(19)\",\"border-right-color\":\"color(19)\",\"border-bottom-color\":\"color(19)\",\"border-left-color\":\"color(19)\",\"border-top-width\":\"7\",\"border-right-width\":\"7\",\"border-bottom-width\":\"7\",\"border-left-width\":\"7\",\"border-top-style\":\"solid\",\"border-right-style\":\"solid\",\"border-bottom-style\":\"solid\",\"border-left-style\":\"solid\",\"border-radius\":\"15\"},\"nicename\":\"Image (#151)\",\"ct_depth\":4}'][\/ct_image][\/ct_div_block_3][\/ct_new_columns_3][\/ct_section_2][\/ct_div_block]","ct_template_type":"","ct_parent_template":0,"footnotes":""},"class_list":["post-581","page","type-page","status-publish","hentry"],"_links":{"self":[{"href":"https:\/\/matrix.ejsa-rot.de\/site\/wp-json\/wp\/v2\/pages\/581","targetHints":{"allow":["GET"]}}],"collection":[{"href":"https:\/\/matrix.ejsa-rot.de\/site\/wp-json\/wp\/v2\/pages"}],"about":[{"href":"https:\/\/matrix.ejsa-rot.de\/site\/wp-json\/wp\/v2\/types\/page"}],"author":[{"embeddable":true,"href":"https:\/\/matrix.ejsa-rot.de\/site\/wp-json\/wp\/v2\/users\/7"}],"replies":[{"embeddable":true,"href":"https:\/\/matrix.ejsa-rot.de\/site\/wp-json\/wp\/v2\/comments?post=581"}],"version-history":[{"count":1,"href":"https:\/\/matrix.ejsa-rot.de\/site\/wp-json\/wp\/v2\/pages\/581\/revisions"}],"predecessor-version":[{"id":582,"href":"https:\/\/matrix.ejsa-rot.de\/site\/wp-json\/wp\/v2\/pages\/581\/revisions\/582"}],"up":[{"embeddable":true,"href":"https:\/\/matrix.ejsa-rot.de\/site\/wp-json\/wp\/v2\/pages\/579"}],"wp:attachment":[{"href":"https:\/\/matrix.ejsa-rot.de\/site\/wp-json\/wp\/v2\/media?parent=581"}],"curies":[{"name":"wp","href":"https:\/\/api.w.org\/{rel}","templated":true}]}}