{"id":585,"date":"2022-03-08T11:35:25","date_gmt":"2022-03-08T10:35:25","guid":{"rendered":"https:\/\/matrix.ejsa-rot.desite\/?page_id=585"},"modified":"2022-03-08T11:35:25","modified_gmt":"2022-03-08T10:35:25","slug":"weisungen-erziehungsbeistandschaft","status":"publish","type":"page","link":"https:\/\/matrix.ejsa-rot.de\/site\/kooperation\/weisungen-erziehungsbeistandschaft\/","title":{"rendered":"Weisungen\/Erziehungsbeistandschaft"},"content":{"rendered":"","protected":false},"excerpt":{"rendered":"","protected":false},"author":7,"featured_media":0,"parent":579,"menu_order":0,"comment_status":"closed","ping_status":"closed","template":"","meta":{"ct_builder_shortcodes":"[ct_div_block ct_sign_sha256='6c9aba82d25c9aa0f27c0d14f041637cdf501d228f57e24a8fd521cff9f4ffe8' ct_options='{\"ct_id\":2,\"ct_parent\":0,\"selector\":\"div_block-2-585\",\"original\":{\"conditionspreview\":\"2\",\"globalConditionsResult\":true,\"background-size\":\"auto\"},\"nicename\":\"4_mit_Icons\",\"activeselector\":false,\"ct_depth\":1}'][ct_section_2 ct_sign_sha256='db9d5721bfdedd3b603b070e81fa2fec22b743f9800260506466d4eb673efdb3' ct_options='{\"ct_id\":3,\"ct_parent\":2,\"selector\":\"section-3-585\",\"ct_category\":\"Content\",\"nicename\":\"Level2\",\"ct_depth\":2,\"original\":{\"gradient\":{\"colors\":{\"0\":{\"position-unit\":\"px\",\"value\":\"\"},\"1\":{\"position-unit\":\"px\",\"value\":\"\"}}},\"container-padding-top-unit\":\"px\",\"container-padding-top\":\"60\",\"container-padding-bottom-unit\":\"px\",\"container-padding-bottom\":\"60\",\"background-image\":\"https:\/\/matrix.ejsa-rot.desite\/wp-content\/uploads\/2022\/03\/shutterstock_789647086_Hintergrund_rgb-1-scaled.jpg\",\"overlay-color\":\"rgba(0,0,0,0.31)\"}}'][ct_new_columns_3 ct_sign_sha256='5438b3d813dd2e06a6147af4a875326d75915f52960f0135366a826de6267dd8' ct_options='{\"ct_id\":4,\"ct_parent\":3,\"selector\":\"new_columns-4-585\",\"nicename\":\"Columns (#59)\",\"ct_depth\":3}'][ct_div_block_3 ct_sign_sha256='e7d86997916834e2d1751ce83fdcf3991c0c8d5744e363d5050dc3cb59278b05' ct_options='{\"ct_id\":5,\"ct_parent\":4,\"selector\":\"div_block-5-585\",\"original\":{\"width\":\"70\",\"width-unit\":\"%\"},\"nicename\":\"Div (#60)\",\"ct_depth\":3}'][ct_div_block_4 ct_sign_sha256='75d209f65413e7253a1a2273ee0e58054c70028ba903bf6b4fd132f8093042cb' ct_options='{\"ct_id\":6,\"ct_parent\":5,\"selector\":\"div_block-6-585\",\"original\":{\"width-unit\":\"%\",\"justify-content\":\"space-between\",\"min-height-unit\":\"%\",\"min-height\":\"\",\"margin-right-unit\":\"%\",\"width\":\"100\",\"height-unit\":\"%\"},\"ct_depth\":4,\"nicename\":\"Col1\"}'][ct_div_block_5 ct_sign_sha256='54477c809e4f5eb29174086c7093f0c1914e96c8ff23b3f8f0001e9ad297d6f3' ct_options='{\"ct_id\":7,\"ct_parent\":6,\"selector\":\"div_block-7-585\",\"original\":{\"width\":\"100\",\"width-unit\":\"%\",\"align-items\":\"flex-start\",\"text-align\":\"left\",\"margin-right\":\"1\",\"margin-right-unit\":\"%\"},\"ct_depth\":5,\"nicename\":\"Div (#52)\"}'][oxy_rich_text ct_sign_sha256='9baa25cb2015bd74b1122c86e125cb794e26575489b1f4c66e66f67b8be5a301' ct_options='{\"ct_id\":8,\"ct_parent\":7,\"selector\":\"_rich_text-8-585\",\"original\":{\"text-align\":\"center\",\"font-family\":{\"0\":\"global\",\"1\":\"Display\"},\"padding-top\":\"10\",\"color\":\"color(37)\",\"font-weight\":\"500\",\"font-size\":\"18\",\"margin-bottom\":\"0\"},\"ct_depth\":6,\"nicename\":\"Rich Text (#53)\"}']<p><em>\u00a0 Spezielle Hilfen<\/em><\/p>[\/oxy_rich_text][oxy_rich_text ct_sign_sha256='638d0a39bad766b1acd0817c1bc3e697c12ce04aedb13279e456f6739f6f4cea' ct_options='{\"ct_id\":9,\"ct_parent\":7,\"selector\":\"_rich_text-9-585\",\"original\":{\"text-align\":\"center\",\"font-family\":\"Lobster\",\"color\":\"color(19)\",\"font-weight\":\"500\",\"font-size\":\"38\",\"padding-top\":\"0\",\"margin-bottom\":\"0\"},\"ct_depth\":6,\"nicename\":\"Rich Text (#53)\",\"activeselector\":false}']<p>Weisung &amp; Erziehungsbeistand<\/p>[\/oxy_rich_text][\/ct_div_block_5][ct_div_block_5 ct_sign_sha256='416ba3f1bf11d49cd13f6873d69a6ff48ca223d55b314f4b9203d17dec35ff12' ct_options='{\"ct_id\":10,\"ct_parent\":6,\"selector\":\"div_block-10-585\",\"original\":{\"width\":\"100\",\"width-unit\":\"%\",\"align-items\":\"flex-start\",\"text-align\":\"left\"},\"ct_depth\":5,\"nicename\":\"Div (#54)\"}'][ct_div_block_6 ct_sign_sha256='2a361b37ab79abccb13ff05bfd1f8003141dc303de349d8f8583cd6285146c71' ct_options='{\"ct_id\":12,\"ct_parent\":10,\"selector\":\"div_block-12-585\",\"original\":{\"width\":\"100\",\"width-unit\":\"%\",\"align-items\":\"flex-start\",\"flex-direction\":\"column\",\"display\":\"flex\",\"text-align\":\"left\"},\"ct_depth\":6,\"nicename\":\"Div (#54)\"}'][oxy_rich_text ct_sign_sha256='6e1dc00c01fe593ea0b629cb33131e4ccf33a85d58e0c7f401df99046c3f08e9' ct_options='{\"ct_id\":13,\"ct_parent\":12,\"selector\":\"_rich_text-13-585\",\"original\":{\"text-align\":\"center\",\"font-family\":\"Lobster\",\"padding-top\":\"10\",\"color\":\"color(19)\",\"font-weight\":\"300\",\"margin-bottom\":\"8\",\"font-size\":\"20\"},\"ct_depth\":7,\"nicename\":\"Rich Text (#53)\"}']<p><strong>\u00a0Jobtraining aufgrund einer gerichtlichen Weisung<\/strong><\/p>[\/oxy_rich_text][oxy_rich_text ct_sign_sha256='ab8840c0f3d0769836be1431fc1835c9b6e4a7a3070795bb2d1af8344c2506a9' ct_options='{\"ct_id\":14,\"ct_parent\":12,\"selector\":\"_rich_text-14-585\",\"original\":{\"font-size\":\"15\",\"text-align\":\"center\",\"font-family\":{\"0\":\"global\",\"1\":\"Display\"},\"padding-top\":\"0\",\"padding-left\":\"9\",\"padding-right\":\"9\",\"padding-bottom\":\"9\",\"color\":\"color(19)\"},\"ct_depth\":7,\"nicename\":\"Rich Text (#55)\"}']<p style=\"text-align: left;\">Junge Menschen erhalten die gerichtliche Auflage, 5 bis 10 Coaching-Gespr\u00e4che bei der EJSA zu besuchen, um ihre berufliche Zukunft zu kl\u00e4ren.<\/p>[\/oxy_rich_text][\/ct_div_block_6][ct_div_block_6 ct_sign_sha256='54fa1c83488287e4455e359dab9aa55f01307dc6d8c9ac2709b4fa0f90036dcf' ct_options='{\"ct_id\":30,\"ct_parent\":10,\"selector\":\"div_block-30-585\",\"original\":{\"text-align\":\"left\",\"width\":\"100\",\"width-unit\":\"%\",\"align-items\":\"flex-start\",\"flex-direction\":\"column\",\"display\":\"flex\"},\"ct_depth\":6,\"nicename\":\"Div (#54)\"}'][oxy_rich_text ct_sign_sha256='25fe73703d46c0ceecda589ed9ee5e8de4080b7e72981ed36d71d10afcd65fd5' ct_options='{\"ct_id\":31,\"ct_parent\":30,\"selector\":\"_rich_text-31-585\",\"original\":{\"font-size\":\"15\",\"text-align\":\"center\",\"font-family\":{\"0\":\"global\",\"1\":\"Display\"},\"padding-top\":\"10\",\"color\":\"color(19)\",\"font-weight\":\"500\",\"margin-bottom\":\"8\"},\"ct_depth\":7,\"nicename\":\"Rich Text (#53)\"}']<p><strong>\u00a0 \u00a0Aus dem echten Leben:<\/strong><\/p>[\/oxy_rich_text][oxy_rich_text ct_sign_sha256='1a385d6ac028fbf1cee264afbed65a62a6af9888f5d37a7c2c4b98c3612487a0' ct_options='{\"ct_id\":32,\"ct_parent\":30,\"selector\":\"_rich_text-32-585\",\"original\":{\"font-size\":\"15\",\"text-align\":\"center\",\"font-family\":{\"0\":\"global\",\"1\":\"Display\"},\"padding-top\":\"0\",\"padding-left\":\"9\",\"padding-right\":\"9\",\"padding-bottom\":\"9\",\"color\":\"color(19)\"},\"ct_depth\":7,\"nicename\":\"Rich Text (#55)\"}']<p style=\"text-align: left;\">Isabella (Name ge\u00e4ndert) hat in einer Gerichtsverhandlung die Auflage Jobcoaching bekommen. Sie hatte in einer durchfeierten Nacht unter Alkohol und Drogeneinfluss mit ein paar Freunden Sachbesch\u00e4digungen verursacht. Au\u00dferdem war die Partyclique in Streit mit anderen Jugendlichen geraten und dabei waren mehrere Menschen verletzt worden. In der Gerichtverhandlung wurde deutlich, dass Isabella nach der Schule keine Ausbildung gemacht hat und auch als 20j\u00e4hrige keiner geregelten Arbeit nachging. Neben Sozialstunden, einem regelm\u00e4\u00dfigem Drogenscreening und Beratungsgespr\u00e4chen beim \u201eblauen Kreuz\u201c bekam Isabella die Chance, mit einem Mitarbeiter der EJSA ihre berufliche Zukunft in die Hand zu nehmen. Dies erfolgte im Rahmen des Jobcoachings.<\/p>\n<p style=\"text-align: left;\">In den Coaching-Gespr\u00e4chen entdeckte Isabella bisher unbekannte St\u00e4rken und Interessen. Sie entwickelte Ideen f\u00fcr ihre berufliche Zukunft und erstellte neue Bewerbungsunterlagen. Der Coach unterst\u00fctzte sie, eine Ausbildungsstelle zu finden.<\/p>[\/oxy_rich_text][\/ct_div_block_6][\/ct_div_block_5][ct_div_block_5 ct_sign_sha256='bb2102df51d424697ee268836ea520ebb8dc9b9a2cb08e666a6994410bfd8cbc' ct_options='{\"ct_id\":15,\"ct_parent\":6,\"selector\":\"div_block-15-585\",\"original\":{\"width\":\"100\",\"width-unit\":\"%\",\"align-items\":\"flex-start\",\"text-align\":\"left\",\"flex-direction\":\"column\",\"display\":\"flex\"},\"ct_depth\":5,\"nicename\":\"Div (#54)\"}'][oxy_rich_text ct_sign_sha256='0516518154ce48457bf8b3cce02b95b26860e18f5944708ad6df7970ec9ee415' ct_options='{\"ct_id\":16,\"ct_parent\":15,\"selector\":\"_rich_text-16-585\",\"original\":{\"text-align\":\"center\",\"font-size\":\"15\",\"font-family\":{\"0\":\"global\",\"1\":\"Display\"},\"padding-top\":\"0\",\"padding-left\":\"9\",\"padding-right\":\"9\",\"padding-bottom\":\"28\",\"color\":\"color(19)\",\"margin-top\":\"11\"},\"ct_depth\":6,\"nicename\":\"Rich Text (#55)\"}']<p style=\"text-align: left;\"><strong>Ablauf eines Coachings bei Weisungen:<\/strong><\/p>\n<ul style=\"text-align: left;\">\n<li>Reflektieren der individuellen Situation und des Umfelds<\/li>\n<li>Herausarbeiten von St\u00e4rken und Schw\u00e4chen in einer Potenzialanalyse<\/li>\n<li>Berufsorientierungstest<\/li>\n<li>Erstellen der Bewerbungsunterlagen<\/li>\n<li>Simulieren von Vorstellungsgespr\u00e4chen und gesch\u00e4ftlichen Telefonaten<\/li>\n<li>Erarbeiten eines konkreten Zeitplanes<\/li>\n<li>Vermitteln von Praktikumsstellen und Kontaktaufnahme mit Ausbildungsbetrieben, um den Erfolg der Ma\u00dfnahme zu sichern.<\/li>\n<\/ul>\n<p style=\"text-align: left;\"><strong>Ziele:<\/strong><\/p>\n<ul style=\"text-align: left;\">\n<li>Entwickeln einer beruflichen Perspektive<\/li>\n<li>Erstellen von aussagekr\u00e4ftigen Bewerbungsunterlagen<\/li>\n<li>Finden einer Ausbildungs- oder einer Arbeitsstelle<\/li>\n<li>Motivation und Selbstst\u00e4ndigkeit f\u00f6rdern<\/li>\n<\/ul>\n<p style=\"text-align: left;\">Auch nach der richterlichen Weisung kann der Klient weiter durch einen vertrauten Mitarbeiter der EJSA gef\u00f6rdert werden. Wir orientieren uns an den Interessen und Bed\u00fcrfnissen der jungen Menschen.<\/p>[\/oxy_rich_text][ct_div_block_6 ct_sign_sha256='088d92252dd50697a48ae850d0959fdac95c3746fdab7b46b65e7e66036f6793' ct_options='{\"ct_id\":33,\"ct_parent\":15,\"selector\":\"div_block-33-585\",\"original\":{\"width\":\"100\",\"width-unit\":\"%\",\"align-items\":\"flex-start\",\"flex-direction\":\"column\",\"display\":\"flex\",\"text-align\":\"left\"},\"ct_depth\":6,\"nicename\":\"Div (#54)\"}'][oxy_rich_text ct_sign_sha256='8497af57b44460074b1d84fe0b4745b0f04b28212a8139dcc524ce5661f4e8d8' ct_options='{\"ct_id\":34,\"ct_parent\":33,\"selector\":\"_rich_text-34-585\",\"original\":{\"font-size\":\"20\",\"text-align\":\"center\",\"font-family\":\"Lobster\",\"padding-top\":\"10\",\"color\":\"color(19)\",\"font-weight\":\"300\",\"margin-bottom\":\"8\"},\"ct_depth\":7,\"nicename\":\"Rich Text (#53)\"}']<p><strong>\u00a0Besondere Unterst\u00fctzung bei Erziehung und Entwicklung<\/strong><\/p>[\/oxy_rich_text][oxy_rich_text ct_sign_sha256='39d8cd4da2d3491289822496109aafb118fe7977f8ce7dbeb944e8fb6527f5d5' ct_options='{\"ct_id\":35,\"ct_parent\":33,\"selector\":\"_rich_text-35-585\",\"original\":{\"font-size\":\"15\",\"text-align\":\"center\",\"font-family\":{\"0\":\"global\",\"1\":\"Display\"},\"padding-top\":\"0\",\"padding-left\":\"9\",\"padding-right\":\"9\",\"padding-bottom\":\"9\",\"color\":\"color(19)\"},\"ct_depth\":7,\"nicename\":\"Rich Text (#55)\"}']<p style=\"text-align: left;\">Eine Erziehungsbeistandschaft (EB) wird vom Jugendamt bewilligt. In diesem Rahmen kann die EJSA eine besondere Unterst\u00fctzung f\u00fcr junge Menschen bei der Pers\u00f6nlichkeitsentwicklung leisten. Uns ist es wichtig, dass das Kind oder der Jugendliche mit einbezogen wird. Wir kommunizieren auf Augenh\u00f6he. Wir helfen, Entwicklungsverz\u00f6gerungen zu bew\u00e4ltigen. Wir beziehen die Familie und das soziale Umfeld mit ein und f\u00f6rdern die Selbstst\u00e4ndigkeit der Jugendlichen.<\/p>\n<p style=\"text-align: left;\">Wir bieten Hilfe beim Lernen und Vertiefen von Lernstoff an. Auch andere Themen, wie das Einteilen von Geld, Beziehungsprobleme, Umgang mit Suchtmitteln, Gesundheit, Probleme im Elternhaus und Schule werden bearbeitet. Dar\u00fcber hinaus unterst\u00fctzen wir beim Bewerbungsschreiben.<\/p>\n<p style=\"text-align: left;\">Wir motivieren den jungen Menschen zu einem positiven Freizeitverhalten mit Blick auf sein Umfeld und seine Freunde.<\/p>[\/oxy_rich_text][\/ct_div_block_6][ct_div_block_6 ct_sign_sha256='ac2dc72b63fff393149dd7e7a202c23895501861a375419c6d01af44eb862392' ct_options='{\"ct_id\":47,\"ct_parent\":15,\"selector\":\"div_block-47-585\",\"original\":{\"width\":\"100\",\"width-unit\":\"%\",\"align-items\":\"flex-start\",\"flex-direction\":\"column\",\"display\":\"flex\",\"text-align\":\"left\"},\"ct_depth\":6,\"nicename\":\"Div (#54)\"}'][oxy_rich_text ct_sign_sha256='4d6e92bfa75ac9e00509ce70301ec91388119f11e2a1e44430a45e4ca2ba442d' ct_options='{\"ct_id\":48,\"ct_parent\":47,\"selector\":\"_rich_text-48-585\",\"original\":{\"font-size\":\"15\",\"text-align\":\"center\",\"font-family\":{\"0\":\"global\",\"1\":\"Display\"},\"padding-top\":\"10\",\"color\":\"color(19)\",\"font-weight\":\"500\",\"margin-bottom\":\"8\"},\"ct_depth\":7,\"nicename\":\"Rich Text (#53)\"}']<p><strong>\u00a0 \u00a0Aus dem echten Leben:<\/strong><\/p>[\/oxy_rich_text][oxy_rich_text ct_sign_sha256='84c6d67283c91dafdc0320e55f44c2e0a3884bf418004d10d5b5e78bc2f9ba6e' ct_options='{\"ct_id\":49,\"ct_parent\":47,\"selector\":\"_rich_text-49-585\",\"original\":{\"font-size\":\"15\",\"text-align\":\"center\",\"font-family\":{\"0\":\"global\",\"1\":\"Display\"},\"padding-top\":\"0\",\"padding-left\":\"9\",\"padding-right\":\"9\",\"padding-bottom\":\"15\",\"color\":\"color(19)\"},\"ct_depth\":7,\"nicename\":\"Rich Text (#55)\"}']<p style=\"text-align: left;\">Timo (Name ge\u00e4ndert) im 2. Ausbildungsjahr im Bauhandwerk wurde von uns mit einer Erziehungsbeistandschaft (EB) unterst\u00fctzt. Timo hat gro\u00dfe Probleme mit der Konzentration, einen Hang zur Depression und eine auff\u00e4llige Veranlagung zum Konsum von Suchtmitteln. Seine Krankheit wurde im Kindesalter diagnostiziert. Seitdem braucht er ein stabiles Korsett an Ma\u00dfnahmen, die bei ihm u.a. zu einem erfolgreichen Schulabschluss gef\u00fchrt haben.<\/p>\n<p style=\"text-align: left;\">Timo konnte durch ein gut strukturiertes Elternhaus und die Unterst\u00fctzung der EJSA sein Berufsgrundschuljahr bestehen. Im 1. Ausbildungsjahr im Betrieb erhielt er zus\u00e4tzlich die Unterst\u00fctzung der EJSA-Kollegen aus der Assistierten Ausbildung (AsA). 2 Jahre haben EB und AsA f\u00fcr Timo in Absprache mit den Eltern und dem Betrieb Hand in Hand gearbeitet. Der junge Mann hat seine Ausbildung erfolgreich abgeschlossen.<\/p>[\/oxy_rich_text][oxy_rich_text ct_sign_sha256='0fbab5eabdebf503eceaa59192b0757402821e052860f1a39c9cf6c299f7b1cc' ct_options='{\"ct_id\":50,\"ct_parent\":47,\"selector\":\"_rich_text-50-585\",\"original\":{\"font-size\":\"15\",\"text-align\":\"center\",\"font-family\":{\"0\":\"global\",\"1\":\"Display\"},\"padding-top\":\"8\",\"padding-left\":\"9\",\"padding-right\":\"9\",\"padding-bottom\":\"9\",\"color\":\"color(19)\"},\"ct_depth\":7,\"nicename\":\"Rich Text (#55)\",\"activeselector\":false}']<p style=\"text-align: left;\"><strong>Hinweis: die Erziehungsbeistandschaft wird von der EJSA angeboten, wenn dieser der Assistierten Ausbildung vorgelagert oder begleitend stattfindet.<\/strong><\/p>\n<p style=\"text-align: left;\"><strong>Bei Fragen kommen sie gerne auf uns zu!<\/strong><\/p>[\/oxy_rich_text][\/ct_div_block_6][\/ct_div_block_5][\/ct_div_block_4][\/ct_div_block_3][ct_div_block_3 ct_sign_sha256='31d5274385f49063aeff0cf9eac62685af3c9dea71408e91768e98231810c385' ct_options='{\"ct_id\":19,\"ct_parent\":4,\"selector\":\"div_block-19-585\",\"original\":{\"width\":\"30.00\",\"width-unit\":\"%\"},\"ct_depth\":3,\"nicename\":\"Div (#61)\"}'][ct_div_block_4 ct_sign_sha256='599233405681ae3d76a94a5db31a13a2e2ba787c2b0fdb71c0033d731ade50d4' ct_options='{\"ct_id\":20,\"ct_parent\":19,\"selector\":\"div_block-20-585\",\"original\":{\"width\":\"100\",\"width-unit\":\"%\",\"justify-content\":\"space-between\",\"min-height-unit\":\"%\",\"min-height\":\"\",\"margin-right-unit\":\"%\",\"height-unit\":\"%\"},\"ct_depth\":4,\"nicename\":\"Col1\"}'][ct_div_block_5 ct_sign_sha256='c8363285571b723f0876b56719a292a945283679cc96f494f82bd006ecd2060d' ct_options='{\"ct_id\":21,\"ct_parent\":20,\"selector\":\"div_block-21-585\",\"original\":{\"width\":\"100\",\"width-unit\":\"%\",\"align-items\":\"center\",\"text-align\":\"center\"},\"ct_depth\":5,\"nicename\":\"Div (#54)\"}'][oxy_rich_text ct_sign_sha256='bf416fc5782c9e6dd7b11557dda5df183564adc60efec53d385b042a26ea4297' ct_options='{\"ct_id\":22,\"ct_parent\":21,\"selector\":\"_rich_text-22-585\",\"original\":{\"font-size\":\"15\",\"text-align\":\"center\",\"font-family\":{\"0\":\"global\",\"1\":\"Display\"},\"padding-top\":\"0\",\"color\":\"color(19)\",\"padding-left\":\"9\",\"padding-right\":\"9\",\"padding-bottom\":\"9\",\"margin-top\":\"15\"},\"ct_depth\":6,\"nicename\":\"Rich Text (#55)\"}']<p style=\"text-align: left;\"><strong>Kontakt:<\/strong><\/p>\n<p style=\"text-align: left;\"><strong>Elke Rohmer<\/strong><br \/>B\u00fcro Rothenburg<br \/>Kirchplatz 13<br \/>elke.rohmer@ejsa-rot.de<\/p>\n<p style=\"text-align: left;\">Weiter Beratungsstandort<br \/>B\u00fcro Ansbach<br \/>Johann-Sebastian-Bach-Platz 28<\/p>[\/oxy_rich_text][\/ct_div_block_5][\/ct_div_block_4][\/ct_div_block_3][\/ct_new_columns_3][ct_new_columns_3 ct_sign_sha256='bca70f623c632dab030b03e3ef5813a3d981b707d2e23d5ec0d4e56560b7337c' ct_options='{\"ct_id\":23,\"ct_parent\":3,\"selector\":\"new_columns-23-585\",\"nicename\":\"Columns (#145)\",\"ct_depth\":3}'][ct_div_block_3 ct_sign_sha256='7f21e53be4c16b7ac19d4605aa56722d85270a4690b31bb5d42432a1618ae950' ct_options='{\"ct_id\":24,\"ct_parent\":23,\"selector\":\"div_block-24-585\",\"original\":{\"width\":\"33.33\",\"width-unit\":\"%\"},\"nicename\":\"Div (#146)\",\"ct_depth\":3}'][ct_image ct_sign_sha256='81336e768f08be7a42c7908f5b96fe4a3910df1adb4697677e7be2ca3c4f8fdf' ct_options='{\"ct_id\":25,\"ct_parent\":24,\"selector\":\"image-25-585\",\"original\":{\"src\":\"https:\/\/matrix.ejsa-rot.desite\/wp-content\/uploads\/2022\/08\/Weisung_pexels-cottonbro-4100426.jpg\",\"border-top-color\":\"#ffffff\",\"border-right-color\":\"#ffffff\",\"border-bottom-color\":\"#ffffff\",\"border-left-color\":\"#ffffff\",\"border-top-style\":\"solid\",\"border-right-style\":\"solid\",\"border-bottom-style\":\"solid\",\"border-left-style\":\"solid\",\"border-top-width\":\"7\",\"border-right-width\":\"7\",\"border-bottom-width\":\"7\",\"border-left-width\":\"7\",\"border-radius\":\"15\",\"padding-top\":\"0\"},\"nicename\":\"Image (#149)\",\"ct_depth\":4}'][\/ct_image][\/ct_div_block_3][ct_div_block_3 ct_sign_sha256='5005a934008c911276fb1e8bbb563572f2b621f639b5ee03f3e4cfca3e28425b' ct_options='{\"ct_id\":26,\"ct_parent\":23,\"selector\":\"div_block-26-585\",\"original\":{\"width\":\"33.33\",\"width-unit\":\"%\"},\"nicename\":\"Div (#147)\",\"ct_depth\":3}'][ct_image ct_sign_sha256='f16e66966714ddc49d980beb0e3eb7fc55e0a169330f9a3486291cfdd0faf0e7' ct_options='{\"ct_id\":27,\"ct_parent\":26,\"selector\":\"image-27-585\",\"original\":{\"src\":\"https:\/\/matrix.ejsa-rot.desite\/wp-content\/uploads\/2022\/08\/pexels-leah-kelley-185939.jpg\",\"border-top-color\":\"color(19)\",\"border-right-color\":\"color(19)\",\"border-bottom-color\":\"color(19)\",\"border-left-color\":\"color(19)\",\"border-top-style\":\"solid\",\"border-right-style\":\"solid\",\"border-bottom-style\":\"solid\",\"border-left-style\":\"solid\",\"border-top-width\":\"7\",\"border-right-width\":\"7\",\"border-bottom-width\":\"7\",\"border-left-width\":\"7\",\"border-radius\":\"15\",\"margin-bottom\":\"0\"},\"nicename\":\"Image (#150)\",\"ct_depth\":4}'][\/ct_image][\/ct_div_block_3][ct_div_block_3 ct_sign_sha256='38e2c6a4fe7aa69aa345ff8720a7ebf911274b9687da3aa214e0a6b6ded09b8b' ct_options='{\"ct_id\":28,\"ct_parent\":23,\"selector\":\"div_block-28-585\",\"original\":{\"width\":\"33.34\",\"width-unit\":\"%\"},\"nicename\":\"Div (#148)\",\"ct_depth\":3}'][ct_image ct_sign_sha256='27db3193ff5c045821f19346f7fb7ff8c3d3d91927bc04c681e7ce2cabc1a485' ct_options='{\"ct_id\":29,\"ct_parent\":28,\"selector\":\"image-29-585\",\"original\":{\"src\":\"https:\/\/matrix.ejsa-rot.desite\/wp-content\/uploads\/2022\/08\/Eb2_Mitmachen_SKM_iStock-1401165999.jpg\",\"border-top-color\":\"color(19)\",\"border-right-color\":\"color(19)\",\"border-bottom-color\":\"color(19)\",\"border-left-color\":\"color(19)\",\"border-top-style\":\"solid\",\"border-right-style\":\"solid\",\"border-bottom-style\":\"solid\",\"border-left-style\":\"solid\",\"border-top-width\":\"7\",\"border-right-width\":\"7\",\"border-bottom-width\":\"7\",\"border-left-width\":\"7\",\"border-radius\":\"15\"},\"nicename\":\"Image (#151)\",\"ct_depth\":4}'][\/ct_image][\/ct_div_block_3][\/ct_new_columns_3][\/ct_section_2][\/ct_div_block]","ct_template_type":"","ct_parent_template":0,"footnotes":""},"class_list":["post-585","page","type-page","status-publish","hentry"],"_links":{"self":[{"href":"https:\/\/matrix.ejsa-rot.de\/site\/wp-json\/wp\/v2\/pages\/585","targetHints":{"allow":["GET"]}}],"collection":[{"href":"https:\/\/matrix.ejsa-rot.de\/site\/wp-json\/wp\/v2\/pages"}],"about":[{"href":"https:\/\/matrix.ejsa-rot.de\/site\/wp-json\/wp\/v2\/types\/page"}],"author":[{"embeddable":true,"href":"https:\/\/matrix.ejsa-rot.de\/site\/wp-json\/wp\/v2\/users\/7"}],"replies":[{"embeddable":true,"href":"https:\/\/matrix.ejsa-rot.de\/site\/wp-json\/wp\/v2\/comments?post=585"}],"version-history":[{"count":1,"href":"https:\/\/matrix.ejsa-rot.de\/site\/wp-json\/wp\/v2\/pages\/585\/revisions"}],"predecessor-version":[{"id":586,"href":"https:\/\/matrix.ejsa-rot.de\/site\/wp-json\/wp\/v2\/pages\/585\/revisions\/586"}],"up":[{"embeddable":true,"href":"https:\/\/matrix.ejsa-rot.de\/site\/wp-json\/wp\/v2\/pages\/579"}],"wp:attachment":[{"href":"https:\/\/matrix.ejsa-rot.de\/site\/wp-json\/wp\/v2\/media?parent=585"}],"curies":[{"name":"wp","href":"https:\/\/api.w.org\/{rel}","templated":true}]}}