{"id":589,"date":"2022-03-08T11:36:32","date_gmt":"2022-03-08T10:36:32","guid":{"rendered":"https:\/\/matrix.ejsa-rot.desite\/?page_id=589"},"modified":"2022-03-08T11:36:32","modified_gmt":"2022-03-08T10:36:32","slug":"mitmachen-mentoren","status":"publish","type":"page","link":"https:\/\/matrix.ejsa-rot.de\/site\/kooperation\/mitmachen-mentoren\/","title":{"rendered":"Mitmachen: Mentoren"},"content":{"rendered":"","protected":false},"excerpt":{"rendered":"","protected":false},"author":7,"featured_media":0,"parent":579,"menu_order":0,"comment_status":"closed","ping_status":"closed","template":"","meta":{"ct_builder_shortcodes":"[ct_div_block ct_sign_sha256='48c86ac1cdb6cdb44fe4e50f315d482cb0e690399cdfb2eeac559d6fa4f913ca' ct_options='{\"ct_id\":2,\"ct_parent\":0,\"selector\":\"div_block-2-589\",\"original\":{\"conditionspreview\":\"2\",\"globalConditionsResult\":true,\"background-size\":\"auto\"},\"nicename\":\"4_mit_Icons\",\"activeselector\":false,\"ct_depth\":1}'][ct_section_2 ct_sign_sha256='492735263de2280f2fd91b2e42b7bac0e16d9c53b94711e70f330f91968024f2' ct_options='{\"ct_id\":3,\"ct_parent\":2,\"selector\":\"section-3-589\",\"ct_category\":\"Content\",\"nicename\":\"Level2\",\"ct_depth\":2,\"original\":{\"gradient\":{\"colors\":{\"0\":{\"position-unit\":\"px\",\"value\":\"\"},\"1\":{\"position-unit\":\"px\",\"value\":\"\"}}},\"container-padding-top-unit\":\"px\",\"container-padding-top\":\"60\",\"container-padding-bottom-unit\":\"px\",\"container-padding-bottom\":\"60\",\"background-image\":\"https:\/\/matrix.ejsa-rot.desite\/wp-content\/uploads\/2022\/03\/shutterstock_789647086_Hintergrund_rgb-1-scaled.jpg\",\"overlay-color\":\"rgba(0,0,0,0.31)\"}}'][ct_new_columns_3 ct_sign_sha256='dddd8e4e0a96f47a95e8e9da6c13f2bf056ad8d5446d845fcd46f3ae628cc98f' ct_options='{\"ct_id\":4,\"ct_parent\":3,\"selector\":\"new_columns-4-589\",\"nicename\":\"Columns (#59)\",\"ct_depth\":3}'][ct_div_block_3 ct_sign_sha256='35ace66fcac683be204110e519935aa5b37513c4bb64195e8c3d2dd8960f70a5' ct_options='{\"ct_id\":5,\"ct_parent\":4,\"selector\":\"div_block-5-589\",\"original\":{\"width\":\"70\",\"width-unit\":\"%\"},\"nicename\":\"Div (#60)\",\"ct_depth\":3}'][ct_div_block_4 ct_sign_sha256='29298c5bcab6409d33bdeee2b8153fb62ac503a4b69fe66c27e43692d663c3b1' ct_options='{\"ct_id\":6,\"ct_parent\":5,\"selector\":\"div_block-6-589\",\"original\":{\"width-unit\":\"%\",\"justify-content\":\"space-between\",\"min-height-unit\":\"%\",\"min-height\":\"\",\"margin-right-unit\":\"%\",\"width\":\"100\",\"height-unit\":\"%\"},\"ct_depth\":4,\"nicename\":\"Col1\"}'][ct_div_block_5 ct_sign_sha256='e1c70a1322e7cc8eec410b12430accf6fded9622a043ee56f10b976ca21824d3' ct_options='{\"ct_id\":7,\"ct_parent\":6,\"selector\":\"div_block-7-589\",\"original\":{\"width\":\"100\",\"width-unit\":\"%\",\"align-items\":\"flex-start\",\"text-align\":\"left\",\"margin-right\":\"1\",\"margin-right-unit\":\"%\"},\"ct_depth\":5,\"nicename\":\"Div (#52)\"}'][oxy_rich_text ct_sign_sha256='8ea67f6ed153957c6f621ef405eb5f4338d6174cf5852a6575c381aa2d0d36a0' ct_options='{\"ct_id\":8,\"ct_parent\":7,\"selector\":\"_rich_text-8-589\",\"original\":{\"text-align\":\"center\",\"font-family\":{\"0\":\"global\",\"1\":\"Display\"},\"padding-top\":\"10\",\"color\":\"color(37)\",\"font-weight\":\"500\",\"font-size\":\"18\",\"margin-bottom\":\"0\"},\"ct_depth\":6,\"nicename\":\"Rich Text (#53)\"}']<p><em>\u00a0 Gemeinsam stark<\/em><\/p>[\/oxy_rich_text][oxy_rich_text ct_sign_sha256='38762642d4d9436c69a9155e2afa3c8c692e5fcbdeee27c2aca639bf2af7e6f5' ct_options='{\"ct_id\":9,\"ct_parent\":7,\"selector\":\"_rich_text-9-589\",\"original\":{\"text-align\":\"center\",\"font-family\":\"Lobster\",\"color\":\"color(19)\",\"font-weight\":\"500\",\"font-size\":\"38\",\"padding-top\":\"0\",\"margin-bottom\":\"0\"},\"ct_depth\":6,\"nicename\":\"Rich Text (#53)\",\"activeselector\":false}']<p>\u00a0mit Ihnen als Mentor<\/p>[\/oxy_rich_text][\/ct_div_block_5][ct_div_block_5 ct_sign_sha256='c48765dabe796a244d57b0ea45d8bfd7b23ff85edf65a8a3a7cd6eb0fec9e600' ct_options='{\"ct_id\":10,\"ct_parent\":6,\"selector\":\"div_block-10-589\",\"original\":{\"width\":\"100\",\"width-unit\":\"%\",\"align-items\":\"flex-start\",\"text-align\":\"left\"},\"ct_depth\":5,\"nicename\":\"Div (#54)\"}'][oxy_rich_text ct_sign_sha256='de631e6b98ff6592401f50af7a10d11e65f98ab29a2a322583b6f8edd2a31999' ct_options='{\"ct_id\":11,\"ct_parent\":10,\"selector\":\"_rich_text-11-589\",\"original\":{\"font-size\":\"15\",\"text-align\":\"center\",\"font-family\":{\"0\":\"global\",\"1\":\"Display\"},\"padding-top\":\"0\",\"padding-left\":\"9\",\"padding-right\":\"9\",\"padding-bottom\":\"9\",\"color\":\"color(19)\"},\"ct_depth\":6,\"nicename\":\"Rich Text (#55)\"}']<p style=\"text-align: left;\">Als Mentor der EJSA Rothenburg helfen Sie jungen Azubis, ihre Ausbildung zu meistern. Wenn Sie Zeit und Lust haben, junge Menschen bei pers\u00f6nlichen oder schulischen Themen wie Deutsch, Sozialkunde, Mathe u.a. zu unterst\u00fctzen, dann melden Sie sich gerne bei uns!<\/p>\n<p style=\"text-align: left;\">Aufgaben:<\/p>\n<ul style=\"text-align: left;\">\n<li>Begleitung der Auszubildenden bei Ihren Schwierigkeiten im Berufsalltag<\/li>\n<li>Anbieten von Nachhilfe<\/li>\n<li>Unterst\u00fctzung bei der Organisation privater und schulischer Angelegenheiten<\/li>\n<li>Ratgeber und Vertrauensperson bei privaten Problemen<\/li>\n<li>Netzwerkarbeit<\/li>\n<\/ul>\n<p style=\"text-align: left;\"><strong>Unser Mentoren-Prinzip<\/strong><\/p>\n<p style=\"text-align: left;\"><em><strong>Sie bringen mit ...<\/strong><\/em><\/p>\n<ul style=\"text-align: left;\">\n<li>Zeit \u2013 zwei oder mehr Stunden pro Woche. Sie bestimmen den Umfang selbst!<\/li>\n<li>Berufs- und Lebenserfahrung<\/li>\n<li>Interesse, jungen Menschen mit den eigenen Kenntnissen und Erfahrungen zu unterst\u00fctzen<\/li>\n<\/ul>\n<p style=\"text-align: left;\"><em><strong>Sie bekommen ...<\/strong><\/em><\/p>\n<ul style=\"text-align: left;\">\n<li>Fachliche Begleitung und Beratung von einem Ausbildungscoach der EJSA<\/li>\n<li>Kollegiale Beratung und Austausch bei regelm\u00e4\u00dfigen Mentorentreffen<\/li>\n<\/ul>\n<p style=\"text-align: left;\"><strong>Was uns wichtig ist:<\/strong><\/p>\n<ul>\n<li style=\"text-align: left;\">Unsere Arbeit ist gepr\u00e4gt von einem christlichen Menschenbild<\/li>\n<li style=\"text-align: left;\">Wir wollen junge Menschen f\u00f6rdern und fordern. Sie haben die Verantwortung f\u00fcr ihr Leben \u2013 und wir lassen sie ihnen. Sie haben die Potenziale und Ressourcen, ihre Probleme zu l\u00f6sen<\/li>\n<li style=\"text-align: left;\">Wertsch\u00e4tzung und grundlegende Annahme des jungen Menschen, so wie er ist<\/li>\n<li style=\"text-align: left;\">Hilfe zur Selbsthilfe<\/li>\n<li style=\"text-align: left;\">Ressourcen- und l\u00f6sungsorientiertes Arbeiten<\/li>\n<li style=\"text-align: left;\">professionelle Distanz wahrend<\/li>\n<li style=\"text-align: left;\">Kontinuit\u00e4t<\/li>\n<li style=\"text-align: left;\">eine offene Kommunikationskultur<\/li>\n<li style=\"text-align: left;\">ein partnerschaftlicher Umgang<\/li>\n<\/ul>[\/oxy_rich_text][ct_div_block_6 ct_sign_sha256='4ca7aa500c7b01573b78a8049aafcd83053f235617c410be1bd0c531d2b2f2ca' ct_options='{\"ct_id\":12,\"ct_parent\":10,\"selector\":\"div_block-12-589\",\"original\":{\"width\":\"100\",\"width-unit\":\"%\",\"align-items\":\"flex-start\",\"flex-direction\":\"column\",\"display\":\"flex\",\"text-align\":\"left\"},\"ct_depth\":6,\"nicename\":\"Div (#54)\"}'][oxy_rich_text ct_sign_sha256='b98242e343bac7d38d5e0b77ef343700d6d86c51b02a3795ce4dbce43e2cc41a' ct_options='{\"ct_id\":13,\"ct_parent\":12,\"selector\":\"_rich_text-13-589\",\"original\":{\"font-size\":\"15\",\"text-align\":\"center\",\"font-family\":{\"0\":\"global\",\"1\":\"Display\"},\"padding-top\":\"10\",\"color\":\"color(19)\",\"font-weight\":\"500\",\"margin-bottom\":\"8\"},\"ct_depth\":7,\"nicename\":\"Rich Text (#53)\"}']<p><strong>\u00a0 \u00a0Aus dem echten Leben:<\/strong><\/p>[\/oxy_rich_text][oxy_rich_text ct_sign_sha256='03ffc68cbff469c6ba1573c7f28480960faa306e292db244fe46b95ea4039f92' ct_options='{\"ct_id\":14,\"ct_parent\":12,\"selector\":\"_rich_text-14-589\",\"original\":{\"font-size\":\"15\",\"text-align\":\"center\",\"font-family\":{\"0\":\"global\",\"1\":\"Display\"},\"padding-top\":\"0\",\"padding-left\":\"9\",\"padding-right\":\"9\",\"padding-bottom\":\"9\",\"color\":\"color(19)\"},\"ct_depth\":7,\"nicename\":\"Rich Text (#55)\"}']<p style=\"text-align: left;\">Ali ist neu in Deutschland und tut sich mit seinen Ausbildungsinhalten schwer, weil er die Sprache noch nicht gut beherrscht. Er wird von der EJSA in seiner Ausbildung bereits begleitet und bekommt im letzten Ausbildungsjahr zus\u00e4tzlich Unterst\u00fctzung durch einen EJSA-Mentor, Herrn Hofmann.<\/p>\n<p style=\"text-align: left;\">Die beiden treffen sich einmal die Woche. Ali kann mit Herrn Hofmann schwierige Lerninhalte durchgehen und nochmals nachhaken, wenn er etwas nicht versteht.<\/p>\n<p style=\"text-align: left;\">Durch Ali`s Engagement und die zus\u00e4tzliche ehrenamtliche Unterst\u00fctzung durch Herrn Hofmann konnte er seine Pr\u00fcfung zum Tiefbaufacharbeiter erfolgreich abschlie\u00dfen. Auch nach abgeschlossener Berufsausbildung stehen Herr Hofmann und Ali weiterhin in Kontakt und treffen sich, inzwischen ohne Lernen.<\/p>[\/oxy_rich_text][\/ct_div_block_6][\/ct_div_block_5][ct_div_block_5 ct_sign_sha256='588ae909625a8e51c3fa0b5816a42d9c6617374188b3f9316acf28444f299c47' ct_options='{\"ct_id\":15,\"ct_parent\":6,\"selector\":\"div_block-15-589\",\"original\":{\"width\":\"100\",\"width-unit\":\"%\",\"align-items\":\"flex-start\",\"flex-direction\":\"column\",\"display\":\"flex\",\"text-align\":\"left\"},\"ct_depth\":5,\"nicename\":\"Div (#54)\"}'][oxy_rich_text ct_sign_sha256='654073c367cbc609b16c0e90d8450e9992db2771db1e8c8c57b70f72079846c6' ct_options='{\"ct_id\":16,\"ct_parent\":15,\"selector\":\"_rich_text-16-589\",\"original\":{\"font-size\":\"15\",\"text-align\":\"center\",\"font-family\":{\"0\":\"global\",\"1\":\"Display\"},\"padding-top\":\"0\",\"padding-left\":\"9\",\"padding-right\":\"9\",\"padding-bottom\":\"9\",\"color\":\"color(19)\",\"margin-top\":\"11\"},\"ct_depth\":6,\"nicename\":\"Rich Text (#55)\"}']<p style=\"text-align: left;\">Informieren Sie sich gerne direkt bei unseren Ansprechpartnern. Wir freuen uns auf Sie!<\/p>[\/oxy_rich_text][\/ct_div_block_5][\/ct_div_block_4][\/ct_div_block_3][ct_div_block_3 ct_sign_sha256='e53d9ce024b897e53de8583f22f2623bd671a71bd26e452c48f4a9f6290e7865' ct_options='{\"ct_id\":19,\"ct_parent\":4,\"selector\":\"div_block-19-589\",\"original\":{\"width\":\"30.00\",\"width-unit\":\"%\"},\"ct_depth\":3,\"nicename\":\"Div (#61)\"}'][ct_div_block_4 ct_sign_sha256='2c7ef7326122e04f0e6c495524240b156753628dacc3f25db9d4772d04b2a0f0' ct_options='{\"ct_id\":20,\"ct_parent\":19,\"selector\":\"div_block-20-589\",\"original\":{\"width-unit\":\"%\",\"justify-content\":\"space-between\",\"min-height-unit\":\"%\",\"min-height\":\"\",\"margin-right-unit\":\"%\",\"width\":\"100\",\"height-unit\":\"%\"},\"ct_depth\":4,\"nicename\":\"Col1\"}'][ct_div_block_5 ct_sign_sha256='805da9a4c9857cc673fddf13b8fe383214c8003c03ecfd96e7790de359e40bd1' ct_options='{\"ct_id\":21,\"ct_parent\":20,\"selector\":\"div_block-21-589\",\"original\":{\"width\":\"100\",\"width-unit\":\"%\",\"align-items\":\"center\",\"text-align\":\"center\"},\"ct_depth\":5,\"nicename\":\"Div (#54)\"}'][oxy_rich_text ct_sign_sha256='e8e4c18fc94a946abb78bade14992a9504b6858989515a822141b75a45be004f' ct_options='{\"ct_id\":22,\"ct_parent\":21,\"selector\":\"_rich_text-22-589\",\"original\":{\"font-size\":\"15\",\"font-family\":{\"0\":\"global\",\"1\":\"Display\"},\"text-align\":\"center\",\"padding-top\":\"0\",\"color\":\"color(19)\",\"padding-left\":\"9\",\"padding-right\":\"9\",\"padding-bottom\":\"9\",\"margin-top\":\"15\"},\"ct_depth\":6,\"nicename\":\"Rich Text (#55)\"}']<p style=\"text-align: left;\"><strong>Kontakt:<\/strong><\/p>\n<p style=\"text-align: left;\"><strong>Martin M\u00fcller<\/strong><br \/>B\u00fcro Ansbach<br \/>Johann-Sebastian-Bach-Platz 28<br \/>Tel.: 0981 97788-467<br \/>Mobil: 01774 410452<br \/>martin.mueller@ejsa-rot.de<\/p>[\/oxy_rich_text][\/ct_div_block_5][\/ct_div_block_4][\/ct_div_block_3][\/ct_new_columns_3][ct_new_columns_3 ct_sign_sha256='727c55f73c1ad63b909dbf6884dc08eb331831ad8c9e87c6de88bc871954d207' ct_options='{\"ct_id\":23,\"ct_parent\":3,\"selector\":\"new_columns-23-589\",\"nicename\":\"Columns (#145)\",\"ct_depth\":3}'][ct_div_block_3 ct_sign_sha256='7bafc079a91a6d23a7421b06e6e64faa013ecd607c344ca184ef8a15654328cc' ct_options='{\"ct_id\":24,\"ct_parent\":23,\"selector\":\"div_block-24-589\",\"original\":{\"width\":\"33.33\",\"width-unit\":\"%\"},\"nicename\":\"Div (#146)\",\"ct_depth\":3}'][ct_image ct_sign_sha256='7184def1dd583e7235c4f090be3ff85e15c1168ac82e500a662799ba79196013' ct_options='{\"ct_id\":25,\"ct_parent\":24,\"selector\":\"image-25-589\",\"original\":{\"src\":\"https:\/\/matrix.ejsa-rot.desite\/wp-content\/uploads\/2022\/07\/NEU_Eb4_Mentoring_pexels-julia-larson-6456305.jpg\",\"border-top-color\":\"#ffffff\",\"border-right-color\":\"#ffffff\",\"border-bottom-color\":\"#ffffff\",\"border-left-color\":\"#ffffff\",\"border-top-style\":\"solid\",\"border-right-style\":\"solid\",\"border-bottom-style\":\"solid\",\"border-left-style\":\"solid\",\"border-top-width\":\"7\",\"border-right-width\":\"7\",\"border-bottom-width\":\"7\",\"border-left-width\":\"7\",\"border-radius\":\"15\",\"padding-top\":\"0\"},\"nicename\":\"Image (#149)\",\"ct_depth\":4}'][\/ct_image][\/ct_div_block_3][ct_div_block_3 ct_sign_sha256='7be57e632444ede1231a7272a4ae9232a6852d6ab2fb708e214b59a7809ebc7b' ct_options='{\"ct_id\":26,\"ct_parent\":23,\"selector\":\"div_block-26-589\",\"original\":{\"width\":\"33.33\",\"width-unit\":\"%\"},\"nicename\":\"Div (#147)\",\"ct_depth\":3}'][ct_image ct_sign_sha256='c1b55f2e64f9f40d03fe6a25036f4b20a377f5215660cc553b544043d98b1ba5' ct_options='{\"ct_id\":27,\"ct_parent\":26,\"selector\":\"image-27-589\",\"original\":{\"src\":\"https:\/\/matrix.ejsa-rot.desite\/wp-content\/uploads\/2022\/08\/Eb3_Mitmachen_Mentoren_pexels-ivan-samkov-5676674.jpg\",\"border-top-color\":\"color(19)\",\"border-right-color\":\"color(19)\",\"border-bottom-color\":\"color(19)\",\"border-left-color\":\"color(19)\",\"border-top-style\":\"solid\",\"border-right-style\":\"solid\",\"border-bottom-style\":\"solid\",\"border-left-style\":\"solid\",\"border-top-width\":\"7\",\"border-right-width\":\"7\",\"border-bottom-width\":\"7\",\"border-left-width\":\"7\",\"border-radius\":\"15\",\"margin-bottom\":\"0\",\"width-unit\":\"auto\"},\"nicename\":\"Image (#150)\",\"ct_depth\":4}'][\/ct_image][\/ct_div_block_3][ct_div_block_3 ct_sign_sha256='c250951eae22f7812ea6e203a7ff6323141978c58cfe7903ba8c73ad7be6b477' ct_options='{\"ct_id\":28,\"ct_parent\":23,\"selector\":\"div_block-28-589\",\"original\":{\"width\":\"33.34\",\"width-unit\":\"%\"},\"nicename\":\"Div (#148)\",\"ct_depth\":3}'][ct_image ct_sign_sha256='2139338f0e1e08daa4606e2b2f02976d5c3cc1707e38a500f82e6e2e822f7ed9' ct_options='{\"ct_id\":29,\"ct_parent\":28,\"selector\":\"image-29-589\",\"original\":{\"src\":\"https:\/\/matrix.ejsa-rot.desite\/wp-content\/uploads\/2022\/08\/Eb3_Mitmachen_Mentoren_20220504_174024.jpg\",\"border-top-color\":\"color(19)\",\"border-right-color\":\"color(19)\",\"border-bottom-color\":\"color(19)\",\"border-left-color\":\"color(19)\",\"border-top-width\":\"7\",\"border-right-width\":\"7\",\"border-bottom-width\":\"7\",\"border-left-width\":\"7\",\"border-top-style\":\"solid\",\"border-right-style\":\"solid\",\"border-bottom-style\":\"solid\",\"border-left-style\":\"solid\",\"border-radius\":\"15\",\"width\":\"355\",\"width-unit\":\"auto\"},\"nicename\":\"Image (#151)\",\"ct_depth\":4}'][\/ct_image][\/ct_div_block_3][\/ct_new_columns_3][\/ct_section_2][\/ct_div_block]","ct_template_type":"","ct_parent_template":0,"footnotes":""},"class_list":["post-589","page","type-page","status-publish","hentry"],"_links":{"self":[{"href":"https:\/\/matrix.ejsa-rot.de\/site\/wp-json\/wp\/v2\/pages\/589","targetHints":{"allow":["GET"]}}],"collection":[{"href":"https:\/\/matrix.ejsa-rot.de\/site\/wp-json\/wp\/v2\/pages"}],"about":[{"href":"https:\/\/matrix.ejsa-rot.de\/site\/wp-json\/wp\/v2\/types\/page"}],"author":[{"embeddable":true,"href":"https:\/\/matrix.ejsa-rot.de\/site\/wp-json\/wp\/v2\/users\/7"}],"replies":[{"embeddable":true,"href":"https:\/\/matrix.ejsa-rot.de\/site\/wp-json\/wp\/v2\/comments?post=589"}],"version-history":[{"count":1,"href":"https:\/\/matrix.ejsa-rot.de\/site\/wp-json\/wp\/v2\/pages\/589\/revisions"}],"predecessor-version":[{"id":590,"href":"https:\/\/matrix.ejsa-rot.de\/site\/wp-json\/wp\/v2\/pages\/589\/revisions\/590"}],"up":[{"embeddable":true,"href":"https:\/\/matrix.ejsa-rot.de\/site\/wp-json\/wp\/v2\/pages\/579"}],"wp:attachment":[{"href":"https:\/\/matrix.ejsa-rot.de\/site\/wp-json\/wp\/v2\/media?parent=589"}],"curies":[{"name":"wp","href":"https:\/\/api.w.org\/{rel}","templated":true}]}}