{"id":591,"date":"2022-03-08T11:37:05","date_gmt":"2022-03-08T10:37:05","guid":{"rendered":"https:\/\/matrix.ejsa-rot.desite\/?page_id=591"},"modified":"2022-03-08T11:37:11","modified_gmt":"2022-03-08T10:37:11","slug":"mitmachen-sprach-und-kulturmittler","status":"publish","type":"page","link":"https:\/\/matrix.ejsa-rot.de\/site\/kooperation\/mitmachen-sprach-und-kulturmittler\/","title":{"rendered":"Mitmachen: Sprach- und Kulturmittler"},"content":{"rendered":"","protected":false},"excerpt":{"rendered":"","protected":false},"author":7,"featured_media":0,"parent":579,"menu_order":0,"comment_status":"closed","ping_status":"closed","template":"","meta":{"ct_builder_shortcodes":"[ct_div_block ct_sign_sha256='719fe3f343fe883b4aa1225ccac05dd8bcdd27f61aa4d3262f293c4c6ce06dde' ct_options='{\"ct_id\":2,\"ct_parent\":0,\"selector\":\"div_block-2-591\",\"original\":{\"conditionspreview\":\"2\",\"globalConditionsResult\":true,\"background-size\":\"auto\"},\"nicename\":\"4_mit_Icons\",\"activeselector\":false,\"ct_depth\":1}'][ct_section_2 ct_sign_sha256='25b55dfa8df5a87b2b98f38123439dc0023979391c71bc2214d8f32d33b29441' ct_options='{\"ct_id\":3,\"ct_parent\":2,\"selector\":\"section-3-591\",\"ct_category\":\"Content\",\"nicename\":\"Level2\",\"ct_depth\":2,\"original\":{\"gradient\":{\"colors\":{\"0\":{\"position-unit\":\"px\",\"value\":\"\"},\"1\":{\"position-unit\":\"px\",\"value\":\"\"}}},\"container-padding-top-unit\":\"px\",\"container-padding-top\":\"60\",\"container-padding-bottom-unit\":\"px\",\"container-padding-bottom\":\"60\",\"background-image\":\"https:\/\/matrix.ejsa-rot.desite\/wp-content\/uploads\/2022\/03\/shutterstock_789647086_Hintergrund_rgb-1-scaled.jpg\",\"overlay-color\":\"rgba(0,0,0,0.31)\"}}'][ct_new_columns_3 ct_sign_sha256='077ee7663f34eacdd141071c14c48448e3f6c614754af6d54a58c9139a93e341' ct_options='{\"ct_id\":4,\"ct_parent\":3,\"selector\":\"new_columns-4-591\",\"nicename\":\"Columns (#59)\",\"ct_depth\":3}'][ct_div_block_3 ct_sign_sha256='04861feb7180eba0a23299e814448faefb2435236332ea70a2c92f8c882f6aa6' ct_options='{\"ct_id\":5,\"ct_parent\":4,\"selector\":\"div_block-5-591\",\"original\":{\"width\":\"70\",\"width-unit\":\"%\"},\"nicename\":\"Div (#60)\",\"ct_depth\":3}'][ct_div_block_4 ct_sign_sha256='c6b7f09c8c8c1af0b628f7f88a57daec7765be206da88c8dc2e7c1c96fe84067' ct_options='{\"ct_id\":6,\"ct_parent\":5,\"selector\":\"div_block-6-591\",\"original\":{\"width-unit\":\"%\",\"justify-content\":\"space-between\",\"min-height-unit\":\"%\",\"min-height\":\"\",\"margin-right-unit\":\"%\",\"width\":\"100\",\"height-unit\":\"%\"},\"ct_depth\":4,\"nicename\":\"Col1\"}'][ct_div_block_5 ct_sign_sha256='9ad079d8c5d2e74180637ee598ec88f094edf476e8dde7f857a13e8fc514a5a7' ct_options='{\"ct_id\":7,\"ct_parent\":6,\"selector\":\"div_block-7-591\",\"original\":{\"width\":\"100\",\"width-unit\":\"%\",\"align-items\":\"flex-start\",\"text-align\":\"left\",\"margin-right\":\"1\",\"margin-right-unit\":\"%\"},\"ct_depth\":5,\"nicename\":\"Div (#52)\"}'][oxy_rich_text ct_sign_sha256='bbfb6ed3e59553439b9dc5e6497c8110aad7057fbb8c724727721ca7714c512c' ct_options='{\"ct_id\":8,\"ct_parent\":7,\"selector\":\"_rich_text-8-591\",\"original\":{\"text-align\":\"center\",\"font-family\":{\"0\":\"global\",\"1\":\"Display\"},\"padding-top\":\"10\",\"color\":\"color(37)\",\"font-weight\":\"500\",\"font-size\":\"18\",\"margin-bottom\":\"0\"},\"ct_depth\":6,\"nicename\":\"Rich Text (#53)\"}']<p><em>\u00a0 Gemeinsam stark<\/em><\/p>[\/oxy_rich_text][oxy_rich_text ct_sign_sha256='cd1622f60a058699b0928d216752355d9e22cf281d431493d8efae231ab7e3ef' ct_options='{\"ct_id\":9,\"ct_parent\":7,\"selector\":\"_rich_text-9-591\",\"original\":{\"text-align\":\"center\",\"font-family\":\"Lobster\",\"color\":\"color(19)\",\"font-weight\":\"500\",\"font-size\":\"38\",\"padding-top\":\"0\",\"margin-bottom\":\"0\"},\"ct_depth\":6,\"nicename\":\"Rich Text (#53)\",\"activeselector\":false}']<p>\u00a0Mit Ihnen als Sprach- und Kulturmittler<\/p>[\/oxy_rich_text][\/ct_div_block_5][ct_div_block_5 ct_sign_sha256='1e47e9006e32884e0b89990040c1ad6f8e3712d9e7ddf1520f9ecf8e60d8a60d' ct_options='{\"ct_id\":10,\"ct_parent\":6,\"selector\":\"div_block-10-591\",\"original\":{\"width\":\"100\",\"width-unit\":\"%\",\"align-items\":\"flex-start\",\"text-align\":\"left\"},\"ct_depth\":5,\"nicename\":\"Div (#54)\"}'][oxy_rich_text ct_sign_sha256='8bcb49f7d5b317e8815ce748ba91892c6ea80a8ccbe4b2ad4eddc461b28a5638' ct_options='{\"ct_id\":11,\"ct_parent\":10,\"selector\":\"_rich_text-11-591\",\"original\":{\"font-size\":\"15\",\"text-align\":\"center\",\"font-family\":{\"0\":\"global\",\"1\":\"Display\"},\"padding-top\":\"0\",\"padding-left\":\"9\",\"padding-right\":\"9\",\"padding-bottom\":\"9\",\"color\":\"color(19)\"},\"ct_depth\":6,\"nicename\":\"Rich Text (#55)\"}']<p style=\"text-align: left;\">Ist es Ihnen ein Anliegen, dass sich Menschen aus anderen L\u00e4ndern gut in Deutschland zurecht finden? M\u00f6chten Sie bei Beh\u00f6rdeng\u00e4ngen oder Arztbesuchen helfen? Sprechen Sie gut Deutsch und vermitteln Sie gerne zwischen Kulturen? Dann sind Sie hier genau richtig!<\/p>\n<p style=\"text-align: left;\">Die Sprache stellt bei der Beratung und der Integration eine gro\u00dfe H\u00fcrde f\u00fcr gefl\u00fcchtete Menschen dar.<\/p>\n<p style=\"text-align: left;\"><em><strong>Durch Ihre Kenntnisse und eine gute \u00dcbersetzung k\u00f6nnen Sie anderen Menschen bei Gespr\u00e4chen helfen:<\/strong><\/em><\/p>\n<ul style=\"text-align: left;\">\n<li>mit Beh\u00f6rden wie JobCenter, Arbeitsagentur, Jugendamt<\/li>\n<li>mit Beratungsstellen wie Sozialberatung, Suchtberatung, Familienberatung, Schuldenberatung<\/li>\n<li>mit \u00c4rzten<\/li>\n<\/ul>\n<p style=\"text-align: left;\"><strong><em>Wir suchen Menschen:<\/em><\/strong><\/p>\n<ul style=\"text-align: left;\">\n<li>aus unterschiedlichen Sprach- und Kulturkreisen<\/li>\n<li>die Deutschkenntnisse auf mind. B1-Niveau haben<\/li>\n<li>die bereit sind, auch schwierige Themen zu besprechen<\/li>\n<li>die wertsch\u00e4tzend gegen\u00fcber anderen Religionen und Kulturen sind<\/li>\n<li>mit Engagement, Vertrauensw\u00fcrdigkeit und Verbindlichkeit<\/li>\n<\/ul>\n<p style=\"text-align: left;\"><strong><em>Sie bekommen:<\/em><\/strong><\/p>\n<ul style=\"text-align: left;\">\n<li>zwei Wochenendseminare, um wichtige Techniken zu erlernen, wie Sie kultursensibel dolmetschen k\u00f6nnen<\/li>\n<li>Aufwandsentsch\u00e4digung<\/li>\n<li>Austausch mit anderen Sprach- und Kulturmittlern und Fachkr\u00e4ften<\/li>\n<\/ul>\n<p style=\"text-align: left;\"><strong><em>Gut zu wissen:<\/em><\/strong><\/p>\n<p style=\"text-align: left;\">Das Projekt <em>GECKO Gemeinsam Kommunizieren - Interkulturelle Sprachmittlung in der Diakonie<\/em> hat zum Ziel, Asylsuchende und anerkannte Gefl\u00fcchtete beim Ankommen und der Orientierung in Bayern zu unterst\u00fctzen. Die EJSA Rothenburg ist einer von elf Partnern im Projekt des Diakonischen Werks Bayern, die ein landesweites Netzwerk speziell geschulter Sprach- und Kulturmittler:innen aufbauen.<\/p>\n<p style=\"text-align: left;\">Informieren Sie sich gerne unverbindlich, wir freuen uns auf Sie!<\/p>\n<p style=\"text-align: left;\">Zu den F\u00f6rderern geht es <a href=\"https:\/\/matrix.ejsa-rot.desite\/main\/foerderer\/\">hier<\/a>.<\/p>[\/oxy_rich_text][\/ct_div_block_5][\/ct_div_block_4][\/ct_div_block_3][ct_div_block_3 ct_sign_sha256='9b6f740be6d9d9a754ec8bc2d6f6fc1a6b6389991a522d644c1e3619c9ceb6bf' ct_options='{\"ct_id\":19,\"ct_parent\":4,\"selector\":\"div_block-19-591\",\"original\":{\"width\":\"30.00\",\"width-unit\":\"%\"},\"ct_depth\":3,\"nicename\":\"Div (#61)\"}'][ct_div_block_4 ct_sign_sha256='eb8ccb3818886683d7e63fbcab6058d4142e670e6140f9f4a7827d3d17e3387c' ct_options='{\"ct_id\":20,\"ct_parent\":19,\"selector\":\"div_block-20-591\",\"original\":{\"width-unit\":\"%\",\"justify-content\":\"space-between\",\"min-height-unit\":\"%\",\"min-height\":\"\",\"margin-right-unit\":\"%\",\"width\":\"100\",\"height-unit\":\"%\"},\"ct_depth\":4,\"nicename\":\"Col1\"}'][ct_div_block_5 ct_sign_sha256='ad0cc41bca97b79b03f986c7a7da54f1392a9957fc01b4fc25b1a45cec73e4fb' ct_options='{\"ct_id\":21,\"ct_parent\":20,\"selector\":\"div_block-21-591\",\"original\":{\"width\":\"100\",\"width-unit\":\"%\",\"align-items\":\"center\",\"text-align\":\"center\"},\"ct_depth\":5,\"nicename\":\"Div (#54)\"}'][oxy_rich_text ct_sign_sha256='96f5656952ef99bf236f7962f26e12077e5359c1ceb9e2f9b8c3ea5308246fb4' ct_options='{\"ct_id\":22,\"ct_parent\":21,\"selector\":\"_rich_text-22-591\",\"original\":{\"font-size\":\"15\",\"font-family\":{\"0\":\"global\",\"1\":\"Display\"},\"text-align\":\"center\",\"padding-top\":\"0\",\"color\":\"color(19)\",\"padding-left\":\"9\",\"padding-right\":\"9\",\"padding-bottom\":\"9\",\"margin-top\":\"15\"},\"ct_depth\":6,\"nicename\":\"Rich Text (#55)\"}']<p style=\"text-align: left;\"><strong>Kontakt:<\/strong><\/p>\n<p style=\"text-align: left;\"><strong>Laura Gudd<\/strong><br \/>B\u00fcro Rothenburg<br \/>Kirchplatz 13<br \/>Mobil: 01525 55358338<br \/>laura.gudd@ejsa-rot.de<\/p>[\/oxy_rich_text][\/ct_div_block_5][\/ct_div_block_4][\/ct_div_block_3][\/ct_new_columns_3][ct_new_columns_3 ct_sign_sha256='807d1200a4c8e08a734a1fa1dd16e14d39bfafe4635e8c268fca95f626b7e9ee' ct_options='{\"ct_id\":23,\"ct_parent\":3,\"selector\":\"new_columns-23-591\",\"nicename\":\"Columns (#145)\",\"ct_depth\":3}'][ct_div_block_3 ct_sign_sha256='b4db49dfc2872cefca6aecd9f5b1bf63d9301670bbe55f4c649efee5a70985f1' ct_options='{\"ct_id\":24,\"ct_parent\":23,\"selector\":\"div_block-24-591\",\"original\":{\"width\":\"33.33\",\"width-unit\":\"%\"},\"nicename\":\"Div (#146)\",\"ct_depth\":3}'][ct_image ct_sign_sha256='78cb8d75404ea384316d3afab1a1deb0cc4330e3e4fcf999a37511ef91b16a7e' ct_options='{\"ct_id\":25,\"ct_parent\":24,\"selector\":\"image-25-591\",\"original\":{\"src\":\"https:\/\/matrix.ejsa-rot.desite\/wp-content\/uploads\/2022\/08\/Eb3_SKM_pexels-andrea-piacquadio-3760072.jpg\",\"border-top-color\":\"#ffffff\",\"border-right-color\":\"#ffffff\",\"border-bottom-color\":\"#ffffff\",\"border-left-color\":\"#ffffff\",\"border-top-style\":\"solid\",\"border-right-style\":\"solid\",\"border-bottom-style\":\"solid\",\"border-left-style\":\"solid\",\"border-top-width\":\"7\",\"border-right-width\":\"7\",\"border-bottom-width\":\"7\",\"border-left-width\":\"7\",\"border-radius\":\"15\",\"padding-top\":\"0\"},\"nicename\":\"Image (#149)\",\"ct_depth\":4}'][\/ct_image][\/ct_div_block_3][ct_div_block_3 ct_sign_sha256='27a5f94da58e8b4acce90c204f6dc72faf9ec0ddb79253f79d812ee400e3145d' ct_options='{\"ct_id\":26,\"ct_parent\":23,\"selector\":\"div_block-26-591\",\"original\":{\"width\":\"33.33\",\"width-unit\":\"%\"},\"nicename\":\"Div (#147)\",\"ct_depth\":3}'][ct_image ct_sign_sha256='7a60cde087e9318a33293a4120685c018e686a0f1ec6116fef4a71891869bf19' ct_options='{\"ct_id\":27,\"ct_parent\":26,\"selector\":\"image-27-591\",\"original\":{\"src\":\"https:\/\/matrix.ejsa-rot.desite\/wp-content\/uploads\/2022\/08\/NEU_Eb3_Integrationsfragen_SKM_iStock-815960572-Kopie-2.jpg\",\"border-top-color\":\"color(19)\",\"border-right-color\":\"color(19)\",\"border-bottom-color\":\"color(19)\",\"border-left-color\":\"color(19)\",\"border-top-style\":\"solid\",\"border-right-style\":\"solid\",\"border-bottom-style\":\"solid\",\"border-left-style\":\"solid\",\"border-top-width\":\"7\",\"border-right-width\":\"7\",\"border-bottom-width\":\"7\",\"border-left-width\":\"7\",\"border-radius\":\"15\",\"margin-bottom\":\"0\"},\"nicename\":\"Image (#150)\",\"ct_depth\":4}'][\/ct_image][\/ct_div_block_3][ct_div_block_3 ct_sign_sha256='839e4f22dcea6f0b6112a640acab67a56e0f503a2f1e567ecc6e665e0ee9ae0a' ct_options='{\"ct_id\":28,\"ct_parent\":23,\"selector\":\"div_block-28-591\",\"original\":{\"width\":\"33.34\",\"width-unit\":\"%\"},\"nicename\":\"Div (#148)\",\"ct_depth\":3}'][ct_image ct_sign_sha256='646587bfa077de5c14e8efc8deb7025f6d8579f3fd9e1c25b969c2dcbe5f24b0' ct_options='{\"ct_id\":29,\"ct_parent\":28,\"selector\":\"image-29-591\",\"original\":{\"src\":\"https:\/\/matrix.ejsa-rot.desite\/wp-content\/uploads\/2022\/07\/Eb3_Integrationsfragen_SKM_iStock-909907392.jpg\",\"border-top-color\":\"color(19)\",\"border-right-color\":\"color(19)\",\"border-bottom-color\":\"color(19)\",\"border-left-color\":\"color(19)\",\"border-top-width\":\"7\",\"border-right-width\":\"7\",\"border-bottom-width\":\"7\",\"border-left-width\":\"7\",\"border-top-style\":\"solid\",\"border-right-style\":\"solid\",\"border-bottom-style\":\"solid\",\"border-left-style\":\"solid\",\"border-radius\":\"15\"},\"nicename\":\"Image (#151)\",\"ct_depth\":4}'][\/ct_image][\/ct_div_block_3][\/ct_new_columns_3][\/ct_section_2][\/ct_div_block]","ct_template_type":"","ct_parent_template":0,"footnotes":""},"class_list":["post-591","page","type-page","status-publish","hentry"],"_links":{"self":[{"href":"https:\/\/matrix.ejsa-rot.de\/site\/wp-json\/wp\/v2\/pages\/591","targetHints":{"allow":["GET"]}}],"collection":[{"href":"https:\/\/matrix.ejsa-rot.de\/site\/wp-json\/wp\/v2\/pages"}],"about":[{"href":"https:\/\/matrix.ejsa-rot.de\/site\/wp-json\/wp\/v2\/types\/page"}],"author":[{"embeddable":true,"href":"https:\/\/matrix.ejsa-rot.de\/site\/wp-json\/wp\/v2\/users\/7"}],"replies":[{"embeddable":true,"href":"https:\/\/matrix.ejsa-rot.de\/site\/wp-json\/wp\/v2\/comments?post=591"}],"version-history":[{"count":1,"href":"https:\/\/matrix.ejsa-rot.de\/site\/wp-json\/wp\/v2\/pages\/591\/revisions"}],"predecessor-version":[{"id":592,"href":"https:\/\/matrix.ejsa-rot.de\/site\/wp-json\/wp\/v2\/pages\/591\/revisions\/592"}],"up":[{"embeddable":true,"href":"https:\/\/matrix.ejsa-rot.de\/site\/wp-json\/wp\/v2\/pages\/579"}],"wp:attachment":[{"href":"https:\/\/matrix.ejsa-rot.de\/site\/wp-json\/wp\/v2\/media?parent=591"}],"curies":[{"name":"wp","href":"https:\/\/api.w.org\/{rel}","templated":true}]}}