{"id":868,"date":"2022-07-20T14:19:44","date_gmt":"2022-07-20T12:19:44","guid":{"rendered":"https:\/\/matrix.ejsa-rot.desite\/?page_id=868"},"modified":"2022-08-01T21:05:52","modified_gmt":"2022-08-01T19:05:52","slug":"firmen-unternehmen","status":"publish","type":"page","link":"https:\/\/matrix.ejsa-rot.de\/site\/firmen-unternehmen\/","title":{"rendered":"Firmen"},"content":{"rendered":"","protected":false},"excerpt":{"rendered":"","protected":false},"author":7,"featured_media":0,"parent":0,"menu_order":0,"comment_status":"closed","ping_status":"closed","template":"","meta":{"ct_builder_shortcodes":"[ct_div_block ct_sign_sha256='970c34d6949930ed5c8b162dd625e3b13c82fd6e930fb0206f9ece2f882402ea' ct_options='{\"selector\":\"div_block-2-868\",\"ct_id\":2,\"ct_parent\":0,\"nicename\":\"4_mit_Icons\",\"activeselector\":false,\"original\":{\"background-color\":\"#f4f4f4\",\"conditionspreview\":\"2\",\"globalConditionsResult\":true},\"ct_depth\":1}'][ct_section_2 ct_sign_sha256='4c80266f82a744f1705a9dfac145c10e05237187fc8b348ec6749f4b9f15eccf' ct_options='{\"ct_id\":3,\"ct_parent\":2,\"selector\":\"section-3-868\",\"ct_category\":\"Content\",\"nicename\":\"Level2\",\"ct_depth\":2,\"original\":{\"gradient\":{\"colors\":{\"0\":{\"position-unit\":\"px\",\"value\":\"\"},\"1\":{\"position-unit\":\"px\",\"value\":\"\"}}},\"background-color\":\"#f4f4f4\",\"container-padding-top-unit\":\"px\",\"container-padding-top\":\"60\",\"container-padding-bottom-unit\":\"px\",\"container-padding-bottom\":\"60\"}}'][ct_new_columns_3 ct_sign_sha256='ac026fb1f84a9a0f4ce26a993f010b396040258718cfbe2904785d7e536fad59' ct_options='{\"ct_id\":4,\"ct_parent\":3,\"selector\":\"new_columns-4-868\",\"original\":{\"margin-bottom\":\"15\",\"gradient\":{\"colors\":{\"0\":{\"position-unit\":\"px\",\"value\":\"\"},\"1\":{\"position-unit\":\"px\",\"value\":\"\"}},\"linear-angle\":\"180\"},\"stack-columns-vertically\":\"tablet\",\"background-size\":\"auto\"},\"nicename\":\"Title\",\"ct_depth\":3}'][ct_div_block_3 ct_sign_sha256='1d13634bfa09bf964d0ff225f2575e9942a1857276fa80660786600739f217b5' ct_options='{\"ct_id\":5,\"ct_parent\":4,\"selector\":\"div_block-5-868\",\"original\":{\"width\":\"30\",\"width-unit\":\"%\",\"border-right-style\":\"none\",\"border-left-style\":\"solid\",\"border-left-width\":\"3\",\"border-left-color\":\"color(36)\"},\"ct_depth\":3,\"nicename\":\"Div (#11)\"}'][ct_text_block ct_sign_sha256='c87cae4982fe8edef144ef8cbd94dcbbb16a6dcf9d3d3d141584c89c7211c189' ct_options='{\"ct_id\":6,\"ct_parent\":5,\"selector\":\"text_block-6-868\",\"nicename\":\"Untertitel\",\"ct_depth\":4,\"original\":{\"font-family\":{\"0\":\"global\",\"1\":\"Display\"},\"font-size\":\"18\",\"color\":\"color(36)\"}}']<i>Unternehmen<\/i>[\/ct_text_block][ct_headline ct_sign_sha256='b7c7accac2f28cb8eec2d5a13e0da36cdc83515ab6dc6750a21bc4b1f0395f32' ct_options='{\"ct_id\":7,\"ct_parent\":5,\"selector\":\"headline-7-868\",\"original\":{\"font-family\":\"Lobster\",\"font-size\":\"38\"},\"ct_depth\":4,\"nicename\":\"Heading (#3)\"}']<span style=\"font-weight: 400;\">Angebote f\u00fcr Firmen<\/span>[\/ct_headline][\/ct_div_block_3][ct_div_block_3 ct_sign_sha256='b548b355a5c48179ebb82b5139cec8e184b91ec4de42e55d9d0fe72f47dc96c9' ct_options='{\"ct_id\":8,\"ct_parent\":4,\"selector\":\"div_block-8-868\",\"original\":{\"width\":\"70.00\",\"width-unit\":\"%\"},\"ct_depth\":3,\"nicename\":\"Div (#12)\"}'][ct_text_block ct_sign_sha256='8ab3353ea5c7d10200bcb6e5398792ff7d37136fe04e3116e4e64122ea4bb551' ct_options='{\"ct_id\":9,\"ct_parent\":8,\"selector\":\"text_block-9-868\",\"original\":{\"font-size\":\"17\",\"font-family\":{\"0\":\"global\",\"1\":\"Display\"},\"color\":\"color(32)\"},\"ct_depth\":4,\"nicename\":\"Text (#91)\"}']M\u00f6chten Sie Ihre Azubis f\u00f6rdern und fordern? Wir bieten Ihnen passende Coaching- und Bildungsmodule.  Nutzen Sie unsere Kompetenzen in der Ausbildungsbegleitung, bei Planspielen und in der interkulturellen Arbeit. Ziel ist, dass sich die Azubis gut integrieren und ein unternehmerisches Mitdenken entwickeln.<br>[\/ct_text_block][\/ct_div_block_3][\/ct_new_columns_3][ct_new_columns_3 ct_sign_sha256='6831e1d766fe149f6ffa747ae1ddf80a91fbf6db26194af1a1267d56e40fe21e' ct_options='{\"ct_id\":10,\"ct_parent\":3,\"selector\":\"new_columns-10-868\",\"nicename\":\"Columns (#55)\",\"ct_depth\":3}'][ct_div_block_3 ct_sign_sha256='bbf98537b05cdd09f986a3e8b2f7c3ba7b2b077abe97bb39cb59093fcc4bfdc8' ct_options='{\"ct_id\":11,\"ct_parent\":10,\"selector\":\"div_block-11-868\",\"original\":{\"width\":\"33.33\",\"width-unit\":\"%\"},\"nicename\":\"Div (#56)\",\"ct_depth\":3}'][ct_link_4 ct_sign_sha256='596da65bb005c8ac41237f36c4916c6a1990f1c0546b04fc28f55ac3e26912fb' ct_options='{\"ct_id\":12,\"ct_parent\":11,\"selector\":\"link-12-868\",\"original\":{\"width\":\"90\",\"width-unit\":\"%\",\"url\":\"https:\/\/matrix.ejsa-rot.desite\/firmen-unternehmen\/ausbildungsunterstuetzung\/\",\"target\":\"\",\"url_encoded\":\"true\"},\"nicename\":\"Div (#186)\",\"ct_depth\":4}'][ct_div_block_5 ct_sign_sha256='a684b01295ceec2a22485bb66cafd701513b12b53ee3fb054aec7414c4b725d9' ct_options='{\"ct_id\":13,\"ct_parent\":12,\"selector\":\"div_block-13-868\",\"original\":{\"width-unit\":\"%\",\"justify-content\":\"space-between\",\"min-height-unit\":\"%\",\"min-height\":\"\",\"background-color\":\"#ffffff\",\"margin-right-unit\":\"%\",\"width\":\"100\",\"height-unit\":\"%\"},\"nicename\":\"Col1\",\"ct_depth\":5}'][ct_div_block_6 ct_sign_sha256='b2eaa1808cb93129169e7099a3452c0a3a71b9ad30f067facfc17f4b007d38e0' ct_options='{\"ct_id\":14,\"ct_parent\":13,\"selector\":\"div_block-14-868\",\"original\":{\"width\":\"100\",\"width-unit\":\"%\"},\"ct_depth\":6,\"nicename\":\"Div (#21)\"}'][ct_image ct_sign_sha256='a7fdfbb0d50ba4a068e5e816faed587954004cff3c1653c57fc76d95d9612b85' ct_options='{\"ct_id\":15,\"ct_parent\":14,\"selector\":\"image-15-868\",\"original\":{\"attachment_id\":161,\"attachment_height\":300,\"attachment_width\":300,\"attachment_url\":\"https:\/\/matrix.ejsa-rot.desite\/wp-content\/uploads\/2021\/04\/hand-outline-gesture-3_113964-300x300.png\",\"src\":\"https:\/\/matrix.ejsa-rot.desite\/wp-content\/uploads\/2022\/08\/Eb2_Ausbildungsunterstuetzung_Morillo.jpg\"},\"ct_depth\":7,\"nicename\":\"Image (#71)\"}'][\/ct_image][\/ct_div_block_6][ct_div_block_6 ct_sign_sha256='2a1626f276f9eb6c3ccebf360cf376177811a92004679d970bd9ecaa979fa473' ct_options='{\"ct_id\":16,\"ct_parent\":13,\"selector\":\"div_block-16-868\",\"original\":{\"width\":\"100\",\"width-unit\":\"%\",\"align-items\":\"center\",\"text-align\":\"center\"},\"ct_depth\":6,\"nicename\":\"Div (#36)\"}'][ct_fancy_icon ct_sign_sha256='23e6cf44d2da2407645f6af9cb0ba1dc99175ef6df48022680e393e9f13f59f7' ct_options='{\"ct_id\":17,\"ct_parent\":16,\"selector\":\"fancy_icon-17-868\",\"original\":{\"margin-top\":\"-40\",\"icon-style\":\"2\",\"icon-background-color\":\"color(36)\",\"icon-size\":\"65\",\"icon-padding\":\"3\",\"icon-id\":\"EJSA-Blackfill-ausbildungsunterstuetzung\"},\"ct_depth\":7,\"nicename\":\"Icon (#72)\"}'][\/ct_fancy_icon][\/ct_div_block_6][ct_div_block_6 ct_sign_sha256='8c3830aa13e6dffeef47443a58eb56b03db1b432b07dee520e75516e7b4c6af7' ct_options='{\"ct_id\":18,\"ct_parent\":13,\"selector\":\"div_block-18-868\",\"original\":{\"width\":\"100\",\"width-unit\":\"%\",\"margin-right\":\"1\",\"margin-right-unit\":\"%\",\"align-items\":\"center\",\"text-align\":\"center\"},\"ct_depth\":6,\"nicename\":\"Div (#52)\"}'][oxy_rich_text ct_sign_sha256='4c1ce095d4fd2d1f6fc8c5dc0c57e6925c68bfd638bf557d248ed8e3737b6538' ct_options='{\"ct_id\":19,\"ct_parent\":18,\"selector\":\"_rich_text-19-868\",\"original\":{\"font-size\":\"18\",\"font-family\":\"Poppins\",\"text-align\":\"center\",\"font-weight\":\"500\",\"margin-bottom\":\"8\",\"padding-top\":\"10\",\"color\":\"color(20)\"},\"ct_depth\":7,\"nicename\":\"Rich Text (#53)\"}']<p>Ausbildungsf\u00f6rderung<\/p>[\/oxy_rich_text][\/ct_div_block_6][ct_div_block_6 ct_sign_sha256='e47a722798316047b4116012667c970b1ae1929a44b110a80fead1f60507ddf1' ct_options='{\"ct_id\":20,\"ct_parent\":13,\"selector\":\"div_block-20-868\",\"original\":{\"width\":\"100\",\"width-unit\":\"%\",\"align-items\":\"center\",\"text-align\":\"center\"},\"ct_depth\":6,\"nicename\":\"Div (#54)\"}'][oxy_rich_text ct_sign_sha256='ce0058974d34c176c16a15175819987a9e476a1db42c3b5e6b5b1cb4f3671996' ct_options='{\"ct_id\":21,\"ct_parent\":20,\"selector\":\"_rich_text-21-868\",\"original\":{\"font-size\":\"15\",\"text-align\":\"center\",\"font-family\":{\"0\":\"global\",\"1\":\"Display\"},\"padding-top\":\"0\",\"padding-left\":\"9\",\"padding-right\":\"9\",\"padding-bottom\":\"9\",\"color\":\"color(32)\"},\"ct_depth\":7,\"nicename\":\"Rich Text (#55)\"}']<p style=\"text-align: center;\">Bringen Azubis Sie manchmal zum Verzweifeln? Warum zeigt ein Azubi nicht die Leistung, die in ihm steckt?<br \/>Wir unterst\u00fctzen Sie gerne und helfen Ihnen, Zeit und Kosten zu sparen und gute L\u00f6sungen zu finden. Wir bieten kurz- und langfristige Programme zur St\u00e4rkung der Ausbildung.<\/p>[\/oxy_rich_text][\/ct_div_block_6][\/ct_div_block_5][\/ct_link_4][\/ct_div_block_3][ct_div_block_3 ct_sign_sha256='655516fb2d5d19e6a2f4b853169bd5a5e21a1630e68105dc0028267a000ad746' ct_options='{\"ct_id\":22,\"ct_parent\":10,\"selector\":\"div_block-22-868\",\"original\":{\"width\":\"33.33\",\"width-unit\":\"%\"},\"nicename\":\"Div (#57)\",\"ct_depth\":3}'][ct_link_4 ct_sign_sha256='356be313d8097215e2efea2025d29e625d3936813211805f0e4a6cc93d10431e' ct_options='{\"ct_id\":23,\"ct_parent\":22,\"selector\":\"link-23-868\",\"original\":{\"width-unit\":\"%\",\"width\":\"90\",\"url\":\"https:\/\/matrix.ejsa-rot.desite\/firmen-unternehmen\/unternehmensplanspiel\/\",\"target\":\"\",\"url_encoded\":\"true\"},\"nicename\":\"Div (#186)\",\"ct_depth\":4}'][ct_div_block_5 ct_sign_sha256='08a60b04e51eda871e4a6fc9a432f121cd0c86e0a57b4b0a9b17b72552899655' ct_options='{\"ct_id\":24,\"ct_parent\":23,\"selector\":\"div_block-24-868\",\"original\":{\"width-unit\":\"%\",\"justify-content\":\"space-between\",\"min-height-unit\":\"%\",\"min-height\":\"\",\"background-color\":\"#ffffff\",\"margin-right-unit\":\"%\",\"width\":\"100\",\"height-unit\":\"%\"},\"nicename\":\"Col1\",\"ct_depth\":5}'][ct_div_block_6 ct_sign_sha256='73590c52f545f7e0f7ea7dba8a38148fa0f566b4e403353f27f3443c1fd2fffc' ct_options='{\"ct_id\":25,\"ct_parent\":24,\"selector\":\"div_block-25-868\",\"original\":{\"width\":\"100\",\"width-unit\":\"%\"},\"ct_depth\":6,\"nicename\":\"Div (#21)\"}'][ct_image ct_sign_sha256='43514453f149e4b4778d7095df9a60146b0e39bd6777c7f816321aee66e3d268' ct_options='{\"ct_id\":26,\"ct_parent\":25,\"selector\":\"image-26-868\",\"original\":{\"attachment_id\":161,\"attachment_height\":300,\"attachment_width\":300,\"attachment_url\":\"https:\/\/matrix.ejsa-rot.desite\/wp-content\/uploads\/2021\/04\/hand-outline-gesture-3_113964-300x300.png\",\"src\":\"https:\/\/matrix.ejsa-rot.desite\/wp-content\/uploads\/2022\/08\/Eb2_planspiel.jpg\"},\"ct_depth\":7,\"nicename\":\"Image (#71)\"}'][\/ct_image][\/ct_div_block_6][ct_div_block_6 ct_sign_sha256='ba5423eef5f344566d97d641b8650cc1f2c4b2da530755dd41e00ae60240373c' ct_options='{\"ct_id\":27,\"ct_parent\":24,\"selector\":\"div_block-27-868\",\"original\":{\"width\":\"100\",\"width-unit\":\"%\",\"align-items\":\"center\",\"text-align\":\"center\"},\"ct_depth\":6,\"nicename\":\"Div (#36)\"}'][ct_fancy_icon ct_sign_sha256='4fa4cd9b1adc213d3642554e2b85557ea8c6bd4bbf9f7d94f91d447d70da2c7c' ct_options='{\"ct_id\":28,\"ct_parent\":27,\"selector\":\"fancy_icon-28-868\",\"original\":{\"margin-top\":\"-40\",\"icon-style\":\"2\",\"icon-size\":\"65\",\"icon-padding\":\"3\",\"icon-id\":\"EJSA-Blackfill-unternehmensplanspiele\",\"icon-background-color\":\"color(36)\"},\"ct_depth\":7,\"nicename\":\"Icon (#72)\"}'][\/ct_fancy_icon][\/ct_div_block_6][ct_div_block_6 ct_sign_sha256='766d109480c8a5974ffe9d6ed96fbfe7dd6db5b6ed14d81edc76598d95c8e9af' ct_options='{\"ct_id\":29,\"ct_parent\":24,\"selector\":\"div_block-29-868\",\"original\":{\"width\":\"100\",\"width-unit\":\"%\",\"margin-right\":\"1\",\"margin-right-unit\":\"%\",\"align-items\":\"center\",\"text-align\":\"center\"},\"ct_depth\":6,\"nicename\":\"Div (#52)\"}'][oxy_rich_text ct_sign_sha256='a384170644e733f9dd9f25a76baf0875d3d439458943751b33c1b81ab1de59b3' ct_options='{\"ct_id\":30,\"ct_parent\":29,\"selector\":\"_rich_text-30-868\",\"original\":{\"font-size\":\"18\",\"font-family\":\"Poppins\",\"text-align\":\"center\",\"font-weight\":\"500\",\"margin-bottom\":\"8\",\"padding-top\":\"10\",\"color\":\"color(20)\"},\"ct_depth\":7,\"nicename\":\"Rich Text (#53)\"}']<p>Unternehmens-Planspiel<\/p>[\/oxy_rich_text][\/ct_div_block_6][ct_div_block_6 ct_sign_sha256='60a9a940872dec205644aa7bef1652850f9a0267c35e0a7638bb62befe7e24dc' ct_options='{\"ct_id\":31,\"ct_parent\":24,\"selector\":\"div_block-31-868\",\"original\":{\"width\":\"100\",\"width-unit\":\"%\",\"align-items\":\"center\",\"text-align\":\"center\"},\"ct_depth\":6,\"nicename\":\"Div (#54)\"}'][oxy_rich_text ct_sign_sha256='983ca0827f6d4c0ab3c2b51c6cbe466bf4806b0b729d27bf47ef66966e9d1626' ct_options='{\"ct_id\":32,\"ct_parent\":31,\"selector\":\"_rich_text-32-868\",\"original\":{\"font-size\":\"15\",\"text-align\":\"center\",\"font-family\":{\"0\":\"global\",\"1\":\"Display\"},\"padding-top\":\"0\",\"padding-left\":\"9\",\"padding-right\":\"9\",\"padding-bottom\":\"9\",\"color\":\"color(32)\"},\"ct_depth\":7,\"nicename\":\"Rich Text (#55)\"}']<p style=\"text-align: center;\">Das interaktive Unternehmens-Planspiel bietet Auszubildenden die M\u00f6glichkeit, durch spielerische Art und Weise das unternehmerische Denken und Handeln zu erleben und f\u00fcr sich in die Praxis \u2013 in Ihrem Betrieb - umzusetzen.<\/p>[\/oxy_rich_text][\/ct_div_block_6][\/ct_div_block_5][\/ct_link_4][\/ct_div_block_3][ct_div_block_3 ct_sign_sha256='5469ba0e089cfaacc640b922f0064594b41c0841b000985e5acdcf535a70444e' ct_options='{\"ct_id\":33,\"ct_parent\":10,\"selector\":\"div_block-33-868\",\"original\":{\"width\":\"33.34\",\"width-unit\":\"%\"},\"nicename\":\"Div (#58)\",\"ct_depth\":3}'][ct_link_4 ct_sign_sha256='c70ada0da41383fa59d11c6605c8a0190545d298464afb92b37a8746ac5e984e' ct_options='{\"ct_id\":34,\"ct_parent\":33,\"selector\":\"link-34-868\",\"original\":{\"width\":\"90\",\"width-unit\":\"%\",\"url\":\"https:\/\/matrix.ejsa-rot.desite\/firmen-unternehmen\/sprach-und-kulturmittler\/\",\"target\":\"\",\"url_encoded\":\"true\"},\"nicename\":\"Div (#186)\",\"ct_depth\":4}'][ct_div_block_5 ct_sign_sha256='b616dae4b91ddb9ceeab4f7952060edc6ce0ced811748ac68d2a9161b8ff843b' ct_options='{\"ct_id\":35,\"ct_parent\":34,\"selector\":\"div_block-35-868\",\"original\":{\"width-unit\":\"%\",\"justify-content\":\"space-between\",\"min-height-unit\":\"%\",\"min-height\":\"\",\"background-color\":\"#ffffff\",\"margin-right-unit\":\"%\",\"width\":\"100\",\"height-unit\":\"%\"},\"nicename\":\"Col1\",\"ct_depth\":5}'][ct_div_block_6 ct_sign_sha256='300a683158a8da9d9e27d02d403b65d73653801791954a8c7171858ff5f333a5' ct_options='{\"ct_id\":36,\"ct_parent\":35,\"selector\":\"div_block-36-868\",\"original\":{\"width\":\"100\",\"width-unit\":\"%\"},\"ct_depth\":6,\"nicename\":\"Div (#21)\"}'][ct_image ct_sign_sha256='2f0654f52808e33fb69d7e6fba2f43105731a4d4a6b7b1cccdcbb55456cbbfc2' ct_options='{\"ct_id\":37,\"ct_parent\":36,\"selector\":\"image-37-868\",\"original\":{\"attachment_id\":161,\"attachment_height\":300,\"attachment_width\":300,\"attachment_url\":\"https:\/\/matrix.ejsa-rot.desite\/wp-content\/uploads\/2021\/04\/hand-outline-gesture-3_113964-300x300.png\",\"src\":\"https:\/\/matrix.ejsa-rot.desite\/wp-content\/uploads\/2022\/07\/Eb3_Integrationsfragen_SKM_iStock-909907392.jpg\"},\"ct_depth\":7,\"nicename\":\"Image (#71)\"}'][\/ct_image][\/ct_div_block_6][ct_div_block_6 ct_sign_sha256='facab3aeece5f39119db9e03915440156caa9eded43f1bd4952f7f4696ba60c0' ct_options='{\"ct_id\":38,\"ct_parent\":35,\"selector\":\"div_block-38-868\",\"original\":{\"width\":\"100\",\"width-unit\":\"%\",\"align-items\":\"center\",\"text-align\":\"center\"},\"ct_depth\":6,\"nicename\":\"Div (#36)\"}'][ct_fancy_icon ct_sign_sha256='5bfcce07d4463dfc366f5a92b7cd5cb16b125ba6f75b6b1e64d36bce52bc48ec' ct_options='{\"ct_id\":39,\"ct_parent\":38,\"selector\":\"fancy_icon-39-868\",\"original\":{\"margin-top\":\"-40\",\"icon-style\":\"2\",\"icon-size\":\"65\",\"icon-padding\":\"3\",\"icon-id\":\"EJSA-Blackfill-sprach_kulturmittler_unternehmen\",\"z-index\":\"999\",\"visibility\":\"visible\",\"icon-background-color\":\"color(36)\"},\"ct_depth\":7,\"nicename\":\"Icon (#72)\"}'][\/ct_fancy_icon][\/ct_div_block_6][ct_div_block_6 ct_sign_sha256='f8b7caec4641153c6b03d32a2dad589d136fae69ec4b53fda85b66fdc89b86e9' ct_options='{\"ct_id\":40,\"ct_parent\":35,\"selector\":\"div_block-40-868\",\"original\":{\"width\":\"100\",\"width-unit\":\"%\",\"margin-right\":\"1\",\"margin-right-unit\":\"%\",\"align-items\":\"center\",\"text-align\":\"center\"},\"ct_depth\":6,\"nicename\":\"Div (#52)\"}'][oxy_rich_text ct_sign_sha256='1aa88e71e0e20524eccd2cca8002b0fb537a4e1135f3fdfbc980a8368fb36735' ct_options='{\"ct_id\":41,\"ct_parent\":40,\"selector\":\"_rich_text-41-868\",\"original\":{\"font-size\":\"18\",\"font-family\":\"Poppins\",\"text-align\":\"center\",\"font-weight\":\"500\",\"margin-bottom\":\"8\",\"padding-top\":\"10\",\"color\":\"color(20)\"},\"ct_depth\":7,\"nicename\":\"Rich Text (#53)\"}']<p>Sprach- und Kulturmittler<\/p>[\/oxy_rich_text][\/ct_div_block_6][ct_div_block_6 ct_sign_sha256='6cda9ee5fd59e142c51c971781b231c00a4a56fb3010e513c5715b31c45d4c83' ct_options='{\"ct_id\":42,\"ct_parent\":35,\"selector\":\"div_block-42-868\",\"original\":{\"width\":\"100\",\"width-unit\":\"%\",\"align-items\":\"center\",\"text-align\":\"center\"},\"ct_depth\":6,\"nicename\":\"Div (#54)\"}'][oxy_rich_text ct_sign_sha256='7d4cb64f444e05bf46268f8847e242881eccde0cfac330321d6c839d7d245dac' ct_options='{\"ct_id\":43,\"ct_parent\":42,\"selector\":\"_rich_text-43-868\",\"original\":{\"font-size\":\"15\",\"text-align\":\"center\",\"font-family\":{\"0\":\"global\",\"1\":\"Display\"},\"padding-top\":\"0\",\"padding-left\":\"9\",\"padding-right\":\"9\",\"padding-bottom\":\"9\",\"color\":\"color(32)\"},\"ct_depth\":7,\"nicename\":\"Rich Text (#55)\"}']<p style=\"text-align: center;\">Gut qualifizierte Ehrenamtliche stehen bei sprachlichen und kulturellen Barrieren als Vermittler zur Seite. Diese k\u00f6nnen bei Bedarf bei uns angefragt und als Unterst\u00fctzung hinzugezogen werden. Bisher in sieben Sprachen verf\u00fcgbar.<\/p>[\/oxy_rich_text][\/ct_div_block_6][\/ct_div_block_5][\/ct_link_4][\/ct_div_block_3][\/ct_new_columns_3][\/ct_section_2][\/ct_div_block]","ct_template_type":"","ct_parent_template":0,"footnotes":""},"class_list":["post-868","page","type-page","status-publish","hentry"],"_links":{"self":[{"href":"https:\/\/matrix.ejsa-rot.de\/site\/wp-json\/wp\/v2\/pages\/868","targetHints":{"allow":["GET"]}}],"collection":[{"href":"https:\/\/matrix.ejsa-rot.de\/site\/wp-json\/wp\/v2\/pages"}],"about":[{"href":"https:\/\/matrix.ejsa-rot.de\/site\/wp-json\/wp\/v2\/types\/page"}],"author":[{"embeddable":true,"href":"https:\/\/matrix.ejsa-rot.de\/site\/wp-json\/wp\/v2\/users\/7"}],"replies":[{"embeddable":true,"href":"https:\/\/matrix.ejsa-rot.de\/site\/wp-json\/wp\/v2\/comments?post=868"}],"version-history":[{"count":3,"href":"https:\/\/matrix.ejsa-rot.de\/site\/wp-json\/wp\/v2\/pages\/868\/revisions"}],"predecessor-version":[{"id":908,"href":"https:\/\/matrix.ejsa-rot.de\/site\/wp-json\/wp\/v2\/pages\/868\/revisions\/908"}],"wp:attachment":[{"href":"https:\/\/matrix.ejsa-rot.de\/site\/wp-json\/wp\/v2\/media?parent=868"}],"curies":[{"name":"wp","href":"https:\/\/api.w.org\/{rel}","templated":true}]}}